{"id":6934,"date":"2025-06-12T20:59:20","date_gmt":"2025-06-12T20:59:20","guid":{"rendered":"https:\/\/ecocorner.eu\/?post_type=product&#038;p=6934"},"modified":"2026-01-19T22:40:49","modified_gmt":"2026-01-19T22:40:49","slug":"chemworld-chloryn-sodu-mms-27","status":"publish","type":"product","link":"https:\/\/ecocorner.eu\/en\/product\/chemworld-chloryn-sodu-mms-27\/","title":{"rendered":"ChemWorld   Chloryn Sodu  MMS 27%"},"content":{"rendered":"<p><b>\u015aRODKI OSTRO\u017bNO\u015aCI: <\/b>W razie po\u0142kni\u0119cia nie wywo\u0142ywa\u0107 wymiot\u00f3w, przep\u0142uka\u0107 usta wod\u0105. Natychmiast wezwa\u0107 pomoc medyczn\u0105. W razie kontaktu z oczami p\u0142uka\u0107 je du\u017c\u0105 ilo\u015bci\u0105 wody, niezw\u0142ocznie skontaktowa\u0107 si\u0119 z okulist\u0105. W razie kontaktu ze sk\u00f3r\u0105 zdj\u0105\u0107 zanieczyszczon\u0105 odzie\u017c, sk\u00f3r\u0119 zmy\u0107 dok\u0142adnie wod\u0105. Zanieczyszczon\u0105 odzie\u017c natychmiast zanurzy\u0107 w wodzie i starannie wyp\u0142uka\u0107.<\/p>\n<p><b>keeping:<\/b>\u00a0Przechowywa\u0107 w suchym, ciemnym i ch\u0142odnym miejscu, niedost\u0119pnym dla ma\u0142ych dzieci.<\/p>\n<p>UWAGA !! PRODUKT NIE JEST LEKIEM , PRODUKT\u00a0 TEN JEST ODCZYNNIKIEM CHEMICZNYM ANALITYCZNYM DO SYNTEZ I CEL\u00d3W EDUKACYJNYCH,\u00a0 MO\u017bE BY\u0106 SZKODLIWY DLA ZDROWIA, KA\u017bDE INNE STOSOWANIE ODCZYNNIKA CHEMICZNEGO JEST NA W\u0141ASN\u0104 ODPOWIEDZIALNO\u015a\u0106.<\/p>","protected":false},"excerpt":{"rendered":"<h3>Chloryn Sodu MMS 27%<\/h3>\n<h3><img decoding=\"async\" class=\"alignnone size-full wp-image-1581 ls-is-cached lazyloaded\" src=\"https:\/\/chemworld.pl\/wp-content\/uploads\/2021\/02\/Zrzut-ekranu-2021-02-11-o-12.59.18.png\" sizes=\"(max-width: 752px) 100vw, 752px\" srcset=\"https:\/\/chemworld.pl\/wp-content\/uploads\/2021\/02\/Zrzut-ekranu-2021-02-11-o-12.59.18.png 752w, https:\/\/chemworld.pl\/wp-content\/uploads\/2021\/02\/Zrzut-ekranu-2021-02-11-o-12.59.18-440x16.png 440w, https:\/\/chemworld.pl\/wp-content\/uploads\/2021\/02\/Zrzut-ekranu-2021-02-11-o-12.59.18-600x22.png 600w, https:\/\/chemworld.pl\/wp-content\/uploads\/2021\/02\/Zrzut-ekranu-2021-02-11-o-12.59.18-250x9.png 250w\" alt=\"\" width=\"752\" height=\"27\" data-src=\"https:\/\/chemworld.pl\/wp-content\/uploads\/2021\/02\/Zrzut-ekranu-2021-02-11-o-12.59.18.png\" data-srcset=\"https:\/\/chemworld.pl\/wp-content\/uploads\/2021\/02\/Zrzut-ekranu-2021-02-11-o-12.59.18.png 752w, https:\/\/chemworld.pl\/wp-content\/uploads\/2021\/02\/Zrzut-ekranu-2021-02-11-o-12.59.18-440x16.png 440w, https:\/\/chemworld.pl\/wp-content\/uploads\/2021\/02\/Zrzut-ekranu-2021-02-11-o-12.59.18-600x22.png 600w, https:\/\/chemworld.pl\/wp-content\/uploads\/2021\/02\/Zrzut-ekranu-2021-02-11-o-12.59.18-250x9.png 250w\" data-sizes=\"(max-width: 752px) 100vw, 752px\" \/><\/h3>\n<p><strong>Chloryn Sodu (NaCIO2)<\/strong> to ja, a m\u00f3j tw\u00f3rca Jim Hamble nazwa\u0142 mnie <strong>MMS (\u00a0 Miracle Mineral Solution )<\/strong> i okre\u015bla\u0142 mnie jako <strong>\u201e Cudowny Minera\u0142 \u201d <\/strong>by\u0142 mn\u0105 zafascynowany. Nie ukrywam, \u017ce jestem ultra czystej jako\u015bci, nale\u017c\u0119 do rodziny <strong>ChemWorld <\/strong>i tu gwarantuj\u0119, \u017ce nie masz co si\u0119 martwi\u0107 o jako\u015b\u0107.<br \/>\n<strong>Chloryn Sodu<\/strong> to zwi\u0105zek chemiczny, kt\u00f3rego g\u0142\u00f3wnym zadaniem jest uzdatnianie wody oraz dezynfekcja sanitariat\u00f3w.<br \/>\nStosowany w przypadku braku pewno\u015bci co do jako\u015bci i czysto\u015bci wody.<\/p>\n<p><strong>\u2013 Kwasowo\u015b\u0107 substancji : oko\u0142o 12 PH<br \/>\n<\/strong><b>\u2013 Szklana br\u0105zowa butelka wykonana ze szk\u0142a HKL III \u2013 dotyczy pojemno\u015bci 100 ml i 250 ml<br \/>\n<\/b><b>\u2013 Produkt 100 ml posiada profesjonaln\u0105 pipet\u0119 s\u0142u\u017c\u0105c\u0105 do precyzyjnego odmierzania cieczy<\/b><\/p>","protected":false},"featured_media":6935,"template":"","meta":{"ocean_post_layout":"","ocean_both_sidebars_style":"","ocean_both_sidebars_content_width":0,"ocean_both_sidebars_sidebars_width":0,"ocean_sidebar":"0","ocean_second_sidebar":"0","ocean_disable_margins":"enable","ocean_add_body_class":"","ocean_shortcode_before_top_bar":"","ocean_shortcode_after_top_bar":"","ocean_shortcode_before_header":"","ocean_shortcode_after_header":"","ocean_has_shortcode":"","ocean_shortcode_after_title":"","ocean_shortcode_before_footer_widgets":"","ocean_shortcode_after_footer_widgets":"","ocean_shortcode_before_footer_bottom":"","ocean_shortcode_after_footer_bottom":"","ocean_display_top_bar":"default","ocean_display_header":"default","ocean_header_style":"","ocean_center_header_left_menu":"0","ocean_custom_header_template":"0","ocean_custom_logo":0,"ocean_custom_retina_logo":0,"ocean_custom_logo_max_width":0,"ocean_custom_logo_tablet_max_width":0,"ocean_custom_logo_mobile_max_width":0,"ocean_custom_logo_max_height":0,"ocean_custom_logo_tablet_max_height":0,"ocean_custom_logo_mobile_max_height":0,"ocean_header_custom_menu":"0","ocean_menu_typo_font_family":"0","ocean_menu_typo_font_subset":"","ocean_menu_typo_font_size":0,"ocean_menu_typo_font_size_tablet":0,"ocean_menu_typo_font_size_mobile":0,"ocean_menu_typo_font_size_unit":"px","ocean_menu_typo_font_weight":"","ocean_menu_typo_font_weight_tablet":"","ocean_menu_typo_font_weight_mobile":"","ocean_menu_typo_transform":"","ocean_menu_typo_transform_tablet":"","ocean_menu_typo_transform_mobile":"","ocean_menu_typo_line_height":0,"ocean_menu_typo_line_height_tablet":0,"ocean_menu_typo_line_height_mobile":0,"ocean_menu_typo_line_height_unit":"","ocean_menu_typo_spacing":0,"ocean_menu_typo_spacing_tablet":0,"ocean_menu_typo_spacing_mobile":0,"ocean_menu_typo_spacing_unit":"","ocean_menu_link_color":"","ocean_menu_link_color_hover":"","ocean_menu_link_color_active":"","ocean_menu_link_background":"","ocean_menu_link_hover_background":"","ocean_menu_link_active_background":"","ocean_menu_social_links_bg":"","ocean_menu_social_hover_links_bg":"","ocean_menu_social_links_color":"","ocean_menu_social_hover_links_color":"","ocean_disable_title":"default","ocean_disable_heading":"default","ocean_post_title":"","ocean_post_subheading":"","ocean_post_title_style":"","ocean_post_title_background_color":"","ocean_post_title_background":0,"ocean_post_title_bg_image_position":"","ocean_post_title_bg_image_attachment":"","ocean_post_title_bg_image_repeat":"","ocean_post_title_bg_image_size":"","ocean_post_title_height":0,"ocean_post_title_bg_overlay":0.5,"ocean_post_title_bg_overlay_color":"","ocean_disable_breadcrumbs":"default","ocean_breadcrumbs_color":"","ocean_breadcrumbs_separator_color":"","ocean_breadcrumbs_links_color":"","ocean_breadcrumbs_links_hover_color":"","ocean_display_footer_widgets":"default","ocean_display_footer_bottom":"default","ocean_custom_footer_template":"0"},"product_brand":[],"product_cat":[64,36],"product_tag":[],"class_list":{"0":"post-6934","1":"product","2":"type-product","3":"status-publish","4":"has-post-thumbnail","6":"product_cat-oferta-tygodnia","7":"product_cat-promocje-wyprzedaze","9":"entry","10":"has-media","12":"first","13":"instock","14":"sale","15":"shipping-taxable","16":"purchasable","17":"product-type-simple","18":"has-product-nav","19":"col","20":"span_1_of_3","21":"owp-content-left","22":"owp-thumbs-layout-horizontal","23":"owp-btn-normal","24":"owp-tabs-layout-horizontal","25":"has-no-thumbnails"},"_links":{"self":[{"href":"https:\/\/ecocorner.eu\/en\/wp-json\/wp\/v2\/product\/6934","targetHints":{"allow":["GET"]}}],"collection":[{"href":"https:\/\/ecocorner.eu\/en\/wp-json\/wp\/v2\/product"}],"about":[{"href":"https:\/\/ecocorner.eu\/en\/wp-json\/wp\/v2\/types\/product"}],"version-history":[{"count":1,"href":"https:\/\/ecocorner.eu\/en\/wp-json\/wp\/v2\/product\/6934\/revisions"}],"predecessor-version":[{"id":6936,"href":"https:\/\/ecocorner.eu\/en\/wp-json\/wp\/v2\/product\/6934\/revisions\/6936"}],"wp:featuredmedia":[{"embeddable":true,"href":"https:\/\/ecocorner.eu\/en\/wp-json\/wp\/v2\/media\/6935"}],"wp:attachment":[{"href":"https:\/\/ecocorner.eu\/en\/wp-json\/wp\/v2\/media?parent=6934"}],"wp:term":[{"taxonomy":"product_brand","embeddable":true,"href":"https:\/\/ecocorner.eu\/en\/wp-json\/wp\/v2\/product_brand?post=6934"},{"taxonomy":"product_cat","embeddable":true,"href":"https:\/\/ecocorner.eu\/en\/wp-json\/wp\/v2\/product_cat?post=6934"},{"taxonomy":"product_tag","embeddable":true,"href":"https:\/\/ecocorner.eu\/en\/wp-json\/wp\/v2\/product_tag?post=6934"}],"curies":[{"name":"wp","href":"https:\/\/api.w.org\/{rel}","templated":true}]}}