{"id":6937,"date":"2025-06-12T21:02:05","date_gmt":"2025-06-12T21:02:05","guid":{"rendered":"https:\/\/ecocorner.eu\/?post_type=product&#038;p=6937"},"modified":"2025-12-11T22:04:27","modified_gmt":"2025-12-11T22:04:27","slug":"pharmovit-chrom-max-60kaps","status":"publish","type":"product","link":"https:\/\/ecocorner.eu\/en\/product\/pharmovit-chrom-max-60kaps\/","title":{"rendered":"Pharmovit   Chrom Max  60kaps."},"content":{"rendered":"<p><span data-containter=\"modal\"><span class=\"wartosc\">Ingredients<br \/>\nInulina Oratfi\u00aeGR, witamina C (kwas L-askorbinowy), kapsu\u0142ka celulozowa: hydroksypropylometyloceluloza, BioPerine\u00ae &#8211; ekstrakt z owoc\u00f3w pieprzu czarnego standaryzowany na 95 % piperyny, chrom (pikolinian chromu).<br \/>\nBioPerine\u00ae jest zastrze\u017conym znakiem towarowym firmy SABINSA.<\/p>\n<p>Sk\u0142adniki w porcji dziennej &#8211; 1 kapsu\u0142ka<br \/>\nChrom &#8211; 200 \u03bcg (500 %)*<br \/>\nWitamina C &#8211; 80 mg (100 %)*<br \/>\nInulina Orafti\u00aeGR &#8211; 235 mg<br \/>\nBioPerine\u00ae- ekstrakt z owoc\u00f3w pieprzu czarnego (Piper nigrum) &#8211; 3,0 mg<br \/>\nw tym piperyna &#8211; 2,85 mg<br \/>\n*dzienna referencyjna warto\u015b\u0107 spo\u017cycia<\/p>\n<p>RECOMMENDED STORAGE CONDITIONS<br \/>\nChroni\u0107 przed \u015bwiat\u0142em. Przechowywa\u0107 w szczelnie zamkni\u0119tym opakowaniu w temperaturze pokojowej, w suchym miejscu, w spos\u00f3b niedost\u0119pny dla ma\u0142ych dzieci.<\/span><\/span><\/p>","protected":false},"excerpt":{"rendered":"<p><span data-containter=\"modal\"><span class=\"wartosc\"><br \/>\nChrom Max to suplement diety, kt\u00f3ry zawiera biodost\u0119pn\u0105 form\u0119 chromu. <\/span><\/span><\/p>\n<p><span data-containter=\"modal\"><span class=\"wartosc\">Sk\u0142ad wzbogacony zosta\u0142 witamin\u0105 C oraz ekstraktem z pieprzu czarnego BioPerine\u00ae. <\/span><\/span><\/p>\n<p><span data-containter=\"modal\"><span class=\"wartosc\">Ca\u0142o\u015b\u0107 zosta\u0142a zamkni\u0119ta w ro\u015blinnej kapsu\u0142ce. <\/span><\/span><\/p>\n<p><span data-containter=\"modal\"><span class=\"wartosc\">Pieprz czarny wspiera trawienie i wch\u0142anianie sk\u0142adnik\u00f3w od\u017cywczych. <\/span><\/span><\/p>\n<p><span data-containter=\"modal\"><span class=\"wartosc\">Chrom przyczynia si\u0119 do utrzymania prawid\u0142owego metabolizmu makrosk\u0142adnik\u00f3w od\u017cywczych oraz pomaga w utrzymaniu prawid\u0142owego poziomu glukozy we krwi.<\/span><\/span><\/p>\n<p><span data-containter=\"modal\"><span class=\"wartosc\"> Witamina C pomaga w prawid\u0142owym funkcjonowaniu uk\u0142adu odporno\u015bciowego i nerwowego oraz przyczynia si\u0119 do utrzymania prawid\u0142owego metabolizmu energetycznego.<br \/>\nProdukt nie zawiera substancji wype\u0142niaj\u0105cych, przeciwzbrylaj\u0105cych, barwnik\u00f3w.<\/p>\n<p>RECOMMENDED INTAKE AND OTHER CONSIDERATIONS<br \/>\nZalecana porcja produktu do spo\u017cycia w ci\u0105gu dnia niezb\u0119dna do uzyskania korzystnego dzia\u0142ania produktu: Spo\u017cywa\u0107 1 kapsu\u0142k\u0119 dziennie w trakcie posi\u0142ku. Popi\u0107 wod\u0105 (250 ml). Zalecana porcja dzienna to 1 kapsu\u0142ka.<br \/>\nDo not exceed the recommended daily intake.<br \/>\nNie stosowa\u0107 w przypadku uczulenia na kt\u00f3rykolwiek ze sk\u0142adnik\u00f3w. Produkt dla doros\u0142ych. Spo\u017cywania produktu nie zaleca si\u0119 kobietom w ci\u0105\u017cy i karmi\u0105cym piersi\u0105. Nie stosowa\u0107 u os\u00f3b maj\u0105cych predyspozycje do tworzenia kamieni nerkowych lub choruj\u0105cych na kamic\u0119 nerkow\u0105. Produkt nie mo\u017ce by\u0107 stosowany jako substytut zr\u00f3\u017cnicowanej diety. Wa\u017cne jest prowadzenie zdrowego trybu \u017cycia i zr\u00f3wnowa\u017conego sposobu \u017cywienia.<br \/>\n<\/span><\/span><\/p>","protected":false},"featured_media":6938,"template":"","meta":{"ocean_post_layout":"","ocean_both_sidebars_style":"","ocean_both_sidebars_content_width":0,"ocean_both_sidebars_sidebars_width":0,"ocean_sidebar":"0","ocean_second_sidebar":"0","ocean_disable_margins":"enable","ocean_add_body_class":"","ocean_shortcode_before_top_bar":"","ocean_shortcode_after_top_bar":"","ocean_shortcode_before_header":"","ocean_shortcode_after_header":"","ocean_has_shortcode":"","ocean_shortcode_after_title":"","ocean_shortcode_before_footer_widgets":"","ocean_shortcode_after_footer_widgets":"","ocean_shortcode_before_footer_bottom":"","ocean_shortcode_after_footer_bottom":"","ocean_display_top_bar":"default","ocean_display_header":"default","ocean_header_style":"","ocean_center_header_left_menu":"0","ocean_custom_header_template":"0","ocean_custom_logo":0,"ocean_custom_retina_logo":0,"ocean_custom_logo_max_width":0,"ocean_custom_logo_tablet_max_width":0,"ocean_custom_logo_mobile_max_width":0,"ocean_custom_logo_max_height":0,"ocean_custom_logo_tablet_max_height":0,"ocean_custom_logo_mobile_max_height":0,"ocean_header_custom_menu":"0","ocean_menu_typo_font_family":"0","ocean_menu_typo_font_subset":"","ocean_menu_typo_font_size":0,"ocean_menu_typo_font_size_tablet":0,"ocean_menu_typo_font_size_mobile":0,"ocean_menu_typo_font_size_unit":"px","ocean_menu_typo_font_weight":"","ocean_menu_typo_font_weight_tablet":"","ocean_menu_typo_font_weight_mobile":"","ocean_menu_typo_transform":"","ocean_menu_typo_transform_tablet":"","ocean_menu_typo_transform_mobile":"","ocean_menu_typo_line_height":0,"ocean_menu_typo_line_height_tablet":0,"ocean_menu_typo_line_height_mobile":0,"ocean_menu_typo_line_height_unit":"","ocean_menu_typo_spacing":0,"ocean_menu_typo_spacing_tablet":0,"ocean_menu_typo_spacing_mobile":0,"ocean_menu_typo_spacing_unit":"","ocean_menu_link_color":"","ocean_menu_link_color_hover":"","ocean_menu_link_color_active":"","ocean_menu_link_background":"","ocean_menu_link_hover_background":"","ocean_menu_link_active_background":"","ocean_menu_social_links_bg":"","ocean_menu_social_hover_links_bg":"","ocean_menu_social_links_color":"","ocean_menu_social_hover_links_color":"","ocean_disable_title":"default","ocean_disable_heading":"default","ocean_post_title":"","ocean_post_subheading":"","ocean_post_title_style":"","ocean_post_title_background_color":"","ocean_post_title_background":0,"ocean_post_title_bg_image_position":"","ocean_post_title_bg_image_attachment":"","ocean_post_title_bg_image_repeat":"","ocean_post_title_bg_image_size":"","ocean_post_title_height":0,"ocean_post_title_bg_overlay":0.5,"ocean_post_title_bg_overlay_color":"","ocean_disable_breadcrumbs":"default","ocean_breadcrumbs_color":"","ocean_breadcrumbs_separator_color":"","ocean_breadcrumbs_links_color":"","ocean_breadcrumbs_links_hover_color":"","ocean_display_footer_widgets":"default","ocean_display_footer_bottom":"default","ocean_custom_footer_template":"0"},"product_brand":[],"product_cat":[22],"product_tag":[],"class_list":{"0":"post-6937","1":"product","2":"type-product","3":"status-publish","4":"has-post-thumbnail","6":"product_cat-suplementy-i-witaminy","8":"entry","9":"has-media","11":"first","12":"instock","13":"shipping-taxable","14":"purchasable","15":"product-type-simple","16":"has-product-nav","17":"col","18":"span_1_of_3","19":"owp-content-left","20":"owp-thumbs-layout-horizontal","21":"owp-btn-normal","22":"owp-tabs-layout-horizontal","23":"has-no-thumbnails"},"_links":{"self":[{"href":"https:\/\/ecocorner.eu\/en\/wp-json\/wp\/v2\/product\/6937","targetHints":{"allow":["GET"]}}],"collection":[{"href":"https:\/\/ecocorner.eu\/en\/wp-json\/wp\/v2\/product"}],"about":[{"href":"https:\/\/ecocorner.eu\/en\/wp-json\/wp\/v2\/types\/product"}],"version-history":[{"count":1,"href":"https:\/\/ecocorner.eu\/en\/wp-json\/wp\/v2\/product\/6937\/revisions"}],"predecessor-version":[{"id":6939,"href":"https:\/\/ecocorner.eu\/en\/wp-json\/wp\/v2\/product\/6937\/revisions\/6939"}],"wp:featuredmedia":[{"embeddable":true,"href":"https:\/\/ecocorner.eu\/en\/wp-json\/wp\/v2\/media\/6938"}],"wp:attachment":[{"href":"https:\/\/ecocorner.eu\/en\/wp-json\/wp\/v2\/media?parent=6937"}],"wp:term":[{"taxonomy":"product_brand","embeddable":true,"href":"https:\/\/ecocorner.eu\/en\/wp-json\/wp\/v2\/product_brand?post=6937"},{"taxonomy":"product_cat","embeddable":true,"href":"https:\/\/ecocorner.eu\/en\/wp-json\/wp\/v2\/product_cat?post=6937"},{"taxonomy":"product_tag","embeddable":true,"href":"https:\/\/ecocorner.eu\/en\/wp-json\/wp\/v2\/product_tag?post=6937"}],"curies":[{"name":"wp","href":"https:\/\/api.w.org\/{rel}","templated":true}]}}