{"id":6940,"date":"2025-06-12T21:05:11","date_gmt":"2025-06-12T21:05:11","guid":{"rendered":"https:\/\/ecocorner.eu\/?post_type=product&#038;p=6940"},"modified":"2025-10-08T17:52:14","modified_gmt":"2025-10-08T17:52:14","slug":"pharmovit-pot-control-naturalna-kontrola-potliwosci-60-kaps","status":"publish","type":"product","link":"https:\/\/ecocorner.eu\/en\/product\/pharmovit-pot-control-naturalna-kontrola-potliwosci-60-kaps\/","title":{"rendered":"Pharmovit   Pot Control  Naturalna  kontrola  potliwo\u015bci  60 kaps."},"content":{"rendered":"<p><span data-containter=\"modal\"><span class=\"wartosc\">Ingredients<br \/>\nEkstrakt z li\u015bci sza\u0142wii lekarskiej; kapsu\u0142ka celulozowa: hydroksypropylometyloceluloza; ekstrakt z li\u015bci pokrzywy zwyczajnej; ekstrakt z korzenia \u017ce\u0144-szenia indyjskiego standaryzowany na 7 % witanolid\u00f3w; ekstrakt z korzenia koz\u0142ka lekarskiego; BioPerine\u00ae &#8211; ekstrakt z owoc\u00f3w pieprzu czarnego standaryzowany na 95 % piperyny; witamina B6 (pirydoksalo-5-fosforan); witamina B2 (ryboflawina).<br \/>\nBioPerine\u00ae jest zastrze\u017conym znakiem towarowym firmy SABINSA<\/p>\n<p>Sk\u0142adniki w porcji dziennej &#8211; 1 kapsu\u0142ka<br \/>\nEkstrakt z li\u015bci sza\u0142wii lekarskiej\u00a0(Salvia officinalis) &#8211; 250 mg<br \/>\nEkstrakt z li\u015bci pokrzywy zwyczajnej\u00a0(Urtica dioica) &#8211; 70 mg<br \/>\nEkstrakt z korzenia \u017ce\u0144-szenia indyjskiego\u00a0(Withania somnifera) &#8211; 50 mg<br \/>\n\u2013 w tym witanolidy &#8211; 3,5 mg<br \/>\nEkstrakt z korzenia koz\u0142ka lekarskiego\u00a0(Valeriana officinalis) &#8211; 50 mg<br \/>\nBioPerine\u00ae ekstrakt z owoc\u00f3w pieprzu czarnego (Piper nigrum) &#8211; 2 mg<br \/>\n\u2013 w tym piperyna &#8211; 1,9 mg<br \/>\nWitamina B6 &#8211; 1,4 mg (100 %)*<br \/>\nRyboflawina &#8211; 1,4 mg (100 %)*<br \/>\n*dzienna referencyjna warto\u015b\u0107 spo\u017cycia<\/p>\n<p>RECOMMENDED INTAKE AND OTHER CONSIDERATIONS<br \/>\nZalecana porcja produktu do spo\u017cycia w ci\u0105gu dnia niezb\u0119dna do uzyskania korzystnego dzia\u0142ania produktu: Spo\u017cywa\u0107 1 kapsu\u0142k\u0119 dziennie. Popi\u0107 wod\u0105 (250 ml). Zalecana porcja dzienna to 1 kapsu\u0142ka.<br \/>\nNie nale\u017cy przekracza\u0107 zalecanej porcji do spo\u017cycia w ci\u0105gu dnia.\u00a0\u00a0Nie stosowa\u0107 w\u00a0\u00a0przypadku uczulenia na kt\u00f3rykolwiek ze sk\u0142adnik\u00f3w. Produkt dla doros\u0142ych.\u00a0Produkt nie powinien by\u0107 spo\u017cywany w przypadku stosowania lek\u00f3w o dzia\u0142aniu uspokajaj\u0105cym, nasennym, przeciwpadaczkowym. Nie stosowa\u0107 u dzieci, kobiet w ci\u0105\u017cy i w trakcie laktacji. Produkt nie mo\u017ce by\u0107 stosowany jako substytut zr\u00f3\u017cnicowanej diety. Wa\u017cne jest prowadzenie zdrowego trybu \u017cycia i zr\u00f3wnowa\u017conego sposobu \u017cywienia.<\/p>\n<p>RECOMMENDED STORAGE CONDITIONS<br \/>\nChroni\u0107 przed \u015bwiat\u0142em. Przechowywa\u0107 w szczelnie zamkni\u0119tym opakowaniu, w temperaturze pokojowej, w suchym miejscu, w spos\u00f3b niedost\u0119pny dla ma\u0142ych dzieci.<\/span><\/span><\/p>","protected":false},"excerpt":{"rendered":"<p><span data-containter=\"modal\"><span class=\"wartosc\"><br \/>\nPotcontrol\u2122 kontrola potliwo\u015bci to kompozycja ekstrakt\u00f3w ro\u015blinnych, witamin oraz BioPerine\u00ae. <\/span><\/span><\/p>\n<p><span data-containter=\"modal\"><span class=\"wartosc\">Sza\u0142wia lekarska jest pomocna w \u0142agodzeniu potliwo\u015bci.<\/span><\/span><\/p>\n<p><span data-containter=\"modal\"><span class=\"wartosc\"> Ashwagandha wspomaga organizm w stanach napi\u0119cia nerwowego. <\/span><\/span><\/p>\n<p><span data-containter=\"modal\"><span class=\"wartosc\">Koz\u0142ek pomaga zrelaksowa\u0107 si\u0119 i utrzyma\u0107 zdrowy sen. <\/span><\/span><\/p>\n<p><span data-containter=\"modal\"><span class=\"wartosc\">Ryboflawina i witamina B6 pomagaj\u0105 w prawid\u0142owym funkcjonowaniu uk\u0142adu nerwowego. <\/span><\/span><\/p>\n<p><span data-containter=\"modal\"><span class=\"wartosc\"><br \/>\nProdukt nie zawiera substancji wype\u0142niaj\u0105cych, przeciwzbrylaj\u0105cych, barwnik\u00f3w. <\/span><\/span><\/p>","protected":false},"featured_media":6941,"template":"","meta":{"ocean_post_layout":"","ocean_both_sidebars_style":"","ocean_both_sidebars_content_width":0,"ocean_both_sidebars_sidebars_width":0,"ocean_sidebar":"0","ocean_second_sidebar":"0","ocean_disable_margins":"enable","ocean_add_body_class":"","ocean_shortcode_before_top_bar":"","ocean_shortcode_after_top_bar":"","ocean_shortcode_before_header":"","ocean_shortcode_after_header":"","ocean_has_shortcode":"","ocean_shortcode_after_title":"","ocean_shortcode_before_footer_widgets":"","ocean_shortcode_after_footer_widgets":"","ocean_shortcode_before_footer_bottom":"","ocean_shortcode_after_footer_bottom":"","ocean_display_top_bar":"default","ocean_display_header":"default","ocean_header_style":"","ocean_center_header_left_menu":"0","ocean_custom_header_template":"0","ocean_custom_logo":0,"ocean_custom_retina_logo":0,"ocean_custom_logo_max_width":0,"ocean_custom_logo_tablet_max_width":0,"ocean_custom_logo_mobile_max_width":0,"ocean_custom_logo_max_height":0,"ocean_custom_logo_tablet_max_height":0,"ocean_custom_logo_mobile_max_height":0,"ocean_header_custom_menu":"0","ocean_menu_typo_font_family":"0","ocean_menu_typo_font_subset":"","ocean_menu_typo_font_size":0,"ocean_menu_typo_font_size_tablet":0,"ocean_menu_typo_font_size_mobile":0,"ocean_menu_typo_font_size_unit":"px","ocean_menu_typo_font_weight":"","ocean_menu_typo_font_weight_tablet":"","ocean_menu_typo_font_weight_mobile":"","ocean_menu_typo_transform":"","ocean_menu_typo_transform_tablet":"","ocean_menu_typo_transform_mobile":"","ocean_menu_typo_line_height":0,"ocean_menu_typo_line_height_tablet":0,"ocean_menu_typo_line_height_mobile":0,"ocean_menu_typo_line_height_unit":"","ocean_menu_typo_spacing":0,"ocean_menu_typo_spacing_tablet":0,"ocean_menu_typo_spacing_mobile":0,"ocean_menu_typo_spacing_unit":"","ocean_menu_link_color":"","ocean_menu_link_color_hover":"","ocean_menu_link_color_active":"","ocean_menu_link_background":"","ocean_menu_link_hover_background":"","ocean_menu_link_active_background":"","ocean_menu_social_links_bg":"","ocean_menu_social_hover_links_bg":"","ocean_menu_social_links_color":"","ocean_menu_social_hover_links_color":"","ocean_disable_title":"default","ocean_disable_heading":"default","ocean_post_title":"","ocean_post_subheading":"","ocean_post_title_style":"","ocean_post_title_background_color":"","ocean_post_title_background":0,"ocean_post_title_bg_image_position":"","ocean_post_title_bg_image_attachment":"","ocean_post_title_bg_image_repeat":"","ocean_post_title_bg_image_size":"","ocean_post_title_height":0,"ocean_post_title_bg_overlay":0.5,"ocean_post_title_bg_overlay_color":"","ocean_disable_breadcrumbs":"default","ocean_breadcrumbs_color":"","ocean_breadcrumbs_separator_color":"","ocean_breadcrumbs_links_color":"","ocean_breadcrumbs_links_hover_color":"","ocean_display_footer_widgets":"default","ocean_display_footer_bottom":"default","ocean_custom_footer_template":"0"},"product_brand":[],"product_cat":[36,22],"product_tag":[],"class_list":{"0":"post-6940","1":"product","2":"type-product","3":"status-publish","4":"has-post-thumbnail","6":"product_cat-promocje-wyprzedaze","7":"product_cat-suplementy-i-witaminy","9":"entry","10":"has-media","12":"first","13":"instock","14":"sale","15":"shipping-taxable","16":"purchasable","17":"product-type-simple","18":"has-product-nav","19":"col","20":"span_1_of_3","21":"owp-content-left","22":"owp-thumbs-layout-horizontal","23":"owp-btn-normal","24":"owp-tabs-layout-horizontal","25":"has-no-thumbnails"},"_links":{"self":[{"href":"https:\/\/ecocorner.eu\/en\/wp-json\/wp\/v2\/product\/6940","targetHints":{"allow":["GET"]}}],"collection":[{"href":"https:\/\/ecocorner.eu\/en\/wp-json\/wp\/v2\/product"}],"about":[{"href":"https:\/\/ecocorner.eu\/en\/wp-json\/wp\/v2\/types\/product"}],"version-history":[{"count":1,"href":"https:\/\/ecocorner.eu\/en\/wp-json\/wp\/v2\/product\/6940\/revisions"}],"predecessor-version":[{"id":6942,"href":"https:\/\/ecocorner.eu\/en\/wp-json\/wp\/v2\/product\/6940\/revisions\/6942"}],"wp:featuredmedia":[{"embeddable":true,"href":"https:\/\/ecocorner.eu\/en\/wp-json\/wp\/v2\/media\/6941"}],"wp:attachment":[{"href":"https:\/\/ecocorner.eu\/en\/wp-json\/wp\/v2\/media?parent=6940"}],"wp:term":[{"taxonomy":"product_brand","embeddable":true,"href":"https:\/\/ecocorner.eu\/en\/wp-json\/wp\/v2\/product_brand?post=6940"},{"taxonomy":"product_cat","embeddable":true,"href":"https:\/\/ecocorner.eu\/en\/wp-json\/wp\/v2\/product_cat?post=6940"},{"taxonomy":"product_tag","embeddable":true,"href":"https:\/\/ecocorner.eu\/en\/wp-json\/wp\/v2\/product_tag?post=6940"}],"curies":[{"name":"wp","href":"https:\/\/api.w.org\/{rel}","templated":true}]}}