{"id":7009,"date":"2025-07-22T17:04:06","date_gmt":"2025-07-22T17:04:06","guid":{"rendered":"https:\/\/ecocorner.eu\/?post_type=product&#038;p=7009"},"modified":"2026-04-16T21:00:25","modified_gmt":"2026-04-16T21:00:25","slug":"medica-herbs-berberyna-hcl-wspiera-prawidlowy-poziom-glukozy-40-kaps","status":"publish","type":"product","link":"https:\/\/ecocorner.eu\/en\/product\/medica-herbs-berberyna-hcl-wspiera-prawidlowy-poziom-glukozy-40-kaps\/","title":{"rendered":"Medica Herbs   Berberyna HCL  wspiera prawid\u0142owy poziom glukozy  40 kaps."},"content":{"rendered":"<p>&nbsp;<\/p>\n<p><strong>Ingredients<\/strong><br \/>\nWyci\u0105g z korzenia Berberis aristata; kapsu\u0142ka (\u017celatyna \u2013 sk\u0142adnik otoczki).<\/p>\n<p>The product does not contain artificial additives, such as preservatives, colorants, flavorings, fillers. The shade of the product may differ due to the color intensity of the natural ingredient.<\/p>\n<p><u>Content per daily serving (1 capsule):<\/u><br \/>\nWyci\u0105g z korzenia Berberis Aristata &#8211; 516mg<br \/>\nw tym berberyna HCL\u00a0&#8211; 500mg<\/p>\n<p><strong>METHOD OF APPLICATION<\/strong><br \/>\n1 capsule once a day.<\/p>\n<p><strong>note<\/strong><br \/>\nDo not use in pregnant or lactating women. Do not exceed the recommended daily intake. Do not use if you are allergic to any of the components of the product. A dietary supplement cannot be used as a substitute for a varied diet. A balanced diet and a healthy lifestyle are recommended.<\/p>\n<p><strong>keeping<\/strong><br \/>\nStore at room temperature in a dry place out of the reach of small children. Protect from moisture and light.<\/p>","protected":false},"excerpt":{"rendered":"<p>Berberyna HCl &#8211; suplement diety &#8211; 97% berberyny HCl<\/p>\n<p>Berberyna HCl jest preparatem pozyskanym z korzenia Berberis aristata. Wspomaga prawid\u0142owy metabolizm glukozy, wspieraj\u0105c tym samym w\u0142a\u015bciwy poziom cukru we krwi. Sprzyja utrzymaniu odpowiedniego poziomu lipid\u00f3w, przez co wspomaga prawid\u0142owe dzia\u0142anie uk\u0142adu sercowo \u2013 naczyniowego. Dodatkowo Berberyna HCl wspiera w\u0142a\u015bciwe funkcjonowanie w\u0105troby.<\/p>","protected":false},"featured_media":7010,"template":"","meta":{"ocean_post_layout":"","ocean_both_sidebars_style":"","ocean_both_sidebars_content_width":0,"ocean_both_sidebars_sidebars_width":0,"ocean_sidebar":"0","ocean_second_sidebar":"0","ocean_disable_margins":"enable","ocean_add_body_class":"","ocean_shortcode_before_top_bar":"","ocean_shortcode_after_top_bar":"","ocean_shortcode_before_header":"","ocean_shortcode_after_header":"","ocean_has_shortcode":"","ocean_shortcode_after_title":"","ocean_shortcode_before_footer_widgets":"","ocean_shortcode_after_footer_widgets":"","ocean_shortcode_before_footer_bottom":"","ocean_shortcode_after_footer_bottom":"","ocean_display_top_bar":"default","ocean_display_header":"default","ocean_header_style":"","ocean_center_header_left_menu":"0","ocean_custom_header_template":"0","ocean_custom_logo":0,"ocean_custom_retina_logo":0,"ocean_custom_logo_max_width":0,"ocean_custom_logo_tablet_max_width":0,"ocean_custom_logo_mobile_max_width":0,"ocean_custom_logo_max_height":0,"ocean_custom_logo_tablet_max_height":0,"ocean_custom_logo_mobile_max_height":0,"ocean_header_custom_menu":"0","ocean_menu_typo_font_family":"0","ocean_menu_typo_font_subset":"","ocean_menu_typo_font_size":0,"ocean_menu_typo_font_size_tablet":0,"ocean_menu_typo_font_size_mobile":0,"ocean_menu_typo_font_size_unit":"px","ocean_menu_typo_font_weight":"","ocean_menu_typo_font_weight_tablet":"","ocean_menu_typo_font_weight_mobile":"","ocean_menu_typo_transform":"","ocean_menu_typo_transform_tablet":"","ocean_menu_typo_transform_mobile":"","ocean_menu_typo_line_height":0,"ocean_menu_typo_line_height_tablet":0,"ocean_menu_typo_line_height_mobile":0,"ocean_menu_typo_line_height_unit":"","ocean_menu_typo_spacing":0,"ocean_menu_typo_spacing_tablet":0,"ocean_menu_typo_spacing_mobile":0,"ocean_menu_typo_spacing_unit":"","ocean_menu_link_color":"","ocean_menu_link_color_hover":"","ocean_menu_link_color_active":"","ocean_menu_link_background":"","ocean_menu_link_hover_background":"","ocean_menu_link_active_background":"","ocean_menu_social_links_bg":"","ocean_menu_social_hover_links_bg":"","ocean_menu_social_links_color":"","ocean_menu_social_hover_links_color":"","ocean_disable_title":"default","ocean_disable_heading":"default","ocean_post_title":"","ocean_post_subheading":"","ocean_post_title_style":"","ocean_post_title_background_color":"","ocean_post_title_background":0,"ocean_post_title_bg_image_position":"","ocean_post_title_bg_image_attachment":"","ocean_post_title_bg_image_repeat":"","ocean_post_title_bg_image_size":"","ocean_post_title_height":0,"ocean_post_title_bg_overlay":0.5,"ocean_post_title_bg_overlay_color":"","ocean_disable_breadcrumbs":"default","ocean_breadcrumbs_color":"","ocean_breadcrumbs_separator_color":"","ocean_breadcrumbs_links_color":"","ocean_breadcrumbs_links_hover_color":"","ocean_display_footer_widgets":"default","ocean_display_footer_bottom":"default","ocean_custom_footer_template":"0"},"product_brand":[],"product_cat":[22],"product_tag":[],"class_list":{"0":"post-7009","1":"product","2":"type-product","3":"status-publish","4":"has-post-thumbnail","6":"product_cat-suplementy-i-witaminy","8":"entry","9":"has-media","11":"first","12":"instock","13":"shipping-taxable","14":"purchasable","15":"product-type-simple","16":"has-product-nav","17":"col","18":"span_1_of_3","19":"owp-content-left","20":"owp-thumbs-layout-horizontal","21":"owp-btn-normal","22":"owp-tabs-layout-horizontal","23":"has-no-thumbnails"},"_links":{"self":[{"href":"https:\/\/ecocorner.eu\/en\/wp-json\/wp\/v2\/product\/7009","targetHints":{"allow":["GET"]}}],"collection":[{"href":"https:\/\/ecocorner.eu\/en\/wp-json\/wp\/v2\/product"}],"about":[{"href":"https:\/\/ecocorner.eu\/en\/wp-json\/wp\/v2\/types\/product"}],"version-history":[{"count":1,"href":"https:\/\/ecocorner.eu\/en\/wp-json\/wp\/v2\/product\/7009\/revisions"}],"predecessor-version":[{"id":7011,"href":"https:\/\/ecocorner.eu\/en\/wp-json\/wp\/v2\/product\/7009\/revisions\/7011"}],"wp:featuredmedia":[{"embeddable":true,"href":"https:\/\/ecocorner.eu\/en\/wp-json\/wp\/v2\/media\/7010"}],"wp:attachment":[{"href":"https:\/\/ecocorner.eu\/en\/wp-json\/wp\/v2\/media?parent=7009"}],"wp:term":[{"taxonomy":"product_brand","embeddable":true,"href":"https:\/\/ecocorner.eu\/en\/wp-json\/wp\/v2\/product_brand?post=7009"},{"taxonomy":"product_cat","embeddable":true,"href":"https:\/\/ecocorner.eu\/en\/wp-json\/wp\/v2\/product_cat?post=7009"},{"taxonomy":"product_tag","embeddable":true,"href":"https:\/\/ecocorner.eu\/en\/wp-json\/wp\/v2\/product_tag?post=7009"}],"curies":[{"name":"wp","href":"https:\/\/api.w.org\/{rel}","templated":true}]}}