{"id":7050,"date":"2025-08-01T15:03:45","date_gmt":"2025-08-01T15:03:45","guid":{"rendered":"https:\/\/ecocorner.eu\/?post_type=product&#038;p=7050"},"modified":"2026-04-11T13:10:35","modified_gmt":"2026-04-11T13:10:35","slug":"narum-povir-400-mg-oslabienie-po-infekcji-slaba-odpornosc-60-kaps","status":"publish","type":"product","link":"https:\/\/ecocorner.eu\/en\/product\/narum-povir-400-mg-oslabienie-po-infekcji-slaba-odpornosc-60-kaps\/","title":{"rendered":"Narum   PoVir  400 mg  os\u0142abienie po infekcji ,s\u0142aba odporno\u015b\u0107  60 kaps."},"content":{"rendered":"<div class=\"mpof_ki myre_zn myre_8v_l m389_6m_l\">\n<div class=\"mp4t_16_s mryx_16_s mr3m_1 mli2_1 mh85_56 mh85_0_l\">\n<div class=\"mgn2_16 _0d3bd_am0a-\">\n<p><b>Ingredients:<\/b><\/p>\n<ul>\n<li>Lactobacillus acidophilus Er-2 szczep 317\/402 Narine,<\/li>\n<li>capsule shell:<\/li>\n<li>gelling agent-gellan gum,<\/li>\n<li>the glazed substance is hydroxypropylmethylcellulose.<\/li>\n<\/ul>\n<p><b>Zalecana dzienna porcja:<\/b><\/p>\n<ul>\n<li>Doro\u015bli i dzieci powy\u017cej 12 lat: 2 kapsu\u0142ki 2 razy dziennie, 15-20 min przed posi\u0142kiem,<\/li>\n<li>Dzieci w wieku od 6 do 12 lat: 1 kapsu\u0142ka 2 razy dziennie, 15-20 min przed posi\u0142kiem,<\/li>\n<li>Dzieci od 3 do 6 lat: 1 kapsu\u0142ka 1 raz dziennie, 15-20 min przed posi\u0142kiem.<\/li>\n<\/ul>\n<\/div>\n<\/div>\n<\/div>\n<div class=\"mpof_ki myre_zn myre_8v_l m389_6m_l\">\n<div class=\"mp4t_16_s mryx_16_s mr3m_1 mli2_1 mh85_56 mh85_0_l\">\n<div class=\"mgn2_16 _0d3bd_am0a-\">\n<p>W jednej kapsu\u0142ce znajduje si\u0119 nie mniej ni\u017c\u00a0<b>8 x 1<\/b><b>0^<\/b><b>8<\/b>\u00a0<b>CFU*<\/b>\u00a0\u017cywych bakterii.<\/p>\n<p>* CFU-Colony Forming Unit-a unit for the formation of bacterial colonies<\/p>\n<p><b>Reception time:<\/b><\/p>\n<p>For optimal effect, it is recommended to take it for 5-6 weeks.<\/p>\n<p><b>Method of application<\/b>:<\/p>\n<p>Kapsu\u0142ki nale\u017cy przyjmowa\u0107 15-20 minut przed posi\u0142kami z \u00bd szklanki napoju o temperaturze pokojowej (najlepiej z mlekiem, poza przypadkami nietolerancji produkt\u00f3w mlecznych). Mo\u017cna otworzy\u0107 kapsu\u0142k\u0119 i rozpu\u015bci\u0107 jej zawarto\u015b\u0107 w napoju.\u00a0Nie nale\u017cy przekracza\u0107 zalecanej porcji do spo\u017cycia w ci\u0105gu dnia. Suplement diety nie mo\u017ce by\u0107 stosowany jako substytut (zamiennik) zr\u00f3\u017cnicowanej diety. Nie spo\u017cywa\u0107 przy nadwra\u017cliwo\u015bci na sk\u0142adniki produktu. Kobiety w ci\u0105\u017cy i karmi\u0105ce powinny spo\u017cywa\u0107 preparat po konsultacji z lekarzem.<\/p>\n<p><b>Storage conditions:<\/b><\/p>\n<p>Store in a cool place at a temperature not exceeding + 10 \u00b0C out of the reach of children. The transport time can be stored at room temperature.<\/p>\n<p>The packaging technology and special manufacturing process ensure that the probiotic bacteria remain viable and their corresponding dose is maintained during transportation outside of refrigeration conditions.<\/p>\n<p><b>It is best to consume until the end:<\/b><\/p>\n<p>Date on the packaging side. Do not use after the expiration date indicated on the package.<\/p>\n<p><b>Net weight:<\/b>\u00a024 g<\/p>\n<\/div>\n<\/div>\n<\/div>","protected":false},"excerpt":{"rendered":"<p><b>Food Supplement<\/b><\/p>\n<p><b>PoVir<\/b>\u00a0w formie kapsu\u0142ek s\u0142u\u017cy do utrzymania sk\u0142adu i aktywno\u015bci biologicznej normalnej mikroflory jelitowej u dzieci oraz os\u00f3b doros\u0142ych. Prawid\u0142owa flora bakteryjna jest niezb\u0119dna dla w\u0142a\u015bciwego funkcjonowania organizmu i odporno\u015bci.<\/p>\n<p><b>Product specified:<\/b><\/p>\n<ul>\n<li>as a support during and after antibiotic therapy,<\/li>\n<li>w potrzebie uzupe\u0142nienia flory bakteryjnej jelit bakteriami Lactobacillus Acidophilus,<\/li>\n<li>with prolonged stress.<\/li>\n<\/ul>\n<p>&nbsp;<\/p>\n<p>Uaktywnij swoj\u0105 tarcz\u0119 ochronn\u0105! \u017baden organizm w przyrodzie nie jest tak dobrze zabezpieczony przed chorobami wirusowymi i zaka\u017anymi jak organizm ludzki. W praktyce jednak nasza odporno\u015b\u0107 spada m.in. poprzez niew\u0142a\u015bciw\u0105 diet\u0119, stres, wszechobecn\u0105 chemi\u0119 czy antybiotyki, dlatego m\u0105drze wspieraj i mobilizuj sw\u00f3j organizm do dzia\u0142ania. Wybierz PoVir dla wzmocnienia odpowiedzi immunologicznej Twojego organizmu. Zalecany czas przyjmowania PoVir to 5-6 tygodni wg dawkowania w opisie. Produkt przeznaczony dla doros\u0142ych i dzieci od 3 roku \u017cycia.<\/p>","protected":false},"featured_media":7051,"template":"","meta":{"ocean_post_layout":"","ocean_both_sidebars_style":"","ocean_both_sidebars_content_width":0,"ocean_both_sidebars_sidebars_width":0,"ocean_sidebar":"0","ocean_second_sidebar":"0","ocean_disable_margins":"enable","ocean_add_body_class":"","ocean_shortcode_before_top_bar":"","ocean_shortcode_after_top_bar":"","ocean_shortcode_before_header":"","ocean_shortcode_after_header":"","ocean_has_shortcode":"","ocean_shortcode_after_title":"","ocean_shortcode_before_footer_widgets":"","ocean_shortcode_after_footer_widgets":"","ocean_shortcode_before_footer_bottom":"","ocean_shortcode_after_footer_bottom":"","ocean_display_top_bar":"default","ocean_display_header":"default","ocean_header_style":"","ocean_center_header_left_menu":"0","ocean_custom_header_template":"0","ocean_custom_logo":0,"ocean_custom_retina_logo":0,"ocean_custom_logo_max_width":0,"ocean_custom_logo_tablet_max_width":0,"ocean_custom_logo_mobile_max_width":0,"ocean_custom_logo_max_height":0,"ocean_custom_logo_tablet_max_height":0,"ocean_custom_logo_mobile_max_height":0,"ocean_header_custom_menu":"0","ocean_menu_typo_font_family":"0","ocean_menu_typo_font_subset":"","ocean_menu_typo_font_size":0,"ocean_menu_typo_font_size_tablet":0,"ocean_menu_typo_font_size_mobile":0,"ocean_menu_typo_font_size_unit":"px","ocean_menu_typo_font_weight":"","ocean_menu_typo_font_weight_tablet":"","ocean_menu_typo_font_weight_mobile":"","ocean_menu_typo_transform":"","ocean_menu_typo_transform_tablet":"","ocean_menu_typo_transform_mobile":"","ocean_menu_typo_line_height":0,"ocean_menu_typo_line_height_tablet":0,"ocean_menu_typo_line_height_mobile":0,"ocean_menu_typo_line_height_unit":"","ocean_menu_typo_spacing":0,"ocean_menu_typo_spacing_tablet":0,"ocean_menu_typo_spacing_mobile":0,"ocean_menu_typo_spacing_unit":"","ocean_menu_link_color":"","ocean_menu_link_color_hover":"","ocean_menu_link_color_active":"","ocean_menu_link_background":"","ocean_menu_link_hover_background":"","ocean_menu_link_active_background":"","ocean_menu_social_links_bg":"","ocean_menu_social_hover_links_bg":"","ocean_menu_social_links_color":"","ocean_menu_social_hover_links_color":"","ocean_disable_title":"default","ocean_disable_heading":"default","ocean_post_title":"","ocean_post_subheading":"","ocean_post_title_style":"","ocean_post_title_background_color":"","ocean_post_title_background":0,"ocean_post_title_bg_image_position":"","ocean_post_title_bg_image_attachment":"","ocean_post_title_bg_image_repeat":"","ocean_post_title_bg_image_size":"","ocean_post_title_height":0,"ocean_post_title_bg_overlay":0.5,"ocean_post_title_bg_overlay_color":"","ocean_disable_breadcrumbs":"default","ocean_breadcrumbs_color":"","ocean_breadcrumbs_separator_color":"","ocean_breadcrumbs_links_color":"","ocean_breadcrumbs_links_hover_color":"","ocean_display_footer_widgets":"default","ocean_display_footer_bottom":"default","ocean_custom_footer_template":"0"},"product_brand":[],"product_cat":[70],"product_tag":[],"class_list":{"0":"post-7050","1":"product","2":"type-product","3":"status-publish","4":"has-post-thumbnail","6":"product_cat-probiotyki","8":"entry","9":"has-media","11":"first","12":"instock","13":"shipping-taxable","14":"purchasable","15":"product-type-simple","16":"has-product-nav","17":"col","18":"span_1_of_3","19":"owp-content-left","20":"owp-thumbs-layout-horizontal","21":"owp-btn-normal","22":"owp-tabs-layout-horizontal","23":"has-no-thumbnails"},"_links":{"self":[{"href":"https:\/\/ecocorner.eu\/en\/wp-json\/wp\/v2\/product\/7050","targetHints":{"allow":["GET"]}}],"collection":[{"href":"https:\/\/ecocorner.eu\/en\/wp-json\/wp\/v2\/product"}],"about":[{"href":"https:\/\/ecocorner.eu\/en\/wp-json\/wp\/v2\/types\/product"}],"version-history":[{"count":1,"href":"https:\/\/ecocorner.eu\/en\/wp-json\/wp\/v2\/product\/7050\/revisions"}],"predecessor-version":[{"id":7052,"href":"https:\/\/ecocorner.eu\/en\/wp-json\/wp\/v2\/product\/7050\/revisions\/7052"}],"wp:featuredmedia":[{"embeddable":true,"href":"https:\/\/ecocorner.eu\/en\/wp-json\/wp\/v2\/media\/7051"}],"wp:attachment":[{"href":"https:\/\/ecocorner.eu\/en\/wp-json\/wp\/v2\/media?parent=7050"}],"wp:term":[{"taxonomy":"product_brand","embeddable":true,"href":"https:\/\/ecocorner.eu\/en\/wp-json\/wp\/v2\/product_brand?post=7050"},{"taxonomy":"product_cat","embeddable":true,"href":"https:\/\/ecocorner.eu\/en\/wp-json\/wp\/v2\/product_cat?post=7050"},{"taxonomy":"product_tag","embeddable":true,"href":"https:\/\/ecocorner.eu\/en\/wp-json\/wp\/v2\/product_tag?post=7050"}],"curies":[{"name":"wp","href":"https:\/\/api.w.org\/{rel}","templated":true}]}}