{"id":7060,"date":"2025-08-07T09:22:14","date_gmt":"2025-08-07T09:22:14","guid":{"rendered":"https:\/\/ecocorner.eu\/?post_type=product&#038;p=7060"},"modified":"2025-12-11T21:07:29","modified_gmt":"2025-12-11T21:07:29","slug":"etja-olejek-eteryczny-naturalny-bergamotowy-10ml","status":"publish","type":"product","link":"https:\/\/ecocorner.eu\/en\/product\/etja-olejek-eteryczny-naturalny-bergamotowy-10ml\/","title":{"rendered":"ETJA   Olejek eteryczny naturalny &#8211; Bergamotowy  10ml"},"content":{"rendered":"<p><u>Method of application:<\/u><\/p>\n<p><u><br \/>\n<\/u>\u00a0\u00a0\u00a0 -inhalacja<br \/>\n-dodatek do olej\u00f3w bazowych<br \/>\n-naturalne aromatyzowanie\u00a0 powietrza, parowa, mokra<br \/>\n- sauna: dry, wet, steam<br \/>\n- massage yourself<br \/>\n-aromatyczna k\u0105piel &#8211; opary o zapachu bergamotki podczas k\u0105pieli<\/p>\n<p><u>Note<\/u>: \u015arednia<br \/>\n<u>Smell<\/u>: Orze\u017awiaj\u0105cy, \u015bwie\u017cy cytrusowy zapach<br \/>\n<u>Colour<\/u>: Lekko zielony<br \/>\n<u>Good composition with oil<\/u>: Cyprysowym, ja\u0142owcowym, lawendowym, melisowym, pomara\u0144czowym, sanda\u0142owym, ylang ylang.<\/p>\n<p><strong>PRZECIWSKAZANIA<\/strong><br \/>\nNale\u017cy unika\u0107 kontaktu z oczami. Nie u\u017cywa\u0107 na sk\u00f3rze wystawianej na dzia\u0142anie promieni s\u0142onecznych UV. Do u\u017cytku zewn\u0119trznego.<\/p>\n<p><strong>keeping<\/strong><br \/>\nStore in a tightly closed dark glass bottle at room temperature and out of the reach of children.<\/p>\n<p><strong>origin<\/strong><br \/>\nItaly<\/p>","protected":false},"excerpt":{"rendered":"<p>OLEJEK BERGAMOTOWY \/Citrus Bergamia Oil\/<\/p>\n<p>Naturalny olejek bergamotowy otrzymuje si\u0119 z owoc\u00f3w drzewa bergamotowego. Jest doskona\u0142ym antyseptykiem i znajduje szerokie zastosowaie w terapii wszelkich infekcji. Ma dzia\u0142anie \u0142agodz\u0105ce napi\u0119cia nerwowe, stresy, emocje, stany depresji i melancholii. Mo\u017ce by\u0107 pomocny przy \u201epowrocie do siebie\u201d po chorobie psychicznej lub fizycznej. Ogranicza aktywno\u015b\u0107 wirusa opryszczki, wywo\u0142uj\u0105cej tzw. zimno.\u00a0 Jego zapach pobudza umys\u0142 do pracy, orze\u017awia i od\u015bwie\u017ca-rozja\u015bnia umys\u0142. Jak wszystkie olejki cytrusowe, jest \u015bwiat\u0142oczu\u0142y i nie nale\u017cy go stosowa\u0107 podczas opalania lub wystawiana sk\u00f3ry na promienie UV.<\/p>\n<p>All essential oils offered by ETJA are 100% natural<\/p>\n<p><u>Action<\/u>: Antydepresyjne, antyseptyczne, uspokajaj\u0105ce, tonizuj\u0105ce, dezodoryzuj\u0105ce<\/p>\n<p><u><\/u><\/p>","protected":false},"featured_media":7061,"template":"","meta":{"ocean_post_layout":"","ocean_both_sidebars_style":"","ocean_both_sidebars_content_width":0,"ocean_both_sidebars_sidebars_width":0,"ocean_sidebar":"0","ocean_second_sidebar":"0","ocean_disable_margins":"enable","ocean_add_body_class":"","ocean_shortcode_before_top_bar":"","ocean_shortcode_after_top_bar":"","ocean_shortcode_before_header":"","ocean_shortcode_after_header":"","ocean_has_shortcode":"","ocean_shortcode_after_title":"","ocean_shortcode_before_footer_widgets":"","ocean_shortcode_after_footer_widgets":"","ocean_shortcode_before_footer_bottom":"","ocean_shortcode_after_footer_bottom":"","ocean_display_top_bar":"default","ocean_display_header":"default","ocean_header_style":"","ocean_center_header_left_menu":"0","ocean_custom_header_template":"0","ocean_custom_logo":0,"ocean_custom_retina_logo":0,"ocean_custom_logo_max_width":0,"ocean_custom_logo_tablet_max_width":0,"ocean_custom_logo_mobile_max_width":0,"ocean_custom_logo_max_height":0,"ocean_custom_logo_tablet_max_height":0,"ocean_custom_logo_mobile_max_height":0,"ocean_header_custom_menu":"0","ocean_menu_typo_font_family":"0","ocean_menu_typo_font_subset":"","ocean_menu_typo_font_size":0,"ocean_menu_typo_font_size_tablet":0,"ocean_menu_typo_font_size_mobile":0,"ocean_menu_typo_font_size_unit":"px","ocean_menu_typo_font_weight":"","ocean_menu_typo_font_weight_tablet":"","ocean_menu_typo_font_weight_mobile":"","ocean_menu_typo_transform":"","ocean_menu_typo_transform_tablet":"","ocean_menu_typo_transform_mobile":"","ocean_menu_typo_line_height":0,"ocean_menu_typo_line_height_tablet":0,"ocean_menu_typo_line_height_mobile":0,"ocean_menu_typo_line_height_unit":"","ocean_menu_typo_spacing":0,"ocean_menu_typo_spacing_tablet":0,"ocean_menu_typo_spacing_mobile":0,"ocean_menu_typo_spacing_unit":"","ocean_menu_link_color":"","ocean_menu_link_color_hover":"","ocean_menu_link_color_active":"","ocean_menu_link_background":"","ocean_menu_link_hover_background":"","ocean_menu_link_active_background":"","ocean_menu_social_links_bg":"","ocean_menu_social_hover_links_bg":"","ocean_menu_social_links_color":"","ocean_menu_social_hover_links_color":"","ocean_disable_title":"default","ocean_disable_heading":"default","ocean_post_title":"","ocean_post_subheading":"","ocean_post_title_style":"","ocean_post_title_background_color":"","ocean_post_title_background":0,"ocean_post_title_bg_image_position":"","ocean_post_title_bg_image_attachment":"","ocean_post_title_bg_image_repeat":"","ocean_post_title_bg_image_size":"","ocean_post_title_height":0,"ocean_post_title_bg_overlay":0.5,"ocean_post_title_bg_overlay_color":"","ocean_disable_breadcrumbs":"default","ocean_breadcrumbs_color":"","ocean_breadcrumbs_separator_color":"","ocean_breadcrumbs_links_color":"","ocean_breadcrumbs_links_hover_color":"","ocean_display_footer_widgets":"default","ocean_display_footer_bottom":"default","ocean_custom_footer_template":"0"},"product_brand":[],"product_cat":[66],"product_tag":[],"class_list":{"0":"post-7060","1":"product","2":"type-product","3":"status-publish","4":"has-post-thumbnail","6":"product_cat-aromaterapia-inhalacje","8":"entry","9":"has-media","11":"first","12":"instock","13":"shipping-taxable","14":"purchasable","15":"product-type-simple","16":"has-product-nav","17":"col","18":"span_1_of_3","19":"owp-content-left","20":"owp-thumbs-layout-horizontal","21":"owp-btn-normal","22":"owp-tabs-layout-horizontal","23":"has-no-thumbnails"},"_links":{"self":[{"href":"https:\/\/ecocorner.eu\/en\/wp-json\/wp\/v2\/product\/7060","targetHints":{"allow":["GET"]}}],"collection":[{"href":"https:\/\/ecocorner.eu\/en\/wp-json\/wp\/v2\/product"}],"about":[{"href":"https:\/\/ecocorner.eu\/en\/wp-json\/wp\/v2\/types\/product"}],"version-history":[{"count":1,"href":"https:\/\/ecocorner.eu\/en\/wp-json\/wp\/v2\/product\/7060\/revisions"}],"predecessor-version":[{"id":7062,"href":"https:\/\/ecocorner.eu\/en\/wp-json\/wp\/v2\/product\/7060\/revisions\/7062"}],"wp:featuredmedia":[{"embeddable":true,"href":"https:\/\/ecocorner.eu\/en\/wp-json\/wp\/v2\/media\/7061"}],"wp:attachment":[{"href":"https:\/\/ecocorner.eu\/en\/wp-json\/wp\/v2\/media?parent=7060"}],"wp:term":[{"taxonomy":"product_brand","embeddable":true,"href":"https:\/\/ecocorner.eu\/en\/wp-json\/wp\/v2\/product_brand?post=7060"},{"taxonomy":"product_cat","embeddable":true,"href":"https:\/\/ecocorner.eu\/en\/wp-json\/wp\/v2\/product_cat?post=7060"},{"taxonomy":"product_tag","embeddable":true,"href":"https:\/\/ecocorner.eu\/en\/wp-json\/wp\/v2\/product_tag?post=7060"}],"curies":[{"name":"wp","href":"https:\/\/api.w.org\/{rel}","templated":true}]}}