{"id":7097,"date":"2025-08-10T11:58:54","date_gmt":"2025-08-10T11:58:54","guid":{"rendered":"https:\/\/ecocorner.eu\/?post_type=product&#038;p=7097"},"modified":"2025-09-02T12:18:08","modified_gmt":"2025-09-02T12:18:08","slug":"etja-olejek-eteryczny-naturalny-limetkowy-10ml","status":"publish","type":"product","link":"https:\/\/ecocorner.eu\/en\/product\/etja-olejek-eteryczny-naturalny-limetkowy-10ml\/","title":{"rendered":"ETJA   Olejek  eteryczny  naturalny    Limetkowy  10ml"},"content":{"rendered":"<p>Dzia\u0142anie: Przeciwbakteryjne, energetyzuj\u0105ce, od\u015bwie\u017caj\u0105ce, relaksuj\u0105ce, antydepresyjne<\/p>\n<p>Nuta:Wysoka<br \/>\nZapach: \u015awie\u017cy, cytrusowy, intensywny, od\u015bwie\u017caj\u0105cy<br \/>\nKolor: Lekko zielonkawy<br \/>\nDobra kompozycja z olejkiem: Eukaliptusowym,\u00a0 rozmarynowym,\u00a0 cytrynowym, tymiankowym,\u00a0 z drzewa herbacianego, bergamotowym, mi\u0119towym.<br \/>\nKraj pochodzenia: Meksyk<\/p>\n<p><strong>METHOD OF APPLICATION<\/strong><br \/>\n-masa\u017c &#8211; dodawa\u0107 8-10 kropli na 50 ml bazy olejowej np. olej ze s\u0142odkich migda\u0142\u00f3w, awokado, pestki moreli.<br \/>\n-k\u0105piel \u2013 do wanny dodawa\u0107 8-10 kropli do wanny wype\u0142nionej 1\/3 ciep\u0142ej wody. Czas k\u0105pieli do 15 minut. Dzia\u0142a pobudzaj\u0105co i od\u015bwie\u017caj\u0105co.<br \/>\n-aromatyzacja powietrza &#8211; kominek zapachowy, dyfuzor, rozpylacz w spray. Odka\u017ca i dezynfekuje powietrze.<br \/>\n-dodatek do prania &#8211; kilka kropli olejku rozpu\u015bci\u0107 w p\u0142ynie do prania lub doda\u0107 do proszku.<\/p>\n<p><strong>Contraindications<\/strong><br \/>\nDo u\u017cytku zewn\u0119trznego. Kobiety w ci\u0105\u017cy i osoby sk\u0142onne do alergii powinny zachowa\u0107 szczeg\u00f3ln\u0105 ostro\u017cno\u015b\u0107.<\/p>\n<p><strong>keeping<\/strong><br \/>\nStore in a tightly closed dark glass bottle at room temperature and out of the reach of children.<\/p>","protected":false},"excerpt":{"rendered":"<p>OLEJEK LIMETKOWY \/Citrus Aurantifolia Peel Oil\/<\/p>\n<p>Naturalny olejek eteryczny uzyskiwany metod\u0105 destylacji par\u0105 wodn\u0105\u00a0 sk\u00f3rek owoc\u00f3w Citrus aurantifolia.<\/p>\n<p>Posiada w\u0142a\u015bciwo\u015bci energetyzuj\u0105ce, przeciwbakteryjne, od\u015bwie\u017caj\u0105ce, relaksuj\u0105ce.<\/p>\n<p>\u0141agodzi przezi\u0119bienia, stany zapalne gard\u0142a, reumatyzm, artretyzm, b\u00f3le g\u0142owy.<\/p>\n<p>Pomaga przy stanach depresyjnych, l\u0119kach, zaburzeniach psychiki zwi\u0105zanych z alkoholizmem.<\/p>\n<p>Znosi uczucie zm\u0119czenia.<\/p>\n<p>Cz\u0119sto wykorzystywany w przemy\u015ble kosmetycznym i perfumeryjnym ze wzgl\u0119du na ciekawy zapach o cytrusowej i intensywnej nucie.<\/p>\n<p>&nbsp;<\/p>\n<p>Wszystkie olejki eteryczne oferowane przez firm\u0119 ETJA s\u0105 w 100% naturalne. Ka\u017cdy produkt Etja jest zarejestrowany w bazie CPNP oraz przebadany dermatologicznie.<\/p>","protected":false},"featured_media":7098,"template":"","meta":{"ocean_post_layout":"","ocean_both_sidebars_style":"","ocean_both_sidebars_content_width":0,"ocean_both_sidebars_sidebars_width":0,"ocean_sidebar":"0","ocean_second_sidebar":"0","ocean_disable_margins":"enable","ocean_add_body_class":"","ocean_shortcode_before_top_bar":"","ocean_shortcode_after_top_bar":"","ocean_shortcode_before_header":"","ocean_shortcode_after_header":"","ocean_has_shortcode":"","ocean_shortcode_after_title":"","ocean_shortcode_before_footer_widgets":"","ocean_shortcode_after_footer_widgets":"","ocean_shortcode_before_footer_bottom":"","ocean_shortcode_after_footer_bottom":"","ocean_display_top_bar":"default","ocean_display_header":"default","ocean_header_style":"","ocean_center_header_left_menu":"0","ocean_custom_header_template":"0","ocean_custom_logo":0,"ocean_custom_retina_logo":0,"ocean_custom_logo_max_width":0,"ocean_custom_logo_tablet_max_width":0,"ocean_custom_logo_mobile_max_width":0,"ocean_custom_logo_max_height":0,"ocean_custom_logo_tablet_max_height":0,"ocean_custom_logo_mobile_max_height":0,"ocean_header_custom_menu":"0","ocean_menu_typo_font_family":"0","ocean_menu_typo_font_subset":"","ocean_menu_typo_font_size":0,"ocean_menu_typo_font_size_tablet":0,"ocean_menu_typo_font_size_mobile":0,"ocean_menu_typo_font_size_unit":"px","ocean_menu_typo_font_weight":"","ocean_menu_typo_font_weight_tablet":"","ocean_menu_typo_font_weight_mobile":"","ocean_menu_typo_transform":"","ocean_menu_typo_transform_tablet":"","ocean_menu_typo_transform_mobile":"","ocean_menu_typo_line_height":0,"ocean_menu_typo_line_height_tablet":0,"ocean_menu_typo_line_height_mobile":0,"ocean_menu_typo_line_height_unit":"","ocean_menu_typo_spacing":0,"ocean_menu_typo_spacing_tablet":0,"ocean_menu_typo_spacing_mobile":0,"ocean_menu_typo_spacing_unit":"","ocean_menu_link_color":"","ocean_menu_link_color_hover":"","ocean_menu_link_color_active":"","ocean_menu_link_background":"","ocean_menu_link_hover_background":"","ocean_menu_link_active_background":"","ocean_menu_social_links_bg":"","ocean_menu_social_hover_links_bg":"","ocean_menu_social_links_color":"","ocean_menu_social_hover_links_color":"","ocean_disable_title":"default","ocean_disable_heading":"default","ocean_post_title":"","ocean_post_subheading":"","ocean_post_title_style":"","ocean_post_title_background_color":"","ocean_post_title_background":0,"ocean_post_title_bg_image_position":"","ocean_post_title_bg_image_attachment":"","ocean_post_title_bg_image_repeat":"","ocean_post_title_bg_image_size":"","ocean_post_title_height":0,"ocean_post_title_bg_overlay":0.5,"ocean_post_title_bg_overlay_color":"","ocean_disable_breadcrumbs":"default","ocean_breadcrumbs_color":"","ocean_breadcrumbs_separator_color":"","ocean_breadcrumbs_links_color":"","ocean_breadcrumbs_links_hover_color":"","ocean_display_footer_widgets":"default","ocean_display_footer_bottom":"default","ocean_custom_footer_template":"0"},"product_brand":[],"product_cat":[66],"product_tag":[],"class_list":{"0":"post-7097","1":"product","2":"type-product","3":"status-publish","4":"has-post-thumbnail","6":"product_cat-aromaterapia-inhalacje","8":"entry","9":"has-media","11":"first","12":"instock","13":"shipping-taxable","14":"purchasable","15":"product-type-simple","16":"has-product-nav","17":"col","18":"span_1_of_3","19":"owp-content-left","20":"owp-thumbs-layout-horizontal","21":"owp-btn-normal","22":"owp-tabs-layout-horizontal","23":"has-no-thumbnails"},"_links":{"self":[{"href":"https:\/\/ecocorner.eu\/en\/wp-json\/wp\/v2\/product\/7097","targetHints":{"allow":["GET"]}}],"collection":[{"href":"https:\/\/ecocorner.eu\/en\/wp-json\/wp\/v2\/product"}],"about":[{"href":"https:\/\/ecocorner.eu\/en\/wp-json\/wp\/v2\/types\/product"}],"version-history":[{"count":1,"href":"https:\/\/ecocorner.eu\/en\/wp-json\/wp\/v2\/product\/7097\/revisions"}],"predecessor-version":[{"id":7099,"href":"https:\/\/ecocorner.eu\/en\/wp-json\/wp\/v2\/product\/7097\/revisions\/7099"}],"wp:featuredmedia":[{"embeddable":true,"href":"https:\/\/ecocorner.eu\/en\/wp-json\/wp\/v2\/media\/7098"}],"wp:attachment":[{"href":"https:\/\/ecocorner.eu\/en\/wp-json\/wp\/v2\/media?parent=7097"}],"wp:term":[{"taxonomy":"product_brand","embeddable":true,"href":"https:\/\/ecocorner.eu\/en\/wp-json\/wp\/v2\/product_brand?post=7097"},{"taxonomy":"product_cat","embeddable":true,"href":"https:\/\/ecocorner.eu\/en\/wp-json\/wp\/v2\/product_cat?post=7097"},{"taxonomy":"product_tag","embeddable":true,"href":"https:\/\/ecocorner.eu\/en\/wp-json\/wp\/v2\/product_tag?post=7097"}],"curies":[{"name":"wp","href":"https:\/\/api.w.org\/{rel}","templated":true}]}}