{"id":7160,"date":"2025-08-10T13:23:43","date_gmt":"2025-08-10T13:23:43","guid":{"rendered":"https:\/\/ecocorner.eu\/?post_type=product&#038;p=7160"},"modified":"2025-10-19T08:30:24","modified_gmt":"2025-10-19T08:30:24","slug":"polska-roza-herbata-rooibos-z-pomarancza-250ml","status":"publish","type":"product","link":"https:\/\/ecocorner.eu\/en\/product\/polska-roza-herbata-rooibos-z-pomarancza-250ml\/","title":{"rendered":"POLSKA R\u00d3\u017bA   Herbata Rooibos z pomara\u0144cz\u0105 250ml"},"content":{"rendered":"<p>Bez dodatku cukru, bez dodatku s\u0142odzik\u00f3w<br \/>\nOrze\u017awiaj\u0105cy i zaskakuj\u0105cy smak<br \/>\nSzklana butelka \u2013 nie w plastiku!<br \/>\nNa bazie sok\u00f3w NFC \u2013 bezpo\u015brednio t\u0142oczonych, nie z koncentratu; lub z naturalnych ekstrakt\u00f3w<br \/>\nKr\u00f3tkie, czytelne i przejrzyste sk\u0142ady<br \/>\nProdukt do wypicia \u201eod razu\u201d<\/p>\n<p><strong>Ingredients<\/strong><br \/>\nNapar z rooibos (woda, owoce bia\u0142ej morwy, inulina, rooibos 1%, aromat), sok NFC z pomara\u0144czy 21%.<\/p>\n<p>Butelka szklana, obj\u0119to\u015b\u0107 netto 250 ml<\/p>","protected":false},"excerpt":{"rendered":"<p>Herbata Rooibos z pomara\u0144cz\u0105 250ml<\/p>\n<p>Rozgrzewaj\u0105cy rooibos i soczysta pomara\u0144cza to duet, kt\u00f3ry pokochasz od pierwszego \u0142yku. Stworzyli\u015bmy nap\u00f3j pe\u0142en naturalnej energii, bazuj\u0105cy na naparze z rooibosa i soku NFC z pomara\u0144czy a\u017c w 21%. Nie zawiera cukru, s\u0142odzik\u00f3w ani zb\u0119dnych dodatk\u00f3w \u2013 jego s\u0142odycz pochodzi wy\u0142\u0105cznie z owoc\u00f3w. Rooibos nie zawiera kofeiny, dlatego \u015bwietnie sprawdzi si\u0119 o ka\u017cdej porze dnia. Nap\u00f3j zamkni\u0119ty w szklanej butelce, gotowy do wypicia prosto z r\u0119ki \u2013 w pracy, podr\u00f3\u017cy czy w domu. Kr\u00f3tka, przejrzysta lista sk\u0142adnik\u00f3w to synonim uczciwego produktu. Idealny wyb\u00f3r dla tych, kt\u00f3rzy ceni\u0105 smak, zdrowie i wygod\u0119. G\u0142\u0119boki aromat i cytrusowe orze\u017awienie w naturalnej ods\u0142onie \u2013 pokochasz go od razu!<\/p>\n<p>&nbsp;<\/p>","protected":false},"featured_media":7161,"template":"","meta":{"ocean_post_layout":"","ocean_both_sidebars_style":"","ocean_both_sidebars_content_width":0,"ocean_both_sidebars_sidebars_width":0,"ocean_sidebar":"0","ocean_second_sidebar":"0","ocean_disable_margins":"enable","ocean_add_body_class":"","ocean_shortcode_before_top_bar":"","ocean_shortcode_after_top_bar":"","ocean_shortcode_before_header":"","ocean_shortcode_after_header":"","ocean_has_shortcode":"","ocean_shortcode_after_title":"","ocean_shortcode_before_footer_widgets":"","ocean_shortcode_after_footer_widgets":"","ocean_shortcode_before_footer_bottom":"","ocean_shortcode_after_footer_bottom":"","ocean_display_top_bar":"default","ocean_display_header":"default","ocean_header_style":"","ocean_center_header_left_menu":"0","ocean_custom_header_template":"0","ocean_custom_logo":0,"ocean_custom_retina_logo":0,"ocean_custom_logo_max_width":0,"ocean_custom_logo_tablet_max_width":0,"ocean_custom_logo_mobile_max_width":0,"ocean_custom_logo_max_height":0,"ocean_custom_logo_tablet_max_height":0,"ocean_custom_logo_mobile_max_height":0,"ocean_header_custom_menu":"0","ocean_menu_typo_font_family":"0","ocean_menu_typo_font_subset":"","ocean_menu_typo_font_size":0,"ocean_menu_typo_font_size_tablet":0,"ocean_menu_typo_font_size_mobile":0,"ocean_menu_typo_font_size_unit":"px","ocean_menu_typo_font_weight":"","ocean_menu_typo_font_weight_tablet":"","ocean_menu_typo_font_weight_mobile":"","ocean_menu_typo_transform":"","ocean_menu_typo_transform_tablet":"","ocean_menu_typo_transform_mobile":"","ocean_menu_typo_line_height":0,"ocean_menu_typo_line_height_tablet":0,"ocean_menu_typo_line_height_mobile":0,"ocean_menu_typo_line_height_unit":"","ocean_menu_typo_spacing":0,"ocean_menu_typo_spacing_tablet":0,"ocean_menu_typo_spacing_mobile":0,"ocean_menu_typo_spacing_unit":"","ocean_menu_link_color":"","ocean_menu_link_color_hover":"","ocean_menu_link_color_active":"","ocean_menu_link_background":"","ocean_menu_link_hover_background":"","ocean_menu_link_active_background":"","ocean_menu_social_links_bg":"","ocean_menu_social_hover_links_bg":"","ocean_menu_social_links_color":"","ocean_menu_social_hover_links_color":"","ocean_disable_title":"default","ocean_disable_heading":"default","ocean_post_title":"","ocean_post_subheading":"","ocean_post_title_style":"","ocean_post_title_background_color":"","ocean_post_title_background":0,"ocean_post_title_bg_image_position":"","ocean_post_title_bg_image_attachment":"","ocean_post_title_bg_image_repeat":"","ocean_post_title_bg_image_size":"","ocean_post_title_height":0,"ocean_post_title_bg_overlay":0.5,"ocean_post_title_bg_overlay_color":"","ocean_disable_breadcrumbs":"default","ocean_breadcrumbs_color":"","ocean_breadcrumbs_separator_color":"","ocean_breadcrumbs_links_color":"","ocean_breadcrumbs_links_hover_color":"","ocean_display_footer_widgets":"default","ocean_display_footer_bottom":"default","ocean_custom_footer_template":"0"},"product_brand":[],"product_cat":[85],"product_tag":[],"class_list":{"0":"post-7160","1":"product","2":"type-product","3":"status-publish","4":"has-post-thumbnail","6":"product_cat-soki-naturalne","8":"entry","9":"has-media","11":"first","12":"outofstock","13":"shipping-taxable","14":"purchasable","15":"product-type-simple","16":"has-product-nav","17":"col","18":"span_1_of_3","19":"owp-content-left","20":"owp-thumbs-layout-horizontal","21":"owp-btn-normal","22":"owp-tabs-layout-horizontal","23":"has-no-thumbnails"},"_links":{"self":[{"href":"https:\/\/ecocorner.eu\/en\/wp-json\/wp\/v2\/product\/7160","targetHints":{"allow":["GET"]}}],"collection":[{"href":"https:\/\/ecocorner.eu\/en\/wp-json\/wp\/v2\/product"}],"about":[{"href":"https:\/\/ecocorner.eu\/en\/wp-json\/wp\/v2\/types\/product"}],"version-history":[{"count":1,"href":"https:\/\/ecocorner.eu\/en\/wp-json\/wp\/v2\/product\/7160\/revisions"}],"predecessor-version":[{"id":7162,"href":"https:\/\/ecocorner.eu\/en\/wp-json\/wp\/v2\/product\/7160\/revisions\/7162"}],"wp:featuredmedia":[{"embeddable":true,"href":"https:\/\/ecocorner.eu\/en\/wp-json\/wp\/v2\/media\/7161"}],"wp:attachment":[{"href":"https:\/\/ecocorner.eu\/en\/wp-json\/wp\/v2\/media?parent=7160"}],"wp:term":[{"taxonomy":"product_brand","embeddable":true,"href":"https:\/\/ecocorner.eu\/en\/wp-json\/wp\/v2\/product_brand?post=7160"},{"taxonomy":"product_cat","embeddable":true,"href":"https:\/\/ecocorner.eu\/en\/wp-json\/wp\/v2\/product_cat?post=7160"},{"taxonomy":"product_tag","embeddable":true,"href":"https:\/\/ecocorner.eu\/en\/wp-json\/wp\/v2\/product_tag?post=7160"}],"curies":[{"name":"wp","href":"https:\/\/api.w.org\/{rel}","templated":true}]}}