{"id":7268,"date":"2025-08-19T10:33:42","date_gmt":"2025-08-19T10:33:42","guid":{"rendered":"https:\/\/ecocorner.eu\/?post_type=product&#038;p=7268"},"modified":"2025-08-19T10:33:43","modified_gmt":"2025-08-19T10:33:43","slug":"nordics-remineralizujaca-pasta-do-zebow-z-plynnym-szkliwem-bez-fluoru-75-ml","status":"publish","type":"product","link":"https:\/\/ecocorner.eu\/en\/product\/nordics-remineralizujaca-pasta-do-zebow-z-plynnym-szkliwem-bez-fluoru-75-ml\/","title":{"rendered":"Nordics  Remineralizuj\u0105ca pasta do z\u0119b\u00f3w z p\u0142ynnym szkliwem ,bez fluoru  75 ml"},"content":{"rendered":"<p><span class=\"wartosc\">Ingredients<br \/>\nAQUA, SORBITOL, HYDRATED SILICA, GLYCERIN, HYDROXYAPATITE, CELLULOSE GUM, SODIUM LAUROYL SARCOSINATE, POTASSIUM NITRATE, MENTHA PIPERITA OIL, MENTHA VIRIDIS LEAF OIL, STEVIA REBAUDIANA EXTRACT, SALVIA OFFICINALIS LEAF EXTRACT, CHAMOMILLA RECUTITA FLOWER EXTRACT, ZINGIBER OFFICINALE EXTRACT, MENTHOL, MELALEUCA ALTERNIFOLIA LEAF OIL, PHENOXYETHANOL, CAPRYLYL GLYCOL, CITRIC ACID, SODIUM BENZOATE, POTASSIUM SORBATE, CI 16185, LIMONENE, PINENE, CARVONE.<\/p>\n<p>METHOD OF APPLICATION<br \/>\nNiewielk\u0105 ilo\u015b\u0107 pasty nanie\u015b\u0107 na szczoteczk\u0119 do z\u0119b\u00f3w. Nast\u0119pnie delikatnymi ruchami szczotkowa\u0107 z\u0119by i dzi\u0105s\u0142a.<\/p>\n<p>RECOMMENDED STORAGE CONDITIONS<br \/>\nPrzechowywa\u0107 w temperaturze pokojowej, z dala od \u015bwiat\u0142a s\u0142onecznego. Przechowywa\u0107 z dala od dzieci.\u00a0<\/span><\/p>","protected":false},"excerpt":{"rendered":"<p><span class=\"wartosc\">Pasta do z\u0119b\u00f3w z hydroksyapatytem to innowacyjne rozwi\u0105zanie wspieraj\u0105ce zdrowie z\u0119b\u00f3w. Hydroksyapatyt, naturalny minera\u0142 stanowi\u0105cy a\u017c 97 % ludzkiego szkliwa i ko\u015bci, znany jako \u201ep\u0142ynne szkliwo\u201d, wykazuje niezwyk\u0142e w\u0142a\u015bciwo\u015bci remineralizuj\u0105ce. Jego cz\u0105steczki wnikaj\u0105 w kanaliki z\u0119biny, wype\u0142niaj\u0105c ods\u0142oni\u0119te obszary, co skutecznie eliminuje b\u00f3l i dyskomfort wra\u017cliwych z\u0119b\u00f3w. Proces ten tworzy now\u0105 warstw\u0119, kt\u00f3ra nie tylko odbudowuje szkliwo, ale r\u00f3wnie\u017c chroni je przed powstawaniem nowych ubytk\u00f3w.<br \/>\nDodatkowym wsparciem jest azotan potasu \u2013 naturalny sk\u0142adnik o udowodnionym dzia\u0142aniu przeciw nadwra\u017cliwo\u015bci z\u0119b\u00f3w. Jony potasu przenikaj\u0105 przez ods\u0142oni\u0119te kanaliki z\u0119biny, docieraj\u0105c do nerw\u00f3w z\u0119b\u00f3w, gdzie redukuj\u0105 bolesn\u0105 nadwra\u017cliwo\u015b\u0107. Regularne stosowanie pasty zwi\u0119ksza odporno\u015b\u0107 miazgi z\u0119bowej na bod\u017ace, zapewniaj\u0105c d\u0142ugotrwa\u0142y komfort i ochron\u0119.<br \/>\nTo po\u0142\u0105czenie hydroksyapatytu i azotanu potasu stanowi skuteczne rozwi\u0105zanie dla os\u00f3b z problemem nadwra\u017cliwo\u015bci oraz tych, kt\u00f3rzy pragn\u0105 kompleksowo zadba\u0107 o swoje z\u0119by.<\/span><\/p>","protected":false},"featured_media":7269,"template":"","meta":{"ocean_post_layout":"","ocean_both_sidebars_style":"","ocean_both_sidebars_content_width":0,"ocean_both_sidebars_sidebars_width":0,"ocean_sidebar":"0","ocean_second_sidebar":"0","ocean_disable_margins":"enable","ocean_add_body_class":"","ocean_shortcode_before_top_bar":"","ocean_shortcode_after_top_bar":"","ocean_shortcode_before_header":"","ocean_shortcode_after_header":"","ocean_has_shortcode":"","ocean_shortcode_after_title":"","ocean_shortcode_before_footer_widgets":"","ocean_shortcode_after_footer_widgets":"","ocean_shortcode_before_footer_bottom":"","ocean_shortcode_after_footer_bottom":"","ocean_display_top_bar":"default","ocean_display_header":"default","ocean_header_style":"","ocean_center_header_left_menu":"0","ocean_custom_header_template":"0","ocean_custom_logo":0,"ocean_custom_retina_logo":0,"ocean_custom_logo_max_width":0,"ocean_custom_logo_tablet_max_width":0,"ocean_custom_logo_mobile_max_width":0,"ocean_custom_logo_max_height":0,"ocean_custom_logo_tablet_max_height":0,"ocean_custom_logo_mobile_max_height":0,"ocean_header_custom_menu":"0","ocean_menu_typo_font_family":"0","ocean_menu_typo_font_subset":"","ocean_menu_typo_font_size":0,"ocean_menu_typo_font_size_tablet":0,"ocean_menu_typo_font_size_mobile":0,"ocean_menu_typo_font_size_unit":"px","ocean_menu_typo_font_weight":"","ocean_menu_typo_font_weight_tablet":"","ocean_menu_typo_font_weight_mobile":"","ocean_menu_typo_transform":"","ocean_menu_typo_transform_tablet":"","ocean_menu_typo_transform_mobile":"","ocean_menu_typo_line_height":0,"ocean_menu_typo_line_height_tablet":0,"ocean_menu_typo_line_height_mobile":0,"ocean_menu_typo_line_height_unit":"","ocean_menu_typo_spacing":0,"ocean_menu_typo_spacing_tablet":0,"ocean_menu_typo_spacing_mobile":0,"ocean_menu_typo_spacing_unit":"","ocean_menu_link_color":"","ocean_menu_link_color_hover":"","ocean_menu_link_color_active":"","ocean_menu_link_background":"","ocean_menu_link_hover_background":"","ocean_menu_link_active_background":"","ocean_menu_social_links_bg":"","ocean_menu_social_hover_links_bg":"","ocean_menu_social_links_color":"","ocean_menu_social_hover_links_color":"","ocean_disable_title":"default","ocean_disable_heading":"default","ocean_post_title":"","ocean_post_subheading":"","ocean_post_title_style":"","ocean_post_title_background_color":"","ocean_post_title_background":0,"ocean_post_title_bg_image_position":"","ocean_post_title_bg_image_attachment":"","ocean_post_title_bg_image_repeat":"","ocean_post_title_bg_image_size":"","ocean_post_title_height":0,"ocean_post_title_bg_overlay":0.5,"ocean_post_title_bg_overlay_color":"","ocean_disable_breadcrumbs":"default","ocean_breadcrumbs_color":"","ocean_breadcrumbs_separator_color":"","ocean_breadcrumbs_links_color":"","ocean_breadcrumbs_links_hover_color":"","ocean_display_footer_widgets":"default","ocean_display_footer_bottom":"default","ocean_custom_footer_template":"0"},"product_brand":[],"product_cat":[31],"product_tag":[],"class_list":{"0":"post-7268","1":"product","2":"type-product","3":"status-publish","4":"has-post-thumbnail","6":"product_cat-pielegnacja-jamy-ustnej","8":"entry","9":"has-media","11":"first","12":"instock","13":"shipping-taxable","14":"purchasable","15":"product-type-simple","16":"has-product-nav","17":"col","18":"span_1_of_3","19":"owp-content-left","20":"owp-thumbs-layout-horizontal","21":"owp-btn-normal","22":"owp-tabs-layout-horizontal","23":"has-no-thumbnails"},"_links":{"self":[{"href":"https:\/\/ecocorner.eu\/en\/wp-json\/wp\/v2\/product\/7268","targetHints":{"allow":["GET"]}}],"collection":[{"href":"https:\/\/ecocorner.eu\/en\/wp-json\/wp\/v2\/product"}],"about":[{"href":"https:\/\/ecocorner.eu\/en\/wp-json\/wp\/v2\/types\/product"}],"version-history":[{"count":1,"href":"https:\/\/ecocorner.eu\/en\/wp-json\/wp\/v2\/product\/7268\/revisions"}],"predecessor-version":[{"id":7270,"href":"https:\/\/ecocorner.eu\/en\/wp-json\/wp\/v2\/product\/7268\/revisions\/7270"}],"wp:featuredmedia":[{"embeddable":true,"href":"https:\/\/ecocorner.eu\/en\/wp-json\/wp\/v2\/media\/7269"}],"wp:attachment":[{"href":"https:\/\/ecocorner.eu\/en\/wp-json\/wp\/v2\/media?parent=7268"}],"wp:term":[{"taxonomy":"product_brand","embeddable":true,"href":"https:\/\/ecocorner.eu\/en\/wp-json\/wp\/v2\/product_brand?post=7268"},{"taxonomy":"product_cat","embeddable":true,"href":"https:\/\/ecocorner.eu\/en\/wp-json\/wp\/v2\/product_cat?post=7268"},{"taxonomy":"product_tag","embeddable":true,"href":"https:\/\/ecocorner.eu\/en\/wp-json\/wp\/v2\/product_tag?post=7268"}],"curies":[{"name":"wp","href":"https:\/\/api.w.org\/{rel}","templated":true}]}}