{"id":7323,"date":"2025-08-30T17:46:31","date_gmt":"2025-08-30T17:46:31","guid":{"rendered":"https:\/\/ecocorner.eu\/?post_type=product&#038;p=7323"},"modified":"2026-04-10T20:34:11","modified_gmt":"2026-04-10T20:34:11","slug":"pasieki-sadowskich-zelowocki-z-miodem-jagody-320-g","status":"publish","type":"product","link":"https:\/\/ecocorner.eu\/en\/product\/pasieki-sadowskich-zelowocki-z-miodem-jagody-320-g\/","title":{"rendered":"Pasieki Sadowskich   \u017belowocki z miodem Jagody  320 g"},"content":{"rendered":"<h4>Smak d\u017cemu jagodowego bez dodatku cukru<\/h4>\n<p>\u017belowocki z miodem Jagody od Miodzisia to porz\u0105dna porcja smaku i naturalnych w\u0142a\u015bciwo\u015bci &#8211; dla ka\u017cdego, kto uwielbia letnie owoce. Starannie wyselekcjonowane jagody zosta\u0142y os\u0142odzone odrobin\u0105 prawdziwego miodu wielokwiatowego, a ca\u0142o\u015b\u0107 uzupe\u0142niona szczypt\u0105 skrobi dla zachowania wyj\u0105tkowej, \u017celowej konsystencji. Dzi\u0119ki temu \u017belowocki ciesz\u0105 wyj\u0105tkowym smakiem jag\u00f3d i maj\u0105 prosty, naturalny sk\u0142ad. Nasi mali testerzy podpowiadaj\u0105, \u017ce s\u0105 lepsze ni\u017c d\u017cem jagodowy, a zawarto\u015b\u0107 s\u0142oika jest warta chwili zapomnienia.<\/p>\n<h4>Propozycje zastosowania \u017belowock\u00f3w z miodem &#8211; Jag\u00f3d od Miodzisia<\/h4>\n<p>Miodzi\u015b \u0142asuch z trudem si\u0119 powstrzymuje, by nie zajada\u0107 \u017belowock\u00f3w z miodem prosto ze s\u0142oika, a my nie raz widzimy jego umorusan\u0105 jagodami bu\u017ak\u0119. Na szcz\u0119\u015bcie nasz mi\u015b podzieli\u0142 si\u0119 z nami swoimi ulubionymi pomys\u0142ami na zajadanie \u017celowych jag\u00f3d &#8211; poznajcie i Wy:<\/p>\n<ul>\n<li>to idealny zamiennik d\u017cemu jagodowego do pieczywa<\/li>\n<li>\u015bwietnie smakuj\u0105 z chrupi\u0105cymi goframi, tostami i ma\u015blanymi bu\u0142eczkami<\/li>\n<li>sprawdz\u0105 si\u0119 jako owocowy dodatek do smoothie<\/li>\n<li>podkre\u015bl\u0105 ka\u017cd\u0105 owsiank\u0119, jaglank\u0119, kasz\u0119 i budy\u0144 te\u017c!<\/li>\n<li>wy\u015bmienite jako dodatek do ciast i lod\u00f3w<\/li>\n<li>to gotowe nadzienie do uwielbianych jagodzianek!<\/li>\n<\/ul>\n<p>Le\u0107cie do spi\u017carni Miodzisia i spr\u00f3bujcie \u017belowock\u00f3w z miodem w ulubionej wersji! \ud83d\ude09<\/p>\n<h2 id=\"tab4\">Information<\/h2>\n<p><strong>Ingredients:<\/strong>\u00a0jagody 70%, mi\u00f3d nektarowy wielokwiatowy 24%, skrobia modyfikowana, woda<\/p>\n<p><strong>Keeping: <\/strong>Po otwarciu przechowywa\u0107 w lod\u00f3wce<\/p>\n<p><strong>Container:<\/strong> 320 g<\/p>\n<table class=\"tabela-odzywcza\" width=\"403\">\n<thead>\n<tr>\n<th class=\"col1\">WARTO\u015a\u0106 OD\u017bYWCZA<\/th>\n<th class=\"col2\">w 100 g<\/th>\n<th class=\"col3\">% RWS<sup>*<\/sup><\/th>\n<\/tr>\n<tr>\n<td class=\"col1\">Energy value<\/td>\n<td class=\"col2\">550 kJ \/ 130 kcal<\/td>\n<td class=\"col3\"><\/td>\n<\/tr>\n<tr>\n<td class=\"col1\">Fat<\/td>\n<td class=\"col2\">0.4 g<\/td>\n<td class=\"col3\"><\/td>\n<\/tr>\n<tr>\n<td class=\"col1\">\u2014 w tym kwasy nasycone<\/td>\n<td class=\"col2\">0 g<\/td>\n<td class=\"col3\"><\/td>\n<\/tr>\n<tr>\n<td class=\"col1\">Carbohydrates<\/td>\n<td class=\"col2\">30 g<\/td>\n<td class=\"col3\"><\/td>\n<\/tr>\n<tr>\n<td class=\"col1\">\u2014 w tym cukry<\/td>\n<td class=\"col2\">24 g<\/td>\n<td class=\"col3\"><\/td>\n<\/tr>\n<tr>\n<td class=\"col1\">Squirrel<\/td>\n<td class=\"col2\">0,7\u00a0g<\/td>\n<td class=\"col3\"><\/td>\n<\/tr>\n<tr>\n<td class=\"col1\">Fiber content<\/td>\n<td class=\"col2\">2.2 g<\/td>\n<td class=\"col3\"><\/td>\n<\/tr>\n<tr>\n<td class=\"col1\">Salt<\/td>\n<td class=\"col2\">0 g<\/td>\n<td class=\"col3\"><\/td>\n<\/tr>\n<\/thead>\n<\/table>","protected":false},"excerpt":{"rendered":"<div class=\"pw-oprodukcie\">\n<div class=\"pw-oprodukcie-text\">\n<p>Zamkni\u0119cie lata w s\u0142oiczku, nigdy nie by\u0142o prostsze dla naszego Misia. Miodzi\u015b d\u0142ugo si\u0119 zastanawia\u0142, kt\u00f3re owoce s\u0105 dla niego najlepsze! W\u015br\u00f3d swoich ulubionych wybra\u0142 niebieskie kuleczki, kt\u00f3re s\u0105 pyszne i \u015bmiesznie brudz\u0105 buzi\u0119. Pom\u00f3g\u0142 nam zebra\u0107 z krzaczk\u00f3w naj\u0142adniejsze owoce jag\u00f3d, doda\u0142 do nich nasz pyszny mi\u00f3d wielokwiatowy i miesza\u0142, miesza\u0142 a\u017c powsta\u0142y \u017belowocki! To pyszne po\u0142\u0105czenie miodu i owoc\u00f3w w \u017celowej konsystencji, kt\u00f3re kochaj\u0105 wszystkie dzieci i doro\u015bli. Potwierdzamy, b\u0142yskawicznie znikaj\u0105 ze s\u0142oiczka!<\/p>\n<\/div>\n<div class=\"pw-oprodukcie-image\"><img decoding=\"async\" src=\"https:\/\/pasiekisadowskich.pl\/environment\/cache\/images\/512_512_productGfx_9505\/IMG_9146-1080x1080.webp\" \/><\/div>\n<\/div>\n<div id=\"box_description\" class=\"box tab\" tabindex=\"-1\">\n<div class=\"innerbox\">\n<div class=\"resetcss fr-view\">\n<h2 id=\"tab2\">W\u0142a\u015bciwo\u015bci \u017celowock\u00f3w z jagodami:<\/h2>\n<ul>\n<li><strong>70% polskich jag\u00f3d\u00a0zebranych latem\u00a0<\/strong><\/li>\n<li><strong>24% miodu wielokwiatowego od naszych pszcz\u00f3\u0142<\/strong><\/li>\n<li>prosty, naturalny sk\u0142ad<\/li>\n<li>doskona\u0142y dodatek do deser\u00f3w, \u015bniada\u0144, wypiek\u00f3w<\/li>\n<li>\u017celowa konsystencja, kt\u00f3r\u0105 kochaj\u0105 dzieci i doro\u015bli<\/li>\n<li>bez polepszaczy, konserwant\u00f3w i sztucznych barwnik\u00f3w<\/li>\n<li>smak i kolor prosto z natury<\/li>\n<li>bezglutenowe<\/li>\n<\/ul>\n<p>&nbsp;<\/p>\n<h2 id=\"tab3\">Dlaczego nasze \u017belowocki s\u0105 tak wyj\u0105tkowe?<strong>\u00a0<\/strong><\/h2>\n<p>Kto szuka naturalnej alternatywy dla domowego d\u017cemu jagodowego ten trafi\u0142 w sam raz! Miodzi\u015b co sezon szykuje s\u0142oiki pe\u0142ne g\u0119stych \u017celowock\u00f3w z dodatkiem miodu od swoich skrzydlatych przyjaci\u00f3\u0142ek. Nie mog\u0142o zabrakn\u0105\u0107 jag\u00f3d, kt\u00f3re starannie zbiera\u0142 razem z nami. Cho\u0107 babcia misiowa proponowa\u0142a d\u017cem z jag\u00f3d, nasz Miodzi\u015b postawi\u0142 na kilka prostych sk\u0142adnik\u00f3w i sam zamiesza\u0142 w garze, nie mog\u0105c czeka\u0107 ni chwili d\u0142u\u017cej! Jego receptura to duuu\u017ca porcja \u015bwie\u017cych jag\u00f3d, odrobina miodu, wody i jeszcze skrobi, dla uzyskania \u017celowej konsystencji. Dzi\u0119ki temu Miodzi\u015b uzyska\u0142 wspania\u0142y smako\u0142yk, bez dodatku cukru i nie mog\u0105cy zawiera\u0107 sztucznych substancji s\u0142odz\u0105cych, bez zb\u0119dnych sk\u0142adnik\u00f3w i bez konserwant\u00f3w, rzecz jasna! Nie chcia\u0142 ich r\u00f3wnie\u017c pasteryzowa\u0107, aby zachowa\u0107 moc jagody le\u015bnej.<\/p>\n<\/div>\n<\/div>\n<\/div>","protected":false},"featured_media":7327,"template":"","meta":{"ocean_post_layout":"","ocean_both_sidebars_style":"","ocean_both_sidebars_content_width":0,"ocean_both_sidebars_sidebars_width":0,"ocean_sidebar":"0","ocean_second_sidebar":"0","ocean_disable_margins":"enable","ocean_add_body_class":"","ocean_shortcode_before_top_bar":"","ocean_shortcode_after_top_bar":"","ocean_shortcode_before_header":"","ocean_shortcode_after_header":"","ocean_has_shortcode":"","ocean_shortcode_after_title":"","ocean_shortcode_before_footer_widgets":"","ocean_shortcode_after_footer_widgets":"","ocean_shortcode_before_footer_bottom":"","ocean_shortcode_after_footer_bottom":"","ocean_display_top_bar":"default","ocean_display_header":"default","ocean_header_style":"","ocean_center_header_left_menu":"0","ocean_custom_header_template":"0","ocean_custom_logo":0,"ocean_custom_retina_logo":0,"ocean_custom_logo_max_width":0,"ocean_custom_logo_tablet_max_width":0,"ocean_custom_logo_mobile_max_width":0,"ocean_custom_logo_max_height":0,"ocean_custom_logo_tablet_max_height":0,"ocean_custom_logo_mobile_max_height":0,"ocean_header_custom_menu":"0","ocean_menu_typo_font_family":"0","ocean_menu_typo_font_subset":"","ocean_menu_typo_font_size":0,"ocean_menu_typo_font_size_tablet":0,"ocean_menu_typo_font_size_mobile":0,"ocean_menu_typo_font_size_unit":"px","ocean_menu_typo_font_weight":"","ocean_menu_typo_font_weight_tablet":"","ocean_menu_typo_font_weight_mobile":"","ocean_menu_typo_transform":"","ocean_menu_typo_transform_tablet":"","ocean_menu_typo_transform_mobile":"","ocean_menu_typo_line_height":0,"ocean_menu_typo_line_height_tablet":0,"ocean_menu_typo_line_height_mobile":0,"ocean_menu_typo_line_height_unit":"","ocean_menu_typo_spacing":0,"ocean_menu_typo_spacing_tablet":0,"ocean_menu_typo_spacing_mobile":0,"ocean_menu_typo_spacing_unit":"","ocean_menu_link_color":"","ocean_menu_link_color_hover":"","ocean_menu_link_color_active":"","ocean_menu_link_background":"","ocean_menu_link_hover_background":"","ocean_menu_link_active_background":"","ocean_menu_social_links_bg":"","ocean_menu_social_hover_links_bg":"","ocean_menu_social_links_color":"","ocean_menu_social_hover_links_color":"","ocean_disable_title":"default","ocean_disable_heading":"default","ocean_post_title":"","ocean_post_subheading":"","ocean_post_title_style":"","ocean_post_title_background_color":"","ocean_post_title_background":0,"ocean_post_title_bg_image_position":"","ocean_post_title_bg_image_attachment":"","ocean_post_title_bg_image_repeat":"","ocean_post_title_bg_image_size":"","ocean_post_title_height":0,"ocean_post_title_bg_overlay":0.5,"ocean_post_title_bg_overlay_color":"","ocean_disable_breadcrumbs":"default","ocean_breadcrumbs_color":"","ocean_breadcrumbs_separator_color":"","ocean_breadcrumbs_links_color":"","ocean_breadcrumbs_links_hover_color":"","ocean_display_footer_widgets":"default","ocean_display_footer_bottom":"default","ocean_custom_footer_template":"0"},"product_brand":[],"product_cat":[91,64,36,23],"product_tag":[],"class_list":{"0":"post-7323","1":"product","2":"type-product","3":"status-publish","4":"has-post-thumbnail","6":"product_cat-manufaktura-pasieki-sadowskich","7":"product_cat-oferta-tygodnia","8":"product_cat-promocje-wyprzedaze","9":"product_cat-zdrowe-przekaski","11":"entry","12":"has-media","14":"first","15":"instock","16":"sale","17":"shipping-taxable","18":"purchasable","19":"product-type-simple","20":"has-product-nav","21":"col","22":"span_1_of_3","23":"owp-content-left","24":"owp-thumbs-layout-horizontal","25":"owp-btn-normal","26":"owp-tabs-layout-horizontal"},"_links":{"self":[{"href":"https:\/\/ecocorner.eu\/en\/wp-json\/wp\/v2\/product\/7323","targetHints":{"allow":["GET"]}}],"collection":[{"href":"https:\/\/ecocorner.eu\/en\/wp-json\/wp\/v2\/product"}],"about":[{"href":"https:\/\/ecocorner.eu\/en\/wp-json\/wp\/v2\/types\/product"}],"version-history":[{"count":1,"href":"https:\/\/ecocorner.eu\/en\/wp-json\/wp\/v2\/product\/7323\/revisions"}],"predecessor-version":[{"id":7328,"href":"https:\/\/ecocorner.eu\/en\/wp-json\/wp\/v2\/product\/7323\/revisions\/7328"}],"wp:featuredmedia":[{"embeddable":true,"href":"https:\/\/ecocorner.eu\/en\/wp-json\/wp\/v2\/media\/7327"}],"wp:attachment":[{"href":"https:\/\/ecocorner.eu\/en\/wp-json\/wp\/v2\/media?parent=7323"}],"wp:term":[{"taxonomy":"product_brand","embeddable":true,"href":"https:\/\/ecocorner.eu\/en\/wp-json\/wp\/v2\/product_brand?post=7323"},{"taxonomy":"product_cat","embeddable":true,"href":"https:\/\/ecocorner.eu\/en\/wp-json\/wp\/v2\/product_cat?post=7323"},{"taxonomy":"product_tag","embeddable":true,"href":"https:\/\/ecocorner.eu\/en\/wp-json\/wp\/v2\/product_tag?post=7323"}],"curies":[{"name":"wp","href":"https:\/\/api.w.org\/{rel}","templated":true}]}}