{"id":7333,"date":"2025-08-30T17:50:54","date_gmt":"2025-08-30T17:50:54","guid":{"rendered":"https:\/\/ecocorner.eu\/?post_type=product&#038;p=7333"},"modified":"2026-02-21T21:30:37","modified_gmt":"2026-02-21T21:30:37","slug":"pasieki-sadowskich-zelowocki-z-miodem-truskawki-320-g","status":"publish","type":"product","link":"https:\/\/ecocorner.eu\/en\/product\/pasieki-sadowskich-zelowocki-z-miodem-truskawki-320-g\/","title":{"rendered":"Pasieki Sadowskich   \u017belowocki z miodem  Truskawki  320 g"},"content":{"rendered":"<h4>Smak d\u017cemu truskawkowego bez dodatku cukru<\/h4>\n<p>\u017belowe przetwory ze spi\u017carni Miodzisia to smak lata i w\u0142a\u015bciwo\u015bci prosto z natury! Dorodne, dojrza\u0142e w s\u0142o\u0144cu truskawki os\u0142odzili\u015bmy odrobin\u0105 prawdziwego miodu wielokwiatowego, Miodzi\u015b dosypa\u0142 jeszcze odrobin\u0119 skrobi, bo wie, \u017ce dzi\u0119ki temu owoce nabior\u0105 w pe\u0142ni \u017celowej konsystencji. Teraz do przygotowania ulubionych deser\u00f3w najpyszniejsze truskawki ma ju\u017c pod \u0142apk\u0105! To naturalny smako\u0142yk, pe\u0142en owoc\u00f3w i naturalnej s\u0142odyczy &#8211; bez dodatku konserwant\u00f3w i bez dodatku cukru! Ka\u017cdy s\u0142oiczek to pyszne kawa\u0142ki truskawek otulone miodem, a ca\u0142o\u015b\u0107&#8230; rozp\u0142ywa si\u0119 w ustach &#8211; oce\u0144cie sami!<\/p>\n<div class=\"resetcss\">\n<h4>Propozycje zastosowania \u017belowock\u00f3w z miodem &#8211; Truskawek od Miodzisia<strong>\u00a0<\/strong><\/h4>\n<p>\u017belowa konsystencja sprawia, \u017ce nasze Truskawki fantastycznie sprawdzaj\u0105 si\u0119 w wielu wydaniach, pasuj\u0105 do ka\u017cdego deseru, \u015bniadania na s\u0142odko i podwieczorku! Poznajcie nasze warianty z truskawkowymi \u017belowockami. Pssst&#8230; po nich ka\u017cdy oblizuje si\u0119 ze smakiem!<\/p>\n<ul>\n<li>to idealny zamiennik d\u017cemu truskawkowego na kanapeczki<\/li>\n<li>\u015bwietnie smakuj\u0105 z chrupi\u0105cymi goframi, tostami i ma\u015blanymi bu\u0142eczkami<\/li>\n<li>pyszny, owocowy dodatek do kluseczk\u00f3w, pierog\u00f3w i nale\u015bnik\u00f3w<\/li>\n<li>sprawdz\u0105 si\u0119 jako dodatek do smoothie<\/li>\n<li>podkr\u0119c\u0105 owsiank\u0119, jaglank\u0119, kasz\u0119 i ulubiony budy\u0144<\/li>\n<li>wy\u015bmienite jako dodatek do ciast i lod\u00f3w<\/li>\n<\/ul>\n<p>Le\u0107cie do spi\u017carni Miodzisia i spr\u00f3bujcie \u017belowock\u00f3w z miodem, kt\u00f3re mocno truskawkowym smakiem urozmaic\u0105 Wasze przek\u0105ski i dania! \ud83d\ude09<\/p>\n<\/div>\n<h2 id=\"tab3\">Information<\/h2>\n<p><strong>Ingredients:<\/strong> truskawki 70%, mi\u00f3d nektarowy wielokwiatowy 24%, skrobia modyfikowana, woda<\/p>\n<p><strong>Keeping: <\/strong>Po otwarciu przechowywa\u0107 w lod\u00f3wce<\/p>\n<p><strong>Container:<\/strong> 320 g<\/p>","protected":false},"excerpt":{"rendered":"<div class=\"pw-oprodukcie\">\n<div class=\"pw-oprodukcie-text\">\n<p>Miodzi\u015b nie przestaje zaskakiwa\u0107! Ca\u0142e dnie wymy\u015bla nowe przepisy na smakowite i naturalne produkty z miodem. Miesza w swoim kocio\u0142ku, robi soki, musy, przetwory i testuje, a \u017ce najbardziej na \u015bwiecie kocha owocki i miodek, postanowi\u0142 je wykorzysta\u0107 w swojej kuchni i tym razem efektem zaskoczy\u0142 nas wszystkich! Nasz mi\u015b wyczarowa\u0142 najpyszniejsze truskawki z miodem wielokwiatowym od naszych pszcz\u00f3\u0142, doda\u0142 troch\u0119 skrobi i wody i tak powsta\u0142y s\u0142odkie owoce o niesamowitej, \u017celowej konsystencji. Nazwali\u015bmy je \u017belowocki z miodem i jeste\u015bmy pewni, \u017ce pokochacie je tak mocno, jak my, nasze dzieciaki i Miodzi\u015b!<\/p>\n<\/div>\n<div class=\"pw-oprodukcie-image\"><img decoding=\"async\" src=\"https:\/\/pasiekisadowskich.pl\/environment\/cache\/images\/512_512_productGfx_9496\/IMG_8876-1080x1080.webp\" \/><\/div>\n<\/div>\n<div id=\"box_description\" class=\"box tab\" tabindex=\"-1\">\n<div class=\"innerbox\">\n<div class=\"resetcss fr-view\">\n<p>&nbsp;<\/p>\n<h2 id=\"tab2\">W\u0142a\u015bciwo\u015bci \u017belowock\u00f3w z miodem &#8211; Truskawek<\/h2>\n<ul>\n<li><strong>70% polskich truskawek zebranych latem <\/strong><\/li>\n<li><strong>24% miodu wielokwiatowego od naszych pszcz\u00f3\u0142<\/strong><\/li>\n<li>prosty, naturalny sk\u0142ad<\/li>\n<li>doskona\u0142y dodatek do deser\u00f3w, \u015bniada\u0144, wypiek\u00f3w<\/li>\n<li>\u017celowa konsystencja, kt\u00f3r\u0105 kochaj\u0105 dzieci i doro\u015bli<\/li>\n<li>bez polepszaczy, konserwant\u00f3w i sztucznych barwnik\u00f3w<\/li>\n<li>smak i kolor prosto z natury<\/li>\n<li>bezglutenowy smako\u0142yk<\/li>\n<\/ul>\n<h4>Dlaczego nasze \u017belowocki s\u0105 tak wyj\u0105tkowe?<\/h4>\n<p>Truskawki w \u017celu z miodem to nasz spos\u00f3b na rado\u015b\u0107 z truskawek przez ca\u0142y rok!\u00a0S\u0105 pe\u0142ne naturalnego smaku letnich owoc\u00f3w, os\u0142odzone miodem, a ich sk\u0142ad to sama natura bez \u017cadnych polepszaczy, konserwant\u00f3w czy sztucznych barwnik\u00f3w. Nasz Miodzi\u015b bardzo starannie dobiera\u0142 te najpyszniejsze, dojrza\u0142e w s\u0142o\u0144cu truskawki, sam dok\u0142adnie oczy\u015bci\u0142 z szypu\u0142ek i ju\u017c misiowa babcia podpowiada\u0142a, by zrobi\u0142 sok lub d\u017cem truskawkowy&#8230; ale nasz rezolutny mi\u015b postanowi\u0142 doda\u0107 mi\u00f3d i zamiesza\u0107 w garze! Tak w minut\u0119 powsta\u0142a nowa receptura Miodzisia z prostym sk\u0142adem i pe\u0142ni\u0105 smaku lata &#8211; trudno si\u0119 oprze\u0107 naszym naturalnym \u017belowockom z miodem, potwierdzaj\u0105 to dzieci&#8230; i doro\u015bli te\u017c! \ud83d\ude09<\/p>\n<\/div>\n<\/div>\n<\/div>","protected":false},"featured_media":7334,"template":"","meta":{"ocean_post_layout":"","ocean_both_sidebars_style":"","ocean_both_sidebars_content_width":0,"ocean_both_sidebars_sidebars_width":0,"ocean_sidebar":"0","ocean_second_sidebar":"0","ocean_disable_margins":"enable","ocean_add_body_class":"","ocean_shortcode_before_top_bar":"","ocean_shortcode_after_top_bar":"","ocean_shortcode_before_header":"","ocean_shortcode_after_header":"","ocean_has_shortcode":"","ocean_shortcode_after_title":"","ocean_shortcode_before_footer_widgets":"","ocean_shortcode_after_footer_widgets":"","ocean_shortcode_before_footer_bottom":"","ocean_shortcode_after_footer_bottom":"","ocean_display_top_bar":"default","ocean_display_header":"default","ocean_header_style":"","ocean_center_header_left_menu":"0","ocean_custom_header_template":"0","ocean_custom_logo":0,"ocean_custom_retina_logo":0,"ocean_custom_logo_max_width":0,"ocean_custom_logo_tablet_max_width":0,"ocean_custom_logo_mobile_max_width":0,"ocean_custom_logo_max_height":0,"ocean_custom_logo_tablet_max_height":0,"ocean_custom_logo_mobile_max_height":0,"ocean_header_custom_menu":"0","ocean_menu_typo_font_family":"0","ocean_menu_typo_font_subset":"","ocean_menu_typo_font_size":0,"ocean_menu_typo_font_size_tablet":0,"ocean_menu_typo_font_size_mobile":0,"ocean_menu_typo_font_size_unit":"px","ocean_menu_typo_font_weight":"","ocean_menu_typo_font_weight_tablet":"","ocean_menu_typo_font_weight_mobile":"","ocean_menu_typo_transform":"","ocean_menu_typo_transform_tablet":"","ocean_menu_typo_transform_mobile":"","ocean_menu_typo_line_height":0,"ocean_menu_typo_line_height_tablet":0,"ocean_menu_typo_line_height_mobile":0,"ocean_menu_typo_line_height_unit":"","ocean_menu_typo_spacing":0,"ocean_menu_typo_spacing_tablet":0,"ocean_menu_typo_spacing_mobile":0,"ocean_menu_typo_spacing_unit":"","ocean_menu_link_color":"","ocean_menu_link_color_hover":"","ocean_menu_link_color_active":"","ocean_menu_link_background":"","ocean_menu_link_hover_background":"","ocean_menu_link_active_background":"","ocean_menu_social_links_bg":"","ocean_menu_social_hover_links_bg":"","ocean_menu_social_links_color":"","ocean_menu_social_hover_links_color":"","ocean_disable_title":"default","ocean_disable_heading":"default","ocean_post_title":"","ocean_post_subheading":"","ocean_post_title_style":"","ocean_post_title_background_color":"","ocean_post_title_background":0,"ocean_post_title_bg_image_position":"","ocean_post_title_bg_image_attachment":"","ocean_post_title_bg_image_repeat":"","ocean_post_title_bg_image_size":"","ocean_post_title_height":0,"ocean_post_title_bg_overlay":0.5,"ocean_post_title_bg_overlay_color":"","ocean_disable_breadcrumbs":"default","ocean_breadcrumbs_color":"","ocean_breadcrumbs_separator_color":"","ocean_breadcrumbs_links_color":"","ocean_breadcrumbs_links_hover_color":"","ocean_display_footer_widgets":"default","ocean_display_footer_bottom":"default","ocean_custom_footer_template":"0"},"product_brand":[],"product_cat":[91,23],"product_tag":[],"class_list":{"0":"post-7333","1":"product","2":"type-product","3":"status-publish","4":"has-post-thumbnail","6":"product_cat-manufaktura-pasieki-sadowskich","7":"product_cat-zdrowe-przekaski","9":"entry","10":"has-media","12":"first","13":"outofstock","14":"shipping-taxable","15":"purchasable","16":"product-type-simple","17":"has-product-nav","18":"col","19":"span_1_of_3","20":"owp-content-left","21":"owp-thumbs-layout-horizontal","22":"owp-btn-normal","23":"owp-tabs-layout-horizontal"},"_links":{"self":[{"href":"https:\/\/ecocorner.eu\/en\/wp-json\/wp\/v2\/product\/7333","targetHints":{"allow":["GET"]}}],"collection":[{"href":"https:\/\/ecocorner.eu\/en\/wp-json\/wp\/v2\/product"}],"about":[{"href":"https:\/\/ecocorner.eu\/en\/wp-json\/wp\/v2\/types\/product"}],"version-history":[{"count":1,"href":"https:\/\/ecocorner.eu\/en\/wp-json\/wp\/v2\/product\/7333\/revisions"}],"predecessor-version":[{"id":7336,"href":"https:\/\/ecocorner.eu\/en\/wp-json\/wp\/v2\/product\/7333\/revisions\/7336"}],"wp:featuredmedia":[{"embeddable":true,"href":"https:\/\/ecocorner.eu\/en\/wp-json\/wp\/v2\/media\/7334"}],"wp:attachment":[{"href":"https:\/\/ecocorner.eu\/en\/wp-json\/wp\/v2\/media?parent=7333"}],"wp:term":[{"taxonomy":"product_brand","embeddable":true,"href":"https:\/\/ecocorner.eu\/en\/wp-json\/wp\/v2\/product_brand?post=7333"},{"taxonomy":"product_cat","embeddable":true,"href":"https:\/\/ecocorner.eu\/en\/wp-json\/wp\/v2\/product_cat?post=7333"},{"taxonomy":"product_tag","embeddable":true,"href":"https:\/\/ecocorner.eu\/en\/wp-json\/wp\/v2\/product_tag?post=7333"}],"curies":[{"name":"wp","href":"https:\/\/api.w.org\/{rel}","templated":true}]}}