{"id":7341,"date":"2025-08-30T17:57:30","date_gmt":"2025-08-30T17:57:30","guid":{"rendered":"https:\/\/ecocorner.eu\/?post_type=product&#038;p=7341"},"modified":"2026-03-04T13:44:51","modified_gmt":"2026-03-04T13:44:51","slug":"pasieki-sadowskich-miodzis-pasta-orzechowa-300-g","status":"publish","type":"product","link":"https:\/\/ecocorner.eu\/en\/product\/pasieki-sadowskich-miodzis-pasta-orzechowa-300-g\/","title":{"rendered":"Pasieki Sadowskich   MIODZI\u015a  Pasta orzechowa  300 g"},"content":{"rendered":"<h2 id=\"tab4\">Zastosowania pasty z orzech\u00f3w od Miodzisia<strong>\u00a0<\/strong><\/h2>\n<p>Poznajcie Miodzisiowe propozycje podania, sposoby na w\u0142\u0105czenie misiowego produktu do diety maluch\u00f3w i starszak\u00f3w! Jeste\u015bmy pewni, \u017ce jad\u0142ospis wzbogacony kremem orzechowym pysznie zaskoczy ka\u017cdego niejadka, a ma\u0142ych \u0142asuch\u00f3w zachwyci najmocniej &#8211; chod\u017acie, Miodzi\u015b ju\u017c nie mo\u017ce si\u0119 doczeka\u0107 i przedstawia Wam swoje propozycje zajadania kremowej pasty z fistaszk\u00f3w:<\/p>\n<ul>\n<li>warto doda\u0107 porcj\u0119 pasty do owocowego koktajlu &#8211; dla pokr\u0119cenia smaku i nasycenia brzuszk\u00f3w<\/li>\n<li>to pyszne smarowid\u0142o na ciep\u0142e tosty i na mleczne bu\u0142eczki<\/li>\n<li>wy\u015bmienicie smakuje jako polewa do chrupi\u0105cych gofr\u00f3w<\/li>\n<li>jest pysznym zamiennikiem d\u017cemu &#8211; prosto na kanapeczki i do ulubionych placuszk\u00f3w<\/li>\n<li>dodajcie \u0142y\u017ceczk\u0119 pasty orzechowej do owsianki, jaglanki lub kaszki &#8211; nada jej jeszcze wi\u0119cej supermocy z natury i wyj\u0105tkowego smaku<\/li>\n<li>jako sk\u0142adnik sos\u00f3w do \u015bwie\u017cych sa\u0142atek zaskoczy lekko orzechow\u0105 nut\u0105<\/li>\n<li>g\u0119ste mas\u0142o orzechowe od naszego misia \u0142asucha wy\u015bmienicie sprawdzi si\u0119 w domowych wypiekach &#8211; z ciasteczkami, deserami i jako polewa do lod\u00f3w te\u017c!<\/li>\n<li>a ulubiony spos\u00f3b Miodzisia to zajadanie prosto z \u0142y\u017ceczki &#8211; jako od\u017cywcz\u0105 przek\u0105sk\u0119, dodaj\u0105c\u0105 energii z natury!<\/li>\n<\/ul>\n<p>Czy mo\u017ce by\u0107 jeszcze bardziej smakowicie? Przekonajcie si\u0119 sami, bo w swojej spi\u017carni Miodzi\u015b ma r\u00f3\u017cne rodzaje ro\u015blinnych smako\u0142yk\u00f3w: past\u0119 orzechow\u0105 z naturalnymi, owocowymi dodatkami &#8211; <strong><a href=\"https:\/\/pasiekisadowskich.pl\/pasta-orzechowa-z-miodem-truskawkami\">z truskawkami<\/a><\/strong>, <strong><a href=\"https:\/\/pasiekisadowskich.pl\/pasta-orzechowa-z-miodem-malinami\">z malinami<\/a><\/strong> i t\u0119 z <strong><a href=\"https:\/\/pasiekisadowskich.pl\/pasta-z-orzechow-laskowych-kakao-erytrytol-miodzis\">orzech\u00f3w laskowych z erytrytolem i kakao<\/a><\/strong> &#8211; smakuje jak krem czekoladowy! \u0141apki liza\u0107!<\/p>\n<p>Pssst&#8230; du\u017cym \u0142asuchom Miodzi\u015b te\u017c poleca zajrze\u0107 do spi\u017carni &#8211; s\u0105 tam naturalne, pe\u0142ne smaku z natury <strong><a href=\"https:\/\/pasiekisadowskich.pl\/pasta-z-migdalow\">pasty z migda\u0142\u00f3w<\/a><\/strong>,<strong> <a href=\"https:\/\/pasiekisadowskich.pl\/pasta-z-nerkowcow\">pasty z nerkowc\u00f3w<\/a><\/strong>, a nawet te z <strong><a href=\"https:\/\/pasiekisadowskich.pl\/pasta-z-pistacji\">pistacji<\/a><\/strong>! Prawdziwe z\u0142oto, musicie spr\u00f3bowa\u0107!<\/p>\n<h2 id=\"tab5\">Dla kogo pasta orzechowa od Miodzisia?<strong>\u00a0<\/strong><\/h2>\n<p>Spo\u017cywanie pasty orzechowej Miodzi\u015b poleca ka\u017cdemu, kto chce wzbogaci\u0107 sw\u00f3j jad\u0142ospis, doda\u0107 naturalnych warto\u015bci od\u017cywczych i cieszy\u0107 si\u0119 energi\u0105 prosto z natury! Tak jak mas\u0142o orzechowe mo\u017cna podawa\u0107 ju\u017c na etapie rozszerzania diety niemowlaka &#8211; tak w 100% naturalne pasty orzechowe r\u00f3wnie\u017c warto w\u0142\u0105cza\u0107 do diety Twojego dziecka na wczesnym etapie! Miodzisiowe mas\u0142o orzechowe jest g\u0119ste, pe\u0142ne fistaszkowej, naturalnej s\u0142odyczy i stanowi \u015bwietne wzbogacenie posi\u0142k\u00f3w i przek\u0105sek! Mo\u017cesz doda\u0107 odrobin\u0119, stopniowo i wtedy maluszek b\u0119dzie mia\u0142 okazj\u0119 wypr\u00f3bowa\u0107 smak. Wprowadzaj naturalne pasty do diety maluszk\u00f3w i starszak\u00f3w i ciesz si\u0119 dobrociami od Miodzisia dla prawid\u0142owego rozwoju Twojego dziecka!<\/p>\n<p>Pasty orzechowe, kt\u00f3re znajdziesz w naszym sklepie internetowym s\u0105 w pe\u0142ni naturalne, nie zawieraj\u0105 barwnik\u00f3w, sztucznych dodatk\u00f3w czy te\u017c konserwant\u00f3w.\u00a0 W\u015br\u00f3d przeciwwskaza\u0144 do spo\u017cywania pasty orzechowej s\u0105 uczulenia i alergie pokarmowe. Past\u0119 orzechow\u0105 Miodzi\u015b nale\u017cy podawa\u0107 tylko je\u015bli masz pewno\u015b\u0107, \u017ce Twoje dziecko nie jest uczulone na orzechy &#8211; lepiej unika\u0107 niepo\u017c\u0105danych reakcji alergicznych! \ud83d\ude09<\/p>\n<h2 id=\"tab6\">Informacje:<\/h2>\n<p><strong>Ingredients<\/strong>: 100% orzech\u00f3w arachidowych pra\u017conych<\/p>\n<p><strong>Application<\/strong>: produkt bezpiecznie mo\u017cna wprowadzi\u0107 do diety dziecka, kiedy ju\u017c wiadomo, \u017ce dobrze toleruje orzechy<\/p>\n<p><strong>Container<\/strong>: 300g<\/p>\n<table class=\"tabela-odzywcza\" width=\"403\">\n<thead>\n<tr>\n<th class=\"col1\">WARTO\u015a\u0106 OD\u017bYWCZA<\/th>\n<th class=\"col2\">w 100 g<\/th>\n<th class=\"col3\">% RWS<sup>*<\/sup><\/th>\n<\/tr>\n<tr>\n<td class=\"col1\">Energy value<\/td>\n<td class=\"col2\">2354 kJ \/ 560 kcal<\/td>\n<td class=\"col3\"><\/td>\n<\/tr>\n<tr>\n<td class=\"col1\">Fat<\/td>\n<td class=\"col2\">46,1 g<\/td>\n<td class=\"col3\"><\/td>\n<\/tr>\n<tr>\n<td class=\"col1\">\u2014 w tym kwasy nasycone<\/td>\n<td class=\"col2\">6,1 g<\/td>\n<td class=\"col3\"><\/td>\n<\/tr>\n<tr>\n<td class=\"col1\">Carbohydrates<\/td>\n<td class=\"col2\">19,2g<\/td>\n<td class=\"col3\"><\/td>\n<\/tr>\n<tr>\n<td class=\"col1\">\u2014 w tym cukry<\/td>\n<td class=\"col2\">6,2 g<\/td>\n<td class=\"col3\"><\/td>\n<\/tr>\n<tr>\n<td class=\"col1\">Squirrel<\/td>\n<td class=\"col2\">25,7g<\/td>\n<td class=\"col3\"><\/td>\n<\/tr>\n<tr>\n<td class=\"col1\">Fiber content<\/td>\n<td class=\"col2\">7,3 g<\/td>\n<td class=\"col3\"><\/td>\n<\/tr>\n<tr>\n<td class=\"col1\">Salt<\/td>\n<td class=\"col2\">0\u00a0g<\/td>\n<td class=\"col3\"><\/td>\n<\/tr>\n<\/thead>\n<\/table>","protected":false},"excerpt":{"rendered":"<div class=\"pw-oprodukcie\">\n<div class=\"pw-oprodukcie-text\">\n<p>Nasz Mi\u015b Miodzi\u015b nie usiedzi w miejscu, ci\u0105gle wymy\u015bla nowe przygody, a do ich prze\u017cycia potrzebuje mn\u00f3stwa energii. Tym razem wyruszy\u0142 na kort, gdzie ze swoj\u0105 przyjaci\u00f3\u0142k\u0105 pszcz\u00f3\u0142k\u0105 rozgrywaj\u0105 mecz tenisa! Ogl\u0105damy te mecze z zachwytem, a \u017ce energii spalaj\u0105 przy tym co niemiara, przyrz\u0105dzili\u015bmy w 100% naturaln\u0105 past\u0119 orzechow\u0105 z orzech\u00f3w arachidowych. <strong>Pasta orzechowa wzbogaca diet\u0119 w sk\u0142adniki od\u017cywcze takie jak bia\u0142ko, naturalne t\u0142uszcze i uzupe\u0142nia zapotrzebowanie energetyczne misi\u00f3w, dzieci i doros\u0142ych! <\/strong>Dodajcie orzechow\u0105 past\u0119 do \u015bniada\u0144, przek\u0105sek i podwieczork\u00f3w, a wy\u015bmienicie podkr\u0119ci diet\u0119 ka\u017cdego misia!<\/p>\n<\/div>\n<div class=\"pw-oprodukcie-image\"><img decoding=\"async\" src=\"https:\/\/pasiekisadowskich.pl\/environment\/cache\/images\/512_512_productGfx_9310\/pasta-orzechowa-miodzis_1080x1080_3.webp\" \/><\/div>\n<\/div>\n<div id=\"box_description\" class=\"box tab\" tabindex=\"-1\">\n<div class=\"innerbox\">\n<div class=\"resetcss fr-view\">\n<h2 id=\"tab2\">W\u0142a\u015bciwo\u015bci pasty\u00a0orzechowej 100% dla dzieci:<\/h2>\n<ul>\n<li><strong>100 % pra\u017conych orzech\u00f3w arachidowych<\/strong><\/li>\n<li><strong>prosty, naturalny sk\u0142ad<\/strong><\/li>\n<li>bez zb\u0119dnych dodatk\u00f3w w postaci soli, cukru czy oleju palmowego<\/li>\n<li><strong>jest \u017ar\u00f3d\u0142em bia\u0142ka<\/strong>, co jest szczeg\u00f3lnie wa\u017cne przy stosowaniu diet bezmi\u0119snych<\/li>\n<li>cenne \u017ar\u00f3d\u0142o niezb\u0119dnych niskonasyconych kwas\u00f3w t\u0142uszczowych (NNKT)<\/li>\n<li>\u015bwietnie uzupe\u0142nia zapotrzebowanie energetyczne<\/li>\n<li>past\u0119 orzechow\u0105 mo\u017cna stosowa\u0107 przy rozszerzaniu diety, zaczynaj\u0105c od kropelki, do p\u00f3\u0142 \u0142y\u017ceczki<\/li>\n<li><strong>\u015bwietnie sprawdza si\u0119 przy BLW<\/strong><\/li>\n<li><strong>jest bezglutenowa<\/strong><\/li>\n<\/ul>\n<p>Nasza Pasta orzechowa 100% ma g\u0142adk\u0105, kremow\u0105 konsystencj\u0119 i jest taka&#8230; smooth!\u00a0 Fantastycznie smakuje wyjadana prosto ze s\u0142oika, jest te\u017c wspania\u0142ym dodatkiem do kanapek, tost\u00f3w, owsianek, nale\u015bnik\u00f3w, a tak\u017ce wypiek\u00f3w. B\u0142onnik zawarty w smarowidle to prawdziwy skarb rodzica!\u00a0Seria bajkowych etykiet z weso\u0142ym Miodzisiem bior\u0105cym udzia\u0142 w przer\u00f3\u017cnych dyscyplinach sportowych nie tylko zach\u0119ca najm\u0142odszych do jedzenia, ale r\u00f3wnie\u017c do aktywno\u015bci fizycznej, kt\u00f3ra jest niezwykle wa\u017cna dla zdrowia i rozwoju dzieci. W zdrowym ciele zdrowy duch!<\/p>\n<h2 id=\"tab3\">Czy pasta orzechowa jest jak naturalne mas\u0142o orzechowe?<\/h2>\n<p>Nasz Miodzi\u015b za ka\u017cdym razem, kiedy si\u0119ga po ulubion\u0105, bogat\u0105 w cenne sk\u0142adniki od\u017cywcze przek\u0105sk\u0119, oblizuje si\u0119 ze smakiem i mruczy, \u017ce lepszej pasty nigdy nie jad\u0142! A to wszystko dzi\u0119ki temu, \u017ce jest pe\u0142na mocy orzech\u00f3w arachidowych, zmielonych na g\u0142adki krem, nie zawiera sztucznych dodatk\u00f3w, polepszaczy i jest naturalnie s\u0142odka. Pssst oczywi\u015bcie nasz Miodzi\u015b dopilnowa\u0142 przygotowania pasty bez dodatku cukru i soli! Pasta orzechowa Miodzi\u015b ma konsystencj\u0119 jak mas\u0142o orzechowe i przede wszystkim &#8211; prosty sk\u0142ad! Nasz mi\u015b powtarza, \u017ce to jego autorskie dzie\u0142o i si\u0119ga po \u0142y\u017ceczk\u0119 mas\u0142a orzechowego&#8230; chocia\u017c bardziej mu odpowiada jako pasta, pasta orzechowa! Bo ten najwy\u017cszej jako\u015bci g\u0119sty krem przypomina nam i naszemu misiowi syc\u0105ce, od\u017cywcze przysmaki, takie w kt\u00f3rych zanurzenie \u0142y\u017cki ju\u017c m\u00f3wi, \u017ce to b\u0119dzie moc pyszno\u015bci z natury!<\/p>\n<p>Kto szuka orzechowego smako\u0142yku dla wzbogacenia diety przyjaci\u00f3\u0142 Miodzisia, ten wrzuca do koszyka past\u0119 orzechow\u0105 Miodzi\u015b &#8211; b\u0119dzie najlepszym wyborem w\u015br\u00f3d dost\u0119pnych mase\u0142 orzechowych dla dzieci.<\/p>\n<\/div>\n<\/div>\n<\/div>","protected":false},"featured_media":7342,"template":"","meta":{"ocean_post_layout":"","ocean_both_sidebars_style":"","ocean_both_sidebars_content_width":0,"ocean_both_sidebars_sidebars_width":0,"ocean_sidebar":"0","ocean_second_sidebar":"0","ocean_disable_margins":"enable","ocean_add_body_class":"","ocean_shortcode_before_top_bar":"","ocean_shortcode_after_top_bar":"","ocean_shortcode_before_header":"","ocean_shortcode_after_header":"","ocean_has_shortcode":"","ocean_shortcode_after_title":"","ocean_shortcode_before_footer_widgets":"","ocean_shortcode_after_footer_widgets":"","ocean_shortcode_before_footer_bottom":"","ocean_shortcode_after_footer_bottom":"","ocean_display_top_bar":"default","ocean_display_header":"default","ocean_header_style":"","ocean_center_header_left_menu":"0","ocean_custom_header_template":"0","ocean_custom_logo":0,"ocean_custom_retina_logo":0,"ocean_custom_logo_max_width":0,"ocean_custom_logo_tablet_max_width":0,"ocean_custom_logo_mobile_max_width":0,"ocean_custom_logo_max_height":0,"ocean_custom_logo_tablet_max_height":0,"ocean_custom_logo_mobile_max_height":0,"ocean_header_custom_menu":"0","ocean_menu_typo_font_family":"0","ocean_menu_typo_font_subset":"","ocean_menu_typo_font_size":0,"ocean_menu_typo_font_size_tablet":0,"ocean_menu_typo_font_size_mobile":0,"ocean_menu_typo_font_size_unit":"px","ocean_menu_typo_font_weight":"","ocean_menu_typo_font_weight_tablet":"","ocean_menu_typo_font_weight_mobile":"","ocean_menu_typo_transform":"","ocean_menu_typo_transform_tablet":"","ocean_menu_typo_transform_mobile":"","ocean_menu_typo_line_height":0,"ocean_menu_typo_line_height_tablet":0,"ocean_menu_typo_line_height_mobile":0,"ocean_menu_typo_line_height_unit":"","ocean_menu_typo_spacing":0,"ocean_menu_typo_spacing_tablet":0,"ocean_menu_typo_spacing_mobile":0,"ocean_menu_typo_spacing_unit":"","ocean_menu_link_color":"","ocean_menu_link_color_hover":"","ocean_menu_link_color_active":"","ocean_menu_link_background":"","ocean_menu_link_hover_background":"","ocean_menu_link_active_background":"","ocean_menu_social_links_bg":"","ocean_menu_social_hover_links_bg":"","ocean_menu_social_links_color":"","ocean_menu_social_hover_links_color":"","ocean_disable_title":"default","ocean_disable_heading":"default","ocean_post_title":"","ocean_post_subheading":"","ocean_post_title_style":"","ocean_post_title_background_color":"","ocean_post_title_background":0,"ocean_post_title_bg_image_position":"","ocean_post_title_bg_image_attachment":"","ocean_post_title_bg_image_repeat":"","ocean_post_title_bg_image_size":"","ocean_post_title_height":0,"ocean_post_title_bg_overlay":0.5,"ocean_post_title_bg_overlay_color":"","ocean_disable_breadcrumbs":"default","ocean_breadcrumbs_color":"","ocean_breadcrumbs_separator_color":"","ocean_breadcrumbs_links_color":"","ocean_breadcrumbs_links_hover_color":"","ocean_display_footer_widgets":"default","ocean_display_footer_bottom":"default","ocean_custom_footer_template":"0"},"product_brand":[],"product_cat":[91,23],"product_tag":[],"class_list":{"0":"post-7341","1":"product","2":"type-product","3":"status-publish","4":"has-post-thumbnail","6":"product_cat-manufaktura-pasieki-sadowskich","7":"product_cat-zdrowe-przekaski","9":"entry","10":"has-media","12":"first","13":"outofstock","14":"shipping-taxable","15":"purchasable","16":"product-type-simple","17":"has-product-nav","18":"col","19":"span_1_of_3","20":"owp-content-left","21":"owp-thumbs-layout-horizontal","22":"owp-btn-normal","23":"owp-tabs-layout-horizontal"},"_links":{"self":[{"href":"https:\/\/ecocorner.eu\/en\/wp-json\/wp\/v2\/product\/7341","targetHints":{"allow":["GET"]}}],"collection":[{"href":"https:\/\/ecocorner.eu\/en\/wp-json\/wp\/v2\/product"}],"about":[{"href":"https:\/\/ecocorner.eu\/en\/wp-json\/wp\/v2\/types\/product"}],"version-history":[{"count":1,"href":"https:\/\/ecocorner.eu\/en\/wp-json\/wp\/v2\/product\/7341\/revisions"}],"predecessor-version":[{"id":7344,"href":"https:\/\/ecocorner.eu\/en\/wp-json\/wp\/v2\/product\/7341\/revisions\/7344"}],"wp:featuredmedia":[{"embeddable":true,"href":"https:\/\/ecocorner.eu\/en\/wp-json\/wp\/v2\/media\/7342"}],"wp:attachment":[{"href":"https:\/\/ecocorner.eu\/en\/wp-json\/wp\/v2\/media?parent=7341"}],"wp:term":[{"taxonomy":"product_brand","embeddable":true,"href":"https:\/\/ecocorner.eu\/en\/wp-json\/wp\/v2\/product_brand?post=7341"},{"taxonomy":"product_cat","embeddable":true,"href":"https:\/\/ecocorner.eu\/en\/wp-json\/wp\/v2\/product_cat?post=7341"},{"taxonomy":"product_tag","embeddable":true,"href":"https:\/\/ecocorner.eu\/en\/wp-json\/wp\/v2\/product_tag?post=7341"}],"curies":[{"name":"wp","href":"https:\/\/api.w.org\/{rel}","templated":true}]}}