{"id":7349,"date":"2025-08-30T18:11:40","date_gmt":"2025-08-30T18:11:40","guid":{"rendered":"https:\/\/ecocorner.eu\/?post_type=product&#038;p=7349"},"modified":"2026-03-04T13:40:44","modified_gmt":"2026-03-04T13:40:44","slug":"szczawa-ii-woda-lecznicza-330ml-1-szt","status":"publish","type":"product","link":"https:\/\/ecocorner.eu\/en\/product\/szczawa-ii-woda-lecznicza-330ml-1-szt\/","title":{"rendered":"Szczawa II  Woda Lecznicza   330ml  1 szt"},"content":{"rendered":"<p><b>W\u0141A\u015aCIWO\u015aCI PIERWIASTK\u00d3W<\/b><\/p>\n<p>JOD &#8211; Jod niezb\u0119dny w prawid\u0142owej pracy hormon\u00f3w tarczycy. S\u0105 one niezb\u0119dne do prawid\u0142owego rozwoju m\u00f3zgu i pracy uk\u0142adu nerwowego. Wchodzi w sk\u0142ad hormon\u00f3w, kt\u00f3re reguluj\u0105 tak\u017ce procesy spalania, jest odpowiedzialny za przemian\u0119 materii.<\/p>\n<p>LIT &#8211; Stabilizator nastroju (destresor), niezb\u0119dny dla dobrego funkcjonowania m\u00f3zgu i uk\u0142adu nerwowego. Przywraca r\u00f3wnowag\u0119 w organizmie. Korzystnie wp\u0142ywa na pami\u0119\u0107 i koncentracj\u0119.<\/p>\n<p>MAGNEZ &#8211; sprawia, \u017ce \u0142atwiej znosimy stresy i lepiej radzimy sobie z infekcjami. Dzia\u0142a uspokajaj\u0105co i uodparniaj\u0105co, zwi\u0119ksza mo\u017cliwo\u015bci obronne organizmu. Jest nieoceniony dla naszego serca i uk\u0142adu kr\u0105\u017cenia &#8211; reguluje ci\u015bnienie krwi i jej krzepliwo\u015b\u0107, obni\u017ca poziom cholesterolu. To wspania\u0142a recepta na dolegliwo\u015bci czas\u00f3w, w kt\u00f3rych \u017cyjemy.<\/p>\n<p>POTAS &#8211; to pierwiastek, kt\u00f3ry zapewnia prawid\u0142ow\u0105 gospodark\u0119 wodno &#8211; elektrolitow\u0105 i kwasowo-zasadow\u0105 organizmu. Jon potasowy uczestniczy w regulowaniu pH kom\u00f3rki i ci\u015bnienia osmotycznego. Potas jest tak\u017ce niezb\u0119dny do prawid\u0142owego spalania w\u0119glowodan\u00f3w i bia\u0142ek.<\/p>\n<p>\u017bELAZO &#8211; \u017belazo to niezb\u0119dny budulec krwi. Mobilizuje uk\u0142ad krwiono\u015bny do prawid\u0142owego dzia\u0142ania. Odgrywa wa\u017cn\u0105 rol\u0119 w zwalczaniu bakterii i wirus\u00f3w, wspomaga system odporno\u015bciowy oraz prawid\u0142ow\u0105 prac\u0119 uk\u0142adu nerwowego.<\/p>\n<p>WAP\u0143 &#8211; Niezb\u0119dny do budowy zdrowych z\u0119b\u00f3w i ko\u015bci. Reguluje rytm pracy serca. Zapewnia sprawne dzia\u0142anie uk\u0142adu nerwowego.<\/p>\n<p>S\u00d3D &#8211; Chroni organizm przed nadmiern\u0105 utrat\u0105 wody, utrzymuje sprawno\u015b\u0107 mi\u0119\u015bni i nerw\u00f3w. Niezb\u0119dny dla zdrowego serca.<\/p>\n<p><b>JAK STOSOWA\u0106:<\/b><\/p>\n<div class=\"how-to-use__subtitle\"><\/div>\n<div class=\"how-to-use__description\">\n<div class=\"how-to-use__description-left\">\n<p>Woda mineralna Szczawa II na trawienie i przemian\u0119 materii mo\u017ce by\u0107 stosowana zar\u00f3wno w lecznictwie uzdrowiskowym, jak i do codziennej suplementacji oraz domowego wspierania leczenia schorze\u0144. Produkt odnajduje zastosowanie do kuracji pitnych (po rozcie\u0144czeniu z wod\u0105 \u017ar\u00f3dlan\u0105 lub niskozmineralizowan\u0105).<\/p>\n<\/div>\n<div class=\"how-to-use__description-right\">\n<p>Mo\u017cna go wykorzystywa\u0107 tak\u017ce do inhalacji oraz p\u0142ukania jamy ustnej i gard\u0142a (bez rozcie\u0144czenia). Czas trwania kuracji wod\u0105 lecznicz\u0105 Szczawa II jest ustalany przez lekarza i zwykle wynosi oko\u0142o 4 tygodni (lub d\u0142u\u017cej, je\u015bli jest to uzasadnione).<\/p>\n<\/div>\n<\/div>\n<div class=\"how-to-use__tabs\">\n<div class=\"how-to-use__tabs-aside\">\n<div class=\"how-to-use__tabs-aside-item-box\">\n<div class=\"how-to-use__tabs-aside-item active\" data-tab-name=\"Kuracja pitna\">\n<div class=\"how-to-use__tabs-aside-item-wrapper\">\n<div class=\"how-to-use__tabs-aside-item-wrapper-icon\"><img decoding=\"async\" class=\"entered litespeed-loaded\" src=\"https:\/\/woda-lecznicza.pl\/wp-content\/uploads\/2024\/09\/SzczawaI-baner-zastosowanie-1-1.png\" alt=\"\" data-lazyloaded=\"1\" data-src=\"https:\/\/woda-lecznicza.pl\/wp-content\/uploads\/2024\/09\/SzczawaI-baner-zastosowanie-1-1.png\" data-ll-status=\"loaded\" \/><\/div>\n<div class=\"how-to-use__tabs-aside-item-wrapper-title\">Kuracja pitna<\/div>\n<\/div>\n<\/div>\n<\/div>\n<div class=\"how-to-use__tabs-aside-item-box\">\n<div class=\"how-to-use__tabs-aside-item\" data-tab-name=\"Inhalacje\">\n<div class=\"how-to-use__tabs-aside-item-wrapper\">\n<div class=\"how-to-use__tabs-aside-item-wrapper-icon\"><img decoding=\"async\" class=\"entered litespeed-loaded\" src=\"https:\/\/woda-lecznicza.pl\/wp-content\/uploads\/2024\/09\/SzczawaI-baner-zastosowanie-1-2.png\" alt=\"\" data-lazyloaded=\"1\" data-src=\"https:\/\/woda-lecznicza.pl\/wp-content\/uploads\/2024\/09\/SzczawaI-baner-zastosowanie-1-2.png\" data-ll-status=\"loaded\" \/><\/div>\n<div class=\"how-to-use__tabs-aside-item-wrapper-title\">Inhalacje<\/div>\n<\/div>\n<\/div>\n<\/div>\n<div class=\"how-to-use__tabs-aside-item-box\">\n<div class=\"how-to-use__tabs-aside-item\" data-tab-name=\"P\u0142ukanie jamy ustnej i gard\u0142a\">\n<div class=\"how-to-use__tabs-aside-item-wrapper\">\n<div class=\"how-to-use__tabs-aside-item-wrapper-icon\"><img decoding=\"async\" class=\"entered litespeed-loaded\" src=\"https:\/\/woda-lecznicza.pl\/wp-content\/uploads\/2024\/09\/SzczawaI-baner-zastosowanie-1-3.png\" alt=\"\" data-lazyloaded=\"1\" data-src=\"https:\/\/woda-lecznicza.pl\/wp-content\/uploads\/2024\/09\/SzczawaI-baner-zastosowanie-1-3.png\" data-ll-status=\"loaded\" \/><\/div>\n<div class=\"how-to-use__tabs-aside-item-wrapper-title\">P\u0142ukanie jamy ustnej i gard\u0142a<\/div>\n<div><\/div>\n<\/div>\n<\/div>\n<\/div>\n<\/div>\n<div class=\"how-to-use__tabs-values\">\n<div class=\"how-to-use__tabs-values-item active\" data-tab-name=\"Kuracja pitna\">\n<p>Woda lecznicza Szczawa II powinna by\u0107 spo\u017cywana po rozcie\u0144czeniu z wod\u0105 \u017ar\u00f3dlan\u0105 lub niskozmineralizowan\u0105 (w proporcji 1:1 dla os\u00f3b doros\u0142ych oraz 1:2 dla dzieci). W kuracji pitnej zalecane jest nast\u0119puj\u0105ce dawkowanie:<\/p>\n<ul>\n<li>pierwsza dawka \u2013 200 ml, w godzinach porannych, przed posi\u0142kiem;<\/li>\n<li>druga dawka \u2013 200 ml, wieczorem, po ostatnim posi\u0142ku.<\/li>\n<\/ul>\n<p>Zalecane jest, aby pi\u0107 wod\u0119 lecznicz\u0105 Szczawa II powoli, ma\u0142ymi \u0142ykami. Nie nale\u017cy przekracza\u0107 zalecanej ilo\u015bci spo\u017cywanej wody leczniczej w ci\u0105gu doby, kt\u00f3ra wynosi 400 ml.<\/p>\n<div class=\"how-to-use__tabs-values-item-warning\">\n<p>Uwaga: producent nie ponosi odpowiedzialno\u015bci za skutki uboczne stosowania kuracji wod\u0105 lecznicz\u0105 niezgodnie z zaleceniami lekarza.<\/p>\n<\/div>\n<\/div>\n<\/div>\n<\/div>\n<p>Ograniczenia do stosowania w kuracji pitnej: nadci\u015bnienie t\u0119tnicze, nadczynno\u015b\u0107 tarczycy, sk\u0142onno\u015bci do obrz\u0119k\u00f3w i nadwra\u017cliwo\u015b\u0107 na jod.<\/p>\n<p>Producent nie ponosi odpowiedzialno\u015bci za skutki wywo\u0142ane nieprawid\u0142owym dawkowaniem.<\/p>","protected":false},"excerpt":{"rendered":"<div class=\"mp4t_16_s mryx_16_s mr3m_1 mli2_1 mh85_56 mh85_0_l\">\n<div class=\"mg9e_8 mj7a_8 mg9e_0_s mvrt_0_s mj7a_0_s mh36_0_s mzmg_6m munh_16_l m3h2_16_l\">\n<div class=\"mp4t_0 mryx_0 munh_56 m3h2_56\">\n<div class=\"mp7g_oh\"><\/div>\n<\/div>\n<\/div>\n<\/div>\n<div class=\"mp4t_16_s mryx_16_s mr3m_1 mli2_1 mh85_56 mh85_0_l\">\n<div class=\"mgn2_16 _0d3bd_am0a-\">\n<p><b>Woda lecznicza SZCZAWA II<\/b>\u00a0dzi\u0119ki wysokiej zawarto\u015bci wodorow\u0119glan\u00f3w, chlork\u00f3w, sodu, jodk\u00f3w i dwutlenku w\u0119gla oddzia\u0142uje korzystnie na szereg proces\u00f3w ustrojowych, w tym: popraw\u0119 lub wspomaganie czynno\u015bci \u017co\u0142\u0105dka i trzustki, tarczycy, dwunastnicy oraz dr\u00f3g moczowych.<\/p>\n<p>Woda wykazuje dzia\u0142anie antybakteryjne i przeciwzapalne w ca\u0142ym przewodzie pokarmowym i drogach moczowych.<\/p>\n<p>Woda posiada \u015bwiadectwo potwierdzaj\u0105ce w\u0142a\u015bciwo\u015bci naturalnego surowca leczniczego.<\/p>\n<p><b>JEST NIEZAST\u0104PIONA W NATURALNYM WSPARCIU ORGANIZMU:<\/b><\/p>\n<ul>\n<li>w zaburzeniach w wydzielaniu \u017c\u00f3\u0142ci i zapaleniu p\u0119cherzyka \u017c\u00f3\u0142ciowego,<\/li>\n<li>w infekcjach i chorobach alergicznych dr\u00f3g oddechowych,<\/li>\n<li>w nie\u017cytach \u017co\u0142\u0105dka i niedokwa\u015bno\u015bci,<\/li>\n<li>w stanach zapalnych dr\u00f3g moczowych i w kamicy nerkowej,<\/li>\n<li>w niedoczynno\u015bci tarczycy,<\/li>\n<li>w cukrzycy.<\/li>\n<\/ul>\n<p>Container:\u00a0<b>330 ml<\/b><\/p>\n<p>https:\/\/youtu.be\/PLlgIJ6zRdc<\/p>\n<\/div>\n<\/div>","protected":false},"featured_media":7350,"template":"","meta":{"ocean_post_layout":"","ocean_both_sidebars_style":"","ocean_both_sidebars_content_width":0,"ocean_both_sidebars_sidebars_width":0,"ocean_sidebar":"0","ocean_second_sidebar":"0","ocean_disable_margins":"enable","ocean_add_body_class":"","ocean_shortcode_before_top_bar":"","ocean_shortcode_after_top_bar":"","ocean_shortcode_before_header":"","ocean_shortcode_after_header":"","ocean_has_shortcode":"","ocean_shortcode_after_title":"","ocean_shortcode_before_footer_widgets":"","ocean_shortcode_after_footer_widgets":"","ocean_shortcode_before_footer_bottom":"","ocean_shortcode_after_footer_bottom":"","ocean_display_top_bar":"default","ocean_display_header":"default","ocean_header_style":"","ocean_center_header_left_menu":"0","ocean_custom_header_template":"0","ocean_custom_logo":0,"ocean_custom_retina_logo":0,"ocean_custom_logo_max_width":0,"ocean_custom_logo_tablet_max_width":0,"ocean_custom_logo_mobile_max_width":0,"ocean_custom_logo_max_height":0,"ocean_custom_logo_tablet_max_height":0,"ocean_custom_logo_mobile_max_height":0,"ocean_header_custom_menu":"0","ocean_menu_typo_font_family":"0","ocean_menu_typo_font_subset":"","ocean_menu_typo_font_size":0,"ocean_menu_typo_font_size_tablet":0,"ocean_menu_typo_font_size_mobile":0,"ocean_menu_typo_font_size_unit":"px","ocean_menu_typo_font_weight":"","ocean_menu_typo_font_weight_tablet":"","ocean_menu_typo_font_weight_mobile":"","ocean_menu_typo_transform":"","ocean_menu_typo_transform_tablet":"","ocean_menu_typo_transform_mobile":"","ocean_menu_typo_line_height":0,"ocean_menu_typo_line_height_tablet":0,"ocean_menu_typo_line_height_mobile":0,"ocean_menu_typo_line_height_unit":"","ocean_menu_typo_spacing":0,"ocean_menu_typo_spacing_tablet":0,"ocean_menu_typo_spacing_mobile":0,"ocean_menu_typo_spacing_unit":"","ocean_menu_link_color":"","ocean_menu_link_color_hover":"","ocean_menu_link_color_active":"","ocean_menu_link_background":"","ocean_menu_link_hover_background":"","ocean_menu_link_active_background":"","ocean_menu_social_links_bg":"","ocean_menu_social_hover_links_bg":"","ocean_menu_social_links_color":"","ocean_menu_social_hover_links_color":"","ocean_disable_title":"default","ocean_disable_heading":"default","ocean_post_title":"","ocean_post_subheading":"","ocean_post_title_style":"","ocean_post_title_background_color":"","ocean_post_title_background":0,"ocean_post_title_bg_image_position":"","ocean_post_title_bg_image_attachment":"","ocean_post_title_bg_image_repeat":"","ocean_post_title_bg_image_size":"","ocean_post_title_height":0,"ocean_post_title_bg_overlay":0.5,"ocean_post_title_bg_overlay_color":"","ocean_disable_breadcrumbs":"default","ocean_breadcrumbs_color":"","ocean_breadcrumbs_separator_color":"","ocean_breadcrumbs_links_color":"","ocean_breadcrumbs_links_hover_color":"","ocean_display_footer_widgets":"default","ocean_display_footer_bottom":"default","ocean_custom_footer_template":"0"},"product_brand":[],"product_cat":[21],"product_tag":[],"class_list":{"0":"post-7349","1":"product","2":"type-product","3":"status-publish","4":"has-post-thumbnail","6":"product_cat-zdrowie","8":"entry","9":"has-media","11":"first","12":"instock","13":"shipping-taxable","14":"purchasable","15":"product-type-simple","16":"has-product-nav","17":"col","18":"span_1_of_3","19":"owp-content-left","20":"owp-thumbs-layout-horizontal","21":"owp-btn-normal","22":"owp-tabs-layout-horizontal","23":"has-no-thumbnails"},"_links":{"self":[{"href":"https:\/\/ecocorner.eu\/en\/wp-json\/wp\/v2\/product\/7349","targetHints":{"allow":["GET"]}}],"collection":[{"href":"https:\/\/ecocorner.eu\/en\/wp-json\/wp\/v2\/product"}],"about":[{"href":"https:\/\/ecocorner.eu\/en\/wp-json\/wp\/v2\/types\/product"}],"version-history":[{"count":2,"href":"https:\/\/ecocorner.eu\/en\/wp-json\/wp\/v2\/product\/7349\/revisions"}],"predecessor-version":[{"id":7352,"href":"https:\/\/ecocorner.eu\/en\/wp-json\/wp\/v2\/product\/7349\/revisions\/7352"}],"wp:featuredmedia":[{"embeddable":true,"href":"https:\/\/ecocorner.eu\/en\/wp-json\/wp\/v2\/media\/7350"}],"wp:attachment":[{"href":"https:\/\/ecocorner.eu\/en\/wp-json\/wp\/v2\/media?parent=7349"}],"wp:term":[{"taxonomy":"product_brand","embeddable":true,"href":"https:\/\/ecocorner.eu\/en\/wp-json\/wp\/v2\/product_brand?post=7349"},{"taxonomy":"product_cat","embeddable":true,"href":"https:\/\/ecocorner.eu\/en\/wp-json\/wp\/v2\/product_cat?post=7349"},{"taxonomy":"product_tag","embeddable":true,"href":"https:\/\/ecocorner.eu\/en\/wp-json\/wp\/v2\/product_tag?post=7349"}],"curies":[{"name":"wp","href":"https:\/\/api.w.org\/{rel}","templated":true}]}}