{"id":7371,"date":"2025-09-03T15:34:21","date_gmt":"2025-09-03T15:34:21","guid":{"rendered":"https:\/\/ecocorner.eu\/?post_type=product&#038;p=7371"},"modified":"2025-09-03T15:34:21","modified_gmt":"2025-09-03T15:34:21","slug":"zielarnia-suwalska-mieszanka-ziolowa-na-problemy-skorne-luszczycoziel-500-g-wg-klimuszko","status":"publish","type":"product","link":"https:\/\/ecocorner.eu\/en\/product\/zielarnia-suwalska-mieszanka-ziolowa-na-problemy-skorne-luszczycoziel-500-g-wg-klimuszko\/","title":{"rendered":"Zielarnia Suwalska   Mieszanka zio\u0142owa na problemy sk\u00f3rne  \u0141uszczycoziel  500 g wg  Klimuszko"},"content":{"rendered":"<p><strong>OPIS OFEROWANEJ MIESZANKI ZIO\u0141OWEJ:<\/strong><br \/>\n<strong><br \/>\nSk\u0142adniki w r\u00f3wnych proporcjach:<\/strong><br \/>\nBobrek tr\u00f3jlistkowy li\u015b\u0107 \u2013 Menyanthes trifoliata<br \/>\nPokrzywa zwyczajna li\u015b\u0107 \u2013 Urtica dioica<br \/>\nArcydzi\u0119giel litwor korze\u0144 \u2013 Archangelica officinalis<br \/>\n\u0141opian wi\u0119kszy korze\u0144 \u2013 Arctiura lappa<br \/>\nLukrecja g\u0142adka korze\u0144 \u2013 Glycyrrhiza glabra<br \/>\nPi\u0119ciornik kurze ziele k\u0142\u0105cze \u2013 Potentilla erecta<br \/>\nDrapacz lekarski ziele \u2013 Cnicus benedictus<br \/>\nSkrzyp polny ziele \u2013 Equisetum arvense<br \/>\nFio\u0142ek tr\u00f3jbarwny ziele \u2013 Viola tricolor<br \/>\nPoziomka pospolita li\u015b\u0107 \u2013 Fragaria vesca<br \/>\nRdest ptasi ziele \u2013 Polygonum aviculare<\/p>\n<p>Opakowanie powinno starczy\u0107 na oko\u0142o miesi\u0105c.<\/p>\n<p><strong>Net weight<\/strong>: 500 g<\/p>","protected":false},"excerpt":{"rendered":"<p><em>Przepis na mieszank\u0119 zosta\u0142 zaczerpni\u0119ty z ksi\u0105\u017cki: \u201eWr\u00f3\u0107my do zi\u00f3\u0142 leczniczych\u201d O. Cz. Klimuszko. Autor ksi\u0105\u017cki wymieni\u0142 zio\u0142a jako maj\u0105ce zastosowanie przy \u0142uszczycy. <\/em><\/p>\n<p><em>Nazwa mieszanki, kt\u00f3ra zosta\u0142a u\u017cyta w ksi\u0105\u017cce to: \u201e\u0141uszczyca\u201d.<\/em><\/p>\n<p><em>Klimuszko najcz\u0119\u015bciej zaleca\u0142 picie zi\u00f3\u0142 przez d\u0142u\u017cszy okres. Po miesi\u0105cu spo\u017cywania zaleca\u0142 tygodniow\u0105 przerw\u0119, po kt\u00f3rej nale\u017cy pi\u0107 zio\u0142a przez kolejny miesi\u0105c, potem zrobi\u0107 dwutygodniow\u0105 przerw\u0119 i zn\u00f3w pi\u0107 przez miesi\u0105c. <\/em><\/p>\n<p><em>Klimuszko zaleca\u0142 parzy\u0107 zio\u0142a nawet przez 3 godziny, nast\u0119pnie przecedzi\u0107, delikatnie podgrza\u0107 i pi\u0107 ciep\u0142e.<\/em><\/p>\n<p>Mieszanka mo\u017ce by\u0107 pomocna przy chorobach sk\u00f3rnych takich jak :<\/p>\n<p>&#8211; AZS<\/p>\n<p>&#8211; \u0141uszczyca<\/p>\n<p>&#8211; choroby autoimmunologiczne<\/p>\n<p>&#8211; rany<\/p>\n<p>&nbsp;<\/p>","protected":false},"featured_media":7372,"template":"","meta":{"ocean_post_layout":"","ocean_both_sidebars_style":"","ocean_both_sidebars_content_width":0,"ocean_both_sidebars_sidebars_width":0,"ocean_sidebar":"0","ocean_second_sidebar":"0","ocean_disable_margins":"enable","ocean_add_body_class":"","ocean_shortcode_before_top_bar":"","ocean_shortcode_after_top_bar":"","ocean_shortcode_before_header":"","ocean_shortcode_after_header":"","ocean_has_shortcode":"","ocean_shortcode_after_title":"","ocean_shortcode_before_footer_widgets":"","ocean_shortcode_after_footer_widgets":"","ocean_shortcode_before_footer_bottom":"","ocean_shortcode_after_footer_bottom":"","ocean_display_top_bar":"default","ocean_display_header":"default","ocean_header_style":"","ocean_center_header_left_menu":"0","ocean_custom_header_template":"0","ocean_custom_logo":0,"ocean_custom_retina_logo":0,"ocean_custom_logo_max_width":0,"ocean_custom_logo_tablet_max_width":0,"ocean_custom_logo_mobile_max_width":0,"ocean_custom_logo_max_height":0,"ocean_custom_logo_tablet_max_height":0,"ocean_custom_logo_mobile_max_height":0,"ocean_header_custom_menu":"0","ocean_menu_typo_font_family":"0","ocean_menu_typo_font_subset":"","ocean_menu_typo_font_size":0,"ocean_menu_typo_font_size_tablet":0,"ocean_menu_typo_font_size_mobile":0,"ocean_menu_typo_font_size_unit":"px","ocean_menu_typo_font_weight":"","ocean_menu_typo_font_weight_tablet":"","ocean_menu_typo_font_weight_mobile":"","ocean_menu_typo_transform":"","ocean_menu_typo_transform_tablet":"","ocean_menu_typo_transform_mobile":"","ocean_menu_typo_line_height":0,"ocean_menu_typo_line_height_tablet":0,"ocean_menu_typo_line_height_mobile":0,"ocean_menu_typo_line_height_unit":"","ocean_menu_typo_spacing":0,"ocean_menu_typo_spacing_tablet":0,"ocean_menu_typo_spacing_mobile":0,"ocean_menu_typo_spacing_unit":"","ocean_menu_link_color":"","ocean_menu_link_color_hover":"","ocean_menu_link_color_active":"","ocean_menu_link_background":"","ocean_menu_link_hover_background":"","ocean_menu_link_active_background":"","ocean_menu_social_links_bg":"","ocean_menu_social_hover_links_bg":"","ocean_menu_social_links_color":"","ocean_menu_social_hover_links_color":"","ocean_disable_title":"default","ocean_disable_heading":"default","ocean_post_title":"","ocean_post_subheading":"","ocean_post_title_style":"","ocean_post_title_background_color":"","ocean_post_title_background":0,"ocean_post_title_bg_image_position":"","ocean_post_title_bg_image_attachment":"","ocean_post_title_bg_image_repeat":"","ocean_post_title_bg_image_size":"","ocean_post_title_height":0,"ocean_post_title_bg_overlay":0.5,"ocean_post_title_bg_overlay_color":"","ocean_disable_breadcrumbs":"default","ocean_breadcrumbs_color":"","ocean_breadcrumbs_separator_color":"","ocean_breadcrumbs_links_color":"","ocean_breadcrumbs_links_hover_color":"","ocean_display_footer_widgets":"default","ocean_display_footer_bottom":"default","ocean_custom_footer_template":"0"},"product_brand":[],"product_cat":[56,76],"product_tag":[],"class_list":{"0":"post-7371","1":"product","2":"type-product","3":"status-publish","4":"has-post-thumbnail","6":"product_cat-herbaty-ziolowe","7":"product_cat-zielarnia-suwalska-gotowe-mieszanki-ziolowe","9":"entry","10":"has-media","12":"first","13":"instock","14":"shipping-taxable","15":"purchasable","16":"product-type-simple","17":"has-product-nav","18":"col","19":"span_1_of_3","20":"owp-content-left","21":"owp-thumbs-layout-horizontal","22":"owp-btn-normal","23":"owp-tabs-layout-horizontal","24":"has-no-thumbnails"},"_links":{"self":[{"href":"https:\/\/ecocorner.eu\/en\/wp-json\/wp\/v2\/product\/7371","targetHints":{"allow":["GET"]}}],"collection":[{"href":"https:\/\/ecocorner.eu\/en\/wp-json\/wp\/v2\/product"}],"about":[{"href":"https:\/\/ecocorner.eu\/en\/wp-json\/wp\/v2\/types\/product"}],"version-history":[{"count":1,"href":"https:\/\/ecocorner.eu\/en\/wp-json\/wp\/v2\/product\/7371\/revisions"}],"predecessor-version":[{"id":7373,"href":"https:\/\/ecocorner.eu\/en\/wp-json\/wp\/v2\/product\/7371\/revisions\/7373"}],"wp:featuredmedia":[{"embeddable":true,"href":"https:\/\/ecocorner.eu\/en\/wp-json\/wp\/v2\/media\/7372"}],"wp:attachment":[{"href":"https:\/\/ecocorner.eu\/en\/wp-json\/wp\/v2\/media?parent=7371"}],"wp:term":[{"taxonomy":"product_brand","embeddable":true,"href":"https:\/\/ecocorner.eu\/en\/wp-json\/wp\/v2\/product_brand?post=7371"},{"taxonomy":"product_cat","embeddable":true,"href":"https:\/\/ecocorner.eu\/en\/wp-json\/wp\/v2\/product_cat?post=7371"},{"taxonomy":"product_tag","embeddable":true,"href":"https:\/\/ecocorner.eu\/en\/wp-json\/wp\/v2\/product_tag?post=7371"}],"curies":[{"name":"wp","href":"https:\/\/api.w.org\/{rel}","templated":true}]}}