{"id":7383,"date":"2025-09-03T15:45:16","date_gmt":"2025-09-03T15:45:16","guid":{"rendered":"https:\/\/ecocorner.eu\/?post_type=product&#038;p=7383"},"modified":"2025-11-01T19:39:07","modified_gmt":"2025-11-01T19:39:07","slug":"zielarnia-suwalska-mieszanka-ziolowa-na-uspokojeniewyciszenie-nerwicoziel-wg-klimuszki-200-g","status":"publish","type":"product","link":"https:\/\/ecocorner.eu\/en\/product\/zielarnia-suwalska-mieszanka-ziolowa-na-uspokojeniewyciszenie-nerwicoziel-wg-klimuszki-200-g\/","title":{"rendered":"Zielarnia Suwalska  Mieszanka zio\u0142owa na uspokojenie,wyciszenie  NERWICOZIEL  wg Klimuszki  200 g"},"content":{"rendered":"<p>&nbsp;<\/p>\n<p><strong>OPIS OFEROWANEJ MIESZANKI ZIO\u0141OWEJ:<\/strong><\/p>\n<p><strong>Sk\u0142adniki w r\u00f3wnych proporcjach:<\/strong><br \/>\nArcydzi\u0119giel korze\u0144 \u2013 Archangelica officinalis<br \/>\nKrwawnik ziele \u2013 Achillea millefolium<br \/>\nKoz\u0142ek k\u0142\u0105cze \u2013 Valeriana officinalis<br \/>\nChmiel szyszka \u2013 Humulus lupulus<br \/>\nLawenda kwiat \u2013 Lavandula angustifolia<br \/>\nMi\u0119ta li\u015b\u0107 \u2013 Mentha piperita<br \/>\nRozmaryn li\u015b\u0107 \u2013 Rosmarinus officinalis<br \/>\nMelisa ziele \u2013 Melissa officinalis<br \/>\nWrzos kwiat \u2013 Calluna vulgaris<br \/>\nMarzanka ziele \u2013 Galium odoratum<br \/>\nTatarak k\u0142\u0105cze \u2013 Acorus calamus<\/p>\n<p>Opakowanie o wadze 200 g powinno wystarczy\u0107 do dw\u00f3ch tygodni.<\/p>\n<p><strong>Net weight:<\/strong> 200 g<\/p>","protected":false},"excerpt":{"rendered":"<p><em>Przepis na mieszank\u0119 zosta\u0142 zaczerpni\u0119ty z ksi\u0105\u017cki: \u201eWr\u00f3\u0107my do zi\u00f3\u0142 leczniczych\u201d O. Cz. Klimuszko. Autor ksi\u0105\u017cki wymieni\u0142 zio\u0142a jako maj\u0105ce zastosowanie przy nerwicy. Nazwa mieszanki, kt\u00f3ra zosta\u0142a u\u017cyta w ksi\u0105\u017cce to: \u201eHisteria\u201d, kt\u00f3ra by\u0142a rozumiana jako \u201enerwicowa choroba\u201d.<\/em><\/p>\n<p><em>Klimuszko najcz\u0119\u015bciej zaleca\u0142 picie zi\u00f3\u0142 przez d\u0142u\u017cszy okres. Po miesi\u0105cu spo\u017cywania zaleca\u0142 tygodniow\u0105 przerw\u0119, po kt\u00f3rej nale\u017cy pi\u0107 zio\u0142a przez kolejny miesi\u0105c, potem zrobi\u0107 dwutygodniow\u0105 przerw\u0119 i zn\u00f3w pi\u0107 przez miesi\u0105c. Klimuszko zaleca\u0142 parzy\u0107 zio\u0142a nawet przez 3 godziny, nast\u0119pnie przecedzi\u0107, delikatnie podgrza\u0107 i pi\u0107 ciep\u0142e.<\/em><\/p>","protected":false},"featured_media":7384,"template":"","meta":{"ocean_post_layout":"","ocean_both_sidebars_style":"","ocean_both_sidebars_content_width":0,"ocean_both_sidebars_sidebars_width":0,"ocean_sidebar":"0","ocean_second_sidebar":"0","ocean_disable_margins":"enable","ocean_add_body_class":"","ocean_shortcode_before_top_bar":"","ocean_shortcode_after_top_bar":"","ocean_shortcode_before_header":"","ocean_shortcode_after_header":"","ocean_has_shortcode":"","ocean_shortcode_after_title":"","ocean_shortcode_before_footer_widgets":"","ocean_shortcode_after_footer_widgets":"","ocean_shortcode_before_footer_bottom":"","ocean_shortcode_after_footer_bottom":"","ocean_display_top_bar":"default","ocean_display_header":"default","ocean_header_style":"","ocean_center_header_left_menu":"0","ocean_custom_header_template":"0","ocean_custom_logo":0,"ocean_custom_retina_logo":0,"ocean_custom_logo_max_width":0,"ocean_custom_logo_tablet_max_width":0,"ocean_custom_logo_mobile_max_width":0,"ocean_custom_logo_max_height":0,"ocean_custom_logo_tablet_max_height":0,"ocean_custom_logo_mobile_max_height":0,"ocean_header_custom_menu":"0","ocean_menu_typo_font_family":"0","ocean_menu_typo_font_subset":"","ocean_menu_typo_font_size":0,"ocean_menu_typo_font_size_tablet":0,"ocean_menu_typo_font_size_mobile":0,"ocean_menu_typo_font_size_unit":"px","ocean_menu_typo_font_weight":"","ocean_menu_typo_font_weight_tablet":"","ocean_menu_typo_font_weight_mobile":"","ocean_menu_typo_transform":"","ocean_menu_typo_transform_tablet":"","ocean_menu_typo_transform_mobile":"","ocean_menu_typo_line_height":0,"ocean_menu_typo_line_height_tablet":0,"ocean_menu_typo_line_height_mobile":0,"ocean_menu_typo_line_height_unit":"","ocean_menu_typo_spacing":0,"ocean_menu_typo_spacing_tablet":0,"ocean_menu_typo_spacing_mobile":0,"ocean_menu_typo_spacing_unit":"","ocean_menu_link_color":"","ocean_menu_link_color_hover":"","ocean_menu_link_color_active":"","ocean_menu_link_background":"","ocean_menu_link_hover_background":"","ocean_menu_link_active_background":"","ocean_menu_social_links_bg":"","ocean_menu_social_hover_links_bg":"","ocean_menu_social_links_color":"","ocean_menu_social_hover_links_color":"","ocean_disable_title":"default","ocean_disable_heading":"default","ocean_post_title":"","ocean_post_subheading":"","ocean_post_title_style":"","ocean_post_title_background_color":"","ocean_post_title_background":0,"ocean_post_title_bg_image_position":"","ocean_post_title_bg_image_attachment":"","ocean_post_title_bg_image_repeat":"","ocean_post_title_bg_image_size":"","ocean_post_title_height":0,"ocean_post_title_bg_overlay":0.5,"ocean_post_title_bg_overlay_color":"","ocean_disable_breadcrumbs":"default","ocean_breadcrumbs_color":"","ocean_breadcrumbs_separator_color":"","ocean_breadcrumbs_links_color":"","ocean_breadcrumbs_links_hover_color":"","ocean_display_footer_widgets":"default","ocean_display_footer_bottom":"default","ocean_custom_footer_template":"0"},"product_brand":[],"product_cat":[56,76],"product_tag":[],"class_list":{"0":"post-7383","1":"product","2":"type-product","3":"status-publish","4":"has-post-thumbnail","6":"product_cat-herbaty-ziolowe","7":"product_cat-zielarnia-suwalska-gotowe-mieszanki-ziolowe","9":"entry","10":"has-media","12":"first","13":"instock","14":"shipping-taxable","15":"purchasable","16":"product-type-simple","17":"has-product-nav","18":"col","19":"span_1_of_3","20":"owp-content-left","21":"owp-thumbs-layout-horizontal","22":"owp-btn-normal","23":"owp-tabs-layout-horizontal","24":"has-no-thumbnails"},"_links":{"self":[{"href":"https:\/\/ecocorner.eu\/en\/wp-json\/wp\/v2\/product\/7383","targetHints":{"allow":["GET"]}}],"collection":[{"href":"https:\/\/ecocorner.eu\/en\/wp-json\/wp\/v2\/product"}],"about":[{"href":"https:\/\/ecocorner.eu\/en\/wp-json\/wp\/v2\/types\/product"}],"version-history":[{"count":1,"href":"https:\/\/ecocorner.eu\/en\/wp-json\/wp\/v2\/product\/7383\/revisions"}],"predecessor-version":[{"id":7385,"href":"https:\/\/ecocorner.eu\/en\/wp-json\/wp\/v2\/product\/7383\/revisions\/7385"}],"wp:featuredmedia":[{"embeddable":true,"href":"https:\/\/ecocorner.eu\/en\/wp-json\/wp\/v2\/media\/7384"}],"wp:attachment":[{"href":"https:\/\/ecocorner.eu\/en\/wp-json\/wp\/v2\/media?parent=7383"}],"wp:term":[{"taxonomy":"product_brand","embeddable":true,"href":"https:\/\/ecocorner.eu\/en\/wp-json\/wp\/v2\/product_brand?post=7383"},{"taxonomy":"product_cat","embeddable":true,"href":"https:\/\/ecocorner.eu\/en\/wp-json\/wp\/v2\/product_cat?post=7383"},{"taxonomy":"product_tag","embeddable":true,"href":"https:\/\/ecocorner.eu\/en\/wp-json\/wp\/v2\/product_tag?post=7383"}],"curies":[{"name":"wp","href":"https:\/\/api.w.org\/{rel}","templated":true}]}}