{"id":7411,"date":"2025-09-11T17:17:37","date_gmt":"2025-09-11T17:17:37","guid":{"rendered":"https:\/\/ecocorner.eu\/?post_type=product&#038;p=7411"},"modified":"2026-01-15T21:21:26","modified_gmt":"2026-01-15T21:21:26","slug":"produkty-bonifraterskie-balsam-jerozolimski-spray-do-gardla-30-ml","status":"publish","type":"product","link":"https:\/\/ecocorner.eu\/en\/product\/produkty-bonifraterskie-balsam-jerozolimski-spray-do-gardla-30-ml\/","title":{"rendered":"Produkty Bonifraterskie    Balsam Jerozolimski  Spray do gard\u0142a  30 ml"},"content":{"rendered":"<div id=\"tab-qty_pricing_tab\" class=\"woocommerce-Tabs-panel woocommerce-Tabs-panel--qty_pricing_tab panel entry-content wc-tab\" role=\"tabpanel\" aria-labelledby=\"tab-title-qty_pricing_tab\">\n<p><strong>Zalecana porcja do spo\u017cycia w ci\u0105gu dnia niezb\u0119dna do uzyskania korzystnego dzia\u0142ania:<\/strong><\/p>\n<ul>\n<li><strong>dzieci powy\u017cej 3. roku \u017cycia:<\/strong> rozpyli\u0107 2 dozy preparatu na j\u0119zyk, przy wstrzymanym oddechu. Stosowa\u0107 maksymalnie 3 razy w ci\u0105gu dnia pod kontrol\u0105 doros\u0142ych,<\/li>\n<li><strong>doro\u015bli:<\/strong> 2 dozy preparatu od 3 do 5 razy dziennie.<\/li>\n<\/ul>\n<p>Przed pierwszym spo\u017cyciem nale\u017cy wstrz\u0105sn\u0105\u0107 buteleczk\u0105 oraz nacisn\u0105\u0107 aplikator od 3 do 4 razy do momentu pojawienia si\u0119 preparatu. <strong>1 naci\u015bni\u0119cie pompki to 1 doza (0,1 ml preparatu). <\/strong>Nie nale\u017cy przekracza\u0107 zalecanej porcji do spo\u017cycia w ci\u0105gu dnia.<\/p>\n<p><strong>Warunki przechowywania<\/strong>: przechowywa\u0107 w szczelnie zamkni\u0119tym opakowaniu, w oryginalnym kartoniku, w temperaturze poni\u017cej 25\u00b0C. Suplementy diety powinny by\u0107 przechowywane w spos\u00f3b niedost\u0119pny dla ma\u0142ych dzieci.<\/p>\n<p><strong>Uwaga: <\/strong>nie stosowa\u0107 w przypadku nadwra\u017cliwo\u015bci na jakikolwiek ze sk\u0142adnik\u00f3w. Suplementy diety nie mog\u0105 by\u0107 stosowane jako substytut (zamiennik) zr\u00f3\u017cnicowanej diety. Zr\u00f3wnowa\u017cony spos\u00f3b \u017cywienia i zdrowy tryb \u017cycia s\u0105 wa\u017cne dla funkcjonowania organizmu. Produkt zawiera sk\u0142adniki ro\u015blinne, kt\u00f3re mog\u0105 by\u0107 przyczyn\u0105 pojawienia si\u0119 opalizacji i osadu. Nie ma to \u017cadnego wp\u0142ywu na jako\u015b\u0107 i dzia\u0142anie produktu.<\/p>\n<p><strong>Sk\u0142adniki: <\/strong>substancja zag\u0119szczaj\u0105ca (glicerol), syrop z agawy, woda, sok z owoc\u00f3w bzu czarnego, <strong>ekstrakt z\u0142o\u017cony: Balsam Jerozolimski\u00ae<\/strong> \u2013 w tym ekstrakty z: [kwiatu bzu czarnego (<em>Sambucus<\/em> <em>nigra<\/em> L.), kwiatu lipy szerokolistnej (<em>Tilia<\/em> <em>platyphyllos<\/em> <em>Scop<\/em>.), kwiatu dziewanny drobnokwiatowej (<em>Verbascum<\/em> <em>thapsus<\/em> L.), kwiatu rumianku pospolitego (<em>Matricaria<\/em> <em>chamomilla<\/em> L.), plechy porostu islandzkiego (<em>Cetraria<\/em> <em>islandica<\/em>), ziela tymianku w\u0142a\u015bciwego (<em>Thymus<\/em> <em>vulgaris<\/em> L.), ziela melisy lekarskiej (<em>Melissa officinalis<\/em> L.)], ekstrakt z propolisu, niacyna \u2013 amid kwasu nikotynowego(witamina B3), ryboflawina, olejek eukaliptusowy, substancja konserwuj\u0105ca (sorbinian potasu), regulator kwasowo\u015bci (kwas cytrynowy).<\/p>\n<\/div>\n","protected":false},"excerpt":{"rendered":"<p>Food Supplement <strong>JERUSALEM BALM<sup>\u00ae<\/sup> SPRAY<\/strong> wspiera prawid\u0142owe funkcjonowanie uk\u0142adu oddechowego w tym b\u0142ony \u015bluzowej gard\u0142a.<\/p>\n<p><strong>JERUSALEM BALM<sup>\u00ae<\/sup> SPRAY<\/strong> z ekstraktem z propolisu zosta\u0142 stworzony w trosce o prawid\u0142owe funkcjonowanie uk\u0142adu oddechowego w tym b\u0142ony \u015bluzowej gard\u0142a*.<\/p>\n<p>W\u0142a\u015bciwo\u015bci najwa\u017cniejszych surowc\u00f3w zastosowanych do produkcji preparatu:<\/p>\n<ul>\n<li><b>BEZ CZARNY<\/b>\u2013 wspomaga funkcjonowanie uk\u0142adu odporno\u015bciowego,<\/li>\n<li><strong>*LIPA SZEROKOLISTNA<\/strong>\u2013 wykazuje dzia\u0142anie na uk\u0142ad odporno\u015bciowy oraz wspiera funkcjonowanie uk\u0142adu oddechowego,<\/li>\n<li><strong>*RUMIANEK POSPOLITY<\/strong>\u00a0\u2013 dzia\u0142a korzystnie na uk\u0142ad oddechowy,<\/li>\n<li><strong>POROST ISLANDZKI <\/strong>\u2013 wp\u0142ywa koj\u0105co na gard\u0142o i struny g\u0142osowe,<\/li>\n<li><strong>*TYMIANEK W\u0141A\u015aCIWY<\/strong>\u00a0\u2013 pomaga w utrzymaniu zdrowia g\u00f3rnych dr\u00f3g oddechowych,<\/li>\n<li><strong>*MELISA LEKARSKA<\/strong>\u00a0\u2013 wp\u0142ywa koj\u0105co na gard\u0142o i struny g\u0142osowe,<\/li>\n<li><strong>*RYBOFLAWINA ORAZ NIACYNA<\/strong>\u00a0\u2013 pomagaj\u0105 w utrzymaniu prawid\u0142owego stanu b\u0142on \u015bluzowych,<\/li>\n<li><strong>*OLEJEK EUKALIPTUSOWY<\/strong>\u00a0\u2013 wspiera optymalne funkcjonowanie uk\u0142adu oddechowego.<\/li>\n<\/ul>\n<p>The drug contains <strong>ekstrakt z propolisu<\/strong> czyli naturalnego produktu wytwarzanego przez pszczo\u0142y do zalepiania szpar i zabezpieczenia wlotu ula, przytwierdzania plastra miodu do \u015bcian oraz do balsamowania intruz\u00f3w, kt\u00f3rym uda\u0142o si\u0119 dosta\u0107 do ula. Stanowi on mieszanin\u0119 \u017cywicy drzew i krzew\u00f3w oraz wydzielin gruczo\u0142\u00f3w pszczelich o charakterystycznym balsamicznym zapachu i smaku.<\/p>","protected":false},"featured_media":7412,"template":"","meta":{"ocean_post_layout":"","ocean_both_sidebars_style":"","ocean_both_sidebars_content_width":0,"ocean_both_sidebars_sidebars_width":0,"ocean_sidebar":"0","ocean_second_sidebar":"0","ocean_disable_margins":"enable","ocean_add_body_class":"","ocean_shortcode_before_top_bar":"","ocean_shortcode_after_top_bar":"","ocean_shortcode_before_header":"","ocean_shortcode_after_header":"","ocean_has_shortcode":"","ocean_shortcode_after_title":"","ocean_shortcode_before_footer_widgets":"","ocean_shortcode_after_footer_widgets":"","ocean_shortcode_before_footer_bottom":"","ocean_shortcode_after_footer_bottom":"","ocean_display_top_bar":"default","ocean_display_header":"default","ocean_header_style":"","ocean_center_header_left_menu":"0","ocean_custom_header_template":"0","ocean_custom_logo":0,"ocean_custom_retina_logo":0,"ocean_custom_logo_max_width":0,"ocean_custom_logo_tablet_max_width":0,"ocean_custom_logo_mobile_max_width":0,"ocean_custom_logo_max_height":0,"ocean_custom_logo_tablet_max_height":0,"ocean_custom_logo_mobile_max_height":0,"ocean_header_custom_menu":"0","ocean_menu_typo_font_family":"0","ocean_menu_typo_font_subset":"","ocean_menu_typo_font_size":0,"ocean_menu_typo_font_size_tablet":0,"ocean_menu_typo_font_size_mobile":0,"ocean_menu_typo_font_size_unit":"px","ocean_menu_typo_font_weight":"","ocean_menu_typo_font_weight_tablet":"","ocean_menu_typo_font_weight_mobile":"","ocean_menu_typo_transform":"","ocean_menu_typo_transform_tablet":"","ocean_menu_typo_transform_mobile":"","ocean_menu_typo_line_height":0,"ocean_menu_typo_line_height_tablet":0,"ocean_menu_typo_line_height_mobile":0,"ocean_menu_typo_line_height_unit":"","ocean_menu_typo_spacing":0,"ocean_menu_typo_spacing_tablet":0,"ocean_menu_typo_spacing_mobile":0,"ocean_menu_typo_spacing_unit":"","ocean_menu_link_color":"","ocean_menu_link_color_hover":"","ocean_menu_link_color_active":"","ocean_menu_link_background":"","ocean_menu_link_hover_background":"","ocean_menu_link_active_background":"","ocean_menu_social_links_bg":"","ocean_menu_social_hover_links_bg":"","ocean_menu_social_links_color":"","ocean_menu_social_hover_links_color":"","ocean_disable_title":"default","ocean_disable_heading":"default","ocean_post_title":"","ocean_post_subheading":"","ocean_post_title_style":"","ocean_post_title_background_color":"","ocean_post_title_background":0,"ocean_post_title_bg_image_position":"","ocean_post_title_bg_image_attachment":"","ocean_post_title_bg_image_repeat":"","ocean_post_title_bg_image_size":"","ocean_post_title_height":0,"ocean_post_title_bg_overlay":0.5,"ocean_post_title_bg_overlay_color":"","ocean_disable_breadcrumbs":"default","ocean_breadcrumbs_color":"","ocean_breadcrumbs_separator_color":"","ocean_breadcrumbs_links_color":"","ocean_breadcrumbs_links_hover_color":"","ocean_display_footer_widgets":"default","ocean_display_footer_bottom":"default","ocean_custom_footer_template":"0"},"product_brand":[],"product_cat":[21,20],"product_tag":[],"class_list":{"0":"post-7411","1":"product","2":"type-product","3":"status-publish","4":"has-post-thumbnail","6":"product_cat-zdrowie","7":"product_cat-dzieci","9":"entry","10":"has-media","12":"first","13":"instock","14":"shipping-taxable","15":"purchasable","16":"product-type-simple","17":"has-product-nav","18":"col","19":"span_1_of_3","20":"owp-content-left","21":"owp-thumbs-layout-horizontal","22":"owp-btn-normal","23":"owp-tabs-layout-horizontal","24":"has-no-thumbnails"},"_links":{"self":[{"href":"https:\/\/ecocorner.eu\/en\/wp-json\/wp\/v2\/product\/7411","targetHints":{"allow":["GET"]}}],"collection":[{"href":"https:\/\/ecocorner.eu\/en\/wp-json\/wp\/v2\/product"}],"about":[{"href":"https:\/\/ecocorner.eu\/en\/wp-json\/wp\/v2\/types\/product"}],"version-history":[{"count":1,"href":"https:\/\/ecocorner.eu\/en\/wp-json\/wp\/v2\/product\/7411\/revisions"}],"predecessor-version":[{"id":7413,"href":"https:\/\/ecocorner.eu\/en\/wp-json\/wp\/v2\/product\/7411\/revisions\/7413"}],"wp:featuredmedia":[{"embeddable":true,"href":"https:\/\/ecocorner.eu\/en\/wp-json\/wp\/v2\/media\/7412"}],"wp:attachment":[{"href":"https:\/\/ecocorner.eu\/en\/wp-json\/wp\/v2\/media?parent=7411"}],"wp:term":[{"taxonomy":"product_brand","embeddable":true,"href":"https:\/\/ecocorner.eu\/en\/wp-json\/wp\/v2\/product_brand?post=7411"},{"taxonomy":"product_cat","embeddable":true,"href":"https:\/\/ecocorner.eu\/en\/wp-json\/wp\/v2\/product_cat?post=7411"},{"taxonomy":"product_tag","embeddable":true,"href":"https:\/\/ecocorner.eu\/en\/wp-json\/wp\/v2\/product_tag?post=7411"}],"curies":[{"name":"wp","href":"https:\/\/api.w.org\/{rel}","templated":true}]}}