{"id":7414,"date":"2025-09-11T17:19:57","date_gmt":"2025-09-11T17:19:57","guid":{"rendered":"https:\/\/ecocorner.eu\/?post_type=product&#038;p=7414"},"modified":"2026-04-10T20:33:30","modified_gmt":"2026-04-10T20:33:30","slug":"produkty-bonifraterskie-pastylki-do-ssania-balsam-jerozolimski-na-gardlo-16-szt","status":"publish","type":"product","link":"https:\/\/ecocorner.eu\/en\/product\/produkty-bonifraterskie-pastylki-do-ssania-balsam-jerozolimski-na-gardlo-16-szt\/","title":{"rendered":"Produkty Bonifraterskie  Pastylki  do ssania  BALSAM JEROZOLIMSKI\u00ae na GARD\u0141O  16 szt.      06.2026"},"content":{"rendered":"<div id=\"tab-qty_pricing_tab\" class=\"woocommerce-Tabs-panel woocommerce-Tabs-panel--qty_pricing_tab panel entry-content wc-tab\" role=\"tabpanel\" aria-labelledby=\"tab-title-qty_pricing_tab\">\n<p><strong>Zalecana porcja do spo\u017cycia w ci\u0105gu dnia niezb\u0119dna do uzyskania korzystnego dzia\u0142ania<\/strong><strong>:<\/strong><\/p>\n<ul>\n<li><strong>dzieci od 6. do 12. roku \u017cycia:<\/strong> 2 pastylki dziennie,<\/li>\n<li><strong>dzieci powy\u017cej 12. roku \u017cycia i doro\u015bli<\/strong> \u2013 3 pastylki dziennie.<\/li>\n<\/ul>\n<p>Pastylk\u0119 nale\u017cy ssa\u0107 powoli a\u017c do ca\u0142kowitego rozpuszczenia.<\/p>\n<p>Nie nale\u017cy przekracza\u0107 zalecanej porcji do spo\u017cycia w ci\u0105gu dnia. Spo\u017cycie w nadmiernych ilo\u015bciach mo\u017ce mie\u0107 efekt przeczyszczaj\u0105cy.<\/p>\n<p><strong>Warunki przechowywania<\/strong>: przechowywa\u0107 w suchym miejscu, w temperaturze pokojowej. Suplementy diety powinny by\u0107 przechowywane w spos\u00f3b niedost\u0119pny dla ma\u0142ych dzieci..<\/p>\n<p><strong>Uwaga:<\/strong> nie stosowa\u0107 w przypadku nadwra\u017cliwo\u015bci na jakikolwiek ze sk\u0142adnik\u00f3w. Suplementy diety nie mog\u0105 by\u0107 stosowane jako substytut (zamiennik) zr\u00f3\u017cnicowanej diety. Zr\u00f3wnowa\u017cony spos\u00f3b \u017cywienia i zdrowy tryb \u017cycia s\u0105 wa\u017cne dla funkcjonowania organizmu. Nieznaczne r\u00f3\u017cnice w barwie pastylek mog\u0105 wynika\u0107 z \u00a0zastosowania do ich produkcji sk\u0142adnik\u00f3w ro\u015blinnych, nie ma to wp\u0142ywu na w\u0142a\u015bciwo\u015bci produktu.<\/p>\n<p><strong>Sk\u0142adniki:<\/strong> cukier, syrop glukozowy, <strong>ekstrakt z\u0142o\u017cony Balsam Jerozolimski\u00ae<\/strong> \u2013 w tym ekstrakty z: [kwiatu bzu czarnego (<em>Sambucus nigra<\/em>\u00a0L.), kwiatu lipy szerokolistnej (<em>Tilia platyphyllos<\/em>\u00a0Scop.), kwiatu dziewanny drobnokwiatowej (<em>Verbascum thapsus<\/em>\u00a0L.), kwiatu rumianku pospolitego (<em>Matricaria chamomilla<\/em>\u00a0L.), plechy porostu islandzkiego (<em>Cetraria islandica<\/em>), ziela tymianku w\u0142a\u015bciwego (<em>Thymus vulgaris<\/em>\u00a0L.), ziela melisy lekarskiej (<em>Melissa officinalis<\/em> L.)]; mi\u00f3d pszczeli, regulator kwasowo\u015bci: kwas cytrynowy, olejek mi\u0119towy <em>(Mentha arvenis<\/em> L.), olejek eukaliptusowy <em>(Eucalyptus globulus<\/em> <em>Labill<\/em>), mentol.<\/p>\n<\/div>\n","protected":false},"excerpt":{"rendered":"<p><strong>BALSAM JEROZOLIMSKI\u00ae na GARD\u0141O <\/strong>suplement diety to pastylki do ssania stworzone w trosce o prawid\u0142owe funkcjonowanie gard\u0142a*, w oparciu o 400 lat do\u015bwiadczenia Zakonu Bonifratr\u00f3w. Zawiera wyci\u0105g z\u0142o\u017cony \u2013 Balsam Jerozolimski\u00ae \u2013 ekstrakt z zi\u00f3\u0142 wed\u0142ug zakonnej receptury. Produkt zawiera wyselekcjonowane sk\u0142adniki.<\/p>\n<p>Properties of the most important components of the drug:<\/p>\n<ul>\n<li><strong>BEZ CZARNY<\/strong>\u00a0\u2013 wspiera uk\u0142ad odporno\u015bciowy,<\/li>\n<li><strong>LIPA SZEROKOLISTNA <\/strong>\u2013 wspiera funkcjonowanie uk\u0142adu immunologicznego, u\u0142atwia odkrztuszanie,<\/li>\n<li><strong>RUMIANEK POSPOLITY <\/strong>\u2013 korzystnie wp\u0142ywa na funkcje uk\u0142adu oddechowego,<\/li>\n<li><strong>*POROST ISLANDZKI <\/strong>\u2013 wp\u0142ywa koj\u0105co na gard\u0142o i struny g\u0142osowe,<\/li>\n<li><strong>TYMIANEK W\u0141A\u015aCIWY <\/strong>\u2013 pomaga utrzyma\u0107 w zdrowiu g\u00f3rne drogi oddechowe, wspiera uk\u0142ad odporno\u015bciowy, pomaga u\u0142atwi\u0107 odkrztuszanie,<\/li>\n<li><strong>OLEJEK EUKALIPTUSOWY, OLEJEK MI\u0118TOWY I MENTOL <\/strong>\u2013 dzia\u0142a koj\u0105co i przyjemnie na gard\u0142o i struny g\u0142osowe.<\/li>\n<\/ul>","protected":false},"featured_media":7415,"template":"","meta":{"ocean_post_layout":"","ocean_both_sidebars_style":"","ocean_both_sidebars_content_width":0,"ocean_both_sidebars_sidebars_width":0,"ocean_sidebar":"0","ocean_second_sidebar":"0","ocean_disable_margins":"enable","ocean_add_body_class":"","ocean_shortcode_before_top_bar":"","ocean_shortcode_after_top_bar":"","ocean_shortcode_before_header":"","ocean_shortcode_after_header":"","ocean_has_shortcode":"","ocean_shortcode_after_title":"","ocean_shortcode_before_footer_widgets":"","ocean_shortcode_after_footer_widgets":"","ocean_shortcode_before_footer_bottom":"","ocean_shortcode_after_footer_bottom":"","ocean_display_top_bar":"default","ocean_display_header":"default","ocean_header_style":"","ocean_center_header_left_menu":"0","ocean_custom_header_template":"0","ocean_custom_logo":0,"ocean_custom_retina_logo":0,"ocean_custom_logo_max_width":0,"ocean_custom_logo_tablet_max_width":0,"ocean_custom_logo_mobile_max_width":0,"ocean_custom_logo_max_height":0,"ocean_custom_logo_tablet_max_height":0,"ocean_custom_logo_mobile_max_height":0,"ocean_header_custom_menu":"0","ocean_menu_typo_font_family":"0","ocean_menu_typo_font_subset":"","ocean_menu_typo_font_size":0,"ocean_menu_typo_font_size_tablet":0,"ocean_menu_typo_font_size_mobile":0,"ocean_menu_typo_font_size_unit":"px","ocean_menu_typo_font_weight":"","ocean_menu_typo_font_weight_tablet":"","ocean_menu_typo_font_weight_mobile":"","ocean_menu_typo_transform":"","ocean_menu_typo_transform_tablet":"","ocean_menu_typo_transform_mobile":"","ocean_menu_typo_line_height":0,"ocean_menu_typo_line_height_tablet":0,"ocean_menu_typo_line_height_mobile":0,"ocean_menu_typo_line_height_unit":"","ocean_menu_typo_spacing":0,"ocean_menu_typo_spacing_tablet":0,"ocean_menu_typo_spacing_mobile":0,"ocean_menu_typo_spacing_unit":"","ocean_menu_link_color":"","ocean_menu_link_color_hover":"","ocean_menu_link_color_active":"","ocean_menu_link_background":"","ocean_menu_link_hover_background":"","ocean_menu_link_active_background":"","ocean_menu_social_links_bg":"","ocean_menu_social_hover_links_bg":"","ocean_menu_social_links_color":"","ocean_menu_social_hover_links_color":"","ocean_disable_title":"default","ocean_disable_heading":"default","ocean_post_title":"","ocean_post_subheading":"","ocean_post_title_style":"","ocean_post_title_background_color":"","ocean_post_title_background":0,"ocean_post_title_bg_image_position":"","ocean_post_title_bg_image_attachment":"","ocean_post_title_bg_image_repeat":"","ocean_post_title_bg_image_size":"","ocean_post_title_height":0,"ocean_post_title_bg_overlay":0.5,"ocean_post_title_bg_overlay_color":"","ocean_disable_breadcrumbs":"default","ocean_breadcrumbs_color":"","ocean_breadcrumbs_separator_color":"","ocean_breadcrumbs_links_color":"","ocean_breadcrumbs_links_hover_color":"","ocean_display_footer_widgets":"default","ocean_display_footer_bottom":"default","ocean_custom_footer_template":"0"},"product_brand":[],"product_cat":[64,36,21,20],"product_tag":[],"class_list":{"0":"post-7414","1":"product","2":"type-product","3":"status-publish","4":"has-post-thumbnail","6":"product_cat-oferta-tygodnia","7":"product_cat-promocje-wyprzedaze","8":"product_cat-zdrowie","9":"product_cat-dzieci","11":"entry","12":"has-media","14":"first","15":"instock","16":"sale","17":"shipping-taxable","18":"purchasable","19":"product-type-simple","20":"has-product-nav","21":"col","22":"span_1_of_3","23":"owp-content-left","24":"owp-thumbs-layout-horizontal","25":"owp-btn-normal","26":"owp-tabs-layout-horizontal","27":"has-no-thumbnails"},"_links":{"self":[{"href":"https:\/\/ecocorner.eu\/en\/wp-json\/wp\/v2\/product\/7414","targetHints":{"allow":["GET"]}}],"collection":[{"href":"https:\/\/ecocorner.eu\/en\/wp-json\/wp\/v2\/product"}],"about":[{"href":"https:\/\/ecocorner.eu\/en\/wp-json\/wp\/v2\/types\/product"}],"version-history":[{"count":2,"href":"https:\/\/ecocorner.eu\/en\/wp-json\/wp\/v2\/product\/7414\/revisions"}],"predecessor-version":[{"id":8740,"href":"https:\/\/ecocorner.eu\/en\/wp-json\/wp\/v2\/product\/7414\/revisions\/8740"}],"wp:featuredmedia":[{"embeddable":true,"href":"https:\/\/ecocorner.eu\/en\/wp-json\/wp\/v2\/media\/7415"}],"wp:attachment":[{"href":"https:\/\/ecocorner.eu\/en\/wp-json\/wp\/v2\/media?parent=7414"}],"wp:term":[{"taxonomy":"product_brand","embeddable":true,"href":"https:\/\/ecocorner.eu\/en\/wp-json\/wp\/v2\/product_brand?post=7414"},{"taxonomy":"product_cat","embeddable":true,"href":"https:\/\/ecocorner.eu\/en\/wp-json\/wp\/v2\/product_cat?post=7414"},{"taxonomy":"product_tag","embeddable":true,"href":"https:\/\/ecocorner.eu\/en\/wp-json\/wp\/v2\/product_tag?post=7414"}],"curies":[{"name":"wp","href":"https:\/\/api.w.org\/{rel}","templated":true}]}}