{"id":7420,"date":"2025-09-11T17:29:20","date_gmt":"2025-09-11T17:29:20","guid":{"rendered":"https:\/\/ecocorner.eu\/?post_type=product&#038;p=7420"},"modified":"2026-03-13T21:24:01","modified_gmt":"2026-03-13T21:24:01","slug":"produkty-bonifraterskie-balsam-jerozolimski-na-gardlo-bez-cukru-16-pastylek-do-ssania","status":"publish","type":"product","link":"https:\/\/ecocorner.eu\/en\/product\/produkty-bonifraterskie-balsam-jerozolimski-na-gardlo-bez-cukru-16-pastylek-do-ssania\/","title":{"rendered":"Produkty Bonifraterskie   BALSAM JEROZOLIMSKI\u00ae na GARD\u0141O bez cukru 16 pastylek do ssania"},"content":{"rendered":"<div id=\"tab-qty_pricing_tab\" class=\"woocommerce-Tabs-panel woocommerce-Tabs-panel--qty_pricing_tab panel entry-content wc-tab\" role=\"tabpanel\" aria-labelledby=\"tab-title-qty_pricing_tab\">\n<p><strong>Zalecana porcja do spo\u017cycia w ci\u0105gu dnia niezb\u0119dna do uzyskania korzystnego dzia\u0142ania<\/strong><strong>:<\/strong><\/p>\n<ul>\n<li><strong>dzieci od 6. do 12. roku \u017cycia<\/strong>: 2 pastylki dziennie,<\/li>\n<li><strong>dzieci powy\u017cej 12. roku \u017cycia i doro\u015bli:<\/strong> 3 pastylki dziennie.<\/li>\n<\/ul>\n<p>Pastylk\u0119 nale\u017cy ssa\u0107 powoli a\u017c do ca\u0142kowitego rozpuszczenia.<\/p>\n<p>Nie nale\u017cy przekracza\u0107 zalecanej porcji do spo\u017cycia w ci\u0105gu dnia. Spo\u017cycie w nadmiernych ilo\u015bciach mo\u017ce mie\u0107 efekt przeczyszczaj\u0105cy.<\/p>\n<p><strong>Warunki przechowywania<\/strong>: przechowywa\u0107 w suchym miejscu, w temperaturze pokojowej. Suplementy diety powinny by\u0107 przechowywane w spos\u00f3b niedost\u0119pny dla ma\u0142ych dzieci.<\/p>\n<p><strong>Uwaga:<\/strong> nie stosowa\u0107 w przypadku nadwra\u017cliwo\u015bci na jakikolwiek ze sk\u0142adnik\u00f3w. Suplementy diety nie mog\u0105 by\u0107 stosowane jako substytut (zamiennik) zr\u00f3\u017cnicowanej diety. Zr\u00f3wnowa\u017cony spos\u00f3b \u017cywienia i zdrowy tryb \u017cycia s\u0105 wa\u017cne dla funkcjonowania organizmu. Nieznaczne r\u00f3\u017cnice w barwie pastylek mog\u0105 wynika\u0107 z \u00a0zastosowania do ich produkcji sk\u0142adnik\u00f3w ro\u015blinnych, nie ma to wp\u0142ywu na w\u0142a\u015bciwo\u015bci produktu.<\/p>\n<p><strong>Sk\u0142adniki<\/strong><strong>:<\/strong>\u00a0substancje s\u0142odz\u0105ce: izomalt, glikozydy stewiolowe wytwarzane enzymatycznie; <strong>ekstrakt z\u0142o\u017cony Balsam Jerozolimski\u00ae<\/strong> \u2013 w tym ekstrakty z: [kwiatu bzu czarnego (<em>Sambucus nigra<\/em> L.), kwiatu lipy szerokolistnej (<em>Tilia platyphyllos<\/em> Scop.), kwiatu dziewanny drobnokwiatowej (<em>Verbascum thapsus<\/em> L.), kwiatu rumianku pospolitego (<em>Matricaria chamomilla<\/em> L.), plechy porostu islandzkiego (<em>Cetraria islandica<\/em>), ziela tymianku w\u0142a\u015bciwego (<em>Thymus vulgaris<\/em> L.), ziela melisy lekarskiej (<em>Melissa officinalis<\/em> L.)]; cynk (glukonian cynku); regulator kwasowo\u015bci: kwas cytrynowy, naturalny aromat pomara\u0144czowy.<\/p>\n<\/div>\n","protected":false},"excerpt":{"rendered":"<p>Food Supplement <strong>JERUSALEM BALM<\/strong><strong>\u00ae na GARD\u0141O bez cukru <\/strong>zawiera starannie dobran\u0105 kompozycj\u0119 zi\u00f3\u0142 stworzon\u0105 w oparciu o zakonn\u0105 receptur\u0119 Braci Bonifratr\u00f3w. Zawarty w preparacie cynk pomaga w prawid\u0142owym funkcjonowaniu uk\u0142adu odporno\u015bciowego.<\/p>\n<p>Pastylka o przyjemnym, cytrusowym smaku z zawarto\u015bci\u0105 naturalnego aromatu z pomara\u0144czy.<\/p>\n<p><strong>Sk\u0142adniki zawarte w preparacie:<\/strong><\/p>\n<ul>\n<li>*wykazuj\u0105 \u0142agodz\u0105cy wp\u0142yw na gard\u0142o <strong>(lipa szerokolistna, rumianek pospolity, tymianek w\u0142a\u015bciwy),<\/strong><\/li>\n<li>*wp\u0142ywa koj\u0105co na gard\u0142o i struny g\u0142osowe <strong>(porost islandzki),<\/strong><\/li>\n<li>pomagaj\u0105 wspiera\u0107 prawid\u0142ow\u0105 prac\u0119 uk\u0142adu odporno\u015bciowego<strong> (wysoka zawarto\u015b\u0107 cynku, tymianek w\u0142a\u015bciwy, czarny bez),<\/strong><\/li>\n<li>wspomagaj\u0105 zdrowie g\u00f3rnych dr\u00f3g oddechowych <strong>(tymianek w\u0142a\u015bciwy).<\/strong><\/li>\n<\/ul>","protected":false},"featured_media":7421,"template":"","meta":{"ocean_post_layout":"","ocean_both_sidebars_style":"","ocean_both_sidebars_content_width":0,"ocean_both_sidebars_sidebars_width":0,"ocean_sidebar":"0","ocean_second_sidebar":"0","ocean_disable_margins":"enable","ocean_add_body_class":"","ocean_shortcode_before_top_bar":"","ocean_shortcode_after_top_bar":"","ocean_shortcode_before_header":"","ocean_shortcode_after_header":"","ocean_has_shortcode":"","ocean_shortcode_after_title":"","ocean_shortcode_before_footer_widgets":"","ocean_shortcode_after_footer_widgets":"","ocean_shortcode_before_footer_bottom":"","ocean_shortcode_after_footer_bottom":"","ocean_display_top_bar":"default","ocean_display_header":"default","ocean_header_style":"","ocean_center_header_left_menu":"0","ocean_custom_header_template":"0","ocean_custom_logo":0,"ocean_custom_retina_logo":0,"ocean_custom_logo_max_width":0,"ocean_custom_logo_tablet_max_width":0,"ocean_custom_logo_mobile_max_width":0,"ocean_custom_logo_max_height":0,"ocean_custom_logo_tablet_max_height":0,"ocean_custom_logo_mobile_max_height":0,"ocean_header_custom_menu":"0","ocean_menu_typo_font_family":"0","ocean_menu_typo_font_subset":"","ocean_menu_typo_font_size":0,"ocean_menu_typo_font_size_tablet":0,"ocean_menu_typo_font_size_mobile":0,"ocean_menu_typo_font_size_unit":"px","ocean_menu_typo_font_weight":"","ocean_menu_typo_font_weight_tablet":"","ocean_menu_typo_font_weight_mobile":"","ocean_menu_typo_transform":"","ocean_menu_typo_transform_tablet":"","ocean_menu_typo_transform_mobile":"","ocean_menu_typo_line_height":0,"ocean_menu_typo_line_height_tablet":0,"ocean_menu_typo_line_height_mobile":0,"ocean_menu_typo_line_height_unit":"","ocean_menu_typo_spacing":0,"ocean_menu_typo_spacing_tablet":0,"ocean_menu_typo_spacing_mobile":0,"ocean_menu_typo_spacing_unit":"","ocean_menu_link_color":"","ocean_menu_link_color_hover":"","ocean_menu_link_color_active":"","ocean_menu_link_background":"","ocean_menu_link_hover_background":"","ocean_menu_link_active_background":"","ocean_menu_social_links_bg":"","ocean_menu_social_hover_links_bg":"","ocean_menu_social_links_color":"","ocean_menu_social_hover_links_color":"","ocean_disable_title":"default","ocean_disable_heading":"default","ocean_post_title":"","ocean_post_subheading":"","ocean_post_title_style":"","ocean_post_title_background_color":"","ocean_post_title_background":0,"ocean_post_title_bg_image_position":"","ocean_post_title_bg_image_attachment":"","ocean_post_title_bg_image_repeat":"","ocean_post_title_bg_image_size":"","ocean_post_title_height":0,"ocean_post_title_bg_overlay":0.5,"ocean_post_title_bg_overlay_color":"","ocean_disable_breadcrumbs":"default","ocean_breadcrumbs_color":"","ocean_breadcrumbs_separator_color":"","ocean_breadcrumbs_links_color":"","ocean_breadcrumbs_links_hover_color":"","ocean_display_footer_widgets":"default","ocean_display_footer_bottom":"default","ocean_custom_footer_template":"0"},"product_brand":[],"product_cat":[21,20],"product_tag":[],"class_list":{"0":"post-7420","1":"product","2":"type-product","3":"status-publish","4":"has-post-thumbnail","6":"product_cat-zdrowie","7":"product_cat-dzieci","9":"entry","10":"has-media","12":"first","13":"outofstock","14":"shipping-taxable","15":"purchasable","16":"product-type-simple","17":"has-product-nav","18":"col","19":"span_1_of_3","20":"owp-content-left","21":"owp-thumbs-layout-horizontal","22":"owp-btn-normal","23":"owp-tabs-layout-horizontal","24":"has-no-thumbnails"},"_links":{"self":[{"href":"https:\/\/ecocorner.eu\/en\/wp-json\/wp\/v2\/product\/7420","targetHints":{"allow":["GET"]}}],"collection":[{"href":"https:\/\/ecocorner.eu\/en\/wp-json\/wp\/v2\/product"}],"about":[{"href":"https:\/\/ecocorner.eu\/en\/wp-json\/wp\/v2\/types\/product"}],"version-history":[{"count":3,"href":"https:\/\/ecocorner.eu\/en\/wp-json\/wp\/v2\/product\/7420\/revisions"}],"predecessor-version":[{"id":8621,"href":"https:\/\/ecocorner.eu\/en\/wp-json\/wp\/v2\/product\/7420\/revisions\/8621"}],"wp:featuredmedia":[{"embeddable":true,"href":"https:\/\/ecocorner.eu\/en\/wp-json\/wp\/v2\/media\/7421"}],"wp:attachment":[{"href":"https:\/\/ecocorner.eu\/en\/wp-json\/wp\/v2\/media?parent=7420"}],"wp:term":[{"taxonomy":"product_brand","embeddable":true,"href":"https:\/\/ecocorner.eu\/en\/wp-json\/wp\/v2\/product_brand?post=7420"},{"taxonomy":"product_cat","embeddable":true,"href":"https:\/\/ecocorner.eu\/en\/wp-json\/wp\/v2\/product_cat?post=7420"},{"taxonomy":"product_tag","embeddable":true,"href":"https:\/\/ecocorner.eu\/en\/wp-json\/wp\/v2\/product_tag?post=7420"}],"curies":[{"name":"wp","href":"https:\/\/api.w.org\/{rel}","templated":true}]}}