{"id":7462,"date":"2025-09-27T16:11:34","date_gmt":"2025-09-27T16:11:34","guid":{"rendered":"https:\/\/ecocorner.eu\/?post_type=product&#038;p=7462"},"modified":"2026-01-28T13:51:22","modified_gmt":"2026-01-28T13:51:22","slug":"dary-natury-wierzbowka-kiprzyca-ziele-bio-50g","status":"publish","type":"product","link":"https:\/\/ecocorner.eu\/en\/product\/dary-natury-wierzbowka-kiprzyca-ziele-bio-50g\/","title":{"rendered":"Dary Natury   Wierzb\u00f3wka kiprzyca  ziele  BIO 50g"},"content":{"rendered":"<p>Wierzb\u00f3wka kiprzyca wp\u0142ywa pozytywnie na samopoczucie fizyczne, psychiczne oraz pomaga si\u0119 zrelaksowa\u0107.<\/p>\n<p>Wierzb\u00f3wka kiprzyca wp\u0142ywa pozytywnie na samopoczucie fizyczne, psychiczne oraz pomaga si\u0119 zrelaksowa\u0107.<\/p>\n<p>Wykazuje tak\u017ce korzystny wp\u0142yw na funkcjonowanie prostaty i dr\u00f3g moczowych.<\/p>\n<p>A balanced diet and a healthy lifestyle are the basis for ensuring proper functioning of the body.<\/p>\n<p><strong>Ingredients<\/strong><br \/>\nWierzb\u00f3wka kiprzyca ziele (Epilobium angustifolium &#8211; herba)* 100%.*produkt rolnictwa ekologicznego<\/p>\n<p><strong>METHOD OF APPLICATION<\/strong><br \/>\nJedn\u0105 \u0142y\u017ceczk\u0119 zala\u0107 szklank\u0105 wrz\u0105tku i pozostawi\u0107 pod przykryciem do zaparzenia na oko\u0142o 10-15 minut.<br \/>\nDeklarowany korzystny efekt dzia\u0142ania po spo\u017cyciu dw\u00f3ch napar\u00f3w dziennie.<\/p>\n<p>Masa netto: 50 g<\/p>\n<p><strong>keeping<\/strong><br \/>\nStore in a dry place.<\/p>","protected":false},"excerpt":{"rendered":"<p data-hk=\"s19000000000000240100140\"><b data-hk=\"s19000000000000240100110\">Wierzb\u00f3wka kiprzyca<\/b> (<em data-hk=\"s19000000000000240100120\">Epilobium angustifolium<\/em>) <strong data-hk=\"s19000000000000240100130\">fantastycznie wspiera prac\u0119 uk\u0142adu moczowego i dba o prostat\u0119.<\/strong> Napary i wyci\u0105gi mog\u0105 pos\u0142u\u017cy\u0107 do piel\u0119gnacji sk\u00f3ry.<\/p>\n<p data-hk=\"s19000000000000240100180\"><strong data-hk=\"s19000000000000240100150\">Ro\u015blina ta obecna by\u0142a w dawnej medycynie Europy i Ameryki P\u00f3\u0142nocnej.<\/strong> Stosowano j\u0105 w leczeniu wszelkich chor\u00f3b sk\u00f3ry, problem\u00f3w z prostat\u0105 oraz stan\u00f3w zapalnych i zaka\u017ce\u0144 bakteryjnych w obr\u0119bie uk\u0142adu moczowego. Cz\u0119\u015bci nadziemne wierzb\u00f3wki zjadano jako warzywo, a <strong data-hk=\"s19000000000000240100160\">z jej li\u015bci, co ciekawe, wytwarzano herbat\u0119, kt\u00f3ra przypomina\u0142a herbat\u0119 czarn\u0105 w wygl\u0105dzie i smaku, by\u0142a te\u017c podobnie sporz\u0105dzana<\/strong>. \u015awie\u017co zebrane li\u015bcie wierzb\u00f3wki poddawano wi\u0119dni\u0119ciu, nast\u0119pnie rolowano je i pozostawiano do fermentacji do momentu, a\u017c zmieni\u0105 kolor na br\u0105zowy. Po wysuszeniu by\u0142y gotowe do parzenia. <strong data-hk=\"s19000000000000240100170\">Do dzi\u015b mo\u017cemy zetkn\u0105\u0107 si\u0119 z tak\u0105 herbat\u0105 w Rosji i Gruzji \u2013 nazywa si\u0119 ona Iwan Czaj.<\/strong><\/p>\n<p data-hk=\"s190000000000002401001a110\">\n<h3 data-hk=\"s190000000000002401001a160\"><strong data-hk=\"s190000000000002401001a150\"><span class=\"caps\" data-hk=\"s190000000000002401001a120\">WIERZB\u00d3WKA<\/span> <span class=\"caps\" data-hk=\"s190000000000002401001a130\">KIPRZYCA<\/span> \u2013 <span class=\"caps\" data-hk=\"s190000000000002401001a140\">action<\/span><\/strong><\/h3>\n<p data-hk=\"s190000000000002401001a190\"><strong data-hk=\"s190000000000002401001a180\"><ins data-hk=\"s190000000000002401001a170\">W\u0142a\u015bciwo\u015bci prozdrowotne:<\/ins><\/strong><\/p>\n<ul data-hk=\"s190000000000002401001a230\">\n<li data-hk=\"s190000000000002401001a220\">Wierzb\u00f3wka kiprzyca pozytywnie wp\u0142ywa na uk\u0142ad moczowy. <strong data-hk=\"s190000000000002401001a200\">Zwi\u0119ksza wydalanie moczu<\/strong> i wzmaga oczyszczanie organizmu, a ponadto <strong data-hk=\"s190000000000002401001a210\">sprzyja wyp\u0142ukiwaniu osadu z nerek i dr\u00f3g moczowych<\/strong>.<\/li>\n<\/ul>\n<ul data-hk=\"s190000000000002401001a260\">\n<li data-hk=\"s190000000000002401001a250\">Dba o zdrowie <strong data-hk=\"s190000000000002401001a240\">m\u0119skiej prostaty<\/strong>.<\/li>\n<\/ul>\n<ul data-hk=\"s190000000000002401001a290\">\n<li data-hk=\"s190000000000002401001a280\"><strong data-hk=\"s190000000000002401001a270\">Wspiera prawid\u0142ow\u0105 odpowied\u017a organizmu na stan zapalny<\/strong>, zw\u0142aszcza w obr\u0119bie uk\u0142adu moczowego.<\/li>\n<\/ul>\n<ul data-hk=\"s190000000000002401001a320\">\n<li data-hk=\"s190000000000002401001a310\">Pozytywnie wp\u0142ywa na <strong data-hk=\"s190000000000002401001a300\">skin<\/strong>.<\/li>\n<\/ul>","protected":false},"featured_media":7476,"template":"","meta":{"ocean_post_layout":"","ocean_both_sidebars_style":"","ocean_both_sidebars_content_width":0,"ocean_both_sidebars_sidebars_width":0,"ocean_sidebar":"0","ocean_second_sidebar":"0","ocean_disable_margins":"enable","ocean_add_body_class":"","ocean_shortcode_before_top_bar":"","ocean_shortcode_after_top_bar":"","ocean_shortcode_before_header":"","ocean_shortcode_after_header":"","ocean_has_shortcode":"","ocean_shortcode_after_title":"","ocean_shortcode_before_footer_widgets":"","ocean_shortcode_after_footer_widgets":"","ocean_shortcode_before_footer_bottom":"","ocean_shortcode_after_footer_bottom":"","ocean_display_top_bar":"default","ocean_display_header":"default","ocean_header_style":"","ocean_center_header_left_menu":"0","ocean_custom_header_template":"0","ocean_custom_logo":0,"ocean_custom_retina_logo":0,"ocean_custom_logo_max_width":0,"ocean_custom_logo_tablet_max_width":0,"ocean_custom_logo_mobile_max_width":0,"ocean_custom_logo_max_height":0,"ocean_custom_logo_tablet_max_height":0,"ocean_custom_logo_mobile_max_height":0,"ocean_header_custom_menu":"0","ocean_menu_typo_font_family":"0","ocean_menu_typo_font_subset":"","ocean_menu_typo_font_size":0,"ocean_menu_typo_font_size_tablet":0,"ocean_menu_typo_font_size_mobile":0,"ocean_menu_typo_font_size_unit":"px","ocean_menu_typo_font_weight":"","ocean_menu_typo_font_weight_tablet":"","ocean_menu_typo_font_weight_mobile":"","ocean_menu_typo_transform":"","ocean_menu_typo_transform_tablet":"","ocean_menu_typo_transform_mobile":"","ocean_menu_typo_line_height":0,"ocean_menu_typo_line_height_tablet":0,"ocean_menu_typo_line_height_mobile":0,"ocean_menu_typo_line_height_unit":"","ocean_menu_typo_spacing":0,"ocean_menu_typo_spacing_tablet":0,"ocean_menu_typo_spacing_mobile":0,"ocean_menu_typo_spacing_unit":"","ocean_menu_link_color":"","ocean_menu_link_color_hover":"","ocean_menu_link_color_active":"","ocean_menu_link_background":"","ocean_menu_link_hover_background":"","ocean_menu_link_active_background":"","ocean_menu_social_links_bg":"","ocean_menu_social_hover_links_bg":"","ocean_menu_social_links_color":"","ocean_menu_social_hover_links_color":"","ocean_disable_title":"default","ocean_disable_heading":"default","ocean_post_title":"","ocean_post_subheading":"","ocean_post_title_style":"","ocean_post_title_background_color":"","ocean_post_title_background":0,"ocean_post_title_bg_image_position":"","ocean_post_title_bg_image_attachment":"","ocean_post_title_bg_image_repeat":"","ocean_post_title_bg_image_size":"","ocean_post_title_height":0,"ocean_post_title_bg_overlay":0.5,"ocean_post_title_bg_overlay_color":"","ocean_disable_breadcrumbs":"default","ocean_breadcrumbs_color":"","ocean_breadcrumbs_separator_color":"","ocean_breadcrumbs_links_color":"","ocean_breadcrumbs_links_hover_color":"","ocean_display_footer_widgets":"default","ocean_display_footer_bottom":"default","ocean_custom_footer_template":"0"},"product_brand":[],"product_cat":[56],"product_tag":[],"class_list":{"0":"post-7462","1":"product","2":"type-product","3":"status-publish","4":"has-post-thumbnail","6":"product_cat-herbaty-ziolowe","8":"entry","9":"has-media","11":"first","12":"instock","13":"shipping-taxable","14":"purchasable","15":"product-type-simple","16":"has-product-nav","17":"col","18":"span_1_of_3","19":"owp-content-left","20":"owp-thumbs-layout-horizontal","21":"owp-btn-normal","22":"owp-tabs-layout-horizontal","23":"has-no-thumbnails"},"_links":{"self":[{"href":"https:\/\/ecocorner.eu\/en\/wp-json\/wp\/v2\/product\/7462","targetHints":{"allow":["GET"]}}],"collection":[{"href":"https:\/\/ecocorner.eu\/en\/wp-json\/wp\/v2\/product"}],"about":[{"href":"https:\/\/ecocorner.eu\/en\/wp-json\/wp\/v2\/types\/product"}],"version-history":[{"count":3,"href":"https:\/\/ecocorner.eu\/en\/wp-json\/wp\/v2\/product\/7462\/revisions"}],"predecessor-version":[{"id":8325,"href":"https:\/\/ecocorner.eu\/en\/wp-json\/wp\/v2\/product\/7462\/revisions\/8325"}],"wp:featuredmedia":[{"embeddable":true,"href":"https:\/\/ecocorner.eu\/en\/wp-json\/wp\/v2\/media\/7476"}],"wp:attachment":[{"href":"https:\/\/ecocorner.eu\/en\/wp-json\/wp\/v2\/media?parent=7462"}],"wp:term":[{"taxonomy":"product_brand","embeddable":true,"href":"https:\/\/ecocorner.eu\/en\/wp-json\/wp\/v2\/product_brand?post=7462"},{"taxonomy":"product_cat","embeddable":true,"href":"https:\/\/ecocorner.eu\/en\/wp-json\/wp\/v2\/product_cat?post=7462"},{"taxonomy":"product_tag","embeddable":true,"href":"https:\/\/ecocorner.eu\/en\/wp-json\/wp\/v2\/product_tag?post=7462"}],"curies":[{"name":"wp","href":"https:\/\/api.w.org\/{rel}","templated":true}]}}