{"id":7466,"date":"2025-09-27T16:04:19","date_gmt":"2025-09-27T16:04:19","guid":{"rendered":"https:\/\/ecocorner.eu\/?post_type=product&#038;p=7466"},"modified":"2026-04-11T13:11:06","modified_gmt":"2026-04-11T13:11:06","slug":"carska-chlorofil-z-morwy-bialej-z-witamina-c-krople-50ml","status":"publish","type":"product","link":"https:\/\/ecocorner.eu\/en\/product\/carska-chlorofil-z-morwy-bialej-z-witamina-c-krople-50ml\/","title":{"rendered":"CARSKA   Chlorofil z morwy bia\u0142ej z witamin\u0105 C   krople 50ml"},"content":{"rendered":"<p><strong>Ingredients<\/strong><br \/>\nWoda, gliceryna ro\u015blinna, kwas l-askorbinowy (witamina C), chlorofil z morwy bia\u0142ej (jako miedziowy chlorofilin sodu), przeciwutleniacz: alfa-tokoferol.<\/p>\n<p>Zawarto\u015b\u0107 50 ml (ok. 150 dziennych porcji)<\/p>\n<p><strong>METHOD OF APPLICATION<\/strong><br \/>\nPrzed u\u017cyciem wstrz\u0105sn\u0105\u0107. 8 kropli rozmiesza\u0107 z wod\u0105 lub innym p\u0142ynem.<\/p>\n<p>Zalecane dzienne spo\u017cycie: 8 kropli (ok. 0,3 ml)<\/p>\n<p><u>Jedna porcja zawiera:<\/u><br \/>\nChlorofil 32 mg<br \/>\nWitamin\u0119 C 40 mg (50 % RWS*)<\/p>\n<p>* Referencyjna Warto\u015b\u0107 Spo\u017cycia<\/p>\n<p>Nie nale\u017cy przekracza\u0107 zalecanej porcji do spo\u017cycia w ci\u0105gu dnia (8 kropli).<\/p>\n<p><strong>keeping<\/strong><br \/>\nPrzechowywa\u0107 w temp. 15-25\u00b0 C, w spos\u00f3b niedost\u0119pny dla ma\u0142ych dzieci.<\/p>\n<p><strong>note<\/strong><br \/>\nNie stosowa\u0107 w przypadku uczulenia na kt\u00f3rykolwiek sk\u0142adnik preparatu, w ci\u0105\u017cy oraz podczas karmienia piersi\u0105. Przed zastosowaniem suplementu zalecamy konsultacj\u0119 z lekarzem.<br \/>\nA dietary supplement cannot be used as a substitute for a varied diet.<br \/>\nSuplement diety jest \u015brodkiem spo\u017cywczym, kt\u00f3rego celem jest uzupe\u0142nianie normalnej diety.<br \/>\nSuplement diety nie ma w\u0142a\u015bciwo\u015bci leczniczych.<\/p>","protected":false},"excerpt":{"rendered":"<p><span data-huuid=\"2863743995244162353\">Chlorofil z morwy bia\u0142ej dzia\u0142a antyoksydacyjnie, wspiera naturalne oczyszczanie organizmu, wzmacnia odporno\u015b\u0107 oraz poprawia kondycj\u0119 sk\u00f3ry, w\u0142os\u00f3w i paznokci. <\/span><span data-huuid=\"2863743995244159622\">Mo\u017ce wspomaga\u0107 uk\u0142ad pokarmowy, kr\u0105\u017cenia i przy\u015bpiesza\u0107 metabolizm. <\/span><span data-huuid=\"2863743995244160987\">Jest naturalnym barwnikiem ro\u015blinnym, kt\u00f3ry neutralizuje wolne rodniki, op\u00f3\u017aniaj\u0105c procesy starzeni<\/span>a.<\/p>\n<div class=\"WaaZC\">\n<div class=\"RJPOee EIJn2\">\n<div class=\"rPeykc uP58nb\" data-hveid=\"CA8QAQ\" data-ved=\"2ahUKEwjYg4q_qPmPAxUAWEEAHbZ8CScQo_EKegQIDxAB\"><span data-huuid=\"2821845449769453899\"><span role=\"heading\" aria-level=\"2\">G\u0142\u00f3wne w\u0142a\u015bciwo\u015bci chlorofilu z morwy bia\u0142ej<\/span> <\/span><\/div>\n<\/div>\n<\/div>\n<div class=\"WaaZC\">\n<div class=\"RJPOee EIJn2\">\n<ul data-hveid=\"CDIQAQ\" data-ved=\"2ahUKEwjYg4q_qPmPAxUAWEEAHbZ8CScQm_YKegQIMhAB\">\n<li><span data-huuid=\"2821845449769451752\"><strong>Dzia\u0142anie antyoksydacyjne:<\/strong> <\/span><span data-huuid=\"2821845449769453767\">Neutralizuje wolne rodniki, chroni\u0105c kom\u00f3rki przed uszkodzeniami.<span class=\"pjBG2e\" data-cid=\"97370d68-3285-4a70-8baa-b5e7aa7f0d49\"><span class=\"UV3uM\">\u00a0<\/span><\/span><\/span>\n<div class=\"NPrrbc\" data-cid=\"97370d68-3285-4a70-8baa-b5e7aa7f0d49\" data-uuids=\"2821845449769451752,2821845449769453767\">\n<div class=\"BMebGe btku5b LwdV0e FR7ZSc qVhvac OJeuxf\" tabindex=\"0\" role=\"button\" aria-label=\"View related links\" data-hveid=\"CCMQAQ\" data-ved=\"2ahUKEwjYg4q_qPmPAxUAWEEAHbZ8CScQ3fYKegQIIxAB\">\n<div class=\"niO4u\">\n<div class=\"kHtcsd\"><\/div>\n<\/div>\n<\/div>\n<\/div>\n<\/li>\n<\/ul>\n<\/div>\n<\/div>\n<ul>\n<li><span data-huuid=\"2821845449769453701\"><strong>Detoksykacja:<\/strong> <\/span><span data-huuid=\"2821845449769451620\">Wspiera naturalne procesy oczyszczania organizmu i alkalizacji.<span class=\"pjBG2e\" data-cid=\"2bff80f1-ed01-45e5-ae00-53bb7ba8a4b2\"><span class=\"UV3uM\">\u00a0<\/span><\/span><\/span>\n<div class=\"NPrrbc\" data-cid=\"2bff80f1-ed01-45e5-ae00-53bb7ba8a4b2\" data-uuids=\"2821845449769453701,2821845449769451620\">\n<div class=\"BMebGe btku5b LwdV0e FR7ZSc qVhvac OJeuxf\" tabindex=\"0\" role=\"button\" aria-label=\"View related links\" data-hveid=\"CCAQAQ\" data-ved=\"2ahUKEwjYg4q_qPmPAxUAWEEAHbZ8CScQ3fYKegQIIBAB\">\n<div class=\"niO4u\">\n<div class=\"kHtcsd\"><\/div>\n<\/div>\n<\/div>\n<\/div>\n<\/li>\n<li><span data-huuid=\"2821845449769451554\"><strong>Poprawa kondycji sk\u00f3ry, w\u0142os\u00f3w i paznokci:<\/strong> <\/span><span data-huuid=\"2821845449769453569\">Mo\u017ce wp\u0142ywa\u0107 na lepszy wygl\u0105d i kondycj\u0119 sk\u00f3ry, a tak\u017ce pom\u00f3c w leczeniu tr\u0105dziku.<span class=\"pjBG2e\" data-cid=\"c73b0808-7540-49f5-9e9b-1c920a14fab9\"><span class=\"UV3uM\">\u00a0<\/span><\/span><\/span>\n<div class=\"NPrrbc\" data-cid=\"c73b0808-7540-49f5-9e9b-1c920a14fab9\" data-uuids=\"2821845449769451554,2821845449769453569\">\n<div class=\"BMebGe btku5b LwdV0e FR7ZSc qVhvac OJeuxf\" tabindex=\"0\" role=\"button\" aria-label=\"View related links\" data-hveid=\"CCoQAQ\" data-ved=\"2ahUKEwjYg4q_qPmPAxUAWEEAHbZ8CScQ3fYKegQIKhAB\">\n<div class=\"niO4u\">\n<div class=\"kHtcsd\"><\/div>\n<\/div>\n<\/div>\n<\/div>\n<\/li>\n<li><span data-huuid=\"2821845449769453503\"><strong>Wzmocnienie odporno\u015bci:<\/strong> <\/span><span data-huuid=\"2821845449769455518\">Wspiera naturalne mechanizmy obronne organizmu<\/span>\n<div class=\"NPrrbc\" data-cid=\"3f9cd4f9-e735-4975-9a86-88614bbadda2\" data-uuids=\"2821845449769453503,2821845449769455518\">\n<div class=\"BMebGe btku5b LwdV0e FR7ZSc qVhvac OJeuxf\" tabindex=\"0\" role=\"button\" aria-label=\"View related links\" data-hveid=\"CC0QAQ\" data-ved=\"2ahUKEwjYg4q_qPmPAxUAWEEAHbZ8CScQ3fYKegQILRAB\">\n<div class=\"niO4u\">\n<div class=\"kHtcsd\"><\/div>\n<\/div>\n<\/div>\n<\/div>\n<p><span data-huuid=\"2821845449769455452\"><strong>Wsparcie dla uk\u0142adu pokarmowego:<\/strong> <\/span><span data-huuid=\"2821845449769453371\">Pomaga w prawid\u0142owym funkcjonowaniu uk\u0142adu pokarmowego.<span class=\"pjBG2e\" data-cid=\"11246606-82ac-4403-b949-fa7f9aceb37c\"><span class=\"UV3uM\">\u00a0<\/span><\/span><\/span><\/p>\n<div class=\"NPrrbc\" data-cid=\"11246606-82ac-4403-b949-fa7f9aceb37c\" data-uuids=\"2821845449769455452,2821845449769453371\">\n<div class=\"BMebGe btku5b LwdV0e FR7ZSc qVhvac OJeuxf\" tabindex=\"0\" role=\"button\" aria-label=\"View related links\" data-hveid=\"CCIQAQ\" data-ved=\"2ahUKEwjYg4q_qPmPAxUAWEEAHbZ8CScQ3fYKegQIIhAB\"><\/div>\n<\/div>\n<\/li>\n<li><span data-huuid=\"2821845449769453305\"><strong>Poprawa kr\u0105\u017cenia:<\/strong> <\/span><span data-huuid=\"2821845449769455320\">Bierze udzia\u0142 w procesie tworzenia hemoglobiny, wspieraj\u0105c funkcjonowanie uk\u0142adu krwiono\u015bnego<span class=\"pjBG2e\" data-cid=\"c0fab3a9-db81-4cc6-b8a1-e968b75c8baa\"><span class=\"UV3uM\">\u00a0<\/span><\/span><\/span>\n<div class=\"NPrrbc\" data-cid=\"c0fab3a9-db81-4cc6-b8a1-e968b75c8baa\" data-uuids=\"2821845449769453305,2821845449769455320\">\n<div class=\"BMebGe btku5b LwdV0e FR7ZSc qVhvac OJeuxf\" tabindex=\"0\" role=\"button\" aria-label=\"View related links\" data-hveid=\"CCkQAQ\" data-ved=\"2ahUKEwjYg4q_qPmPAxUAWEEAHbZ8CScQ3fYKegQIKRAB\"><\/div>\n<\/div>\n<\/li>\n<li><span data-huuid=\"2821845449769455254\"><strong>Wspomaganie metabolizmu:<\/strong> <\/span><span data-huuid=\"2821845449769453173\">Mo\u017ce przy\u015bpiesza\u0107 przemian\u0119 materii, co wp\u0142ywa na og\u00f3lne samopoczucie i witalno\u015b\u0107.<span class=\"pjBG2e\" data-cid=\"dd0747db-d392-4eb6-9678-96767c121d20\"><span class=\"UV3uM\">\u00a0<\/span><\/span><\/span>\n<div class=\"NPrrbc\" data-cid=\"dd0747db-d392-4eb6-9678-96767c121d20\" data-uuids=\"2821845449769455254,2821845449769453173\">\n<div class=\"BMebGe btku5b LwdV0e FR7ZSc qVhvac OJeuxf\" tabindex=\"0\" role=\"button\" aria-label=\"View related links\" data-hveid=\"CCsQAQ\" data-ved=\"2ahUKEwjYg4q_qPmPAxUAWEEAHbZ8CScQ3fYKegQIKxAB\">\n<div class=\"niO4u\">\n<div class=\"kHtcsd\"><\/div>\n<\/div>\n<\/div>\n<\/div>\n<\/li>\n<\/ul>","protected":false},"featured_media":7467,"template":"","meta":{"ocean_post_layout":"","ocean_both_sidebars_style":"","ocean_both_sidebars_content_width":0,"ocean_both_sidebars_sidebars_width":0,"ocean_sidebar":"0","ocean_second_sidebar":"0","ocean_disable_margins":"enable","ocean_add_body_class":"","ocean_shortcode_before_top_bar":"","ocean_shortcode_after_top_bar":"","ocean_shortcode_before_header":"","ocean_shortcode_after_header":"","ocean_has_shortcode":"","ocean_shortcode_after_title":"","ocean_shortcode_before_footer_widgets":"","ocean_shortcode_after_footer_widgets":"","ocean_shortcode_before_footer_bottom":"","ocean_shortcode_after_footer_bottom":"","ocean_display_top_bar":"default","ocean_display_header":"default","ocean_header_style":"","ocean_center_header_left_menu":"0","ocean_custom_header_template":"0","ocean_custom_logo":0,"ocean_custom_retina_logo":0,"ocean_custom_logo_max_width":0,"ocean_custom_logo_tablet_max_width":0,"ocean_custom_logo_mobile_max_width":0,"ocean_custom_logo_max_height":0,"ocean_custom_logo_tablet_max_height":0,"ocean_custom_logo_mobile_max_height":0,"ocean_header_custom_menu":"0","ocean_menu_typo_font_family":"0","ocean_menu_typo_font_subset":"","ocean_menu_typo_font_size":0,"ocean_menu_typo_font_size_tablet":0,"ocean_menu_typo_font_size_mobile":0,"ocean_menu_typo_font_size_unit":"px","ocean_menu_typo_font_weight":"","ocean_menu_typo_font_weight_tablet":"","ocean_menu_typo_font_weight_mobile":"","ocean_menu_typo_transform":"","ocean_menu_typo_transform_tablet":"","ocean_menu_typo_transform_mobile":"","ocean_menu_typo_line_height":0,"ocean_menu_typo_line_height_tablet":0,"ocean_menu_typo_line_height_mobile":0,"ocean_menu_typo_line_height_unit":"","ocean_menu_typo_spacing":0,"ocean_menu_typo_spacing_tablet":0,"ocean_menu_typo_spacing_mobile":0,"ocean_menu_typo_spacing_unit":"","ocean_menu_link_color":"","ocean_menu_link_color_hover":"","ocean_menu_link_color_active":"","ocean_menu_link_background":"","ocean_menu_link_hover_background":"","ocean_menu_link_active_background":"","ocean_menu_social_links_bg":"","ocean_menu_social_hover_links_bg":"","ocean_menu_social_links_color":"","ocean_menu_social_hover_links_color":"","ocean_disable_title":"default","ocean_disable_heading":"default","ocean_post_title":"","ocean_post_subheading":"","ocean_post_title_style":"","ocean_post_title_background_color":"","ocean_post_title_background":0,"ocean_post_title_bg_image_position":"","ocean_post_title_bg_image_attachment":"","ocean_post_title_bg_image_repeat":"","ocean_post_title_bg_image_size":"","ocean_post_title_height":0,"ocean_post_title_bg_overlay":0.5,"ocean_post_title_bg_overlay_color":"","ocean_disable_breadcrumbs":"default","ocean_breadcrumbs_color":"","ocean_breadcrumbs_separator_color":"","ocean_breadcrumbs_links_color":"","ocean_breadcrumbs_links_hover_color":"","ocean_display_footer_widgets":"default","ocean_display_footer_bottom":"default","ocean_custom_footer_template":"0"},"product_brand":[],"product_cat":[21],"product_tag":[],"class_list":{"0":"post-7466","1":"product","2":"type-product","3":"status-publish","4":"has-post-thumbnail","6":"product_cat-zdrowie","8":"entry","9":"has-media","11":"first","12":"instock","13":"shipping-taxable","14":"purchasable","15":"product-type-simple","16":"has-product-nav","17":"col","18":"span_1_of_3","19":"owp-content-left","20":"owp-thumbs-layout-horizontal","21":"owp-btn-normal","22":"owp-tabs-layout-horizontal","23":"has-no-thumbnails"},"_links":{"self":[{"href":"https:\/\/ecocorner.eu\/en\/wp-json\/wp\/v2\/product\/7466","targetHints":{"allow":["GET"]}}],"collection":[{"href":"https:\/\/ecocorner.eu\/en\/wp-json\/wp\/v2\/product"}],"about":[{"href":"https:\/\/ecocorner.eu\/en\/wp-json\/wp\/v2\/types\/product"}],"version-history":[{"count":2,"href":"https:\/\/ecocorner.eu\/en\/wp-json\/wp\/v2\/product\/7466\/revisions"}],"predecessor-version":[{"id":7469,"href":"https:\/\/ecocorner.eu\/en\/wp-json\/wp\/v2\/product\/7466\/revisions\/7469"}],"wp:featuredmedia":[{"embeddable":true,"href":"https:\/\/ecocorner.eu\/en\/wp-json\/wp\/v2\/media\/7467"}],"wp:attachment":[{"href":"https:\/\/ecocorner.eu\/en\/wp-json\/wp\/v2\/media?parent=7466"}],"wp:term":[{"taxonomy":"product_brand","embeddable":true,"href":"https:\/\/ecocorner.eu\/en\/wp-json\/wp\/v2\/product_brand?post=7466"},{"taxonomy":"product_cat","embeddable":true,"href":"https:\/\/ecocorner.eu\/en\/wp-json\/wp\/v2\/product_cat?post=7466"},{"taxonomy":"product_tag","embeddable":true,"href":"https:\/\/ecocorner.eu\/en\/wp-json\/wp\/v2\/product_tag?post=7466"}],"curies":[{"name":"wp","href":"https:\/\/api.w.org\/{rel}","templated":true}]}}