{"id":7510,"date":"2025-09-29T15:52:31","date_gmt":"2025-09-29T15:52:31","guid":{"rendered":"https:\/\/ecocorner.eu\/?post_type=product&#038;p=7510"},"modified":"2026-02-17T20:46:49","modified_gmt":"2026-02-17T20:46:49","slug":"pasieki-sadowskich-olej-smart-100-ml","status":"publish","type":"product","link":"https:\/\/ecocorner.eu\/en\/product\/pasieki-sadowskich-olej-smart-100-ml\/","title":{"rendered":"Pasieki Sadowskich   Olej Smart +   100 ml"},"content":{"rendered":"<h2 id=\"tab2\">W\u0142a\u015bciwo\u015bci Omega SMART+<strong>\u00a0<\/strong><\/h2>\n<p>SMART+ to suplement diety, kt\u00f3ry wspiera umys\u0142y w codziennej nauce i koncentracji. Zawiera wysokiej jako\u015bci ro\u015blinne DHA z alg, kt\u00f3re przyczynia si\u0119 do prawid\u0142owego funkcjonowania m\u00f3zgu** i utrzymania zdrowego widzenia**. Wzbogacony o witamin\u0119 D, pomaga wspiera\u0107 odporno\u015b\u0107*** przez ca\u0142y rok &#8211; nawet w miesi\u0105cach, gdy s\u0142o\u0144ca brakuje.<\/p>\n<p>Ka\u017cda porcja SMART+ to po\u0142\u0105czenie kwas\u00f3w Omega 3, 6 i 9 w najlepszej jako\u015bci &#8211; z oleju lnianego, z czarnuszki i z migda\u0142\u00f3w. Dodali\u015bmy do niego naturalny aromat gumy balonowej, dzi\u0119ki czemu dzieci ch\u0119tnie si\u0119gaj\u0105 po swoj\u0105 codzienn\u0105 porcj\u0119 zdrowia!<\/p>\n<p>SMART+ jest prosty w podaniu &#8211; mo\u017cecie go odmierzy\u0107 do\u0142\u0105czon\u0105 miark\u0105 i poda\u0107 na \u0142y\u017ceczce, doda\u0107 do wody lub ulubionego posi\u0142ku. Szybkie, smaczne wsparcie dla m\u00f3zgu**, wzroku** i odporno\u015bci***, bez \u0142ykania kapsu\u0142ek!<\/p>\n<p>To produkt wega\u0144ski, przeznaczony dla dzieci od 3 roku \u017cycia, ale \u015bwietnie sprawdzi si\u0119 tak\u017ce u starszak\u00f3w, nastolatk\u00f3w i doros\u0142ych, kt\u00f3rzy na co dzie\u0144 intensywnie pracuj\u0105 umys\u0142owo i chc\u0105 wspiera\u0107 koncentracj\u0119, a tak\u017ce prawid\u0142owe widzenie.<\/p>\n<ul>\n<li>suplement diety dla dzieci i m\u0142odzie\u017cy (a mo\u017ce go stosowa\u0107 ka\u017cdy, kto wysila umys\u0142 i szuka koncentracji oraz wsparcia wzroku)<\/li>\n<li>ma form\u0119 pysznego i \u0142atwego w stosowaniu oleju<\/li>\n<li>ro\u015blinne DHA &#8211; suplement odpowiedni dla wegetarian i wegan<\/li>\n<li>DHA wspiera prawid\u0142owy rozw\u00f3j m\u00f3zgu i wzroku**<\/li>\n<li>wzbogacony witamin\u0105 D\u00a0 &#8211; wspiera odporno\u015b\u0107*** maluch\u00f3w i starszak\u00f3w<\/li>\n<li>bogate dzia\u0142anie oleju lnianego, oleju z czarnuszki i oleju z migda\u0142\u00f3w<\/li>\n<li>o smaku gumy balonowej &#8211; suplementacja jest naprawd\u0119 cool!<\/li>\n<\/ul>\n<p>Kto podejmuje walk\u0119 o najlepsz\u0105 odporno\u015b\u0107, koncentracj\u0119 i frekwencj\u0119 podczas szkolnych wyzwa\u0144, ten stawia na olej SMART+! Pssst\u2026 Miodzisiowy SMART+ mo\u017cna podawa\u0107 te\u017c przedszkolakom &#8211; ju\u017c od 3 roku \u017cycia!<\/p>\n<p>&nbsp;<\/p>\n<h2 id=\"tab3\">Sk\u0142ad SMART &#8211; odkryj wsparcie w nauce i koncentracji<strong>\u00a0<\/strong><\/h2>\n<p>SMART+ to suplement diety na bazie naturalnych olej\u00f3w, stworzony po to, by wspiera\u0107 m\u0105dre g\u0142\u00f3wki ka\u017cdego dnia. Zawarte w nim <strong>ro\u015blinne DHA z alg<\/strong> pomaga w prawid\u0142owym funkcjonowaniu m\u00f3zgu** i utrzymaniu zdrowego widzenia** &#8211; to najlepsze wsparcie koncentracji, pami\u0119ci i codziennej nauki maluch\u00f3w i starszak\u00f3w. <strong>Vitamin D<\/strong> dba o prawid\u0142owe funkcjonowanie uk\u0142adu odporno\u015bciowego*** o ka\u017cdej porze roku, dzi\u0119ki czemu \u0142atwiej o dobr\u0105 frekwencj\u0119 w przedszkolu i szkole. Si\u0119gajcie z Miodzisiem po SMART+! To codzienna porcja wsparcia dla g\u0142\u00f3wki, wzroku i odporno\u015bci &#8211; w smaku, kt\u00f3ry dzieci uwielbiaj\u0105!<\/p>\n<p>&nbsp;<\/p>\n<table class=\"tabela-odzywcza\" width=\"403\">\n<thead>\n<tr>\n<th class=\"col1\"><strong>Active Ingredients:<\/strong><\/th>\n<th class=\"col2\">w porcji dziennej 2,5ml \/ 5 ml<\/th>\n<th class=\"col2\">% DRWS***<\/th>\n<\/tr>\n<tr>\n<td class=\"col1\">kwas alfa linolenowy (ALA)<\/td>\n<td class=\"col2\">\u00a00,83 g \/ 1,65 g<\/td>\n<td class=\"col2\">\u00a0&#8211;<\/td>\n<\/tr>\n<tr>\n<td class=\"col1\">\u00a0kwas dokozaheksaenowy (DHA)<\/td>\n<td class=\"col2\">0,30 g \/ 0,60 g<\/td>\n<td class=\"col2\">&#8211;<\/td>\n<\/tr>\n<tr>\n<td class=\"col1\">\u00a0kwas linolowy (LA)<\/td>\n<td class=\"col2\">0,27 g \/ 0,54 g<\/td>\n<td class=\"col2\">\u00a0&#8211;<\/td>\n<\/tr>\n<tr>\n<td class=\"col1\">kwas oleinowy (OLE)<\/td>\n<td class=\"col2\">0,27 g \/ 0,54 g<\/td>\n<td class=\"col2\">&#8211;<\/td>\n<\/tr>\n<tr>\n<td class=\"col1\">Vitamin D<\/td>\n<td class=\"col2\">25 \u00b5g \/ 50 \u00b5g<\/td>\n<td class=\"col2\">500% \/ 1000%<\/td>\n<\/tr>\n<\/thead>\n<\/table>\n<p>*DRWS &#8211; dzienne referencyjne warto\u015bci spo\u017cycia witamin i sk\u0142adnik\u00f3w mineralnych (dla os\u00f3b doros\u0142ych)<\/p>\n<p>** DHA przyczynia si\u0119 do utrzymania prawid\u0142owego funkcjonowania m\u00f3zgu.<\/p>\n<p>** DHA przyczynia si\u0119 do utrzymania prawid\u0142owego widzenia. Korzystne dzia\u0142anie wyst\u0119puje w przypadku spo\u017cywania 250 mg DHA dziennie.<\/p>\n<p>*** Witamina D pomaga w prawid\u0142owym funkcjonowaniu uk\u0142adu odporno\u015bciowego.<\/p>\n<h2 id=\"tab4\">Jak stosowa\u0107 Omega SMART+ dla dzieci i m\u0142odzie\u017cy?<strong>\u00a0<\/strong><\/h2>\n<p>Miodzi\u015b stawia na wygodn\u0105 suplementacj\u0119 dla swoich przyjaci\u00f3\u0142 i za\u0142\u0105czy\u0142 miark\u0119. Odmierzcie dzienn\u0105 porcj\u0119 i pijcie podczas posi\u0142ku &#8211; jako dodatek, na \u0142y\u017ceczce lub po rozcie\u0144czeniu z odrobin\u0105 wody. Na porcj\u0119 Omega o smaku gumy balonowej skusi si\u0119 ka\u017cdy mi\u015b!<\/p>\n<p>Zalecana dzienna porcja do spo\u017cycia niezb\u0119dna do uzyskania korzystnego efektu:<\/p>\n<ul>\n<li>dzieci powy\u017cej 3 roku \u017cycia: 2,5 ml (\u00bd miarki)<\/li>\n<li>dzieci powy\u017cej 10 roku \u017cycia &#8211; 5 ml (1 miarka)<\/li>\n<\/ul>\n<h2 id=\"tab5\">Information<strong>\u00a0<\/strong><\/h2>\n<p><strong>Net volume: <\/strong>100 ml<\/p>\n<p><strong>Ingredients: <\/strong>estry etylowe z oleju lnianego; olej z mikroalg Schizochytrium sp.; olej z og\u00f3recznika; olej z czarnuszki; olej z migda\u0142\u00f3w; naturalny aromat; przeciwutleniacz (ekstrakty z rozmarynu); cholekalcyferol (witamina D)<\/p>\n<p>Zalecana dzienna porcja do spo\u017cycia niezb\u0119dna do uzyskania korzystnego efektu to dla dzieci powy\u017cej 3 roku \u017cycia: 2,5 ml (\u00bd miarki) i dla dzieci powy\u017cej 10 roku \u017cycia &#8211; 5 ml (1 miarka).<\/p>\n<p><strong>Security measures: <\/strong>Nie nale\u017cy przekracza\u0107 zalecanej porcji do spo\u017cycia w ci\u0105gu dnia. Suplementy diety nie mog\u0105 by\u0107 stosowane jako substytut (zamiennik) zr\u00f3\u017cnicowanej diety. Zr\u00f3wnowa\u017cony spos\u00f3b \u017cywienia i zdrowy tryb \u017cycia s\u0105 istotne. Nie stosowa\u0107 w przypadku nadwra\u017cliwo\u015bci na sk\u0142adniki produktu. Ze wzgl\u0119du na naturalne pochodzenie olej\u00f3w ro\u015blinnych, w produkcie mog\u0105 wyst\u0119powa\u0107 zmiany barwy lub osad. Zjawiska te nie stanowi\u0105 wady jako\u015bciowej i nie wp\u0142ywaj\u0105 na jako\u015b\u0107 ani skuteczno\u015b\u0107 produktu.<\/p>\n<p><strong>Storage conditions:<\/strong> Przechowywa\u0107 w suchym i ch\u0142odnym miejscu, z dala od promieni s\u0142onecznych. Suplementy diety powinny by\u0107 przechowywane w spos\u00f3b niedost\u0119pny dla ma\u0142ych dzieci. Po otwarciu butelki suplement nale\u017cy przechowywa\u0107 w temperaturze poni\u017cej 5 stopni Celsjusza.<\/p>","protected":false},"excerpt":{"rendered":"<p>Nasz Miodzi\u015b to prawdziwy bystrzak i dobrze wie, co to znaczy by\u0107 SMART! Dlatego codziennie si\u0119ga po SMART+! To pyszny suplement, kt\u00f3ry wspiera prawid\u0142owy rozw\u00f3j, prac\u0119 m\u00f3zgu** i zdrowe widzenie**. Przyznacie sami, \u017ce to idealne wsparcie dla ma\u0142ych odkrywc\u00f3w, kt\u00f3rzy codziennie ucz\u0105 si\u0119 nowych rzeczy i poznaj\u0105 swoje pasje. Olej SMART+ jest wygodny w stosowaniu i bogaty w ro\u015blinne kwasy Omega 3, 6 i 9 (ALA i DHA) oraz witamin\u0119 D, kt\u00f3ra dba o odporno\u015b\u0107*** przez ca\u0142y rok. Ka\u017cda porcja wspiera koncentracj\u0119, pami\u0119\u0107 i pomaga utrzyma\u0107 dobry wzrok. A do tego olejowy suplement jest naprawd\u0119 SMART i cool, bo ma pyszny smak gumy balonowej, kt\u00f3ry dzieci uwielbiaj\u0105. Chod\u017acie z Miodzisiem po wsparcie m\u0142odych g\u0142\u00f3wek &#8211; SMART+ mo\u017cna podawa\u0107 ju\u017c od 3 roku \u017cycia!<\/p>","protected":false},"featured_media":7511,"template":"","meta":{"ocean_post_layout":"","ocean_both_sidebars_style":"","ocean_both_sidebars_content_width":0,"ocean_both_sidebars_sidebars_width":0,"ocean_sidebar":"0","ocean_second_sidebar":"0","ocean_disable_margins":"enable","ocean_add_body_class":"","ocean_shortcode_before_top_bar":"","ocean_shortcode_after_top_bar":"","ocean_shortcode_before_header":"","ocean_shortcode_after_header":"","ocean_has_shortcode":"","ocean_shortcode_after_title":"","ocean_shortcode_before_footer_widgets":"","ocean_shortcode_after_footer_widgets":"","ocean_shortcode_before_footer_bottom":"","ocean_shortcode_after_footer_bottom":"","ocean_display_top_bar":"default","ocean_display_header":"default","ocean_header_style":"","ocean_center_header_left_menu":"0","ocean_custom_header_template":"0","ocean_custom_logo":0,"ocean_custom_retina_logo":0,"ocean_custom_logo_max_width":0,"ocean_custom_logo_tablet_max_width":0,"ocean_custom_logo_mobile_max_width":0,"ocean_custom_logo_max_height":0,"ocean_custom_logo_tablet_max_height":0,"ocean_custom_logo_mobile_max_height":0,"ocean_header_custom_menu":"0","ocean_menu_typo_font_family":"0","ocean_menu_typo_font_subset":"","ocean_menu_typo_font_size":0,"ocean_menu_typo_font_size_tablet":0,"ocean_menu_typo_font_size_mobile":0,"ocean_menu_typo_font_size_unit":"px","ocean_menu_typo_font_weight":"","ocean_menu_typo_font_weight_tablet":"","ocean_menu_typo_font_weight_mobile":"","ocean_menu_typo_transform":"","ocean_menu_typo_transform_tablet":"","ocean_menu_typo_transform_mobile":"","ocean_menu_typo_line_height":0,"ocean_menu_typo_line_height_tablet":0,"ocean_menu_typo_line_height_mobile":0,"ocean_menu_typo_line_height_unit":"","ocean_menu_typo_spacing":0,"ocean_menu_typo_spacing_tablet":0,"ocean_menu_typo_spacing_mobile":0,"ocean_menu_typo_spacing_unit":"","ocean_menu_link_color":"","ocean_menu_link_color_hover":"","ocean_menu_link_color_active":"","ocean_menu_link_background":"","ocean_menu_link_hover_background":"","ocean_menu_link_active_background":"","ocean_menu_social_links_bg":"","ocean_menu_social_hover_links_bg":"","ocean_menu_social_links_color":"","ocean_menu_social_hover_links_color":"","ocean_disable_title":"default","ocean_disable_heading":"default","ocean_post_title":"","ocean_post_subheading":"","ocean_post_title_style":"","ocean_post_title_background_color":"","ocean_post_title_background":0,"ocean_post_title_bg_image_position":"","ocean_post_title_bg_image_attachment":"","ocean_post_title_bg_image_repeat":"","ocean_post_title_bg_image_size":"","ocean_post_title_height":0,"ocean_post_title_bg_overlay":0.5,"ocean_post_title_bg_overlay_color":"","ocean_disable_breadcrumbs":"default","ocean_breadcrumbs_color":"","ocean_breadcrumbs_separator_color":"","ocean_breadcrumbs_links_color":"","ocean_breadcrumbs_links_hover_color":"","ocean_display_footer_widgets":"default","ocean_display_footer_bottom":"default","ocean_custom_footer_template":"0"},"product_brand":[],"product_cat":[91,62,20],"product_tag":[],"class_list":{"0":"post-7510","1":"product","2":"type-product","3":"status-publish","4":"has-post-thumbnail","6":"product_cat-manufaktura-pasieki-sadowskich","7":"product_cat-odpornosc","8":"product_cat-dzieci","10":"entry","11":"has-media","13":"first","14":"instock","15":"shipping-taxable","16":"purchasable","17":"product-type-simple","18":"has-product-nav","19":"col","20":"span_1_of_3","21":"owp-content-left","22":"owp-thumbs-layout-horizontal","23":"owp-btn-normal","24":"owp-tabs-layout-horizontal","25":"has-no-thumbnails"},"_links":{"self":[{"href":"https:\/\/ecocorner.eu\/en\/wp-json\/wp\/v2\/product\/7510","targetHints":{"allow":["GET"]}}],"collection":[{"href":"https:\/\/ecocorner.eu\/en\/wp-json\/wp\/v2\/product"}],"about":[{"href":"https:\/\/ecocorner.eu\/en\/wp-json\/wp\/v2\/types\/product"}],"version-history":[{"count":1,"href":"https:\/\/ecocorner.eu\/en\/wp-json\/wp\/v2\/product\/7510\/revisions"}],"predecessor-version":[{"id":7512,"href":"https:\/\/ecocorner.eu\/en\/wp-json\/wp\/v2\/product\/7510\/revisions\/7512"}],"wp:featuredmedia":[{"embeddable":true,"href":"https:\/\/ecocorner.eu\/en\/wp-json\/wp\/v2\/media\/7511"}],"wp:attachment":[{"href":"https:\/\/ecocorner.eu\/en\/wp-json\/wp\/v2\/media?parent=7510"}],"wp:term":[{"taxonomy":"product_brand","embeddable":true,"href":"https:\/\/ecocorner.eu\/en\/wp-json\/wp\/v2\/product_brand?post=7510"},{"taxonomy":"product_cat","embeddable":true,"href":"https:\/\/ecocorner.eu\/en\/wp-json\/wp\/v2\/product_cat?post=7510"},{"taxonomy":"product_tag","embeddable":true,"href":"https:\/\/ecocorner.eu\/en\/wp-json\/wp\/v2\/product_tag?post=7510"}],"curies":[{"name":"wp","href":"https:\/\/api.w.org\/{rel}","templated":true}]}}