{"id":7551,"date":"2025-10-07T21:27:43","date_gmt":"2025-10-07T21:27:43","guid":{"rendered":"https:\/\/ecocorner.eu\/?post_type=product&#038;p=7551"},"modified":"2026-04-11T13:12:40","modified_gmt":"2026-04-11T13:12:40","slug":"mir-lek-mazidlo-dziurawcowe-z-jezowka-na-gesim-smalcu-60g","status":"publish","type":"product","link":"https:\/\/ecocorner.eu\/en\/product\/mir-lek-mazidlo-dziurawcowe-z-jezowka-na-gesim-smalcu-60g\/","title":{"rendered":"Mir Lek  Mazid\u0142o  dziurawcowe  z  je\u017c\u00f3wk\u0105  na  g\u0119sim  smalcu 60g"},"content":{"rendered":"<p><strong>Ingredients<\/strong> <strong>(INCI)<\/strong><br \/>\nGoose Butter, Hypericum Perforatum\u00a0 Herb Extract, Cetyl Alcohol, Hydrogenated Soybean Oil, Echinacea Purpurea Herb Extract, Lanolin, Tocopheryl Acetate, Melaleuca Alternifolia Oil<\/p>\n<p><strong>METHOD OF APPLICATION<\/strong><br \/>\nNanie\u015b\u0107 na sk\u00f3r\u0119, rozsmarowa\u0107, pozostawi\u0107 do wch\u0142oni\u0119cia.<\/p>\n<p><strong>keeping<\/strong><br \/>\nPrzechowywa\u0107 w ch\u0142odnym i ciemnym miejscu w spos\u00f3b niedost\u0119pny dla dzieci. Po otwarciu przechowywa\u0107 w lod\u00f3wce.<\/p>","protected":false},"excerpt":{"rendered":"<p>Zastosowanie: sk\u00f3ra sk\u0142onna do wykwit\u00f3w, wyprysk\u00f3w, zmian tr\u0105dzikowych.<\/p>\n<p><span data-huuid=\"15449360716924644708\">Ma\u015b\u0107 z dziurawca ma wszechstronne w\u0142a\u015bciwo\u015bci, przede wszystkim <mark class=\"QVRyCf\">przeciwzapalne, antybakteryjne i goj\u0105ce<\/mark>, dzi\u0119ki czemu jest stosowana do regeneracji uszkodzonej, zaczerwienionej lub tr\u0105dzikowej sk\u00f3ry, oparze\u0144, a tak\u017ce do \u0142agodzenia b\u00f3lu mi\u0119\u015bni i staw\u00f3w. <\/span><span data-huuid=\"15449360716924641967\">Wspomaga procesy odnowy sk\u00f3ry, nawil\u017ca, uj\u0119drnia i dzia\u0142a antyoksydacyjnie.<span class=\"pjBG2e\" data-cid=\"67637a27-dafd-411a-afbe-02220c7551cb\"><span class=\"UV3uM\">\u00a0<\/span><\/span><\/span><\/p>\n<div class=\"NPrrbc\" data-cid=\"67637a27-dafd-411a-afbe-02220c7551cb\" data-uuids=\"15449360716924644708,15449360716924641967\">\n<div class=\"BMebGe btku5b LwdV0e FR7ZSc OJeuxf\" tabindex=\"0\" role=\"button\" aria-label=\"View related links\" data-hveid=\"CAQQAQ\" data-ved=\"2ahUKEwjro7mbg5OQAxVYU0EAHbMSM7UQ3fYKegQIBBAB\">\n<div class=\"niO4u\"><\/div>\n<\/div>\n<\/div>\n<div class=\"WaaZC\">\n<div class=\"RJPOee EIJn2\">\n<div class=\"rPeykc\" data-hveid=\"CAMQAQ\" data-ved=\"2ahUKEwjro7mbg5OQAxVYU0EAHbMSM7UQo_EKegQIAxAB\"><span data-huuid=\"375792526450734536\"><span role=\"heading\" aria-level=\"2\">W\u0142a\u015bciwo\u015bci i zastosowania w piel\u0119gnacji sk\u00f3ry:<\/span> <\/span><\/div>\n<\/div>\n<\/div>\n<div class=\"WaaZC\">\n<div class=\"RJPOee EIJn2\">\n<ul data-hveid=\"CC0QAQ\" data-ved=\"2ahUKEwjro7mbg5OQAxVYU0EAHbMSM7UQm_YKegQILRAB\">\n<li>\n<div class=\"zMgcWd dSKvsb\" data-il=\"\">\n<div data-crb-p=\"\">\n<div class=\"xFTqob\">\n<div class=\"Gur8Ad\"><span data-huuid=\"375792526450733459\"><strong>Regeneracja sk\u00f3ry:<\/strong> <\/span><\/div>\n<div class=\"vM0jzc\"><span data-huuid=\"375792526450733100\">Przyspiesza gojenie ran, oparze\u0144, otar\u0107 oraz wspomaga regeneracj\u0119 sk\u00f3ry zniszczonej i zaczerwienionej.<span class=\"pjBG2e\" data-cid=\"e381de85-1c57-42f2-964c-70e1fc082572\"><span class=\"UV3uM\">\u00a0<\/span><\/span><\/span><\/p>\n<div class=\"NPrrbc\" data-cid=\"e381de85-1c57-42f2-964c-70e1fc082572\" data-uuids=\"375792526450733459,375792526450733100\"><\/div>\n<\/div>\n<\/div>\n<\/div>\n<div data-crb-p=\"\"><\/div>\n<\/div>\n<\/li>\n<\/ul>\n<\/div>\n<\/div>\n<ul>\n<li>\n<div class=\"zMgcWd dSKvsb\" data-il=\"\">\n<div data-crb-p=\"\">\n<div class=\"xFTqob\">\n<div class=\"Gur8Ad\"><span data-huuid=\"375792526450736478\"><strong>Dzia\u0142anie przeciwzapalne:<\/strong> <\/span><\/div>\n<div class=\"vM0jzc\"><span data-huuid=\"375792526450736119\">\u0141agodzi stany zapalne, np. przy tr\u0105dziku m\u0142odzie\u0144czym czy atopowym zapaleniu sk\u00f3ry (AZS).<span class=\"pjBG2e\" data-cid=\"f29e9e36-6a0d-4f32-8841-76cfce97935d\"><span class=\"UV3uM\">\u00a0<\/span><\/span><\/span><\/p>\n<div class=\"NPrrbc\" data-cid=\"f29e9e36-6a0d-4f32-8841-76cfce97935d\" data-uuids=\"375792526450736478,375792526450736119\">\n<div class=\"BMebGe btku5b LwdV0e FR7ZSc OJeuxf\" tabindex=\"0\" role=\"button\" aria-label=\"View related links\" data-hveid=\"CCUQAQ\" data-ved=\"2ahUKEwjro7mbg5OQAxVYU0EAHbMSM7UQ3fYKegQIJRAB\">\n<div class=\"niO4u\"><\/div>\n<\/div>\n<\/div>\n<\/div>\n<\/div>\n<\/div>\n<div data-crb-p=\"\"><\/div>\n<\/div>\n<\/li>\n<li>\n<div class=\"zMgcWd dSKvsb\" data-il=\"\">\n<div data-crb-p=\"\">\n<div class=\"xFTqob\">\n<div class=\"Gur8Ad\"><span data-huuid=\"375792526450735401\"><strong>Antybakteryjne:<\/strong> <\/span><\/div>\n<div class=\"vM0jzc\"><span data-huuid=\"375792526450735042\">Hamuje rozw\u00f3j bakterii, w tym szczep\u00f3w gronkowc\u00f3w, kt\u00f3re cz\u0119sto atakuj\u0105 uszkodzon\u0105 sk\u00f3r\u0119.<span class=\"pjBG2e\" data-cid=\"67a406a2-251a-418f-be12-7db5329bedb7\"><span class=\"UV3uM\">\u00a0<\/span><\/span><\/span><\/p>\n<div class=\"NPrrbc\" data-cid=\"67a406a2-251a-418f-be12-7db5329bedb7\" data-uuids=\"375792526450735401,375792526450735042\">\n<div class=\"BMebGe btku5b LwdV0e FR7ZSc OJeuxf\" tabindex=\"0\" role=\"button\" aria-label=\"View related links\" data-hveid=\"CCYQAQ\" data-ved=\"2ahUKEwjro7mbg5OQAxVYU0EAHbMSM7UQ3fYKegQIJhAB\">\n<div class=\"niO4u\"><\/div>\n<\/div>\n<\/div>\n<\/div>\n<\/div>\n<\/div>\n<div data-crb-p=\"\"><\/div>\n<\/div>\n<\/li>\n<li>\n<div class=\"zMgcWd dSKvsb\" data-il=\"\">\n<div data-crb-p=\"\">\n<div class=\"xFTqob\">\n<div class=\"Gur8Ad\"><span data-huuid=\"375792526450734324\"><strong>Dzia\u0142anie antyoksydacyjne:<\/strong> <\/span><\/div>\n<div class=\"vM0jzc\"><span data-huuid=\"375792526450733965\">Zawiera flawonoidy, kt\u00f3re zwalczaj\u0105 wolne rodniki, op\u00f3\u017aniaj\u0105c procesy starzenia si\u0119 sk\u00f3ry i wyg\u0142adzaj\u0105c zmarszczki.<span class=\"pjBG2e\" data-cid=\"10bb03d4-accd-466a-9d09-d65587b5a96d\"><span class=\"UV3uM\">\u00a0<\/span><\/span><\/span><\/p>\n<div class=\"NPrrbc\" data-cid=\"10bb03d4-accd-466a-9d09-d65587b5a96d\" data-uuids=\"375792526450734324,375792526450733965\">\n<div class=\"BMebGe btku5b LwdV0e FR7ZSc OJeuxf\" tabindex=\"0\" role=\"button\" aria-label=\"View related links\" data-hveid=\"CCgQAQ\" data-ved=\"2ahUKEwjro7mbg5OQAxVYU0EAHbMSM7UQ3fYKegQIKBAB\">\n<div class=\"niO4u\"><\/div>\n<\/div>\n<\/div>\n<\/div>\n<\/div>\n<\/div>\n<div data-crb-p=\"\"><\/div>\n<\/div>\n<\/li>\n<li>\n<div class=\"zMgcWd dSKvsb\" data-il=\"\">\n<div data-crb-p=\"\">\n<div class=\"xFTqob\">\n<div class=\"Gur8Ad\"><span data-huuid=\"375792526450733247\"><strong>Nawil\u017cenie i uj\u0119drnienie:<\/strong> <\/span><\/div>\n<div class=\"vM0jzc\"><span data-huuid=\"375792526450736984\">G\u0142\u0119boko nawil\u017ca sk\u00f3r\u0119, przywracaj\u0105c jej elastyczno\u015b\u0107 i m\u0142odzie\u0144czy blask.<span class=\"pjBG2e\" data-cid=\"1667ca7b-c4e0-4776-937b-78db1b2746d2\"><span class=\"UV3uM\">\u00a0<\/span><\/span><\/span><\/p>\n<div class=\"NPrrbc\" data-cid=\"1667ca7b-c4e0-4776-937b-78db1b2746d2\" data-uuids=\"375792526450733247,375792526450736984\">\n<div class=\"BMebGe btku5b LwdV0e FR7ZSc OJeuxf\" tabindex=\"0\" role=\"button\" aria-label=\"View related links\" data-hveid=\"CBQQAQ\" data-ved=\"2ahUKEwjro7mbg5OQAxVYU0EAHbMSM7UQ3fYKegQIFBAB\">\n<div class=\"niO4u\"><\/div>\n<\/div>\n<\/div>\n<\/div>\n<\/div>\n<\/div>\n<div data-crb-p=\"\"><\/div>\n<\/div>\n<\/li>\n<li>\n<div class=\"zMgcWd dSKvsb\" data-il=\"\">\n<div data-crb-p=\"\">\n<div class=\"xFTqob\">\n<div class=\"Gur8Ad\"><span data-huuid=\"375792526450736266\"><strong>Piel\u0119gnacja sk\u00f3ry problematycznej:<\/strong> <\/span><\/div>\n<div class=\"vM0jzc\"><span data-huuid=\"375792526450735907\">Mo\u017ce by\u0107 stosowana do piel\u0119gnacji sk\u00f3ry t\u0142ustej, tr\u0105dzikowej, a tak\u017ce suchej i p\u0119kaj\u0105cej.<span class=\"pjBG2e\" data-cid=\"3230bff4-359e-41ae-8bb4-c22bf3621c8e\"><span class=\"UV3uM\">\u00a0<\/span><\/span><\/span><\/p>\n<div class=\"NPrrbc\" data-cid=\"3230bff4-359e-41ae-8bb4-c22bf3621c8e\" data-uuids=\"375792526450736266,375792526450735907\">\n<div class=\"BMebGe btku5b LwdV0e FR7ZSc OJeuxf\" tabindex=\"0\" role=\"button\" aria-label=\"View related links\" data-hveid=\"CCcQAQ\" data-ved=\"2ahUKEwjro7mbg5OQAxVYU0EAHbMSM7UQ3fYKegQIJxAB\">\n<div class=\"niO4u\"><\/div>\n<\/div>\n<\/div>\n<\/div>\n<\/div>\n<\/div>\n<div data-crb-p=\"\"><\/div>\n<\/div>\n<\/li>\n<\/ul>\n<div class=\"WaaZC\">\n<div class=\"RJPOee EIJn2\"><\/div>\n<\/div>\n<div class=\"WaaZC\">\n<div class=\"RJPOee EIJn2\">\n<div class=\"rPeykc uP58nb\" data-hveid=\"CDMQAQ\" data-ved=\"2ahUKEwjro7mbg5OQAxVYU0EAHbMSM7UQo_EKegQIMxAB\"><span data-huuid=\"15449360716924644677\"><span role=\"heading\" aria-level=\"2\">Inne zastosowania:<\/span> <\/span><\/div>\n<\/div>\n<\/div>\n<div class=\"WaaZC\">\n<div class=\"RJPOee EIJn2\">\n<ul data-hveid=\"CD4QAQ\" data-ved=\"2ahUKEwjro7mbg5OQAxVYU0EAHbMSM7UQm_YKegQIPhAB\">\n<li>\n<div class=\"zMgcWd dSKvsb\" data-il=\"\">\n<div data-crb-p=\"\">\n<div class=\"xFTqob\">\n<div class=\"Gur8Ad\"><span data-huuid=\"15449360716924644646\"><strong>\u0141agodzenie b\u00f3lu:<\/strong> <\/span><\/div>\n<div class=\"vM0jzc\"><span data-huuid=\"15449360716924641905\">Mo\u017ce by\u0107 stosowana do \u0142agodzenia b\u00f3lu mi\u0119\u015bni, staw\u00f3w, nerw\u00f3w, a tak\u017ce obrz\u0119k\u00f3w i \u017cylak\u00f3w.<span class=\"pjBG2e\" data-cid=\"935101b5-ed8a-449e-85f5-4c10c49fc72e\"><span class=\"UV3uM\">\u00a0<\/span><\/span><\/span><\/p>\n<div class=\"NPrrbc\" data-cid=\"935101b5-ed8a-449e-85f5-4c10c49fc72e\" data-uuids=\"15449360716924644646,15449360716924641905\"><\/div>\n<\/div>\n<\/div>\n<\/div>\n<div data-crb-p=\"\"><\/div>\n<\/div>\n<\/li>\n<\/ul>\n<\/div>\n<\/div>\n<ul>\n<li>\n<div class=\"zMgcWd dSKvsb\" data-il=\"\">\n<div data-crb-p=\"\">\n<div class=\"xFTqob\">\n<div class=\"Gur8Ad\"><span data-huuid=\"15449360716924644615\"><strong>Wsparcie przy problemach sk\u00f3rnych:<\/strong> <\/span><\/div>\n<div class=\"vM0jzc\"><span data-huuid=\"15449360716924641874\">Pomaga przy uk\u0105szeniach owad\u00f3w, egzemie, a tak\u017ce przy owrzodzeniach n\u00f3g.<span class=\"pjBG2e\" data-cid=\"5f6693ed-895e-4974-8640-9b0dbfbeb2d7\"><span class=\"UV3uM\">\u00a0<\/span><\/span><\/span><\/p>\n<div class=\"NPrrbc\" data-cid=\"5f6693ed-895e-4974-8640-9b0dbfbeb2d7\" data-uuids=\"15449360716924644615,15449360716924641874\">\n<div class=\"BMebGe btku5b LwdV0e FR7ZSc OJeuxf\" tabindex=\"0\" role=\"button\" aria-label=\"View related links\" data-hveid=\"CDsQAQ\" data-ved=\"2ahUKEwjro7mbg5OQAxVYU0EAHbMSM7UQ3fYKegQIOxAB\">\n<div class=\"niO4u\"><\/div>\n<\/div>\n<\/div>\n<\/div>\n<\/div>\n<\/div>\n<div data-crb-p=\"\"><\/div>\n<\/div>\n<\/li>\n<\/ul>\n<div class=\"WaaZC\">\n<div class=\"RJPOee EIJn2\"><\/div>\n<\/div>\n<div class=\"WaaZC\">\n<div class=\"RJPOee EIJn2\">\n<div class=\"rPeykc uP58nb\" data-hveid=\"CEIQAQ\" data-ved=\"2ahUKEwjro7mbg5OQAxVYU0EAHbMSM7UQo_EKegQIQhAB\"><span data-huuid=\"13939247181614705892\"><span role=\"heading\" aria-level=\"2\">Kluczowe sk\u0142adniki i mechanizm dzia\u0142ania:<\/span> <\/span><\/div>\n<\/div>\n<\/div>\n<div class=\"WaaZC\">\n<div class=\"RJPOee EIJn2\">\n<ul data-hveid=\"CEYQAQ\" data-ved=\"2ahUKEwjro7mbg5OQAxVYU0EAHbMSM7UQm_YKegQIRhAB\">\n<li><span data-huuid=\"13939247181614704553\"><strong>Hiperycyna:<\/strong> <\/span><span data-huuid=\"13939247181614705472\">G\u0142\u00f3wny barwnik dziurawca, o w\u0142a\u015bciwo\u015bciach koj\u0105cych i \u0142agodz\u0105cych, cho\u0107 w ma\u015bciach zazwyczaj si\u0119 go usuwa, aby zapobiec fotouczuleniu.<span class=\"pjBG2e\" data-cid=\"ec1e55cb-9625-4cd8-87c9-2f86f2b19a8e\"><span class=\"UV3uM\">\u00a0<\/span><\/span><\/span>\n<div class=\"NPrrbc\" data-cid=\"ec1e55cb-9625-4cd8-87c9-2f86f2b19a8e\" data-uuids=\"13939247181614704553,13939247181614705472\"><\/div>\n<\/li>\n<\/ul>\n<\/div>\n<\/div>\n<ul>\n<li><span data-huuid=\"13939247181614703214\"><strong>Flawonoidy:<\/strong> <\/span><span data-huuid=\"13939247181614704133\">Zwi\u0105zki o silnym dzia\u0142aniu antyoksydacyjnym.<span class=\"pjBG2e\" data-cid=\"00855d85-bd0a-49a0-bdea-8cbfef47645a\"><span class=\"UV3uM\">\u00a0<\/span><\/span><\/span>\n<div class=\"NPrrbc\" data-cid=\"00855d85-bd0a-49a0-bdea-8cbfef47645a\" data-uuids=\"13939247181614703214,13939247181614704133\">\n<div class=\"BMebGe btku5b LwdV0e FR7ZSc OJeuxf\" tabindex=\"0\" role=\"button\" aria-label=\"View related links\" data-hveid=\"CE8QAQ\" data-ved=\"2ahUKEwjro7mbg5OQAxVYU0EAHbMSM7UQ3fYKegQITxAB\">\n<div class=\"niO4u\"><\/div>\n<\/div>\n<\/div>\n<\/li>\n<\/ul>","protected":false},"featured_media":7552,"template":"","meta":{"ocean_post_layout":"","ocean_both_sidebars_style":"","ocean_both_sidebars_content_width":0,"ocean_both_sidebars_sidebars_width":0,"ocean_sidebar":"0","ocean_second_sidebar":"0","ocean_disable_margins":"enable","ocean_add_body_class":"","ocean_shortcode_before_top_bar":"","ocean_shortcode_after_top_bar":"","ocean_shortcode_before_header":"","ocean_shortcode_after_header":"","ocean_has_shortcode":"","ocean_shortcode_after_title":"","ocean_shortcode_before_footer_widgets":"","ocean_shortcode_after_footer_widgets":"","ocean_shortcode_before_footer_bottom":"","ocean_shortcode_after_footer_bottom":"","ocean_display_top_bar":"default","ocean_display_header":"default","ocean_header_style":"","ocean_center_header_left_menu":"0","ocean_custom_header_template":"0","ocean_custom_logo":0,"ocean_custom_retina_logo":0,"ocean_custom_logo_max_width":0,"ocean_custom_logo_tablet_max_width":0,"ocean_custom_logo_mobile_max_width":0,"ocean_custom_logo_max_height":0,"ocean_custom_logo_tablet_max_height":0,"ocean_custom_logo_mobile_max_height":0,"ocean_header_custom_menu":"0","ocean_menu_typo_font_family":"0","ocean_menu_typo_font_subset":"","ocean_menu_typo_font_size":0,"ocean_menu_typo_font_size_tablet":0,"ocean_menu_typo_font_size_mobile":0,"ocean_menu_typo_font_size_unit":"px","ocean_menu_typo_font_weight":"","ocean_menu_typo_font_weight_tablet":"","ocean_menu_typo_font_weight_mobile":"","ocean_menu_typo_transform":"","ocean_menu_typo_transform_tablet":"","ocean_menu_typo_transform_mobile":"","ocean_menu_typo_line_height":0,"ocean_menu_typo_line_height_tablet":0,"ocean_menu_typo_line_height_mobile":0,"ocean_menu_typo_line_height_unit":"","ocean_menu_typo_spacing":0,"ocean_menu_typo_spacing_tablet":0,"ocean_menu_typo_spacing_mobile":0,"ocean_menu_typo_spacing_unit":"","ocean_menu_link_color":"","ocean_menu_link_color_hover":"","ocean_menu_link_color_active":"","ocean_menu_link_background":"","ocean_menu_link_hover_background":"","ocean_menu_link_active_background":"","ocean_menu_social_links_bg":"","ocean_menu_social_hover_links_bg":"","ocean_menu_social_links_color":"","ocean_menu_social_hover_links_color":"","ocean_disable_title":"default","ocean_disable_heading":"default","ocean_post_title":"","ocean_post_subheading":"","ocean_post_title_style":"","ocean_post_title_background_color":"","ocean_post_title_background":0,"ocean_post_title_bg_image_position":"","ocean_post_title_bg_image_attachment":"","ocean_post_title_bg_image_repeat":"","ocean_post_title_bg_image_size":"","ocean_post_title_height":0,"ocean_post_title_bg_overlay":0.5,"ocean_post_title_bg_overlay_color":"","ocean_disable_breadcrumbs":"default","ocean_breadcrumbs_color":"","ocean_breadcrumbs_separator_color":"","ocean_breadcrumbs_links_color":"","ocean_breadcrumbs_links_hover_color":"","ocean_display_footer_widgets":"default","ocean_display_footer_bottom":"default","ocean_custom_footer_template":"0"},"product_brand":[],"product_cat":[17,87],"product_tag":[],"class_list":{"0":"post-7551","1":"product","2":"type-product","3":"status-publish","4":"has-post-thumbnail","6":"product_cat-cialo","7":"product_cat-masci-lecznicze","9":"entry","10":"has-media","12":"first","13":"instock","14":"shipping-taxable","15":"purchasable","16":"product-type-simple","17":"has-product-nav","18":"col","19":"span_1_of_3","20":"owp-content-left","21":"owp-thumbs-layout-horizontal","22":"owp-btn-normal","23":"owp-tabs-layout-horizontal","24":"has-no-thumbnails"},"_links":{"self":[{"href":"https:\/\/ecocorner.eu\/en\/wp-json\/wp\/v2\/product\/7551","targetHints":{"allow":["GET"]}}],"collection":[{"href":"https:\/\/ecocorner.eu\/en\/wp-json\/wp\/v2\/product"}],"about":[{"href":"https:\/\/ecocorner.eu\/en\/wp-json\/wp\/v2\/types\/product"}],"version-history":[{"count":1,"href":"https:\/\/ecocorner.eu\/en\/wp-json\/wp\/v2\/product\/7551\/revisions"}],"predecessor-version":[{"id":7553,"href":"https:\/\/ecocorner.eu\/en\/wp-json\/wp\/v2\/product\/7551\/revisions\/7553"}],"wp:featuredmedia":[{"embeddable":true,"href":"https:\/\/ecocorner.eu\/en\/wp-json\/wp\/v2\/media\/7552"}],"wp:attachment":[{"href":"https:\/\/ecocorner.eu\/en\/wp-json\/wp\/v2\/media?parent=7551"}],"wp:term":[{"taxonomy":"product_brand","embeddable":true,"href":"https:\/\/ecocorner.eu\/en\/wp-json\/wp\/v2\/product_brand?post=7551"},{"taxonomy":"product_cat","embeddable":true,"href":"https:\/\/ecocorner.eu\/en\/wp-json\/wp\/v2\/product_cat?post=7551"},{"taxonomy":"product_tag","embeddable":true,"href":"https:\/\/ecocorner.eu\/en\/wp-json\/wp\/v2\/product_tag?post=7551"}],"curies":[{"name":"wp","href":"https:\/\/api.w.org\/{rel}","templated":true}]}}