{"id":7554,"date":"2025-10-07T21:32:36","date_gmt":"2025-10-07T21:32:36","guid":{"rendered":"https:\/\/ecocorner.eu\/?post_type=product&#038;p=7554"},"modified":"2025-12-11T21:04:21","modified_gmt":"2025-12-11T21:04:21","slug":"mir-lek-nalewka-shiitake-z-ostropestem-watroba-50ml","status":"publish","type":"product","link":"https:\/\/ecocorner.eu\/en\/product\/mir-lek-nalewka-shiitake-z-ostropestem-watroba-50ml\/","title":{"rendered":"Mir Lek  Nalewka shiitake z  ostropestem &#8211; w\u0105troba 50ml"},"content":{"rendered":"<p><strong>Ingredients<\/strong><br \/>\nWyci\u0105gi etanolowo-wodno-glicerynowe 1:3 z owocnika twardnika japo\u0144skiego-shiitake (Lentinula edodes) 70 %, wyci\u0105g z nasion ostropestu plamistego (Silybum marianum) 28,5 %, kwas askorbinowy 1,5 %. Po sporz\u0105dzeniu wyci\u0105gu alkohol etylenowy zosta\u0142 usuni\u0119ty Produkt mo\u017ce zawiera\u0107 pozosta\u0142o\u015b\u0107 alkoholu etylowego- mniej ni\u017c 0,5%<\/p>\n<p><u>Zawarto\u015b\u0107 2 ml:<\/u><br \/>\n\u2022 Suszony owocnik twardnika japo\u0144skiego &#8211; 467 mg<br \/>\n\u2022 Nasiona ostropestu plamistego &#8211; 170 mg<br \/>\n\u2022 Kwas askorbinowy (wit. C) &#8211; 30 mg<\/p>\n<p><strong>METHOD OF APPLICATION<\/strong><br \/>\nZalecane spo\u017cycie: 2 razy w ci\u0105gu doby po 1 ml ( 2 porcje pipety). 1 ml (2 porcje pipety) zaaplikowa\u0107 do jamy ustnej, wymiesza\u0107 ze \u015blin\u0105, po\u0142kn\u0105\u0107, lub rozpu\u015bci\u0107 w niewielkiej ilo\u015bci wody i wypi\u0107. Wstrz\u0105sn\u0105\u0107 przed spo\u017cyciem-osad jest zjawiskiem naturalnym.<\/p>\n<p><strong>note<\/strong><br \/>\nSuplement diety nie mo\u017ce by\u0107 stosowany jako substytut (zamiennik) zr\u00f3\u017cnicowanej diety. Zalecany jest zr\u00f3wnowa\u017cony spos\u00f3b \u017cywienia i zdrowy styl \u017cycia. Kobiety w ci\u0105\u017cy i karmi\u0105ce piersi\u0105 przed spo\u017cyciem powinny skontaktowa\u0107 si\u0119 z lekarzem. Nie przekracza\u0107 zalecanej porcji do spo\u017cycia w ci\u0105gu dnia.<\/p>\n<p><strong>keeping<\/strong><br \/>\nPrzechowywa\u0107 w ch\u0142odnym i ciemnym miejscu w spos\u00f3b niedost\u0119pny dla dzieci. Po otwarciu przechowywa\u0107 w lod\u00f3wce.<\/p>","protected":false},"excerpt":{"rendered":"<p><span data-huuid=\"840377941656210709\">Nalewka z grzyb\u00f3w shiitake wzmacnia odporno\u015b\u0107 dzi\u0119ki zawartym w niej beta-glukanom i lentinianowi, kt\u00f3re stymuluj\u0105 kom\u00f3rki uk\u0142adu immunologicznego. <\/span><\/p>\n<p><span data-huuid=\"840377941656210408\">Ma r\u00f3wnie\u017c w\u0142a\u015bciwo\u015bci obni\u017caj\u0105ce cholesterol, wspieraj\u0105ce zdrowie serca, dzia\u0142aj\u0105ce przeciwzapalnie i detoksykacyjnie. <\/span><\/p>\n<p><span data-huuid=\"840377941656210107\">W tradycji Dalekiego Wschodu shiitake s\u0105 cenione za swoje dzia\u0142anie wzmacniaj\u0105ce og\u00f3lne, wp\u0142yw na zdrowie sk\u00f3ry i w\u0142os\u00f3w, a tak\u017ce wsparcie dla uk\u0142adu nerwowego.<\/span><\/p>\n<p>Wyci\u0105g z ostropestu chroni w\u0105trob\u0119 .<\/p>","protected":false},"featured_media":7555,"template":"","meta":{"ocean_post_layout":"","ocean_both_sidebars_style":"","ocean_both_sidebars_content_width":0,"ocean_both_sidebars_sidebars_width":0,"ocean_sidebar":"0","ocean_second_sidebar":"0","ocean_disable_margins":"enable","ocean_add_body_class":"","ocean_shortcode_before_top_bar":"","ocean_shortcode_after_top_bar":"","ocean_shortcode_before_header":"","ocean_shortcode_after_header":"","ocean_has_shortcode":"","ocean_shortcode_after_title":"","ocean_shortcode_before_footer_widgets":"","ocean_shortcode_after_footer_widgets":"","ocean_shortcode_before_footer_bottom":"","ocean_shortcode_after_footer_bottom":"","ocean_display_top_bar":"default","ocean_display_header":"default","ocean_header_style":"","ocean_center_header_left_menu":"0","ocean_custom_header_template":"0","ocean_custom_logo":0,"ocean_custom_retina_logo":0,"ocean_custom_logo_max_width":0,"ocean_custom_logo_tablet_max_width":0,"ocean_custom_logo_mobile_max_width":0,"ocean_custom_logo_max_height":0,"ocean_custom_logo_tablet_max_height":0,"ocean_custom_logo_mobile_max_height":0,"ocean_header_custom_menu":"0","ocean_menu_typo_font_family":"0","ocean_menu_typo_font_subset":"","ocean_menu_typo_font_size":0,"ocean_menu_typo_font_size_tablet":0,"ocean_menu_typo_font_size_mobile":0,"ocean_menu_typo_font_size_unit":"px","ocean_menu_typo_font_weight":"","ocean_menu_typo_font_weight_tablet":"","ocean_menu_typo_font_weight_mobile":"","ocean_menu_typo_transform":"","ocean_menu_typo_transform_tablet":"","ocean_menu_typo_transform_mobile":"","ocean_menu_typo_line_height":0,"ocean_menu_typo_line_height_tablet":0,"ocean_menu_typo_line_height_mobile":0,"ocean_menu_typo_line_height_unit":"","ocean_menu_typo_spacing":0,"ocean_menu_typo_spacing_tablet":0,"ocean_menu_typo_spacing_mobile":0,"ocean_menu_typo_spacing_unit":"","ocean_menu_link_color":"","ocean_menu_link_color_hover":"","ocean_menu_link_color_active":"","ocean_menu_link_background":"","ocean_menu_link_hover_background":"","ocean_menu_link_active_background":"","ocean_menu_social_links_bg":"","ocean_menu_social_hover_links_bg":"","ocean_menu_social_links_color":"","ocean_menu_social_hover_links_color":"","ocean_disable_title":"default","ocean_disable_heading":"default","ocean_post_title":"","ocean_post_subheading":"","ocean_post_title_style":"","ocean_post_title_background_color":"","ocean_post_title_background":0,"ocean_post_title_bg_image_position":"","ocean_post_title_bg_image_attachment":"","ocean_post_title_bg_image_repeat":"","ocean_post_title_bg_image_size":"","ocean_post_title_height":0,"ocean_post_title_bg_overlay":0.5,"ocean_post_title_bg_overlay_color":"","ocean_disable_breadcrumbs":"default","ocean_breadcrumbs_color":"","ocean_breadcrumbs_separator_color":"","ocean_breadcrumbs_links_color":"","ocean_breadcrumbs_links_hover_color":"","ocean_display_footer_widgets":"default","ocean_display_footer_bottom":"default","ocean_custom_footer_template":"0"},"product_brand":[],"product_cat":[62,21],"product_tag":[],"class_list":{"0":"post-7554","1":"product","2":"type-product","3":"status-publish","4":"has-post-thumbnail","6":"product_cat-odpornosc","7":"product_cat-zdrowie","9":"entry","10":"has-media","12":"first","13":"outofstock","14":"shipping-taxable","15":"purchasable","16":"product-type-simple","17":"has-product-nav","18":"col","19":"span_1_of_3","20":"owp-content-left","21":"owp-thumbs-layout-horizontal","22":"owp-btn-normal","23":"owp-tabs-layout-horizontal","24":"has-no-thumbnails"},"_links":{"self":[{"href":"https:\/\/ecocorner.eu\/en\/wp-json\/wp\/v2\/product\/7554","targetHints":{"allow":["GET"]}}],"collection":[{"href":"https:\/\/ecocorner.eu\/en\/wp-json\/wp\/v2\/product"}],"about":[{"href":"https:\/\/ecocorner.eu\/en\/wp-json\/wp\/v2\/types\/product"}],"version-history":[{"count":1,"href":"https:\/\/ecocorner.eu\/en\/wp-json\/wp\/v2\/product\/7554\/revisions"}],"predecessor-version":[{"id":7556,"href":"https:\/\/ecocorner.eu\/en\/wp-json\/wp\/v2\/product\/7554\/revisions\/7556"}],"wp:featuredmedia":[{"embeddable":true,"href":"https:\/\/ecocorner.eu\/en\/wp-json\/wp\/v2\/media\/7555"}],"wp:attachment":[{"href":"https:\/\/ecocorner.eu\/en\/wp-json\/wp\/v2\/media?parent=7554"}],"wp:term":[{"taxonomy":"product_brand","embeddable":true,"href":"https:\/\/ecocorner.eu\/en\/wp-json\/wp\/v2\/product_brand?post=7554"},{"taxonomy":"product_cat","embeddable":true,"href":"https:\/\/ecocorner.eu\/en\/wp-json\/wp\/v2\/product_cat?post=7554"},{"taxonomy":"product_tag","embeddable":true,"href":"https:\/\/ecocorner.eu\/en\/wp-json\/wp\/v2\/product_tag?post=7554"}],"curies":[{"name":"wp","href":"https:\/\/api.w.org\/{rel}","templated":true}]}}