{"id":7568,"date":"2025-10-08T17:15:06","date_gmt":"2025-10-08T17:15:06","guid":{"rendered":"https:\/\/ecocorner.eu\/?post_type=product&#038;p=7568"},"modified":"2026-04-11T13:13:07","modified_gmt":"2026-04-11T13:13:07","slug":"royal-brand-ekstrakt-z-melisy-lekarskiej-bio-50ml","status":"publish","type":"product","link":"https:\/\/ecocorner.eu\/en\/product\/royal-brand-ekstrakt-z-melisy-lekarskiej-bio-50ml\/","title":{"rendered":"Royal  Brand   Ekstrakt  z  Melisy lekarskiej BIO 50ml"},"content":{"rendered":"<p>&nbsp;<\/p>\n<p><strong>Ingredients<\/strong><br \/>\nEkstrakt z BIO Melisy; Melissa officinalis (ekstrahent 90% alkoholu bio), sk\u0142adniki czynne: polifenole: flawonoidy, antocyjany, garbniki, kwasy organiczne, saponiny.<\/p>\n<p><strong>METHOD OF APPLICATION<\/strong><br \/>\n1-2 \u0142y\u017ceczki (11-22 krople) w ci\u0105gu dnia(4ml = 1 \u0142y\u017ceczka)<\/p>\n<p><strong>note<\/strong><br \/>\nProdukt mo\u017ce zaburza\u0107 zdolno\u015bci prowadzenia pojazd\u00f3w i obs\u0142ugiwania maszyn. Suplement diety nie mo\u017ce by\u0107 stosowany jako substytut (zamiennik) zr\u00f3\u017cnicowanej diety. Zalecany jest zr\u00f3wnowa\u017cony spos\u00f3b \u017cywienia i zdrowy styl \u017cycia. Kobiety w ci\u0105\u017cy i karmi\u0105ce piersi\u0105 przed spo\u017cyciem powinny skontaktowa\u0107 si\u0119 z lekarzem. Nie przekracza\u0107 zalecanej porcji do spo\u017cycia w ci\u0105gu dnia.<\/p>\n<p><strong>keeping<\/strong><br \/>\nPrzechowywa\u0107 w temperaturze pokojowej w spos\u00f3b niedost\u0119pny dla ma\u0142ych dzieci. Chroni\u0107 przed s\u0142o\u0144cem i przechowywa\u0107 w suchym miejscu.<\/p>","protected":false},"excerpt":{"rendered":"<p>Ekstrakt powstaje w wyniku zimnej ekstrakcji, dzi\u0119ki kt\u00f3rej zachowane zostaje pe\u0142ne spektrum bioaktywnych sk\u0142adnik\u00f3w, a sam preparat cechuje si\u0119 wysok\u0105 biodost\u0119pno\u015bci\u0105 i skuteczno\u015bci\u0105. W przeciwie\u0144stwie do tradycyjnych metod, technika zimnej ekstrakcji umo\u017cliwia wydobycie cennych substancji aktywnych. Full Spectrum Extraction gwarantuje maksymalne pozyskanie warto\u015bciowych sk\u0142adnik\u00f3w z ka\u017cdego grama li\u015bcie melisy lekarskiej bio. Ekstrakt bazuje na alkoholu, poniewa\u017c tylko taka forma ekstrakcji zapewnia pe\u0142n\u0105 bioaktywacj\u0119 wszystkich sk\u0142adnik\u00f3w.<\/p>\n<p><span data-huuid=\"14816922290692358035\">Ekstrakt z li\u015bci melisy lekarskiej (Melissa officinalis) to skoncentrowana forma ro\u015bliny o dzia\u0142aniu uspokajaj\u0105cym, \u0142agodz\u0105cym stres, poprawiaj\u0105cym jako\u015b\u0107 snu oraz pozytywnie wp\u0142ywaj\u0105cym na uk\u0142ad pokarmowy i nerwowy. <\/span><\/p>\n<p><span data-huuid=\"14816922290692357342\">Posiada r\u00f3wnie\u017c w\u0142a\u015bciwo\u015bci antyoksydacyjne chroni\u0105ce przed uszkodzeniami DNA i przeciwzapalne, a tak\u017ce wspomaga zdrowie sk\u00f3ry poprzez \u0142agodzenie podra\u017cnie\u0144 i regulacj\u0119 wydzielania sebum. <\/span><\/p>\n<p><span data-huuid=\"14816922290692356649\">Mo\u017ce by\u0107 stosowany w celu wsparcia funkcji poznawczych i jako \u015brodek przeciwopryszczkowy.<\/span><\/p>","protected":false},"featured_media":7569,"template":"","meta":{"ocean_post_layout":"","ocean_both_sidebars_style":"","ocean_both_sidebars_content_width":0,"ocean_both_sidebars_sidebars_width":0,"ocean_sidebar":"0","ocean_second_sidebar":"0","ocean_disable_margins":"enable","ocean_add_body_class":"","ocean_shortcode_before_top_bar":"","ocean_shortcode_after_top_bar":"","ocean_shortcode_before_header":"","ocean_shortcode_after_header":"","ocean_has_shortcode":"","ocean_shortcode_after_title":"","ocean_shortcode_before_footer_widgets":"","ocean_shortcode_after_footer_widgets":"","ocean_shortcode_before_footer_bottom":"","ocean_shortcode_after_footer_bottom":"","ocean_display_top_bar":"default","ocean_display_header":"default","ocean_header_style":"","ocean_center_header_left_menu":"0","ocean_custom_header_template":"0","ocean_custom_logo":0,"ocean_custom_retina_logo":0,"ocean_custom_logo_max_width":0,"ocean_custom_logo_tablet_max_width":0,"ocean_custom_logo_mobile_max_width":0,"ocean_custom_logo_max_height":0,"ocean_custom_logo_tablet_max_height":0,"ocean_custom_logo_mobile_max_height":0,"ocean_header_custom_menu":"0","ocean_menu_typo_font_family":"0","ocean_menu_typo_font_subset":"","ocean_menu_typo_font_size":0,"ocean_menu_typo_font_size_tablet":0,"ocean_menu_typo_font_size_mobile":0,"ocean_menu_typo_font_size_unit":"px","ocean_menu_typo_font_weight":"","ocean_menu_typo_font_weight_tablet":"","ocean_menu_typo_font_weight_mobile":"","ocean_menu_typo_transform":"","ocean_menu_typo_transform_tablet":"","ocean_menu_typo_transform_mobile":"","ocean_menu_typo_line_height":0,"ocean_menu_typo_line_height_tablet":0,"ocean_menu_typo_line_height_mobile":0,"ocean_menu_typo_line_height_unit":"","ocean_menu_typo_spacing":0,"ocean_menu_typo_spacing_tablet":0,"ocean_menu_typo_spacing_mobile":0,"ocean_menu_typo_spacing_unit":"","ocean_menu_link_color":"","ocean_menu_link_color_hover":"","ocean_menu_link_color_active":"","ocean_menu_link_background":"","ocean_menu_link_hover_background":"","ocean_menu_link_active_background":"","ocean_menu_social_links_bg":"","ocean_menu_social_hover_links_bg":"","ocean_menu_social_links_color":"","ocean_menu_social_hover_links_color":"","ocean_disable_title":"default","ocean_disable_heading":"default","ocean_post_title":"","ocean_post_subheading":"","ocean_post_title_style":"","ocean_post_title_background_color":"","ocean_post_title_background":0,"ocean_post_title_bg_image_position":"","ocean_post_title_bg_image_attachment":"","ocean_post_title_bg_image_repeat":"","ocean_post_title_bg_image_size":"","ocean_post_title_height":0,"ocean_post_title_bg_overlay":0.5,"ocean_post_title_bg_overlay_color":"","ocean_disable_breadcrumbs":"default","ocean_breadcrumbs_color":"","ocean_breadcrumbs_separator_color":"","ocean_breadcrumbs_links_color":"","ocean_breadcrumbs_links_hover_color":"","ocean_display_footer_widgets":"default","ocean_display_footer_bottom":"default","ocean_custom_footer_template":"0"},"product_brand":[],"product_cat":[21],"product_tag":[],"class_list":{"0":"post-7568","1":"product","2":"type-product","3":"status-publish","4":"has-post-thumbnail","6":"product_cat-zdrowie","8":"entry","9":"has-media","11":"first","12":"instock","13":"shipping-taxable","14":"purchasable","15":"product-type-simple","16":"has-product-nav","17":"col","18":"span_1_of_3","19":"owp-content-left","20":"owp-thumbs-layout-horizontal","21":"owp-btn-normal","22":"owp-tabs-layout-horizontal","23":"has-no-thumbnails"},"_links":{"self":[{"href":"https:\/\/ecocorner.eu\/en\/wp-json\/wp\/v2\/product\/7568","targetHints":{"allow":["GET"]}}],"collection":[{"href":"https:\/\/ecocorner.eu\/en\/wp-json\/wp\/v2\/product"}],"about":[{"href":"https:\/\/ecocorner.eu\/en\/wp-json\/wp\/v2\/types\/product"}],"version-history":[{"count":1,"href":"https:\/\/ecocorner.eu\/en\/wp-json\/wp\/v2\/product\/7568\/revisions"}],"predecessor-version":[{"id":7570,"href":"https:\/\/ecocorner.eu\/en\/wp-json\/wp\/v2\/product\/7568\/revisions\/7570"}],"wp:featuredmedia":[{"embeddable":true,"href":"https:\/\/ecocorner.eu\/en\/wp-json\/wp\/v2\/media\/7569"}],"wp:attachment":[{"href":"https:\/\/ecocorner.eu\/en\/wp-json\/wp\/v2\/media?parent=7568"}],"wp:term":[{"taxonomy":"product_brand","embeddable":true,"href":"https:\/\/ecocorner.eu\/en\/wp-json\/wp\/v2\/product_brand?post=7568"},{"taxonomy":"product_cat","embeddable":true,"href":"https:\/\/ecocorner.eu\/en\/wp-json\/wp\/v2\/product_cat?post=7568"},{"taxonomy":"product_tag","embeddable":true,"href":"https:\/\/ecocorner.eu\/en\/wp-json\/wp\/v2\/product_tag?post=7568"}],"curies":[{"name":"wp","href":"https:\/\/api.w.org\/{rel}","templated":true}]}}