{"id":7577,"date":"2025-10-08T17:27:13","date_gmt":"2025-10-08T17:27:13","guid":{"rendered":"https:\/\/ecocorner.eu\/?post_type=product&#038;p=7577"},"modified":"2026-04-11T13:12:58","modified_gmt":"2026-04-11T13:12:58","slug":"royal-brand-ekstrakt-z-paczkow-sosny-bio-50ml","status":"publish","type":"product","link":"https:\/\/ecocorner.eu\/en\/product\/royal-brand-ekstrakt-z-paczkow-sosny-bio-50ml\/","title":{"rendered":"Royal  Brand  Ekstrakt z p\u0105czk\u00f3w sosny BIO 50ml"},"content":{"rendered":"<p>&nbsp;<\/p>\n<p><strong>Ingredients<\/strong><br \/>\nBio ekstrakt z p\u0105czk\u00f3w sosny(ekstrahent 50% bio alkohol), sk\u0142adniki czynne: terpeny: a- pinen, d-limanen, kamfena, cymen, aldehydy, zwi\u0105zki fenolonowe: flawonoidy.<\/p>\n<p><strong>METHOD OF APPLICATION<\/strong><br \/>\n12ml \u0142y\u017ceczki (33 krople) raz dzinnie przez 8 tygodni(4ml = 1 \u0142y\u017ceczka)<\/p>\n<p><strong>note<\/strong><br \/>\nProdukt mo\u017ce zaburza\u0107 zdolno\u015bci prowadzenia pojazd\u00f3w i obs\u0142ugiwania maszyn. Suplement diety nie mo\u017ce by\u0107 stosowany jako substytut (zamiennik) zr\u00f3\u017cnicowanej diety. Zalecany jest zr\u00f3wnowa\u017cony spos\u00f3b \u017cywienia i zdrowy styl \u017cycia. Kobiety w ci\u0105\u017cy i karmi\u0105ce piersi\u0105 przed spo\u017cyciem powinny skontaktowa\u0107 si\u0119 z lekarzem. Nie przekracza\u0107 zalecanej porcji do spo\u017cycia w ci\u0105gu dnia.<\/p>\n<p><strong>keeping<\/strong><br \/>\nPrzechowywa\u0107 w temperaturze pokojowej w spos\u00f3b niedost\u0119pny dla ma\u0142ych dzieci. Chroni\u0107 przed s\u0142o\u0144cem i przechowywa\u0107 w suchym miejscu.<\/p>","protected":false},"excerpt":{"rendered":"<p>Ekstrakt powstaje w wyniku zimnej ekstrakcji, dzi\u0119ki kt\u00f3rej zachowane zostaje pe\u0142ne spektrum bioaktywnych sk\u0142adnik\u00f3w, a sam preparat cechuje si\u0119 wysok\u0105 biodost\u0119pno\u015bci\u0105 i skuteczno\u015bci\u0105. W przeciwie\u0144stwie do tradycyjnych metod, technika zimnej ekstrakcji umo\u017cliwia wydobycie cennych substancji aktywnych. Full Spectrum Extraction gwarantuje maksymalne pozyskanie warto\u015bciowych sk\u0142adnik\u00f3w z ka\u017cdego grama li\u015bcie melisy lekarskiej bio. Ekstrakt bazuje na alkoholu, poniewa\u017c tylko taka forma ekstrakcji zapewnia pe\u0142n\u0105 bioaktywacj\u0119 wszystkich sk\u0142adnik\u00f3w.<\/p>\n<p><span data-huuid=\"9350784211592683623\">Ekstrakt z p\u0105czk\u00f3w sosny <mark class=\"QVRyCf\">jest naturalnym preparatem stosowanym g\u0142\u00f3wnie w infekcjach g\u00f3rnych dr\u00f3g oddechowych, poniewa\u017c dzia\u0142a wykrztu\u015bnie, odka\u017caj\u0105co i rozkurczowo, u\u0142atwiaj\u0105c oddychanie<\/mark>. <\/span><span data-huuid=\"9350784211592685232\">Zawiera olejki eteryczne (m.in. \u03b1-pinen, borneol), witamin\u0119 C, garbniki i flawonoidy, kt\u00f3re maj\u0105 w\u0142a\u015bciwo\u015bci przeciwzapalne i antyoksydacyjne. <\/span><span data-huuid=\"9350784211592686841\">Preparat ten jest dost\u0119pny w formie syrop\u00f3w, kropli lub nalewek i mo\u017ce by\u0107 stosowany do wzmacniania organizmu, zw\u0142aszcza w okresie jesienno-zimowym.<span class=\"pjBG2e\" data-cid=\"dab3b551-2435-4412-b8ea-9542edd17ebe\"><span class=\"UV3uM\">\u00a0<\/span><\/span><\/span><\/p>\n<div class=\"NPrrbc\" data-cid=\"dab3b551-2435-4412-b8ea-9542edd17ebe\" data-uuids=\"9350784211592683623,9350784211592685232,9350784211592686841\">\n<div class=\"BMebGe btku5b LwdV0e FR7ZSc OJeuxf\" tabindex=\"0\" role=\"button\" aria-label=\"View related links\" data-hveid=\"CAgQAQ\" data-ved=\"2ahUKEwim1d_Rj5WQAxWHUEEAHbn1NgMQ3fYKegQICBAB\">\n<div class=\"niO4u\"><\/div>\n<\/div>\n<\/div>\n<div class=\"WaaZC\">\n<div class=\"RJPOee EIJn2\">\n<div class=\"rPeykc uP58nb\" data-hveid=\"CBMQAQ\" data-ved=\"2ahUKEwim1d_Rj5WQAxWHUEEAHbn1NgMQo_EKegQIExAB\"><span data-huuid=\"592566705820412481\"><span role=\"heading\" aria-level=\"2\">W\u0142a\u015bciwo\u015bci i zastosowanie<\/span><span class=\"pjBG2e\" data-cid=\"ed373629-7ddf-46c4-80ec-8d894a78b821\"><span class=\"UV3uM\"> :<\/span><\/span><\/span><\/div>\n<\/div>\n<\/div>\n<div class=\"WaaZC\">\n<div class=\"RJPOee EIJn2\">\n<ul data-hveid=\"CCAQAQ\" data-ved=\"2ahUKEwim1d_Rj5WQAxWHUEEAHbn1NgMQm_YKegQIIBAB\">\n<li><span data-huuid=\"592566705820410976\"><strong>Uk\u0142ad oddechowy<\/strong>: <\/span><span data-huuid=\"592566705820413205\">Ekstrakt z p\u0105czk\u00f3w sosny wspomaga walk\u0119 z przezi\u0119bieniem, kaszlem, zapaleniem oskrzeli i b\u00f3lem gard\u0142a. <\/span><\/li>\n<li><span data-huuid=\"592566705820413567\"><strong>Wykrztu\u015bne i rozkurczowe<\/strong>: <\/span><span data-huuid=\"592566705820411700\">Pomaga odkrztusza\u0107 wydzielin\u0119 i \u0142agodzi skurcze oskrzeli. <\/span><\/li>\n<li><span data-huuid=\"592566705820412062\"><strong>Przeciwbakteryjne<\/strong>: <\/span><span data-huuid=\"592566705820410195\">Posiada w\u0142a\u015bciwo\u015bci bakteriob\u00f3jcze. <\/span><\/li>\n<li><span data-huuid=\"592566705820410557\"><strong>Antyoksydacyjne<\/strong>: <\/span><span data-huuid=\"592566705820412786\">Silne antyoksydanty zawarte w ekstrakcie spowalniaj\u0105 procesy starzenia. <\/span><\/li>\n<li><span data-huuid=\"592566705820413148\"><strong>Przeciwzapalne<\/strong>: <\/span><span data-huuid=\"592566705820411281\">Garbniki i inne sk\u0142adniki \u0142agodz\u0105 stany zapalne i stany sk\u00f3rne. <\/span><\/li>\n<li><span data-huuid=\"592566705820411643\"><strong>Wzmacniaj\u0105ce<\/strong>: <\/span><span data-huuid=\"592566705820413872\">Dzia\u0142a rozgrzewaj\u0105co, napotnie i wzmacnia mechanizmy obronne organizmu. <\/span><\/li>\n<\/ul>\n<\/div>\n<\/div>\n<div class=\"WaaZC\">\n<div class=\"RJPOee EIJn2\">\n<div class=\"rPeykc uP58nb\" data-hveid=\"CC4QAQ\" data-ved=\"2ahUKEwim1d_Rj5WQAxWHUEEAHbn1NgMQo_EKegQILhAB\"><span data-huuid=\"334450969535071751\"><span role=\"heading\" aria-level=\"2\">Active Ingredients<\/span><span class=\"pjBG2e\" data-cid=\"556d442d-1cb4-42e6-b2a6-ffafc046e7be\"><span class=\"UV3uM\"> :<\/span><\/span><\/span><\/div>\n<\/div>\n<\/div>\n<div class=\"WaaZC\">\n<div class=\"RJPOee EIJn2\">\n<ul data-hveid=\"CDwQAQ\" data-ved=\"2ahUKEwim1d_Rj5WQAxWHUEEAHbn1NgMQm_YKegQIPBAB\">\n<li><span data-huuid=\"334450969535073806\"><strong>Essential oils<\/strong>: <\/span><span data-huuid=\"334450969535070395\">Zawieraj\u0105 m.in. <\/span><span data-huuid=\"334450969535071080\">\u03b1-pinen, \u03b2-pinen, limonen i borneol o dzia\u0142aniu przeciwzapalnym. <\/span><\/li>\n<li><span data-huuid=\"334450969535072450\"><strong>Vitamin C<\/strong>: <\/span><span data-huuid=\"334450969535073135\">Wspiera uk\u0142ad odporno\u015bciowy. <\/span><\/li>\n<li><span data-huuid=\"334450969535070409\"><strong>Garbniki<\/strong>: <\/span><span data-huuid=\"334450969535071094\">Wykazuj\u0105 dzia\u0142anie przeciwzapalne. <\/span><\/li>\n<li><span data-huuid=\"334450969535072464\"><strong>Flawonoidy<\/strong>: <\/span><span data-huuid=\"334450969535073149\">Maj\u0105 w\u0142a\u015bciwo\u015bci antyoksydacyjne.<\/span><\/li>\n<\/ul>\n<\/div>\n<\/div>","protected":false},"featured_media":7578,"template":"","meta":{"ocean_post_layout":"","ocean_both_sidebars_style":"","ocean_both_sidebars_content_width":0,"ocean_both_sidebars_sidebars_width":0,"ocean_sidebar":"0","ocean_second_sidebar":"0","ocean_disable_margins":"enable","ocean_add_body_class":"","ocean_shortcode_before_top_bar":"","ocean_shortcode_after_top_bar":"","ocean_shortcode_before_header":"","ocean_shortcode_after_header":"","ocean_has_shortcode":"","ocean_shortcode_after_title":"","ocean_shortcode_before_footer_widgets":"","ocean_shortcode_after_footer_widgets":"","ocean_shortcode_before_footer_bottom":"","ocean_shortcode_after_footer_bottom":"","ocean_display_top_bar":"default","ocean_display_header":"default","ocean_header_style":"","ocean_center_header_left_menu":"0","ocean_custom_header_template":"0","ocean_custom_logo":0,"ocean_custom_retina_logo":0,"ocean_custom_logo_max_width":0,"ocean_custom_logo_tablet_max_width":0,"ocean_custom_logo_mobile_max_width":0,"ocean_custom_logo_max_height":0,"ocean_custom_logo_tablet_max_height":0,"ocean_custom_logo_mobile_max_height":0,"ocean_header_custom_menu":"0","ocean_menu_typo_font_family":"0","ocean_menu_typo_font_subset":"","ocean_menu_typo_font_size":0,"ocean_menu_typo_font_size_tablet":0,"ocean_menu_typo_font_size_mobile":0,"ocean_menu_typo_font_size_unit":"px","ocean_menu_typo_font_weight":"","ocean_menu_typo_font_weight_tablet":"","ocean_menu_typo_font_weight_mobile":"","ocean_menu_typo_transform":"","ocean_menu_typo_transform_tablet":"","ocean_menu_typo_transform_mobile":"","ocean_menu_typo_line_height":0,"ocean_menu_typo_line_height_tablet":0,"ocean_menu_typo_line_height_mobile":0,"ocean_menu_typo_line_height_unit":"","ocean_menu_typo_spacing":0,"ocean_menu_typo_spacing_tablet":0,"ocean_menu_typo_spacing_mobile":0,"ocean_menu_typo_spacing_unit":"","ocean_menu_link_color":"","ocean_menu_link_color_hover":"","ocean_menu_link_color_active":"","ocean_menu_link_background":"","ocean_menu_link_hover_background":"","ocean_menu_link_active_background":"","ocean_menu_social_links_bg":"","ocean_menu_social_hover_links_bg":"","ocean_menu_social_links_color":"","ocean_menu_social_hover_links_color":"","ocean_disable_title":"default","ocean_disable_heading":"default","ocean_post_title":"","ocean_post_subheading":"","ocean_post_title_style":"","ocean_post_title_background_color":"","ocean_post_title_background":0,"ocean_post_title_bg_image_position":"","ocean_post_title_bg_image_attachment":"","ocean_post_title_bg_image_repeat":"","ocean_post_title_bg_image_size":"","ocean_post_title_height":0,"ocean_post_title_bg_overlay":0.5,"ocean_post_title_bg_overlay_color":"","ocean_disable_breadcrumbs":"default","ocean_breadcrumbs_color":"","ocean_breadcrumbs_separator_color":"","ocean_breadcrumbs_links_color":"","ocean_breadcrumbs_links_hover_color":"","ocean_display_footer_widgets":"default","ocean_display_footer_bottom":"default","ocean_custom_footer_template":"0"},"product_brand":[],"product_cat":[21],"product_tag":[],"class_list":{"0":"post-7577","1":"product","2":"type-product","3":"status-publish","4":"has-post-thumbnail","6":"product_cat-zdrowie","8":"entry","9":"has-media","11":"first","12":"outofstock","13":"shipping-taxable","14":"purchasable","15":"product-type-simple","16":"has-product-nav","17":"col","18":"span_1_of_3","19":"owp-content-left","20":"owp-thumbs-layout-horizontal","21":"owp-btn-normal","22":"owp-tabs-layout-horizontal","23":"has-no-thumbnails"},"_links":{"self":[{"href":"https:\/\/ecocorner.eu\/en\/wp-json\/wp\/v2\/product\/7577","targetHints":{"allow":["GET"]}}],"collection":[{"href":"https:\/\/ecocorner.eu\/en\/wp-json\/wp\/v2\/product"}],"about":[{"href":"https:\/\/ecocorner.eu\/en\/wp-json\/wp\/v2\/types\/product"}],"version-history":[{"count":1,"href":"https:\/\/ecocorner.eu\/en\/wp-json\/wp\/v2\/product\/7577\/revisions"}],"predecessor-version":[{"id":7579,"href":"https:\/\/ecocorner.eu\/en\/wp-json\/wp\/v2\/product\/7577\/revisions\/7579"}],"wp:featuredmedia":[{"embeddable":true,"href":"https:\/\/ecocorner.eu\/en\/wp-json\/wp\/v2\/media\/7578"}],"wp:attachment":[{"href":"https:\/\/ecocorner.eu\/en\/wp-json\/wp\/v2\/media?parent=7577"}],"wp:term":[{"taxonomy":"product_brand","embeddable":true,"href":"https:\/\/ecocorner.eu\/en\/wp-json\/wp\/v2\/product_brand?post=7577"},{"taxonomy":"product_cat","embeddable":true,"href":"https:\/\/ecocorner.eu\/en\/wp-json\/wp\/v2\/product_cat?post=7577"},{"taxonomy":"product_tag","embeddable":true,"href":"https:\/\/ecocorner.eu\/en\/wp-json\/wp\/v2\/product_tag?post=7577"}],"curies":[{"name":"wp","href":"https:\/\/api.w.org\/{rel}","templated":true}]}}