{"id":7580,"date":"2025-10-08T17:29:49","date_gmt":"2025-10-08T17:29:49","guid":{"rendered":"https:\/\/ecocorner.eu\/?post_type=product&#038;p=7580"},"modified":"2026-04-11T13:15:27","modified_gmt":"2026-04-11T13:15:27","slug":"royal-brand-ekstrakt-z-waleriany-bio-50ml","status":"publish","type":"product","link":"https:\/\/ecocorner.eu\/en\/product\/royal-brand-ekstrakt-z-waleriany-bio-50ml\/","title":{"rendered":"Royal Brand   Ekstrakt z Waleriany BIO 50ml"},"content":{"rendered":"<p>&#8211; Mocny ekstrakt 10:1 \u2013 Ka\u017cda butelka (50 ml) zawiera wysoce skoncentrowany ekstrakt z waleriany, wspieraj\u0105cy prac\u0119 m\u00f3zgu , uk\u0142ad odporno\u015bciowy oraz redukcj\u0119 stresu.<br \/>\n&#8211; Naturalny smak i pe\u0142ne spektrum sk\u0142adnik\u00f3w \u2013 Brak odparowywania alkoholu pozwala zachowa\u0107 wszystkie cenne substancje aktywne. Dzi\u0119ki certyfikatowi bio wiesz \u017ce produkt nie zawiera niebezpiecznych pestycyd\u00f3w.<br \/>\n&#8211; Szybkie wch\u0142anianie i wysoka biodost\u0119pno\u015b\u0107 \u2013 P\u0142ynna forma umo\u017cliwia natychmiastow\u0105 absorpcj\u0119, co przek\u0142ada si\u0119 na skuteczniejsze dzia\u0142anie.<br \/>\n&#8211; \u0141atwo\u015b\u0107 stosowania \u2013 Ekstrakt mo\u017cesz doda\u0107 do wody, herbaty czy ulubionego koktajlu \u2013 dopasuj go do swojego stylu \u017cycia.<br \/>\n&#8211; Precyzyjne dawkowanie \u2013 Forma p\u0142ynna pozwala na dok\u0142adne dopasowanie dawki do indywidualnych potrzeb.<\/p>\n<p><strong>Ingredients<\/strong><br \/>\nEkstrakt Koz\u0142ka lekarskiego (Valeriana officinalis) BIO \u2013 ekstrahent: 90% alkohol BIO.<\/p>\n<p>Szklanka butelka zapewnia jako\u015b\u0107 i nie wchodzi w interakcje z produktem. Zakraplacz pozwala dozowa\u0107 produkt.<\/p>\n<p>Uwaga! Kolor produktu mo\u017ce si\u0119 r\u00f3\u017cni\u0107 od tego ze zdj\u0119\u0107. Wszystko zale\u017cy od corocznych zbior\u00f3w.<\/p>","protected":false},"excerpt":{"rendered":"<p>EKSTRAKT P\u0141YNNY W KROPLACH WYSOKA KONCENTRACJA 10:1 \u2013 KOZ\u0141EK LEKARSKI BIO \u2013 Royal Brand &#8211; 50 ml<\/p>\n<p>Ekstrakt powstaje w wyniku zimnej ekstrakcji, dzi\u0119ki kt\u00f3rej zachowane zostaje pe\u0142ne spektrum bioaktywnych sk\u0142adnik\u00f3w, a sam preparat cechuje si\u0119 wysok\u0105 biodost\u0119pno\u015bci\u0105 i skuteczno\u015bci\u0105. W przeciwie\u0144stwie do tradycyjnych metod, technika zimnej ekstrakcji umo\u017cliwia wydobycie cennych substancji aktywnych.<\/p>\n<p>Stosujemy Full Spectrum Extraction, gwarantuj\u0105c maksymalne pozyskanie warto\u015bciowych sk\u0142adnik\u00f3w z ka\u017cdego grama BIO KOZ\u0141KA LEKARSKIEGO.<\/p>\n<p>Ekstrakt wodno-alkoholowy, o wyj\u0105tkowo wysokiej biodost\u0119pno\u015bci, pozwala osi\u0105gn\u0105\u0107 maksimum korzy\u015bci dzi\u0119ki no\u015bnikowi wodno-alkoholowemu kt\u00f3ry zapewnia najlepsz\u0105 wch\u0142anialno\u015b\u0107 i przyswajalno\u015b\u0107 przez b\u0142ony \u015bluzowe zanim produkt trafi do \u017co\u0142\u0105dka.<\/p>\n<p><span data-huuid=\"6002978837659829027\">Ekstrakt z waleriany, inaczej koz\u0142ka lekarskiego, to <mark class=\"QVRyCf\">uspokajaj\u0105cy \u015brodek zio\u0142owy, kt\u00f3ry dzia\u0142a koj\u0105co na uk\u0142ad nerwowy, pomaga w zasypianiu, redukuje stres i \u0142agodzi napi\u0119cie nerwowe<\/mark>. <\/span><\/p>\n<p><span data-huuid=\"6002978837659828730\">Wspiera tak\u017ce trawienie dzi\u0119ki w\u0142a\u015bciwo\u015bciom rozkurczowym mi\u0119\u015bni g\u0142adkich i mo\u017ce by\u0107 stosowany w leczeniu dolegliwo\u015bci \u017co\u0142\u0105dkowych oraz b\u00f3lu miesi\u0105czkowego. <\/span><span data-huuid=\"6002978837659832232\"><span class=\"pjBG2e\" data-cid=\"1740abcc-5c9f-4818-bd89-8b4206bd6a77\"><span class=\"UV3uM\">\u00a0<\/span><\/span><\/span><\/p>\n<div class=\"NPrrbc\" data-cid=\"1740abcc-5c9f-4818-bd89-8b4206bd6a77\" data-uuids=\"6002978837659829027,6002978837659828730,6002978837659832232\">\n<div class=\"BMebGe btku5b LwdV0e FR7ZSc OJeuxf\" tabindex=\"0\" role=\"button\" aria-label=\"View related links\" data-hveid=\"CAoQAQ\" data-ved=\"2ahUKEwj91-2XkJWQAxWcVUEAHfBPK-sQ3fYKegQIChAB\">\n<div class=\"niO4u\"><\/div>\n<\/div>\n<\/div>","protected":false},"featured_media":7581,"template":"","meta":{"ocean_post_layout":"","ocean_both_sidebars_style":"","ocean_both_sidebars_content_width":0,"ocean_both_sidebars_sidebars_width":0,"ocean_sidebar":"0","ocean_second_sidebar":"0","ocean_disable_margins":"enable","ocean_add_body_class":"","ocean_shortcode_before_top_bar":"","ocean_shortcode_after_top_bar":"","ocean_shortcode_before_header":"","ocean_shortcode_after_header":"","ocean_has_shortcode":"","ocean_shortcode_after_title":"","ocean_shortcode_before_footer_widgets":"","ocean_shortcode_after_footer_widgets":"","ocean_shortcode_before_footer_bottom":"","ocean_shortcode_after_footer_bottom":"","ocean_display_top_bar":"default","ocean_display_header":"default","ocean_header_style":"","ocean_center_header_left_menu":"0","ocean_custom_header_template":"0","ocean_custom_logo":0,"ocean_custom_retina_logo":0,"ocean_custom_logo_max_width":0,"ocean_custom_logo_tablet_max_width":0,"ocean_custom_logo_mobile_max_width":0,"ocean_custom_logo_max_height":0,"ocean_custom_logo_tablet_max_height":0,"ocean_custom_logo_mobile_max_height":0,"ocean_header_custom_menu":"0","ocean_menu_typo_font_family":"0","ocean_menu_typo_font_subset":"","ocean_menu_typo_font_size":0,"ocean_menu_typo_font_size_tablet":0,"ocean_menu_typo_font_size_mobile":0,"ocean_menu_typo_font_size_unit":"px","ocean_menu_typo_font_weight":"","ocean_menu_typo_font_weight_tablet":"","ocean_menu_typo_font_weight_mobile":"","ocean_menu_typo_transform":"","ocean_menu_typo_transform_tablet":"","ocean_menu_typo_transform_mobile":"","ocean_menu_typo_line_height":0,"ocean_menu_typo_line_height_tablet":0,"ocean_menu_typo_line_height_mobile":0,"ocean_menu_typo_line_height_unit":"","ocean_menu_typo_spacing":0,"ocean_menu_typo_spacing_tablet":0,"ocean_menu_typo_spacing_mobile":0,"ocean_menu_typo_spacing_unit":"","ocean_menu_link_color":"","ocean_menu_link_color_hover":"","ocean_menu_link_color_active":"","ocean_menu_link_background":"","ocean_menu_link_hover_background":"","ocean_menu_link_active_background":"","ocean_menu_social_links_bg":"","ocean_menu_social_hover_links_bg":"","ocean_menu_social_links_color":"","ocean_menu_social_hover_links_color":"","ocean_disable_title":"default","ocean_disable_heading":"default","ocean_post_title":"","ocean_post_subheading":"","ocean_post_title_style":"","ocean_post_title_background_color":"","ocean_post_title_background":0,"ocean_post_title_bg_image_position":"","ocean_post_title_bg_image_attachment":"","ocean_post_title_bg_image_repeat":"","ocean_post_title_bg_image_size":"","ocean_post_title_height":0,"ocean_post_title_bg_overlay":0.5,"ocean_post_title_bg_overlay_color":"","ocean_disable_breadcrumbs":"default","ocean_breadcrumbs_color":"","ocean_breadcrumbs_separator_color":"","ocean_breadcrumbs_links_color":"","ocean_breadcrumbs_links_hover_color":"","ocean_display_footer_widgets":"default","ocean_display_footer_bottom":"default","ocean_custom_footer_template":"0"},"product_brand":[],"product_cat":[21],"product_tag":[],"class_list":{"0":"post-7580","1":"product","2":"type-product","3":"status-publish","4":"has-post-thumbnail","6":"product_cat-zdrowie","8":"entry","9":"has-media","11":"first","12":"instock","13":"shipping-taxable","14":"purchasable","15":"product-type-simple","16":"has-product-nav","17":"col","18":"span_1_of_3","19":"owp-content-left","20":"owp-thumbs-layout-horizontal","21":"owp-btn-normal","22":"owp-tabs-layout-horizontal","23":"has-no-thumbnails"},"_links":{"self":[{"href":"https:\/\/ecocorner.eu\/en\/wp-json\/wp\/v2\/product\/7580","targetHints":{"allow":["GET"]}}],"collection":[{"href":"https:\/\/ecocorner.eu\/en\/wp-json\/wp\/v2\/product"}],"about":[{"href":"https:\/\/ecocorner.eu\/en\/wp-json\/wp\/v2\/types\/product"}],"version-history":[{"count":1,"href":"https:\/\/ecocorner.eu\/en\/wp-json\/wp\/v2\/product\/7580\/revisions"}],"predecessor-version":[{"id":7582,"href":"https:\/\/ecocorner.eu\/en\/wp-json\/wp\/v2\/product\/7580\/revisions\/7582"}],"wp:featuredmedia":[{"embeddable":true,"href":"https:\/\/ecocorner.eu\/en\/wp-json\/wp\/v2\/media\/7581"}],"wp:attachment":[{"href":"https:\/\/ecocorner.eu\/en\/wp-json\/wp\/v2\/media?parent=7580"}],"wp:term":[{"taxonomy":"product_brand","embeddable":true,"href":"https:\/\/ecocorner.eu\/en\/wp-json\/wp\/v2\/product_brand?post=7580"},{"taxonomy":"product_cat","embeddable":true,"href":"https:\/\/ecocorner.eu\/en\/wp-json\/wp\/v2\/product_cat?post=7580"},{"taxonomy":"product_tag","embeddable":true,"href":"https:\/\/ecocorner.eu\/en\/wp-json\/wp\/v2\/product_tag?post=7580"}],"curies":[{"name":"wp","href":"https:\/\/api.w.org\/{rel}","templated":true}]}}