{"id":7583,"date":"2025-10-08T17:32:23","date_gmt":"2025-10-08T17:32:23","guid":{"rendered":"https:\/\/ecocorner.eu\/?post_type=product&#038;p=7583"},"modified":"2026-04-11T13:15:20","modified_gmt":"2026-04-11T13:15:20","slug":"mir-lek-mazidlo-zywokostowe-ze-zmijowcem-na-gesim-smalcu-60g","status":"publish","type":"product","link":"https:\/\/ecocorner.eu\/en\/product\/mir-lek-mazidlo-zywokostowe-ze-zmijowcem-na-gesim-smalcu-60g\/","title":{"rendered":"Mir Lek   Mazid\u0142o \u017cywokostowe ze \u017cmijowcem na g\u0119sim smalcu  60g"},"content":{"rendered":"<p>Zastosowanie: sk\u00f3ra szyi, r\u0105k, n\u00f3g, plec\u00f3w.<\/p>\n<p><strong>Ingredients<\/strong> <strong>(INCI)<\/strong><br \/>\nINCI\u00a0 Goose Butter, Artemisia Absinthium Herb Extract, Cetyl Alcohol, Laurus Nobilis Leaf Extract, Hydrogenated Soybean Oil, , Lanolin, Tocopheryl Acetate, Cinnamomum Camphora leaf, Geraniol.<\/p>\n<p><strong>METHOD OF APPLICATION<\/strong><br \/>\nNanie\u015b\u0107 na sk\u00f3r\u0119, rozsmarowa\u0107, pozostawi\u0107 do wch\u0142oni\u0119cia.<\/p>\n<p><strong>keeping<\/strong><br \/>\nPrzechowywa\u0107 w ch\u0142odnym i ciemnym miejscu w spos\u00f3b niedost\u0119pny dla dzieci. Po otwarciu przechowywa\u0107 w lod\u00f3wce.<\/p>","protected":false},"excerpt":{"rendered":"<p><span data-containter=\"modal\"><span class=\"wartosc\">Mazid\u0142o \u017cywokostowe ze \u017cmijowcem na g\u0119sim smalcu\u00a0<\/span><\/span><\/p>\n<p><span data-huuid=\"15020539964897316459\">Ma\u015b\u0107 z \u017cywokostu stosuje si\u0119 zewn\u0119trznie na b\u00f3le mi\u0119\u015bni i staw\u00f3w, urazy (st\u0142uczenia, skr\u0119cenia, z\u0142amania), stany zapalne, a tak\u017ce problemy sk\u00f3rne jak odparzenia, oparzenia, egzemy i odle\u017cyny. <\/span><\/p>\n<p><span data-huuid=\"15020539964897312816\">Preparat przyspiesza regeneracj\u0119 uszkodzonych tkanek, dzia\u0142a przeciwb\u00f3lowo i przeciwzapalnie, \u0142agodzi podra\u017cnienia sk\u00f3ry oraz wspomaga wch\u0142anianie siniak\u00f3w.<\/span><\/p>","protected":false},"featured_media":7584,"template":"","meta":{"ocean_post_layout":"","ocean_both_sidebars_style":"","ocean_both_sidebars_content_width":0,"ocean_both_sidebars_sidebars_width":0,"ocean_sidebar":"0","ocean_second_sidebar":"0","ocean_disable_margins":"enable","ocean_add_body_class":"","ocean_shortcode_before_top_bar":"","ocean_shortcode_after_top_bar":"","ocean_shortcode_before_header":"","ocean_shortcode_after_header":"","ocean_has_shortcode":"","ocean_shortcode_after_title":"","ocean_shortcode_before_footer_widgets":"","ocean_shortcode_after_footer_widgets":"","ocean_shortcode_before_footer_bottom":"","ocean_shortcode_after_footer_bottom":"","ocean_display_top_bar":"default","ocean_display_header":"default","ocean_header_style":"","ocean_center_header_left_menu":"0","ocean_custom_header_template":"0","ocean_custom_logo":0,"ocean_custom_retina_logo":0,"ocean_custom_logo_max_width":0,"ocean_custom_logo_tablet_max_width":0,"ocean_custom_logo_mobile_max_width":0,"ocean_custom_logo_max_height":0,"ocean_custom_logo_tablet_max_height":0,"ocean_custom_logo_mobile_max_height":0,"ocean_header_custom_menu":"0","ocean_menu_typo_font_family":"0","ocean_menu_typo_font_subset":"","ocean_menu_typo_font_size":0,"ocean_menu_typo_font_size_tablet":0,"ocean_menu_typo_font_size_mobile":0,"ocean_menu_typo_font_size_unit":"px","ocean_menu_typo_font_weight":"","ocean_menu_typo_font_weight_tablet":"","ocean_menu_typo_font_weight_mobile":"","ocean_menu_typo_transform":"","ocean_menu_typo_transform_tablet":"","ocean_menu_typo_transform_mobile":"","ocean_menu_typo_line_height":0,"ocean_menu_typo_line_height_tablet":0,"ocean_menu_typo_line_height_mobile":0,"ocean_menu_typo_line_height_unit":"","ocean_menu_typo_spacing":0,"ocean_menu_typo_spacing_tablet":0,"ocean_menu_typo_spacing_mobile":0,"ocean_menu_typo_spacing_unit":"","ocean_menu_link_color":"","ocean_menu_link_color_hover":"","ocean_menu_link_color_active":"","ocean_menu_link_background":"","ocean_menu_link_hover_background":"","ocean_menu_link_active_background":"","ocean_menu_social_links_bg":"","ocean_menu_social_hover_links_bg":"","ocean_menu_social_links_color":"","ocean_menu_social_hover_links_color":"","ocean_disable_title":"default","ocean_disable_heading":"default","ocean_post_title":"","ocean_post_subheading":"","ocean_post_title_style":"","ocean_post_title_background_color":"","ocean_post_title_background":0,"ocean_post_title_bg_image_position":"","ocean_post_title_bg_image_attachment":"","ocean_post_title_bg_image_repeat":"","ocean_post_title_bg_image_size":"","ocean_post_title_height":0,"ocean_post_title_bg_overlay":0.5,"ocean_post_title_bg_overlay_color":"","ocean_disable_breadcrumbs":"default","ocean_breadcrumbs_color":"","ocean_breadcrumbs_separator_color":"","ocean_breadcrumbs_links_color":"","ocean_breadcrumbs_links_hover_color":"","ocean_display_footer_widgets":"default","ocean_display_footer_bottom":"default","ocean_custom_footer_template":"0"},"product_brand":[],"product_cat":[17,87],"product_tag":[],"class_list":{"0":"post-7583","1":"product","2":"type-product","3":"status-publish","4":"has-post-thumbnail","6":"product_cat-cialo","7":"product_cat-masci-lecznicze","9":"entry","10":"has-media","12":"first","13":"outofstock","14":"shipping-taxable","15":"purchasable","16":"product-type-simple","17":"has-product-nav","18":"col","19":"span_1_of_3","20":"owp-content-left","21":"owp-thumbs-layout-horizontal","22":"owp-btn-normal","23":"owp-tabs-layout-horizontal","24":"has-no-thumbnails"},"_links":{"self":[{"href":"https:\/\/ecocorner.eu\/en\/wp-json\/wp\/v2\/product\/7583","targetHints":{"allow":["GET"]}}],"collection":[{"href":"https:\/\/ecocorner.eu\/en\/wp-json\/wp\/v2\/product"}],"about":[{"href":"https:\/\/ecocorner.eu\/en\/wp-json\/wp\/v2\/types\/product"}],"version-history":[{"count":1,"href":"https:\/\/ecocorner.eu\/en\/wp-json\/wp\/v2\/product\/7583\/revisions"}],"predecessor-version":[{"id":7585,"href":"https:\/\/ecocorner.eu\/en\/wp-json\/wp\/v2\/product\/7583\/revisions\/7585"}],"wp:featuredmedia":[{"embeddable":true,"href":"https:\/\/ecocorner.eu\/en\/wp-json\/wp\/v2\/media\/7584"}],"wp:attachment":[{"href":"https:\/\/ecocorner.eu\/en\/wp-json\/wp\/v2\/media?parent=7583"}],"wp:term":[{"taxonomy":"product_brand","embeddable":true,"href":"https:\/\/ecocorner.eu\/en\/wp-json\/wp\/v2\/product_brand?post=7583"},{"taxonomy":"product_cat","embeddable":true,"href":"https:\/\/ecocorner.eu\/en\/wp-json\/wp\/v2\/product_cat?post=7583"},{"taxonomy":"product_tag","embeddable":true,"href":"https:\/\/ecocorner.eu\/en\/wp-json\/wp\/v2\/product_tag?post=7583"}],"curies":[{"name":"wp","href":"https:\/\/api.w.org\/{rel}","templated":true}]}}