{"id":7613,"date":"2025-10-11T12:31:50","date_gmt":"2025-10-11T12:31:50","guid":{"rendered":"https:\/\/ecocorner.eu\/?post_type=product&#038;p=7613"},"modified":"2026-02-11T10:59:05","modified_gmt":"2026-02-11T10:59:05","slug":"resibo-lifting-star-liftingujaco-wygladzajaca-maska-w-placie-1-szt","status":"publish","type":"product","link":"https:\/\/ecocorner.eu\/en\/product\/resibo-lifting-star-liftingujaco-wygladzajaca-maska-w-placie-1-szt\/","title":{"rendered":"Resibo  Lifting Star  Liftinguj\u0105co-wyg\u0142adzaj\u0105ca maska w p\u0142acie  1 szt"},"content":{"rendered":"<div class=\"row product-extra-desc-n__row mt-md-4 mt-5 product-layout__row align-items-center\">\n<div class=\"product-layout__block              product-extra-desc-n__block              col-12 col-md-6\"><\/p>\n<div class=\"mt-4 mt-md-0 mb-2 mb-md-3 mb-lg-4\"><span class=\"product-extra-desc-n__badge product-feature-badge\"> Action <\/span><\/div>\n<div class=\"product-extra-desc-n__text-content\">\n<h4 class=\"h2 mb-3\">Odzyskaj m\u0142odszy, promienny wygl\u0105d!<\/h4>\n<p>Maska Lifting Star to idealna odpowied\u017a na potrzeby sk\u00f3ry, kt\u00f3ra traci j\u0119drno\u015b\u0107, spr\u0119\u017cysto\u015b\u0107 i zdrowy blask. Sekret jej dzia\u0142ania? Bioaktywny tripeptyd, kt\u00f3ry aktywuje wewn\u0119trzne procesy regeneracji sk\u00f3ry. Dzi\u0119ki niemu staje si\u0119 ona bardziej napi\u0119ta, wyg\u0142adzona, elastyczna i odporniejsza na powstawanie zmarszczek. Dodatkowo tripeptyd zmniejsza widoczno\u015b\u0107 ju\u017c istniej\u0105cych linii mimicznych, przywracaj\u0105c cerze \u015bwie\u017co\u015b\u0107 i wypocz\u0119ty wygl\u0105d.<\/p>\n<\/div>\n<\/div>\n<\/div>\n<div class=\"row product-extra-desc-n__row mt-md-4 mt-5 product-layout__row align-items-center\">\n<div class=\"product-layout__block              product-extra-desc-n__block              col-12 col-md-6\"><\/p>\n<div class=\"bg-light product-extra-desc-n__image-block\"><\/div>\n<\/div>\n<div class=\"product-layout__block              product-extra-desc-n__block              col-12 col-md-6\"><\/p>\n<div class=\"mt-4 mt-md-0 mb-2 mb-md-3 mb-lg-4\"><span class=\"product-extra-desc-n__badge product-feature-badge\"> Efekty i badania <\/span><\/div>\n<div class=\"product-extra-desc-n__text-content\">\n<h4 class=\"h2 mb-3\">Skuteczna ju\u017c po jednym u\u017cyciu.<\/h4>\n<p>Efekty m\u00f3wi\u0105 same za siebie \u2013 i s\u0105 spektakularne! Ju\u017c po pierwszym u\u017cyciu a\u017c\u202f100% badanych kobiet\u202fpotwierdzi\u0142o, \u017ce sk\u00f3ra sta\u0142a si\u0119\u202fbardziej napi\u0119ta, g\u0142adka i promienna. Tyle samo zauwa\u017cy\u0142o, \u017ce cera wygl\u0105da\u202fm\u0142odziej, zdrowiej i \u015bwie\u017co, a tak\u017ce \u017ce zosta\u0142a\u202fodczuwalnie nawil\u017cona. W 100% przypadk\u00f3w maska poprawi\u0142a kondycj\u0119 sk\u00f3ry, zredukowa\u0142a oznaki zm\u0119czenia i pozostawi\u0142a uczucie ukojenia oraz mi\u0119kko\u015bci.\u202f96% badanych\u202fpotwierdzi\u0142o, \u017ce zmarszczki, kurze \u0142apki i linie mimiczne sta\u0142y si\u0119 mniej widoczne, a\u202f92%\u202fzauwa\u017cy\u0142o popraw\u0119 konturu twarzy i napi\u0119cia w okolicy oczu.<br \/>\nPo czterech tygodniach regularnego stosowania efekty by\u0142y jeszcze bardziej wyra\u017ane.\u202f100% uczestniczek\u202fwskaza\u0142o, \u017ce sk\u00f3ra zosta\u0142a\u202fuj\u0119drniona, wyg\u0142adzona, nawil\u017cona i zrewitalizowana, a owal twarzy uleg\u0142 wyra\u017anej poprawie. Tyle samo os\u00f3b odnotowa\u0142o redukcj\u0119 przebarwie\u0144, popraw\u0119 kolorytu i og\u00f3lnego wygl\u0105du cery.\u202f96% kobiet\u202fzauwa\u017cy\u0142o efekt liftingu i zmniejszenie oznak starzenia.<\/p>\n<\/div>\n<\/div>\n<\/div>\n<div class=\"row product-extra-desc-n__row mt-md-4 mt-5 product-layout__row align-items-center\">\n<div class=\"product-layout__block              product-extra-desc-n__block              col-12 col-md-6\"><\/p>\n<div class=\"bg-light product-extra-desc-n__image-block\"><\/div>\n<\/div>\n<div class=\"product-layout__block              product-extra-desc-n__block              col-12 col-md-6\"><\/p>\n<div class=\"mt-4 mt-md-0 mb-2 mb-md-3 mb-lg-4\"><span class=\"product-extra-desc-n__badge product-feature-badge\"> Method of application <\/span><\/div>\n<div class=\"product-extra-desc-n__text-content\">\n<h4 class=\"h2 mb-3\">Zrelaksuj si\u0119 i daj masce dzia\u0142a\u0107.<\/h4>\n<p>Mask\u0119 warto stosowa\u0107 1\u20132 razy w tygodniu, w zale\u017cno\u015bci od potrzeb sk\u00f3ry. To prosty, ale niezwykle skuteczny rytua\u0142 \u2013 idealny na wiecz\u00f3r z ksi\u0105\u017ck\u0105, chwil\u0119 ciszy po intensywnym dniu lub jako regeneracja przed wa\u017cnym wyj\u015bciem. Regularne stosowanie Lifting Star to z jednej strony chwila dla siebie, z drugiej realna inwestycja w kondycj\u0119 i wygl\u0105d sk\u00f3ry.<\/p>\n<\/div>\n<p class=\"line-height-md mb-3\"><strong>Active Ingredients: <\/strong> postbiotyk, bioaktywny tripeptyd, kolagen ro\u015blinny, kwas szikimowy, alantoina<\/p>\n<p class=\"line-height-md mb-3\"><strong> 97,6% <\/strong> sk\u0142adnik\u00f3w pochodzenia naturalnego<\/p>\n<p>Composition:<\/p>\n<p>Aqua, Glycerin, Propanediol, Betaine, N-Prolyl Palmitoyl Tripeptide-56 Acetate, Rice Amino Acids, Proline, Hydrolyzed Soy Protein, Hydrolyzed Adansonia Digitata Seed Extract, Shikimic Acid, Lactococcus Ferment Lysate, Allantoin, Sodium Lactate, Panthenol, Xanthan Gum, Ethylhexylglycerin, Sodium Benzoate, Sodium Chloride, Polysorbate 20, Lactic Acid, Citric Acid, Pentylene Glycol, Caprylyl Glycol, Parfum<\/p>\n<\/div>\n<\/div>","protected":false},"excerpt":{"rendered":"<div id=\"collapse-about-product\" class=\"collapse show\" aria-labelledby=\"heading-about-product\" data-parent=\"#product-accordion\">\n<div class=\"card-body pb-1 pt-3\">\n<div class=\"product-description-short text-left line-height-md\" data-list-id=\"strona-produktu-rekomendacja\" data-list-name=\"Strona produktu - rekomendacja\">\n<h4 class=\"rich-subheader\">Lifting, kt\u00f3ry wida\u0107.<\/h4>\n<p>Maska, kt\u00f3rej efekty zobaczysz ju\u017c po pierwszym u\u017cyciu! Widocznie liftinguje sk\u00f3r\u0119, zwi\u0119ksza jej napi\u0119cie i j\u0119drno\u015b\u0107. Kwas szikimowy delikatnie z\u0142uszcza \u2013 poczujesz wyg\u0142adzenie i popraw\u0119 kondycji sk\u00f3ry, bioaktywny tripeptyd wp\u0142ywa na elastyczno\u015b\u0107 i przywraca m\u0142odzie\u0144czy wygl\u0105d, a ro\u015blinny kolagen wspomaga wyg\u0142adzenie i nawil\u017cenie sk\u00f3ry.<\/p>\n<p>Nasza zasada: czas dla siebie mo\u017ce by\u0107 te\u017c czasem dla sk\u00f3ry!<\/p>\n<p>W Resibo wierzymy, \u017ce najlepsze formu\u0142y to te, kt\u00f3re daj\u0105 Ci pewno\u015b\u0107 dzia\u0142ania.<\/p>\n<div id=\"collapse-product-details\" class=\"collapse show\" aria-labelledby=\"heading-product-details\" data-parent=\"#product-accordion\">\n<div class=\"card-body pb-1 pt-3\">\n<div class=\"product-description-short\">\n<div class=\"line-height-md mb-3\">\n<p>Maska jest idealna dla os\u00f3b, kt\u00f3re chc\u0105 szybko poprawi\u0107 j\u0119drno\u015b\u0107 i wyg\u0142adzenie sk\u00f3ry \u2013 z widocznym efektem ju\u017c po pierwszym u\u017cyciu.<\/p>\n<\/div>\n<div class=\"row mt-n3 mt-n3 mb-3 mx-n2\">\n<div class=\"col-auto mt-3 px-2\"><span class=\"extra-badge\"> <span class=\"extra-badge__text\"> Na noc <\/span> <\/span><\/div>\n<\/div>\n<p class=\"line-height-md font-weight-semibold mb-3\">Odpowiedni dla kobiet w ci\u0105\u017cy i karmi\u0105cych piersi\u0105<\/p>\n<p class=\"line-height-md mb-3\">\n<\/div>\n<\/div>\n<\/div>\n<\/div>\n<\/div>\n<\/div>","protected":false},"featured_media":7615,"template":"","meta":{"ocean_post_layout":"","ocean_both_sidebars_style":"","ocean_both_sidebars_content_width":0,"ocean_both_sidebars_sidebars_width":0,"ocean_sidebar":"0","ocean_second_sidebar":"0","ocean_disable_margins":"enable","ocean_add_body_class":"","ocean_shortcode_before_top_bar":"","ocean_shortcode_after_top_bar":"","ocean_shortcode_before_header":"","ocean_shortcode_after_header":"","ocean_has_shortcode":"","ocean_shortcode_after_title":"","ocean_shortcode_before_footer_widgets":"","ocean_shortcode_after_footer_widgets":"","ocean_shortcode_before_footer_bottom":"","ocean_shortcode_after_footer_bottom":"","ocean_display_top_bar":"default","ocean_display_header":"default","ocean_header_style":"","ocean_center_header_left_menu":"0","ocean_custom_header_template":"0","ocean_custom_logo":0,"ocean_custom_retina_logo":0,"ocean_custom_logo_max_width":0,"ocean_custom_logo_tablet_max_width":0,"ocean_custom_logo_mobile_max_width":0,"ocean_custom_logo_max_height":0,"ocean_custom_logo_tablet_max_height":0,"ocean_custom_logo_mobile_max_height":0,"ocean_header_custom_menu":"0","ocean_menu_typo_font_family":"0","ocean_menu_typo_font_subset":"","ocean_menu_typo_font_size":0,"ocean_menu_typo_font_size_tablet":0,"ocean_menu_typo_font_size_mobile":0,"ocean_menu_typo_font_size_unit":"px","ocean_menu_typo_font_weight":"","ocean_menu_typo_font_weight_tablet":"","ocean_menu_typo_font_weight_mobile":"","ocean_menu_typo_transform":"","ocean_menu_typo_transform_tablet":"","ocean_menu_typo_transform_mobile":"","ocean_menu_typo_line_height":0,"ocean_menu_typo_line_height_tablet":0,"ocean_menu_typo_line_height_mobile":0,"ocean_menu_typo_line_height_unit":"","ocean_menu_typo_spacing":0,"ocean_menu_typo_spacing_tablet":0,"ocean_menu_typo_spacing_mobile":0,"ocean_menu_typo_spacing_unit":"","ocean_menu_link_color":"","ocean_menu_link_color_hover":"","ocean_menu_link_color_active":"","ocean_menu_link_background":"","ocean_menu_link_hover_background":"","ocean_menu_link_active_background":"","ocean_menu_social_links_bg":"","ocean_menu_social_hover_links_bg":"","ocean_menu_social_links_color":"","ocean_menu_social_hover_links_color":"","ocean_disable_title":"default","ocean_disable_heading":"default","ocean_post_title":"","ocean_post_subheading":"","ocean_post_title_style":"","ocean_post_title_background_color":"","ocean_post_title_background":0,"ocean_post_title_bg_image_position":"","ocean_post_title_bg_image_attachment":"","ocean_post_title_bg_image_repeat":"","ocean_post_title_bg_image_size":"","ocean_post_title_height":0,"ocean_post_title_bg_overlay":0.5,"ocean_post_title_bg_overlay_color":"","ocean_disable_breadcrumbs":"default","ocean_breadcrumbs_color":"","ocean_breadcrumbs_separator_color":"","ocean_breadcrumbs_links_color":"","ocean_breadcrumbs_links_hover_color":"","ocean_display_footer_widgets":"default","ocean_display_footer_bottom":"default","ocean_custom_footer_template":"0"},"product_brand":[],"product_cat":[49,64,36],"product_tag":[],"class_list":{"0":"post-7613","1":"product","2":"type-product","3":"status-publish","4":"has-post-thumbnail","6":"product_cat-maski-do-twarzy","7":"product_cat-oferta-tygodnia","8":"product_cat-promocje-wyprzedaze","10":"entry","11":"has-media","13":"first","14":"instock","15":"sale","16":"shipping-taxable","17":"purchasable","18":"product-type-simple","19":"has-product-nav","20":"col","21":"span_1_of_3","22":"owp-content-left","23":"owp-thumbs-layout-horizontal","24":"owp-btn-normal","25":"owp-tabs-layout-horizontal"},"_links":{"self":[{"href":"https:\/\/ecocorner.eu\/en\/wp-json\/wp\/v2\/product\/7613","targetHints":{"allow":["GET"]}}],"collection":[{"href":"https:\/\/ecocorner.eu\/en\/wp-json\/wp\/v2\/product"}],"about":[{"href":"https:\/\/ecocorner.eu\/en\/wp-json\/wp\/v2\/types\/product"}],"version-history":[{"count":1,"href":"https:\/\/ecocorner.eu\/en\/wp-json\/wp\/v2\/product\/7613\/revisions"}],"predecessor-version":[{"id":7616,"href":"https:\/\/ecocorner.eu\/en\/wp-json\/wp\/v2\/product\/7613\/revisions\/7616"}],"wp:featuredmedia":[{"embeddable":true,"href":"https:\/\/ecocorner.eu\/en\/wp-json\/wp\/v2\/media\/7615"}],"wp:attachment":[{"href":"https:\/\/ecocorner.eu\/en\/wp-json\/wp\/v2\/media?parent=7613"}],"wp:term":[{"taxonomy":"product_brand","embeddable":true,"href":"https:\/\/ecocorner.eu\/en\/wp-json\/wp\/v2\/product_brand?post=7613"},{"taxonomy":"product_cat","embeddable":true,"href":"https:\/\/ecocorner.eu\/en\/wp-json\/wp\/v2\/product_cat?post=7613"},{"taxonomy":"product_tag","embeddable":true,"href":"https:\/\/ecocorner.eu\/en\/wp-json\/wp\/v2\/product_tag?post=7613"}],"curies":[{"name":"wp","href":"https:\/\/api.w.org\/{rel}","templated":true}]}}