{"id":7624,"date":"2025-10-11T13:15:56","date_gmt":"2025-10-11T13:15:56","guid":{"rendered":"https:\/\/ecocorner.eu\/?post_type=product&#038;p=7624"},"modified":"2026-04-11T13:15:51","modified_gmt":"2026-04-11T13:15:51","slug":"resibo-zel-pod-prysznic-after-storm-350-ml","status":"publish","type":"product","link":"https:\/\/ecocorner.eu\/en\/product\/resibo-zel-pod-prysznic-after-storm-350-ml\/","title":{"rendered":"Resibo  \u017bel pod prysznic   After Storm  350 ml"},"content":{"rendered":"<div id=\"collapse-product-details\" class=\"collapse show\" aria-labelledby=\"heading-product-details\" data-parent=\"#product-accordion\">\n<div class=\"card-body pb-1 pt-3\">\n<div class=\"product-description-short\">\n<div class=\"line-height-md mb-3\">\n<p>Dla ka\u017cdego, kto lubi po\u0142\u0105czenie pi\u0119knego designu i skutecznej piel\u0119gnacji oraz pragnie, by codzienne rytua\u0142y sta\u0142y si\u0119 inspiruj\u0105cym do\u015bwiadczeniem.<\/p>\n<\/div>\n<div class=\"row mt-n3 mt-n3 mb-3 mx-n2\">\n<div class=\"col-auto mt-3 px-2\"><span class=\"extra-badge\"> <span class=\"extra-badge__text\"> Na dzie\u0144 <\/span> <\/span><\/div>\n<div class=\"col-auto mt-3 px-2\"><span class=\"extra-badge\"> <span class=\"extra-badge__text\"> Na noc <\/span> <\/span><\/div>\n<\/div>\n<p class=\"line-height-md font-weight-semibold mb-3\">Odpowiedni dla kobiet w ci\u0105\u017cy i karmi\u0105cych piersi\u0105<\/p>\n<p class=\"line-height-md mb-3\"><strong> Active Ingredients: <\/strong> gliceryna, witamina C z aceroli, ekstrakt z grzyb\u00f3w Reishi, emolient pochodz\u0105cy z mas\u0142a Murumuru<\/p>\n<p class=\"line-height-md mb-3\"><strong> 96% <\/strong> sk\u0142adnik\u00f3w pochodzenia naturalnego<\/p>\n<div class=\"row product-extra-desc-n__row mt-md-4 mt-5 product-layout__row align-items-center\">\n<div class=\"product-layout__block              product-extra-desc-n__block              col-12 col-md-6\"><\/p>\n<div class=\"mt-4 mt-md-0 mb-2 mb-md-3 mb-lg-4\"><span class=\"product-extra-desc-n__badge product-feature-badge\"> Action <\/span><\/div>\n<div class=\"product-extra-desc-n__text-content\">\n<h4 class=\"h2 mb-3\">Witamina C z aceroli.<\/h4>\n<p>\u017bele s\u0105 delikatne, nie podra\u017cniaj\u0105 i doskonale sprawdz\u0105 si\u0119 r\u00f3wnie\u017c w przypadku wra\u017cliwej sk\u00f3ry. Starannie dobrana kompozycja sk\u0142adnik\u00f3w aktywnych nawil\u017ca i pozostawia sk\u00f3r\u0119 mi\u0119kk\u0105, bez uczucia \u015bci\u0105gni\u0119cia i przesuszenia. Ekstrakt z grzyb\u00f3w Reishi \u0142agodzi i ma w\u0142a\u015bciwo\u015bci przeciwzapalne, dzia\u0142a antyoksydacyjnie i zapobiega utracie wody z nask\u00f3rka, z kolei emolient pochodz\u0105cy z mas\u0142a Murumuru g\u0142\u0119boko nawil\u017ca, poprawia elastyczno\u015b\u0107 sk\u00f3ry, wspiera barier\u0119 lipidow\u0105 i regeneruje. Prosk\u0142adnik, czyli witamina C pozyskiwana z aceroli, ma silne w\u0142a\u015bciwo\u015bci antyoksydacyjne, kt\u00f3re pomagaj\u0105 chroni\u0107 sk\u00f3r\u0119 przed szkodliwymi czynnikami zewn\u0119trznymi, wzmacniaj\u0105c barier\u0119 ochronn\u0105. Dodatkowo wspomaga syntez\u0119 kolagenu, co przyczynia si\u0119 do poprawy elastyczno\u015bci i j\u0119drno\u015bci sk\u00f3ry. Dzi\u0119ki temu uzyskuje m\u0142odszy i zdrowszy wygl\u0105d.<\/p>\n<\/div>\n<\/div>\n<\/div>\n<div class=\"row product-extra-desc-n__row mt-md-4 mt-5 product-layout__row align-items-center\">\n<div class=\"product-layout__block              product-extra-desc-n__block              col-12 col-md-6\"><\/p>\n<div class=\"bg-light product-extra-desc-n__image-block\"><\/div>\n<\/div>\n<div class=\"product-layout__block              product-extra-desc-n__block              col-12 col-md-6\"><\/p>\n<div class=\"mt-4 mt-md-0 mb-2 mb-md-3 mb-lg-4\"><span class=\"product-extra-desc-n__badge product-feature-badge\"> Efekty i badania <\/span><\/div>\n<div class=\"product-extra-desc-n__text-content\">\n<h4 class=\"h2 mb-3\">Mi\u0119kka, czysta sk\u00f3ra i ten zapach!<\/h4>\n<p>Badani jednomy\u015blnie pokochali \u017cele z naszej linii Daily. 100% z nich potwierdzi\u0142o, \u017ce tworz\u0105 aksamitn\u0105, \u0142atwo zmywaln\u0105 pian\u0119, pozostawiaj\u0105c na sk\u00f3rze przyjemny zapach. Wszyscy r\u00f3wnie\u017c jednog\u0142o\u015bnie przyznali, \u017ce sk\u00f3ra po u\u017cyciu \u017celu jest mi\u0119kka, przyjemna w dotyku, od\u015bwie\u017cona i oczyszczona.<\/p>\n<\/div>\n<\/div>\n<\/div>\n<div class=\"row product-extra-desc-n__row mt-md-4 mt-5 product-layout__row align-items-center\">\n<div class=\"product-layout__block              product-extra-desc-n__block              col-12 col-md-6\"><\/p>\n<div class=\"bg-light product-extra-desc-n__image-block\"><\/div>\n<\/div>\n<div class=\"product-layout__block              product-extra-desc-n__block              col-12 col-md-6\"><\/p>\n<div class=\"mt-4 mt-md-0 mb-2 mb-md-3 mb-lg-4\"><span class=\"product-extra-desc-n__badge product-feature-badge\"> Method of application <\/span><\/div>\n<div class=\"product-extra-desc-n__text-content\">\n<h4 class=\"h2 mb-3\">Codziennie, bez ogranicze\u0144!<\/h4>\n<p>Stosuj, kiedy tylko potrzebujesz. Niewielk\u0105 ilo\u015b\u0107 \u017celu nanie\u015b na zwil\u017cone cia\u0142o, spie\u0144, a nast\u0119pnie dok\u0142adnie sp\u0142ucz ciep\u0142\u0105 wod\u0105.\u202fMo\u017cesz stosowa\u0107 codziennie w zale\u017cno\u015bci od potrzeb. Ciesz si\u0119 czyst\u0105 i od\u015bwie\u017con\u0105 sk\u00f3r\u0105!<\/p>\n<p>Composition:<\/p>\n<p>Aqua, Sodium Coco-Sulfate, Decyl Glucoside, Cocamidopropyl Betaine, Glycerin, Sodium Astrocaryum Murumuruate, Lauryl Glucoside, Ascorbic Acid, Malpighia Glabra Fruit Juice, Ganoderma Lucidum Stem Extract, Maltodextrin, Citric Acid, Parfum, Sodium Gluconate, Tetrasodium Glutamate Diacetate, Sodium Benzoate, Potassium Sorbate, Sodium Hydroxide, Hexamethylindanopyran<\/p>\n<\/div>\n<\/div>\n<\/div>\n<\/div>\n<\/div>\n<\/div>","protected":false},"excerpt":{"rendered":"<div id=\"collapse-about-product\" class=\"collapse show\" aria-labelledby=\"heading-about-product\" data-parent=\"#product-accordion\">\n<div class=\"card-body pb-1 pt-3\">\n<div class=\"product-description-short text-left line-height-md\" data-list-id=\"strona-produktu-rekomendacja\" data-list-name=\"Strona produktu - rekomendacja\">\n<h4 class=\"rich-subheader\">Arcydzie\u0142o dla Twojego cia\u0142a.<\/h4>\n<p>Najnowsza seria \u017celi pod prysznic Resibo to wi\u0119cej ni\u017c codzienna piel\u0119gnacja. Unikatowy, inspirowany sztuk\u0105 design opakowania wprowadza harmoni\u0119 mi\u0119dzy estetyk\u0105 a funkcjonalno\u015bci\u0105. Ka\u017cda butelka to arcydzie\u0142o, kt\u00f3re dodaje elegancji Twojej \u0142azience, a jednocze\u015bnie kryje w sobie bogactwo piel\u0119gnacyjnych sk\u0142adnik\u00f3w, kt\u00f3re od\u017cywi\u0105 Twoj\u0105 sk\u00f3r\u0119, pozostawiaj\u0105c j\u0105 mi\u0119kk\u0105, g\u0142adk\u0105 i od\u015bwie\u017con\u0105. Trzy specjalnie skomponowane zapachy zapewni\u0105 Ci chwil\u0119 relaksu i wyciszenia. Kt\u00f3ry wybierzesz?<\/p>\n<p>Nasza zasada: wznie\u015b codzienny rytua\u0142 na poziom prawdziwego arcydzie\u0142a!<\/p>\n<p>W Resibo piel\u0119gnacja zamienia si\u0119 w sztuk\u0119 ka\u017cdego dnia.<\/p>\n<\/div>\n<\/div>\n<\/div>","protected":false},"featured_media":7625,"template":"","meta":{"ocean_post_layout":"","ocean_both_sidebars_style":"","ocean_both_sidebars_content_width":0,"ocean_both_sidebars_sidebars_width":0,"ocean_sidebar":"0","ocean_second_sidebar":"0","ocean_disable_margins":"enable","ocean_add_body_class":"","ocean_shortcode_before_top_bar":"","ocean_shortcode_after_top_bar":"","ocean_shortcode_before_header":"","ocean_shortcode_after_header":"","ocean_has_shortcode":"","ocean_shortcode_after_title":"","ocean_shortcode_before_footer_widgets":"","ocean_shortcode_after_footer_widgets":"","ocean_shortcode_before_footer_bottom":"","ocean_shortcode_after_footer_bottom":"","ocean_display_top_bar":"default","ocean_display_header":"default","ocean_header_style":"","ocean_center_header_left_menu":"0","ocean_custom_header_template":"0","ocean_custom_logo":0,"ocean_custom_retina_logo":0,"ocean_custom_logo_max_width":0,"ocean_custom_logo_tablet_max_width":0,"ocean_custom_logo_mobile_max_width":0,"ocean_custom_logo_max_height":0,"ocean_custom_logo_tablet_max_height":0,"ocean_custom_logo_mobile_max_height":0,"ocean_header_custom_menu":"0","ocean_menu_typo_font_family":"0","ocean_menu_typo_font_subset":"","ocean_menu_typo_font_size":0,"ocean_menu_typo_font_size_tablet":0,"ocean_menu_typo_font_size_mobile":0,"ocean_menu_typo_font_size_unit":"px","ocean_menu_typo_font_weight":"","ocean_menu_typo_font_weight_tablet":"","ocean_menu_typo_font_weight_mobile":"","ocean_menu_typo_transform":"","ocean_menu_typo_transform_tablet":"","ocean_menu_typo_transform_mobile":"","ocean_menu_typo_line_height":0,"ocean_menu_typo_line_height_tablet":0,"ocean_menu_typo_line_height_mobile":0,"ocean_menu_typo_line_height_unit":"","ocean_menu_typo_spacing":0,"ocean_menu_typo_spacing_tablet":0,"ocean_menu_typo_spacing_mobile":0,"ocean_menu_typo_spacing_unit":"","ocean_menu_link_color":"","ocean_menu_link_color_hover":"","ocean_menu_link_color_active":"","ocean_menu_link_background":"","ocean_menu_link_hover_background":"","ocean_menu_link_active_background":"","ocean_menu_social_links_bg":"","ocean_menu_social_hover_links_bg":"","ocean_menu_social_links_color":"","ocean_menu_social_hover_links_color":"","ocean_disable_title":"default","ocean_disable_heading":"default","ocean_post_title":"","ocean_post_subheading":"","ocean_post_title_style":"","ocean_post_title_background_color":"","ocean_post_title_background":0,"ocean_post_title_bg_image_position":"","ocean_post_title_bg_image_attachment":"","ocean_post_title_bg_image_repeat":"","ocean_post_title_bg_image_size":"","ocean_post_title_height":0,"ocean_post_title_bg_overlay":0.5,"ocean_post_title_bg_overlay_color":"","ocean_disable_breadcrumbs":"default","ocean_breadcrumbs_color":"","ocean_breadcrumbs_separator_color":"","ocean_breadcrumbs_links_color":"","ocean_breadcrumbs_links_hover_color":"","ocean_display_footer_widgets":"default","ocean_display_footer_bottom":"default","ocean_custom_footer_template":"0"},"product_brand":[],"product_cat":[83],"product_tag":[],"class_list":{"0":"post-7624","1":"product","2":"type-product","3":"status-publish","4":"has-post-thumbnail","6":"product_cat-zele-pod-prysznic","8":"entry","9":"has-media","11":"first","12":"instock","13":"shipping-taxable","14":"purchasable","15":"product-type-simple","16":"has-product-nav","17":"col","18":"span_1_of_3","19":"owp-content-left","20":"owp-thumbs-layout-horizontal","21":"owp-btn-normal","22":"owp-tabs-layout-horizontal"},"_links":{"self":[{"href":"https:\/\/ecocorner.eu\/en\/wp-json\/wp\/v2\/product\/7624","targetHints":{"allow":["GET"]}}],"collection":[{"href":"https:\/\/ecocorner.eu\/en\/wp-json\/wp\/v2\/product"}],"about":[{"href":"https:\/\/ecocorner.eu\/en\/wp-json\/wp\/v2\/types\/product"}],"version-history":[{"count":1,"href":"https:\/\/ecocorner.eu\/en\/wp-json\/wp\/v2\/product\/7624\/revisions"}],"predecessor-version":[{"id":7626,"href":"https:\/\/ecocorner.eu\/en\/wp-json\/wp\/v2\/product\/7624\/revisions\/7626"}],"wp:featuredmedia":[{"embeddable":true,"href":"https:\/\/ecocorner.eu\/en\/wp-json\/wp\/v2\/media\/7625"}],"wp:attachment":[{"href":"https:\/\/ecocorner.eu\/en\/wp-json\/wp\/v2\/media?parent=7624"}],"wp:term":[{"taxonomy":"product_brand","embeddable":true,"href":"https:\/\/ecocorner.eu\/en\/wp-json\/wp\/v2\/product_brand?post=7624"},{"taxonomy":"product_cat","embeddable":true,"href":"https:\/\/ecocorner.eu\/en\/wp-json\/wp\/v2\/product_cat?post=7624"},{"taxonomy":"product_tag","embeddable":true,"href":"https:\/\/ecocorner.eu\/en\/wp-json\/wp\/v2\/product_tag?post=7624"}],"curies":[{"name":"wp","href":"https:\/\/api.w.org\/{rel}","templated":true}]}}