{"id":7627,"date":"2025-10-11T13:33:12","date_gmt":"2025-10-11T13:33:12","guid":{"rendered":"https:\/\/ecocorner.eu\/?post_type=product&#038;p=7627"},"modified":"2026-04-11T13:16:16","modified_gmt":"2026-04-11T13:16:16","slug":"resibo-rise-shine-5-dniowa-kuracja-rozswietlajaco-ujedrniajaca-z-witamina-c-i-dmae-10-szt","status":"publish","type":"product","link":"https:\/\/ecocorner.eu\/en\/product\/resibo-rise-shine-5-dniowa-kuracja-rozswietlajaco-ujedrniajaca-z-witamina-c-i-dmae-10-szt\/","title":{"rendered":"Resibo  Rise &#038; Shine 5-dniowa kuracja roz\u015bwietlaj\u0105co-uj\u0119drniaj\u0105ca z witamin\u0105 C i DMAE\u202f  10 szt."},"content":{"rendered":"<div id=\"collapse-product-details\" class=\"collapse show\" aria-labelledby=\"heading-product-details\" data-parent=\"#product-accordion\">\n<div class=\"card-body pb-1 pt-3\">\n<div class=\"product-description-short\">\n<div class=\"line-height-md mb-3\">\n<p>&nbsp;<\/p>\n<p><strong>10 ampu\u0142ek x 1 ml<\/strong><\/p>\n<\/div>\n<div class=\"row mt-n3 mt-n3 mb-3 mx-n2\">\n<div class=\"col-auto mt-3 px-2\"><span class=\"extra-badge\"> <span class=\"extra-badge__text\"> Na dzie\u0144 <\/span> <\/span><\/div>\n<div class=\"col-auto mt-3 px-2\"><span class=\"extra-badge\"> <span class=\"extra-badge__text\"> Na noc <\/span> <\/span><\/div>\n<\/div>\n<p class=\"line-height-md font-weight-semibold mb-3\">Odpowiedni dla kobiet w ci\u0105\u017cy i karmi\u0105cych piersi\u0105<\/p>\n<p class=\"line-height-md mb-3\"><strong> Active Ingredients: <\/strong> witamina C, betaina, kofeina, kwas hialuronowy, kwas mlekowy, DMAE, QuercusLift<\/p>\n<p class=\"line-height-md mb-3\"><strong> wit. C + kwas mlekowy 94,7%, DMAE 96,7% <\/strong> sk\u0142adnik\u00f3w pochodzenia naturalnego<\/p>\n<div class=\"row product-extra-desc-n__row mt-md-4 mt-5 product-layout__row align-items-center\">\n<div class=\"product-layout__block              product-extra-desc-n__block              col-12 col-md-6\"><\/p>\n<div class=\"mt-4 mt-md-0 mb-2 mb-md-3 mb-lg-4\"><span class=\"product-extra-desc-n__badge product-feature-badge\"> Efekty i badania <\/span><\/div>\n<div class=\"product-extra-desc-n__text-content\">\n<h4 class=\"h2 mb-3\">Promienna i jedwabi\u015bcie g\u0142adka sk\u00f3ra.<\/h4>\n<p>Kuracja ampu\u0142kami przynosi zauwa\u017calne efekty, kt\u00f3re potwierdzili\u015bmy badaniami.<br \/>\n<strong>90%<\/strong> kobiet dostrzeg\u0142o wyra\u017any blask i efekt glow.<br \/>\n<strong>85%<\/strong> zauwa\u017cy\u0142o, \u017ce sk\u00f3ra sta\u0142a si\u0119 bardziej mi\u0119kka, promienna i zdrowsza.<br \/>\n<strong>85%<\/strong> odczu\u0142o, \u017ce cera sta\u0142a si\u0119 wyg\u0142adzona.<\/p>\n<p>Produkt pokocha\u0142y r\u00f3wnie\u017c Wiza\u017canki!<br \/>\n<strong>96%<\/strong> zadeklarowa\u0142o, \u017ce ampu\u0142ki sprawdz\u0105 si\u0119 jako kuracja bankietowa, np. przed \u201ewielkim wyj\u015bciem\u201d.<br \/>\n<strong>95%<\/strong> potwierdzi\u0142o, \u017ce po kuracji sk\u00f3ra sta\u0142a si\u0119 promienna i pe\u0142na blasku. Tyle samo kobiet testuj\u0105cych poleci j\u0105 swojej przyjaci\u00f3\u0142ce.<br \/>\n<strong>92%<\/strong> dostrzeg\u0142o, \u017ce kuracja zmniejsza widoczno\u015b\u0107 zmarszczek.<br \/>\n<em>* Wyniki na podstawie testowania w Klubie Recenzentki Wizaz.pl na grupie 100 kobiet w lipcu 2025 r.\u00a0<\/em><\/p>\n<\/div>\n<\/div>\n<\/div>\n<div class=\"row product-extra-desc-n__row mt-md-4 mt-5 product-layout__row align-items-center\">\n<div class=\"product-layout__block              product-extra-desc-n__block              col-12 col-md-6\"><\/p>\n<div class=\"bg-light product-extra-desc-n__image-block\"><img fetchpriority=\"high\" decoding=\"async\" class=\"img-fluid product-extra-desc-n__img w-100\" src=\"https:\/\/resibo.pl\/modules\/is_productspecialdescription\/img\/f0dd0ceac9b54429c31350e69d74bacd1758271275.jpg\" width=\"822\" height=\"559\" \/><\/div>\n<\/div>\n<div class=\"product-layout__block              product-extra-desc-n__block              col-12 col-md-6\"><\/p>\n<div class=\"mt-4 mt-md-0 mb-2 mb-md-3 mb-lg-4\"><span class=\"product-extra-desc-n__badge product-feature-badge\"> Action <\/span><\/div>\n<div class=\"product-extra-desc-n__text-content\">\n<h4 class=\"h2 mb-3\">Witamina C, kwas mlekowy i DMAE.<\/h4>\n<p><strong>Stabilna forma witaminy C<\/strong>, kt\u00f3ra znajduje si\u0119 w ampu\u0142kach na noc, nie tylko roz\u015bwietla i wyr\u00f3wnuje koloryt cery, ale tak\u017ce skutecznie wspomaga syntez\u0119 kolagenu, dzi\u0119ki czemu sk\u00f3ra staje si\u0119 bardziej j\u0119drna. Dodatkowo <strong>lactic acid<\/strong> delikatnie z\u0142uszcza sk\u00f3r\u0119, jednocze\u015bnie j\u0105 nawil\u017caj\u0105c. Z kolei <strong>DMAE (Dimetyloaminoetanol)<\/strong>, obecny w ampu\u0142kach do porannej aplikacji, wspomaga napi\u0119cie mi\u0119\u015bniowe, dzia\u0142aj\u0105c uj\u0119drniaj\u0105co. Sk\u00f3ra jest bardziej spr\u0119\u017cysta, a efekt natychmiastowy!<\/p>\n<p>Skuteczne dzia\u0142anie ampu\u0142ek wspieraj\u0105 tak\u017ce pozosta\u0142e sk\u0142adniki aktywne:<br \/>\n<strong>betaina<\/strong> \u2013 wi\u0105\u017ce i zatrzymuje wod\u0119 w nask\u00f3rku, wzmacnia i \u0142agodzi podra\u017cnienia,<br \/>\n<strong>kofeina<\/strong> \u2013 pobudza mikrokr\u0105\u017cenie, \u0142agodzi oznaki zm\u0119czenia, wspiera napi\u0119cie sk\u00f3ry i chroni j\u0105 przed stresem oksydacyjnym,<br \/>\n<strong>hyaluronic acid<\/strong> \u2013 wyg\u0142adza oraz \u201ewype\u0142nia\u201d drobne linie, poprawiaj\u0105c elastyczno\u015b\u0107 sk\u00f3ry.<\/p>\n<\/div>\n<\/div>\n<\/div>\n<div class=\"row product-extra-desc-n__row mt-md-4 mt-5 product-layout__row align-items-center\">\n<div class=\"product-layout__block              product-extra-desc-n__block              col-12 col-md-6\"><\/p>\n<div class=\"bg-light product-extra-desc-n__image-block\"><\/div>\n<\/div>\n<div class=\"product-layout__block              product-extra-desc-n__block              col-12 col-md-6\"><\/p>\n<div class=\"mt-4 mt-md-0 mb-2 mb-md-3 mb-lg-4\"><span class=\"product-extra-desc-n__badge product-feature-badge\"> Method of application <\/span><\/div>\n<div class=\"product-extra-desc-n__text-content\">\n<h4 class=\"h2 mb-3\">Poczuj zmian\u0119 w kilka dni.<\/h4>\n<p>Pe\u0142na kuracja roz\u015bwietlaj\u0105co-uj\u0119drniaj\u0105ca Rise &amp; Shine trwa 5 dni. Ampu\u0142ki z <strong>DMAE<\/strong> stosuj rano, aby uj\u0119drni\u0107 i wyg\u0142adzi\u0107 sk\u00f3r\u0119, natomiast ampu\u0142ki z <strong>witamin\u0105 C<\/strong> i <strong>kwasem mlekowym<\/strong> aplikuj wieczorem, by delikatnie z\u0142uszczy\u0107 nask\u00f3rek, wyr\u00f3wna\u0107 koloryt i roz\u015bwietli\u0107 cer\u0119. Ta intensywna kuracja stanowi doskona\u0142e uzupe\u0142nienie codziennej piel\u0119gnacji, zapewniaj\u0105c widoczne efekty w kr\u00f3tkim czasie.<\/p>\n<p>Pami\u0119taj, aby przy otwarciu u\u017cy\u0107 do\u0142\u0105czonego kluczyka, trzyma\u0107 ampu\u0142k\u0119 kropk\u0105 do siebie i z\u0142ama\u0107 w przeciwnym kierunku.<\/p>\n<p>Composition:<\/p>\n<div id=\"collapse-product-composition\" class=\"collapse show\" aria-labelledby=\"heading-product-composition\" data-parent=\"#product-accordion\">\n<div class=\"card-body pb-1 pt-3\">\n<div class=\"product-description-short\">\n<p><strong>Wit c + kwas mlekowy<\/strong><\/p>\n<p>Aqua, Lactic Acid, 3-O-Ethyl Ascorbic Acid , Sodium Hydroxide, Propanediol, Palmitoyl Tripeptide-1, Palmitoyl Tetrapeptide-7, Sodium PCA, Hyaluronic Acid, Glycerin, Sodium Lactate , Polysorbate 20, Carbomer, Xanthan Gum, Parfum, Benzyl Alcohol, Butylene Glycol, Dehydroacetic Acid<\/p>\n<p><strong>DMAE<\/strong><\/p>\n<p>Aqua, Betaine, Propanediol, Dimethylaminoethanol Tartrate, Panthenol, Caffeine, Cocos Nucifera Fruit Extract, Lactic Acid, Collagen , Quercus Suber Bark Extract, Pantolactone, Mannose , Glucose, Polysorbate 20, Poloxamer 407, Xanthan Gum, Sodium Hydroxide, Parfum, Dipropylene Glycol, Benzyl Alcohol, Dehydroacetic Acid, Tetramethyl acetyloctahydronaphthalenes, Linalyl Acetate<\/p>\n<\/div>\n<\/div>\n<\/div>\n<\/div>\n<\/div>\n<\/div>\n<\/div>\n<\/div>\n<\/div>","protected":false},"excerpt":{"rendered":"<div id=\"collapse-about-product\" class=\"collapse show\" aria-labelledby=\"heading-about-product\" data-parent=\"#product-accordion\">\n<div class=\"card-body pb-1 pt-3\">\n<div class=\"product-description-short text-left line-height-md\" data-list-id=\"strona-produktu-rekomendacja\" data-list-name=\"Strona produktu - rekomendacja\">\n<h4 class=\"rich-subheader\">Promienna i j\u0119drna sk\u00f3ra w 5 dni!<\/h4>\n<p>Dzi\u0119ki po\u0142\u0105czeniu witaminy C, kwasu mlekowego, peptyd\u00f3w i DMAE, stworzyli\u015bmy formu\u0142\u0119, kt\u00f3ra daje Twojej sk\u00f3rze niezwyk\u0142e roz\u015bwietlenie i efekt liftingu. Kuracja Rise &amp; Shine opiera si\u0119 na dw\u00f3ch idealnie wsp\u00f3\u0142graj\u0105cych ampu\u0142kach, kt\u00f3re sprawiaj\u0105, \u017ce cera staje si\u0119 bardziej promienna, g\u0142adka i j\u0119drna. Ampu\u0142ki z DMAE stosowane rano uj\u0119drniaj\u0105 i wyg\u0142adzaj\u0105 sk\u00f3r\u0119, dostarczaj\u0105c jej niezb\u0119dnych sk\u0142adnik\u00f3w od\u017cywczych, podczas gdy ampu\u0142ki z witamin\u0105 C i kwasem mlekowym, aplikowane wieczorem, delikatnie z\u0142uszczaj\u0105, roz\u015bwietlaj\u0105 i chroni\u0105 przed szkodliwym dzia\u0142aniem wolnych rodnik\u00f3w.<\/p>\n<p>Nasza zasada: uj\u0119drnienie i blask \u2013 duet doskona\u0142y na ka\u017cdy dzie\u0144!<\/p>\n<p>Ampu\u0142ki s\u0105 idealne dla os\u00f3b, kt\u00f3re pragn\u0105 natychmiastowego efektu roz\u015bwietlenia i od\u017cywienia sk\u00f3ry oraz dla tych, kt\u00f3re chc\u0105 widocznie poprawi\u0107 j\u0119drno\u015b\u0107 i tekstur\u0119 cery w kr\u00f3tkim czasie.<\/p>\n<p>Odpowiedni dla kobiet w ci\u0105\u017cy i karmi\u0105cych piersi\u0105. Warto jednak przed u\u017cyciem zrobi\u0107 pr\u00f3b\u0119 uczuleniow\u0105 i w razie zaczerwienienia przerwa\u0107 stosowanie. Ze wzgl\u0119du na wra\u017cliwo\u015b\u0107 sk\u00f3ry w tym specyficznym okresie, nale\u017cy zachowa\u0107 szczeg\u00f3ln\u0105 ostro\u017cno\u015b\u0107 podczas stosowania.<\/p>\n<p>W Resibo lubimy, kiedy efekty wida\u0107 od razu!<\/p>\n<\/div>\n<\/div>\n<\/div>","protected":false},"featured_media":7628,"template":"","meta":{"ocean_post_layout":"","ocean_both_sidebars_style":"","ocean_both_sidebars_content_width":0,"ocean_both_sidebars_sidebars_width":0,"ocean_sidebar":"0","ocean_second_sidebar":"0","ocean_disable_margins":"enable","ocean_add_body_class":"","ocean_shortcode_before_top_bar":"","ocean_shortcode_after_top_bar":"","ocean_shortcode_before_header":"","ocean_shortcode_after_header":"","ocean_has_shortcode":"","ocean_shortcode_after_title":"","ocean_shortcode_before_footer_widgets":"","ocean_shortcode_after_footer_widgets":"","ocean_shortcode_before_footer_bottom":"","ocean_shortcode_after_footer_bottom":"","ocean_display_top_bar":"default","ocean_display_header":"default","ocean_header_style":"","ocean_center_header_left_menu":"0","ocean_custom_header_template":"0","ocean_custom_logo":0,"ocean_custom_retina_logo":0,"ocean_custom_logo_max_width":0,"ocean_custom_logo_tablet_max_width":0,"ocean_custom_logo_mobile_max_width":0,"ocean_custom_logo_max_height":0,"ocean_custom_logo_tablet_max_height":0,"ocean_custom_logo_mobile_max_height":0,"ocean_header_custom_menu":"0","ocean_menu_typo_font_family":"0","ocean_menu_typo_font_subset":"","ocean_menu_typo_font_size":0,"ocean_menu_typo_font_size_tablet":0,"ocean_menu_typo_font_size_mobile":0,"ocean_menu_typo_font_size_unit":"px","ocean_menu_typo_font_weight":"","ocean_menu_typo_font_weight_tablet":"","ocean_menu_typo_font_weight_mobile":"","ocean_menu_typo_transform":"","ocean_menu_typo_transform_tablet":"","ocean_menu_typo_transform_mobile":"","ocean_menu_typo_line_height":0,"ocean_menu_typo_line_height_tablet":0,"ocean_menu_typo_line_height_mobile":0,"ocean_menu_typo_line_height_unit":"","ocean_menu_typo_spacing":0,"ocean_menu_typo_spacing_tablet":0,"ocean_menu_typo_spacing_mobile":0,"ocean_menu_typo_spacing_unit":"","ocean_menu_link_color":"","ocean_menu_link_color_hover":"","ocean_menu_link_color_active":"","ocean_menu_link_background":"","ocean_menu_link_hover_background":"","ocean_menu_link_active_background":"","ocean_menu_social_links_bg":"","ocean_menu_social_hover_links_bg":"","ocean_menu_social_links_color":"","ocean_menu_social_hover_links_color":"","ocean_disable_title":"default","ocean_disable_heading":"default","ocean_post_title":"","ocean_post_subheading":"","ocean_post_title_style":"","ocean_post_title_background_color":"","ocean_post_title_background":0,"ocean_post_title_bg_image_position":"","ocean_post_title_bg_image_attachment":"","ocean_post_title_bg_image_repeat":"","ocean_post_title_bg_image_size":"","ocean_post_title_height":0,"ocean_post_title_bg_overlay":0.5,"ocean_post_title_bg_overlay_color":"","ocean_disable_breadcrumbs":"default","ocean_breadcrumbs_color":"","ocean_breadcrumbs_separator_color":"","ocean_breadcrumbs_links_color":"","ocean_breadcrumbs_links_hover_color":"","ocean_display_footer_widgets":"default","ocean_display_footer_bottom":"default","ocean_custom_footer_template":"0"},"product_brand":[],"product_cat":[51],"product_tag":[],"class_list":{"0":"post-7627","1":"product","2":"type-product","3":"status-publish","4":"has-post-thumbnail","6":"product_cat-serum-mgielki-hydrolaty","8":"entry","9":"has-media","11":"first","12":"instock","13":"shipping-taxable","14":"purchasable","15":"product-type-simple","16":"has-product-nav","17":"col","18":"span_1_of_3","19":"owp-content-left","20":"owp-thumbs-layout-horizontal","21":"owp-btn-normal","22":"owp-tabs-layout-horizontal"},"_links":{"self":[{"href":"https:\/\/ecocorner.eu\/en\/wp-json\/wp\/v2\/product\/7627","targetHints":{"allow":["GET"]}}],"collection":[{"href":"https:\/\/ecocorner.eu\/en\/wp-json\/wp\/v2\/product"}],"about":[{"href":"https:\/\/ecocorner.eu\/en\/wp-json\/wp\/v2\/types\/product"}],"version-history":[{"count":1,"href":"https:\/\/ecocorner.eu\/en\/wp-json\/wp\/v2\/product\/7627\/revisions"}],"predecessor-version":[{"id":7630,"href":"https:\/\/ecocorner.eu\/en\/wp-json\/wp\/v2\/product\/7627\/revisions\/7630"}],"wp:featuredmedia":[{"embeddable":true,"href":"https:\/\/ecocorner.eu\/en\/wp-json\/wp\/v2\/media\/7628"}],"wp:attachment":[{"href":"https:\/\/ecocorner.eu\/en\/wp-json\/wp\/v2\/media?parent=7627"}],"wp:term":[{"taxonomy":"product_brand","embeddable":true,"href":"https:\/\/ecocorner.eu\/en\/wp-json\/wp\/v2\/product_brand?post=7627"},{"taxonomy":"product_cat","embeddable":true,"href":"https:\/\/ecocorner.eu\/en\/wp-json\/wp\/v2\/product_cat?post=7627"},{"taxonomy":"product_tag","embeddable":true,"href":"https:\/\/ecocorner.eu\/en\/wp-json\/wp\/v2\/product_tag?post=7627"}],"curies":[{"name":"wp","href":"https:\/\/api.w.org\/{rel}","templated":true}]}}