{"id":7631,"date":"2025-10-12T15:25:11","date_gmt":"2025-10-12T15:25:11","guid":{"rendered":"https:\/\/ecocorner.eu\/?post_type=product&#038;p=7631"},"modified":"2026-04-11T18:59:08","modified_gmt":"2026-04-11T18:59:08","slug":"resibo-all-i-mist-antyoksydacyjna-mgielka-rozswietlajaca-30-ml","status":"publish","type":"product","link":"https:\/\/ecocorner.eu\/en\/product\/resibo-all-i-mist-antyoksydacyjna-mgielka-rozswietlajaca-30-ml\/","title":{"rendered":"Resibo  All I Mist  Antyoksydacyjna mgie\u0142ka roz\u015bwietlaj\u0105ca  30 ml"},"content":{"rendered":"<div class=\"row product-extra-desc-n__row mt-md-4 mt-5 product-layout__row align-items-center\">\n<div class=\"product-layout__block              product-extra-desc-n__block              col-12 col-md-6\"><\/p>\n<div class=\"mt-4 mt-md-0 mb-2 mb-md-3 mb-lg-4\"><span class=\"product-extra-desc-n__badge product-feature-badge\"> Efekty i badania <\/span><\/div>\n<div class=\"product-extra-desc-n__text-content\">\n<h4 class=\"h2 mb-3\">Natychmiastowe dzia\u0142anie.<\/h4>\n<p>Badania laboratoryjne potwierdzi\u0142y natychmiastowe dzia\u0142anie antyoksydacyjne. Mgie\u0142ka w\u202fwarunkach laboratoryjnych\u202fwykazuje <strong>100% skuteczno\u015b\u0107 antyrodnikow\u0105<\/strong>, neutralizuj\u0105c wolne rodniki ju\u017c w momencie rozpylenia mgie\u0142ki na sk\u00f3rze.<\/p>\n<p>Badania aplikacyjne potwierdzi\u0142y dzia\u0142anie mgie\u0142ki:<br \/>\n<strong>100%<\/strong> badanych wskaza\u0142o, \u017ce mgie\u0142ka pozostawia widoczny glow na sk\u00f3rze,<br \/>\n<strong>100%<\/strong> potwierdzi\u0142o, \u017ce mgie\u0142ka daje sk\u00f3rze promienny wygl\u0105d,<br \/>\n<strong>90%<\/strong> zauwa\u017cy\u0142o, \u017ce produkt pozostawia sk\u00f3r\u0119 od\u017cywion\u0105, od\u015bwie\u017con\u0105 i nawil\u017con\u0105.<\/p>\n<p><span class=\"product-extra-desc-n__badge product-feature-badge\">Action <\/span><\/p>\n<\/div>\n<\/div>\n<\/div>\n<div class=\"row product-extra-desc-n__row mt-md-4 mt-5 product-layout__row align-items-center\">\n<div class=\"product-layout__block              product-extra-desc-n__block              col-12 col-md-6\"><\/p>\n<div class=\"product-extra-desc-n__text-content\">\n<h4 class=\"h2 mb-3\">Roz\u015bwietlenie i ochrona.<\/h4>\n<p>Mgie\u0142ka dzia\u0142a jak tarcza antyoksydacyjna dla sk\u00f3ry i natychmiast po aplikacji neutralizuje wolne rodniki. Ta zaawansowana formu\u0142a w ultralekkiej formie zawiera:<br \/>\n<strong>niacynamid (3%<\/strong>) \u2013 wzmacnia barier\u0119 hydrolipidow\u0105, roz\u015bwietla oraz ujednolica koloryt,<br \/>\n<strong>witamin\u0119 C 3-O-Ethyl Ascorbic Acid<\/strong> \u2013 roz\u015bwietla sk\u00f3r\u0119, wspiera syntez\u0119 kolagenu i chroni przed stresem oksydacyjnym,<br \/>\n<strong>ekstrakt z zielonej herbaty<\/strong> \u2013 koi podra\u017cnienia i wzmacniaj\u0105 ochron\u0119 antyoksydacyjn\u0105,<br \/>\n<strong>wyci\u0105g z jag\u00f3d acai<\/strong> \u2013 neutralizuje wolne rodniki i dodaje cerze witalno\u015bci,<br \/>\n<strong>kompleks ACB Bio-Water Bamboo<\/strong> \u2013 ma dzia\u0142anie intensywnie nawil\u017caj\u0105ce, kondycjonuj\u0105ce, koj\u0105ce, wspieraj\u0105ce barier\u0119 oraz ochron\u0119 antyoksydacyjn\u0105.<\/p>\n<\/div>\n<\/div>\n<\/div>\n<div class=\"row product-extra-desc-n__row mt-md-4 mt-5 product-layout__row align-items-center\">\n<div class=\"product-layout__block              product-extra-desc-n__block              col-12 col-md-6\"><\/p>\n<div class=\"bg-light product-extra-desc-n__image-block\"><\/div>\n<\/div>\n<div class=\"product-layout__block              product-extra-desc-n__block              col-12 col-md-6\"><\/p>\n<div class=\"mt-4 mt-md-0 mb-2 mb-md-3 mb-lg-4\"><span class=\"product-extra-desc-n__badge product-feature-badge\"> Method of application <\/span><\/div>\n<div class=\"product-extra-desc-n__text-content\">\n<h4 class=\"h2 mb-3\">Antyoksydacja o dowolnej porze dnia.<\/h4>\n<p>Mgie\u0142k\u0119 mo\u017cesz stosowa\u0107 o ka\u017cdej porze dnia. Rano \u2013 jako jeden z etap\u00f3w piel\u0119gnacji, by wzmocni\u0107 dzia\u0142anie serum i kremu oraz zapewni\u0107 ochron\u0119 antyoksydacyjn\u0105. W ci\u0105gu dnia \u2013 by roz\u015bwietli\u0107 cer\u0119 i wesprze\u0107 j\u0105 w walce z czynnikami zewn\u0119trznymi. Rozpylaj j\u0105 zawsze wtedy, gdy Twoja sk\u00f3ra potrzebuje wsparcia, nawet na makija\u017c. Pojemno\u015b\u0107 30 ml jest idealna do noszenia przy sobie na co dzie\u0144.<\/p>\n<p>Kolor mgie\u0142ki mo\u017ce si\u0119 zmienia\u0107 w czasie \u2013 witamina B12, mimo \u017ce nie jest barwnikiem, potrafi nada\u0107 produktowi sw\u00f3j w\u0142asny odcie\u0144.<\/p>\n<\/div>\n<p>Composition:<\/p>\n<p>Aqua, Niacinamide, Polyglyceryl-4 Caprate, 1,2-Hexanediol, 3-O-Ethyl Ascorbic Acid, Cyanocobalamin, Lactobacillus\/Arundinaria Gigantea Ferment Filtrate, Leuconostoc\/Radish Root Ferment Filtrate, Camellia Sinensis Leaf Extract, Ginkgo Biloba Leaf Extract, Malpighia Glabra Fruit Extract, Euterpe Oleracea Fruit Extract, Glycerin, Gluconolactone, Calcium Gluconate, Polyglyceryl-6 Ricinoleate, Polyglyceryl-6 Caprylate, Polyglyceryl-3 Cocoate, Sodium Citrate, Citric Acid, Hydroxyacetophenone, Sodium Phytate, Potassium Sorbate, Sodium Benzoate, Parfum, Linalool, Hexyl Cinnamal, Limonene, Geraniol, Citronellol, Trimethylbenzenepropanol, Tetramethyl Acetyloctahydronaphthalenes, Hexamethylindanopyran, Linalyl Acetate, Citrus Limon Peel Oil<\/p>\n<\/div>\n<\/div>","protected":false},"excerpt":{"rendered":"<div id=\"collapse-about-product\" class=\"collapse show\" aria-labelledby=\"heading-about-product\" data-parent=\"#product-accordion\">\n<div class=\"card-body pb-1 pt-3\">\n<div class=\"product-description-short text-left line-height-md\" data-list-id=\"strona-produktu-rekomendacja\" data-list-name=\"Strona produktu - rekomendacja\">\n<h4 class=\"rich-subheader\">Gwiazda antyoksydacji.<\/h4>\n<p>All I Mist to ultradelikatna, ale niezwykle skuteczna mgie\u0142ka, kt\u00f3rej formu\u0142\u0119 oparli\u015bmy na silnych antyoksydantach: niacynamidzie, stabilnej witaminie C, ekstrakcie z jag\u00f3d acai i zielonej herbaty. To skuteczna ochrona przed stresem oksydacyjnym, wsparcie dla produkcji kolagenu i subtelne roz\u015bwietlenie sk\u00f3ry. Mo\u017cesz j\u0105 aplikowa\u0107 o ka\u017cdej porze dnia, nawet na makija\u017c.<\/p>\n<p>Nasza zasada: piel\u0119gnacja mo\u017ce by\u0107 inteligentna, skuteczna i lekka!<\/p>\n<p>W Resibo wierzymy, \u017ce skuteczna ochrona to ta, kt\u00f3r\u0105 mo\u017cesz nosi\u0107 bez wzgl\u0119du na por\u0119 dnia.<\/p>\n<\/div>\n<\/div>\n<\/div>","protected":false},"featured_media":7632,"template":"","meta":{"ocean_post_layout":"","ocean_both_sidebars_style":"","ocean_both_sidebars_content_width":0,"ocean_both_sidebars_sidebars_width":0,"ocean_sidebar":"0","ocean_second_sidebar":"0","ocean_disable_margins":"enable","ocean_add_body_class":"","ocean_shortcode_before_top_bar":"","ocean_shortcode_after_top_bar":"","ocean_shortcode_before_header":"","ocean_shortcode_after_header":"","ocean_has_shortcode":"","ocean_shortcode_after_title":"","ocean_shortcode_before_footer_widgets":"","ocean_shortcode_after_footer_widgets":"","ocean_shortcode_before_footer_bottom":"","ocean_shortcode_after_footer_bottom":"","ocean_display_top_bar":"default","ocean_display_header":"default","ocean_header_style":"","ocean_center_header_left_menu":"0","ocean_custom_header_template":"0","ocean_custom_logo":0,"ocean_custom_retina_logo":0,"ocean_custom_logo_max_width":0,"ocean_custom_logo_tablet_max_width":0,"ocean_custom_logo_mobile_max_width":0,"ocean_custom_logo_max_height":0,"ocean_custom_logo_tablet_max_height":0,"ocean_custom_logo_mobile_max_height":0,"ocean_header_custom_menu":"0","ocean_menu_typo_font_family":"0","ocean_menu_typo_font_subset":"","ocean_menu_typo_font_size":0,"ocean_menu_typo_font_size_tablet":0,"ocean_menu_typo_font_size_mobile":0,"ocean_menu_typo_font_size_unit":"px","ocean_menu_typo_font_weight":"","ocean_menu_typo_font_weight_tablet":"","ocean_menu_typo_font_weight_mobile":"","ocean_menu_typo_transform":"","ocean_menu_typo_transform_tablet":"","ocean_menu_typo_transform_mobile":"","ocean_menu_typo_line_height":0,"ocean_menu_typo_line_height_tablet":0,"ocean_menu_typo_line_height_mobile":0,"ocean_menu_typo_line_height_unit":"","ocean_menu_typo_spacing":0,"ocean_menu_typo_spacing_tablet":0,"ocean_menu_typo_spacing_mobile":0,"ocean_menu_typo_spacing_unit":"","ocean_menu_link_color":"","ocean_menu_link_color_hover":"","ocean_menu_link_color_active":"","ocean_menu_link_background":"","ocean_menu_link_hover_background":"","ocean_menu_link_active_background":"","ocean_menu_social_links_bg":"","ocean_menu_social_hover_links_bg":"","ocean_menu_social_links_color":"","ocean_menu_social_hover_links_color":"","ocean_disable_title":"default","ocean_disable_heading":"default","ocean_post_title":"","ocean_post_subheading":"","ocean_post_title_style":"","ocean_post_title_background_color":"","ocean_post_title_background":0,"ocean_post_title_bg_image_position":"","ocean_post_title_bg_image_attachment":"","ocean_post_title_bg_image_repeat":"","ocean_post_title_bg_image_size":"","ocean_post_title_height":0,"ocean_post_title_bg_overlay":0.5,"ocean_post_title_bg_overlay_color":"","ocean_disable_breadcrumbs":"default","ocean_breadcrumbs_color":"","ocean_breadcrumbs_separator_color":"","ocean_breadcrumbs_links_color":"","ocean_breadcrumbs_links_hover_color":"","ocean_display_footer_widgets":"default","ocean_display_footer_bottom":"default","ocean_custom_footer_template":"0"},"product_brand":[],"product_cat":[51],"product_tag":[],"class_list":{"0":"post-7631","1":"product","2":"type-product","3":"status-publish","4":"has-post-thumbnail","6":"product_cat-serum-mgielki-hydrolaty","8":"entry","9":"has-media","11":"first","12":"instock","13":"shipping-taxable","14":"purchasable","15":"product-type-simple","16":"has-product-nav","17":"col","18":"span_1_of_3","19":"owp-content-left","20":"owp-thumbs-layout-horizontal","21":"owp-btn-normal","22":"owp-tabs-layout-horizontal"},"_links":{"self":[{"href":"https:\/\/ecocorner.eu\/en\/wp-json\/wp\/v2\/product\/7631","targetHints":{"allow":["GET"]}}],"collection":[{"href":"https:\/\/ecocorner.eu\/en\/wp-json\/wp\/v2\/product"}],"about":[{"href":"https:\/\/ecocorner.eu\/en\/wp-json\/wp\/v2\/types\/product"}],"version-history":[{"count":1,"href":"https:\/\/ecocorner.eu\/en\/wp-json\/wp\/v2\/product\/7631\/revisions"}],"predecessor-version":[{"id":7634,"href":"https:\/\/ecocorner.eu\/en\/wp-json\/wp\/v2\/product\/7631\/revisions\/7634"}],"wp:featuredmedia":[{"embeddable":true,"href":"https:\/\/ecocorner.eu\/en\/wp-json\/wp\/v2\/media\/7632"}],"wp:attachment":[{"href":"https:\/\/ecocorner.eu\/en\/wp-json\/wp\/v2\/media?parent=7631"}],"wp:term":[{"taxonomy":"product_brand","embeddable":true,"href":"https:\/\/ecocorner.eu\/en\/wp-json\/wp\/v2\/product_brand?post=7631"},{"taxonomy":"product_cat","embeddable":true,"href":"https:\/\/ecocorner.eu\/en\/wp-json\/wp\/v2\/product_cat?post=7631"},{"taxonomy":"product_tag","embeddable":true,"href":"https:\/\/ecocorner.eu\/en\/wp-json\/wp\/v2\/product_tag?post=7631"}],"curies":[{"name":"wp","href":"https:\/\/api.w.org\/{rel}","templated":true}]}}