{"id":7696,"date":"2025-10-12T20:25:01","date_gmt":"2025-10-12T20:25:01","guid":{"rendered":"https:\/\/ecocorner.eu\/?post_type=product&#038;p=7696"},"modified":"2026-01-16T14:02:02","modified_gmt":"2026-01-16T14:02:02","slug":"mycomedica-syrop-sloniowy-suplement-diety-200-ml","status":"publish","type":"product","link":"https:\/\/ecocorner.eu\/en\/product\/mycomedica-syrop-sloniowy-suplement-diety-200-ml\/","title":{"rendered":"MycoMedica   Syrop S\u0142oniowy Suplement diety  200 ml"},"content":{"rendered":"<p>&nbsp;<\/p>\n<h2>Dzia\u0142anie wed\u0142ug Tradycyjnej Medycyny Chi\u0144skiej*<\/h2>\n<p>W uj\u0119ciu Tradycyjnej Medycyny Chi\u0144skiej zio\u0142a i grzyby zawarte w Syropie S\u0142oniowym:<\/p>\n<ul>\n<li>pomagaj\u0105 przekszta\u0142ci\u0107 Wilgo\u0107 i j\u0105 odprowadzi\u0107,<\/li>\n<li>\u015bci\u0105gaj\u0105 w d\u00f3\u0142 zbuntowane Qi P\u0142uc i \u017bo\u0142\u0105dka.<\/li>\n<\/ul>\n<p>*Sformu\u0142owania zapisane du\u017c\u0105 liter\u0105 to terminy z zakresu Tradycyjnej Medycyny Chi\u0144skiej, kt\u00f3re mog\u0105 mie\u0107 inne znaczenie ni\u017c podobne terminy wykorzystywane w medycynie zachodniej. Przyk\u0142adowo \u017bo\u0142\u0105dek w rozumieniu TCM to ca\u0142y obieg czynno\u015bciowy zwi\u0105zany z trawieniem i przemian\u0105 materii, a nie okre\u015blenie konkretnego narz\u0105du anatomicznego. Z kolei poj\u0119cie takie jak \u201eQi\u201d lub \u201eEsencja\u201d w og\u00f3le nie wyst\u0119puj\u0105 w medycynie zachodniej i nie maj\u0105 tam swojego odpowiednika.<\/p>\n<h2>Jako\u015b\u0107 i bezpiecze\u0144stwo<\/h2>\n<p>Grzyby, z kt\u00f3rych powstaj\u0105 suplementy diety MycoMedica, uprawiane s\u0105 w nietkni\u0119tych przez cywilizacj\u0119 chi\u0144skich prowincjach Fujian i Jiangxi, kt\u00f3re s\u0142yn\u0105 ze swoje nieska\u017conej przyrody. Grzyby s\u0105 testowane w laboratoriach w Niemczech na obecno\u015b\u0107 pestycyd\u00f3w, metali ci\u0119\u017ckich, mikroorganizm\u00f3w, szkodliwych grzyb\u00f3w i promieniowania, aby mie\u0107 pewno\u015b\u0107, \u017ce s\u0105 one od nich wolne i w pe\u0142ni bezpieczne dla konsument\u00f3w. W tych samych laboratoriach grzyby testowane s\u0105, aby zawiera\u0142y wy\u0142\u0105cznie wysokiej jako\u015bci polisacharydy grzybowe, kt\u00f3re gwarantuj\u0105 ich prozdrowotne w\u0142a\u015bciwo\u015bci.<\/p>\n<h2>Sk\u0142adniki w jednej porcji (5 ml) \/ w 4 porcjach (20 ml):<\/h2>\n<ul>\n<li>Reishi (lakownica \u017c\u00f3\u0142tawa, Ganoderma lucidum) \u2013 ekstrakt z owocnik\u00f3w grzyba 5:1 \u2013 22,02 mg \/ 88,08 mg<\/li>\n<li>Su Zi (pachnotka zwyczajna, Sem. Perillae) \u2013 ekstrakt z nasion 5:1 \u2013 16,51 mg \/ 66,04 mg<\/li>\n<li>Yu Bai Fu (pinelia, Rhiz. Typhonii) \u2013 ekstrakt z k\u0142\u0105cza 5:1 \u2013 16,51 mg \/ 66,04 mg<\/li>\n<li>Cordyceps CS-4 (maczu\u017cnik chi\u0144ski, Cordyceps sinensis) \u2013 ekstrakt z owocnik\u00f3w grzyba 5:1 \u2013 16,51 mg \/ 66,04 mg<\/li>\n<li>Ku Shen (szupin, Rad. Sophorae flavescentis) \u2013 ekstrakt z korzenia 5:1 \u2013 16,51 mg \/ 66,04 mg<\/li>\n<li>Xing Ren (morela, Sem. Armeniacae) \u2013 ekstrakt z nasion 5:1 \u2013 16,51 mg \/ 66,04 mg<\/li>\n<li>Chen Pi (mandarynka, Per. Citri reticulatae) \u2013 ekstrakt z owocni 5:1 \u2013 16,51 mg \/ 66,04 mg<\/li>\n<li>Hu Tao Ren (orzech w\u0142oski, Sem. Juglandis) \u2013 ekstrakt z nasion 5:1 \u2013 16,51 mg \/ 66,04 mg<\/li>\n<li>Bai Qian (ciemi\u0119\u017cyk, Rad. Cynanchi atrati) \u2013 ekstrakt z korzenia 5:1 \u2013 11,01 mg \/ 44,04 mg<\/li>\n<li>Da Zao (daktyl czerwony, Fruc. Jujubae) \u2013 ekstrakt z owocu 5:1 \u2013 11,01 mg \/ 44,04 mg<\/li>\n<li>Gan Cao (lukrecja, Rad. Glycyrrhizae) \u2013 ekstrakt z korzenia 5:1 \u2013 11,01 mg \/ 44,04 mg<\/li>\n<li>Zi Su Ye (pachnotka zwyczajna, Fol. Perillae) \u2013 ekstrakt z li\u015bcia 5:1 \u2013 11,01 mg \/ 44,04 mg<\/li>\n<li>Wu Wei Zi (cytryniec chi\u0144ski, Fruc. Schisandrae) \u2013 ekstrakt z owocu 5:1 \u2013 7,34 mg \/ 29,36 mg<\/li>\n<li>Syrop glukozowy i woda oczyszczona<\/li>\n<\/ul>\n<h2>Zalecana dzienna porcja do spo\u017cycia:<\/h2>\n<p>Dla dzieci od 3 do 7 lat: 2 miarki po 5 ml (w sumie 10 ml)<\/p>\n<p>Dla dzieci powy\u017cej 7 lat: 4 miarki po 5 ml (w sumie 20 ml)<\/p>\n<h2>Suplement diety &#8211; wa\u017cne informacje<\/h2>\n<p>Produkt nie jest przeznaczony dla dzieci poni\u017cej 3 roku \u017cycia, dla kobiet w ci\u0105\u017cy i karmi\u0105cych piersi\u0105. Nie przekracza\u0107 zalecanej porcji do spo\u017cycia w ci\u0105gu dnia. Przechowywa\u0107 w miejscu niedost\u0119pnym dla dzieci. Suplement diety nie mo\u017ce by\u0107 stosowany jako substytut (zamiennik) zr\u00f3\u017cnicowanej diety i zdrowego stylu \u017cycia. Nie zawiera glutenu, konserwant\u00f3w, barwnik\u00f3w. Przechowywa\u0107 w ch\u0142odnym i ciemnym miejscu.<\/p>","protected":false},"excerpt":{"rendered":"<h2>Syrop S\u0142oniowy &#8211; mieszanka zio\u0142owo-grzybowa<\/h2>\n<p>Syrop S\u0142oniowy dzi\u0119ki grzybom takim jak Reishi, Cordyceps oraz licznym chi\u0144skim zio\u0142om, wspiera utrzymanie prawid\u0142owego funkcjonowania uk\u0142adu oddechowego.<\/p>\n<h2>Jak syrop S\u0142oniowy wspomaga organizm?<\/h2>\n<ul>\n<li>Wspiera utrzymanie prawid\u0142owego funkcjonowania uk\u0142adu oddechowego.<\/li>\n<li>Polecany jest dla os\u00f3b, kt\u00f3re nara\u017cone s\u0105 na: duszno\u015b\u0107, astm\u0119 (w tym astm\u0119 alergiczn\u0105), mokry kaszel, zm\u0119czenie.<\/li>\n<\/ul>","protected":false},"featured_media":7697,"template":"","meta":{"ocean_post_layout":"","ocean_both_sidebars_style":"","ocean_both_sidebars_content_width":0,"ocean_both_sidebars_sidebars_width":0,"ocean_sidebar":"0","ocean_second_sidebar":"0","ocean_disable_margins":"enable","ocean_add_body_class":"","ocean_shortcode_before_top_bar":"","ocean_shortcode_after_top_bar":"","ocean_shortcode_before_header":"","ocean_shortcode_after_header":"","ocean_has_shortcode":"","ocean_shortcode_after_title":"","ocean_shortcode_before_footer_widgets":"","ocean_shortcode_after_footer_widgets":"","ocean_shortcode_before_footer_bottom":"","ocean_shortcode_after_footer_bottom":"","ocean_display_top_bar":"default","ocean_display_header":"default","ocean_header_style":"","ocean_center_header_left_menu":"0","ocean_custom_header_template":"0","ocean_custom_logo":0,"ocean_custom_retina_logo":0,"ocean_custom_logo_max_width":0,"ocean_custom_logo_tablet_max_width":0,"ocean_custom_logo_mobile_max_width":0,"ocean_custom_logo_max_height":0,"ocean_custom_logo_tablet_max_height":0,"ocean_custom_logo_mobile_max_height":0,"ocean_header_custom_menu":"0","ocean_menu_typo_font_family":"0","ocean_menu_typo_font_subset":"","ocean_menu_typo_font_size":0,"ocean_menu_typo_font_size_tablet":0,"ocean_menu_typo_font_size_mobile":0,"ocean_menu_typo_font_size_unit":"px","ocean_menu_typo_font_weight":"","ocean_menu_typo_font_weight_tablet":"","ocean_menu_typo_font_weight_mobile":"","ocean_menu_typo_transform":"","ocean_menu_typo_transform_tablet":"","ocean_menu_typo_transform_mobile":"","ocean_menu_typo_line_height":0,"ocean_menu_typo_line_height_tablet":0,"ocean_menu_typo_line_height_mobile":0,"ocean_menu_typo_line_height_unit":"","ocean_menu_typo_spacing":0,"ocean_menu_typo_spacing_tablet":0,"ocean_menu_typo_spacing_mobile":0,"ocean_menu_typo_spacing_unit":"","ocean_menu_link_color":"","ocean_menu_link_color_hover":"","ocean_menu_link_color_active":"","ocean_menu_link_background":"","ocean_menu_link_hover_background":"","ocean_menu_link_active_background":"","ocean_menu_social_links_bg":"","ocean_menu_social_hover_links_bg":"","ocean_menu_social_links_color":"","ocean_menu_social_hover_links_color":"","ocean_disable_title":"default","ocean_disable_heading":"default","ocean_post_title":"","ocean_post_subheading":"","ocean_post_title_style":"","ocean_post_title_background_color":"","ocean_post_title_background":0,"ocean_post_title_bg_image_position":"","ocean_post_title_bg_image_attachment":"","ocean_post_title_bg_image_repeat":"","ocean_post_title_bg_image_size":"","ocean_post_title_height":0,"ocean_post_title_bg_overlay":0.5,"ocean_post_title_bg_overlay_color":"","ocean_disable_breadcrumbs":"default","ocean_breadcrumbs_color":"","ocean_breadcrumbs_separator_color":"","ocean_breadcrumbs_links_color":"","ocean_breadcrumbs_links_hover_color":"","ocean_display_footer_widgets":"default","ocean_display_footer_bottom":"default","ocean_custom_footer_template":"0"},"product_brand":[],"product_cat":[89,86],"product_tag":[],"class_list":{"0":"post-7696","1":"product","2":"type-product","3":"status-publish","4":"has-post-thumbnail","6":"product_cat-mycomedica","7":"product_cat-syropy","9":"entry","10":"has-media","12":"first","13":"instock","14":"shipping-taxable","15":"purchasable","16":"product-type-simple","17":"has-product-nav","18":"col","19":"span_1_of_3","20":"owp-content-left","21":"owp-thumbs-layout-horizontal","22":"owp-btn-normal","23":"owp-tabs-layout-horizontal","24":"has-no-thumbnails"},"_links":{"self":[{"href":"https:\/\/ecocorner.eu\/en\/wp-json\/wp\/v2\/product\/7696","targetHints":{"allow":["GET"]}}],"collection":[{"href":"https:\/\/ecocorner.eu\/en\/wp-json\/wp\/v2\/product"}],"about":[{"href":"https:\/\/ecocorner.eu\/en\/wp-json\/wp\/v2\/types\/product"}],"version-history":[{"count":1,"href":"https:\/\/ecocorner.eu\/en\/wp-json\/wp\/v2\/product\/7696\/revisions"}],"predecessor-version":[{"id":7698,"href":"https:\/\/ecocorner.eu\/en\/wp-json\/wp\/v2\/product\/7696\/revisions\/7698"}],"wp:featuredmedia":[{"embeddable":true,"href":"https:\/\/ecocorner.eu\/en\/wp-json\/wp\/v2\/media\/7697"}],"wp:attachment":[{"href":"https:\/\/ecocorner.eu\/en\/wp-json\/wp\/v2\/media?parent=7696"}],"wp:term":[{"taxonomy":"product_brand","embeddable":true,"href":"https:\/\/ecocorner.eu\/en\/wp-json\/wp\/v2\/product_brand?post=7696"},{"taxonomy":"product_cat","embeddable":true,"href":"https:\/\/ecocorner.eu\/en\/wp-json\/wp\/v2\/product_cat?post=7696"},{"taxonomy":"product_tag","embeddable":true,"href":"https:\/\/ecocorner.eu\/en\/wp-json\/wp\/v2\/product_tag?post=7696"}],"curies":[{"name":"wp","href":"https:\/\/api.w.org\/{rel}","templated":true}]}}