{"id":7713,"date":"2025-10-12T21:12:46","date_gmt":"2025-10-12T21:12:46","guid":{"rendered":"https:\/\/ecocorner.eu\/?post_type=product&#038;p=7713"},"modified":"2026-02-10T21:23:40","modified_gmt":"2026-02-10T21:23:40","slug":"karma-rub-magnez-w-plynie-naturalny-magnez-krople-45-ml","status":"publish","type":"product","link":"https:\/\/ecocorner.eu\/en\/product\/karma-rub-magnez-w-plynie-naturalny-magnez-krople-45-ml\/","title":{"rendered":"Karma Rub   Magnez w  P\u0142ynie Naturalny  Magnez   Krople  45 ml"},"content":{"rendered":"<h3>Unikalne korzy\u015bci: Przewaga naturalnego stosowania<\/h3>\n<p><b>\u2705\u00a0Dzi\u0119ki mo\u017cliwo\u015bci aplikacji bezpo\u015brednio na sk\u00f3r\u0119, Karma Rub zapewnia wyj\u0105tkow\u0105 przyswajalno\u015b\u0107 magnezu i minera\u0142\u00f3w &#8211; nawet do 90%.\u00a0<\/b>To znacznie wi\u0119cej ni\u017c tradycyjne suplementy doustne mog\u0105 zaoferowa\u0107. Produkt jest ca\u0142kowicie bezpieczny, organiczny i przyjazny dla wegan, eliminuj\u0105c ryzyko skutk\u00f3w ubocznych.<\/p>\n<p><b>\u2705 Prosty i wszechstronny spos\u00f3b u\u017cycia<\/b><\/p>\n<ul>\n<li><b>Karma Rub mo\u017ce by\u0107 stosowany lokalnie na sk\u00f3r\u0119, dodawany do k\u0105pieli, u\u017cywany jako olejek do masa\u017cu,<\/b>\u00a0czy aplikowany na skronie i szyj\u0119 dla z\u0142agodzenia napi\u0119cia. Jest to rozwi\u0105zanie zewn\u0119trzne, kt\u00f3re nie pozostawia \u015blad\u00f3w na ubraniach i jest \u0142atwe w u\u017cyciu.<\/li>\n<\/ul>\n<h3>Najcz\u0119\u015bciej zadawane pytania:<\/h3>\n<p><b>Czy Karma Rub mo\u017cna stosowa\u0107 doustnie?<\/b><\/p>\n<p>\u27a1\ufe0f Nie, produkt przeznaczony jest wy\u0142\u0105cznie do u\u017cytku zewn\u0119trznego \u2013 aplikowany bezpo\u015brednio na sk\u00f3r\u0119, do masa\u017cu lub k\u0105pieli.<\/p>\n<p><b>Czy p\u0142ynny magnez Karma Rub dzia\u0142a szybciej ni\u017c tabletki?<\/b><\/p>\n<p>\u27a1\ufe0f Tak, dzi\u0119ki aplikacji przez sk\u00f3r\u0119 wch\u0142anialno\u015b\u0107 magnezu si\u0119ga nawet 90%, co jest znacznie wy\u017csze ni\u017c w przypadku suplement\u00f3w doustnych.<\/p>\n<p><b>Na jakie dolegliwo\u015bci najlepiej stosowa\u0107 Karma Rub?<\/b><\/p>\n<p>\u27a1\ufe0f Produkt pomaga przy b\u00f3lach i skurczach mi\u0119\u015bni, migrenach, stresie, bezsenno\u015bci oraz wspiera regeneracj\u0119 organizmu po wysi\u0142ku.<\/p>\n<p><b>Czy Karma Rub jest bezpieczny dla ka\u017cdego?<\/b><\/p>\n<p>\u27a1\ufe0f Tak, produkt jest w 100% naturalny, nie zawiera chemii, jest odpowiedni dla wegan i bezpieczny w codziennym stosowaniu.<\/p>\n<p><b>Jak d\u0142ugo wystarcza jedno opakowanie 45 ml?<\/b><\/p>\n<p>\u27a1\ufe0f Butelka starcza \u015brednio na oko\u0142o 90 dni regularnego stosowania, w zale\u017cno\u015bci od cz\u0119stotliwo\u015bci aplikacji.<\/p>\n<div class=\"mpof_ki myre_zn myre_8v_l m389_6m_l\">\n<div class=\"mp4t_16_s mryx_16_s mr3m_1 mli2_1 mh85_56 mh85_0_l\">\n<div class=\"mgn2_16 _0d3bd_am0a-\">\n<h3>Sk\u0142adniki prosto z natury<\/h3>\n<p><b>\u2705 W sk\u0142adzie Karma Rub znajdziesz chlorek magnezu, olejek z drzewa cytrynowego (Backhousia citriodora) oraz inne naturalne minera\u0142y \u015bladowe,<\/b>\u00a0wszystkie pozyskane z australijskich \u017ar\u00f3de\u0142. Produkt jest dumnie oferowany przez australijsk\u0105 firm\u0119 rodzinn\u0105, kt\u00f3ra odkry\u0142a te bogactwa natury na swojej ziemi.<\/p>\n<p><b>\u2714\ufe0f Zalecenia i informacje dodatkowe<\/b><\/p>\n<ul>\n<li><b>Kilka kropel Karma Rub wystarczy, by przynie\u015b\u0107 ulg\u0119 i poprawi\u0107 samopoczucie.<\/b> Produkt jest przeznaczony wy\u0142\u0105cznie do u\u017cytku zewn\u0119trznego, a jego 45 ml pojemno\u015b\u0107 zapewnia oko\u0142o 90 dni stosowania.<\/li>\n<\/ul>\n<p><b>\u2714\ufe0f Jak u\u017cywa\u0107 Karma Rub<\/b><\/p>\n<ul>\n<li><b>Aplikacja lokalna:\u00a0<\/b>Aby cieszy\u0107 si\u0119 korzy\u015bciami p\u0142yn\u0105cymi z Karma Rub, wystarczy nanie\u015b\u0107 3-4 krople bezpo\u015brednio na wybrane obszary cia\u0142a, takie jak plecy, stopy, szyja, ramiona, kolana, biodra, czy dowolne miejsce wymagaj\u0105ce ulgi. Delikatnie wmasuj produkt w sk\u00f3r\u0119, aby umo\u017cliwi\u0107 jego g\u0142\u0119bokie wch\u0142oni\u0119cie.<\/li>\n<li><b>Wzbogacenie k\u0105pieli:<\/b>\u00a0Dla dodatkowego relaksu i odpr\u0119\u017cenia, mo\u017cesz doda\u0107 kilka kropli Karma Rub do ciep\u0142ej wody k\u0105pielowej. Pozwoli to na r\u00f3wnomierne rozprowadzenie magnezu i minera\u0142\u00f3w na ca\u0142ym ciele, zapewniaj\u0105c kompleksowe dzia\u0142anie.<\/li>\n<li><b>Masa\u017c:<\/b>\u00a0Aby wzmocni\u0107 efekt terapeutyczny, Karma Rub mo\u017cna zmiesza\u0107 z ulubionym olejkiem do masa\u017cu. Taka kombinacja nie tylko u\u0142atwi aplikacj\u0119, ale tak\u017ce pot\u0119guje doznania relaksacyjne i regeneracyjne.<\/li>\n<\/ul>\n<p><b>\u27a1\ufe0f<\/b>\u00a0<b>Note:<\/b>\u00a0Produkt przeznaczony jest wy\u0142\u0105cznie do u\u017cytku zewn\u0119trznego. Unikaj kontaktu z oczami i b\u0142onami \u015bluzowymi.<\/p>\n<p><b>\u27a1\ufe0f Podsumowanie<\/b><\/p>\n<ul>\n<li><b>Karma Rub to nie tylko produkt, to klucz do naturalnego zdrowia i dobrego samopoczucia.<\/b>\u00a0Jego unikalna formu\u0142a, prostota u\u017cycia i wszechstronne dzia\u0142anie czyni\u0105 go niezast\u0105pionym towarzyszem w codziennej piel\u0119gnacji i terapii. Odkryj moc naturalnego magnezu z Karma Rub i poczuj r\u00f3\u017cnic\u0119 w swoim \u017cyciu.<\/li>\n<\/ul>\n<\/div>\n<\/div>\n<\/div>\n<div class=\"mpof_ki myre_zn myre_8v_l m389_6m_l\">\n<div class=\"mp4t_16_s mryx_16_s mr3m_1 mli2_1 mh85_56 mh85_0_l\">\n<div class=\"mg9e_8 mj7a_8 mg9e_0_s mvrt_0_s mj7a_0_s mh36_0_s mzmg_6m munh_16_l m3h2_16_l\">\n<div class=\"mp4t_0 mryx_0 munh_56 m3h2_56\">\n<div class=\"mp7g_oh\"><\/div>\n<\/div>\n<\/div>\n<\/div>\n<\/div>\n<div class=\"mp4t_16_s mryx_16_s mr3m_1 mli2_1 mh85_56 mh85_0_l\">\n<div class=\"mg9e_8 mj7a_8 mg9e_0_s mvrt_0_s mj7a_0_s mh36_0_s mzmg_6m munh_16_l m3h2_16_l\">\n<div class=\"mp4t_0 mryx_0 munh_56 m3h2_56\">\n<div class=\"mp7g_oh\"><\/div>\n<\/div>\n<\/div>\n<\/div>\n<div class=\"mp4t_16_s mryx_16_s mr3m_1 mli2_1 mh85_56 mh85_0_l\">\n<div class=\"mgn2_16 _0d3bd_am0a-\">\n<p>&nbsp;<\/p>\n<\/div>\n<\/div>","protected":false},"excerpt":{"rendered":"<h3>Karma Rub: Rewolucja w naturalnej terapii magnezem<\/h3>\n<p><b>\u2705 Karma Rub to innowacyjny, w 100% naturalny p\u0142ynny magnez, zapakowany w praktyczn\u0105 butelk\u0119 45 ml. <\/b>Ten unikatowy produkt wyr\u00f3\u017cnia si\u0119 zawarto\u015bci\u0105 a\u017c do 35% chlorku magnezu i siarczanu magnezu, wzbogacony o cenne minera\u0142y \u015bladowe takie jak wap\u0144, \u017celazo, cynk i mied\u017a.<\/p>\n<p><b>\u2705 Wydobywany z niepowtarzalnego \u017ar\u00f3d\u0142a w Australii,\u00a0<\/b>Karma Rub charakteryzuje si\u0119 b\u0142yskawiczn\u0105 absorpcj\u0105 przez sk\u00f3r\u0119, oferuj\u0105c natychmiastowe dzia\u0142anie.<\/p>\n<h3>Zalety i zastosowanie: Klucz do naturalnego dobrostanu<\/h3>\n<p><b>\u2705 Karma Rub jest synonimem czysto\u015bci i skuteczno\u015bci. Bez dodatk\u00f3w chemicznych i konserwant\u00f3w,<\/b>\u00a0ten p\u0142ynny magnez oferuje szerokie spektrum zastosowa\u0144, w tym:<\/p>\n<ul>\n<li><b>Natychmiastowa ulga w b\u00f3lu mi\u0119\u015bni,\u00a0<\/b>migrenach i skurczach<\/li>\n<li><b>Skuteczna pomoc przy bezsenno\u015bci i nadmiernym stresie<\/b><\/li>\n<li><b>Wsparcie dla serca,<\/b>\u00a0regulacja ci\u015bnienia krwi i poziomu cukru<\/li>\n<\/ul>\n<p><b>\u2714\ufe0f\u00a0Dodatkowo, p\u0142ynny magnez Karma Rub jest pot\u0119\u017cnym sojusznikiem dla Twojego umys\u0142u, wspieraj\u0105c pami\u0119\u0107,<\/b>\u00a0koncentracj\u0119 oraz \u0142agodz\u0105c symptomy przedmiesi\u0105czkowe i wspomagaj\u0105c rehabilitacj\u0119.<\/p>","protected":false},"featured_media":7714,"template":"","meta":{"ocean_post_layout":"","ocean_both_sidebars_style":"","ocean_both_sidebars_content_width":0,"ocean_both_sidebars_sidebars_width":0,"ocean_sidebar":"0","ocean_second_sidebar":"0","ocean_disable_margins":"enable","ocean_add_body_class":"","ocean_shortcode_before_top_bar":"","ocean_shortcode_after_top_bar":"","ocean_shortcode_before_header":"","ocean_shortcode_after_header":"","ocean_has_shortcode":"","ocean_shortcode_after_title":"","ocean_shortcode_before_footer_widgets":"","ocean_shortcode_after_footer_widgets":"","ocean_shortcode_before_footer_bottom":"","ocean_shortcode_after_footer_bottom":"","ocean_display_top_bar":"default","ocean_display_header":"default","ocean_header_style":"","ocean_center_header_left_menu":"0","ocean_custom_header_template":"0","ocean_custom_logo":0,"ocean_custom_retina_logo":0,"ocean_custom_logo_max_width":0,"ocean_custom_logo_tablet_max_width":0,"ocean_custom_logo_mobile_max_width":0,"ocean_custom_logo_max_height":0,"ocean_custom_logo_tablet_max_height":0,"ocean_custom_logo_mobile_max_height":0,"ocean_header_custom_menu":"0","ocean_menu_typo_font_family":"0","ocean_menu_typo_font_subset":"","ocean_menu_typo_font_size":0,"ocean_menu_typo_font_size_tablet":0,"ocean_menu_typo_font_size_mobile":0,"ocean_menu_typo_font_size_unit":"px","ocean_menu_typo_font_weight":"","ocean_menu_typo_font_weight_tablet":"","ocean_menu_typo_font_weight_mobile":"","ocean_menu_typo_transform":"","ocean_menu_typo_transform_tablet":"","ocean_menu_typo_transform_mobile":"","ocean_menu_typo_line_height":0,"ocean_menu_typo_line_height_tablet":0,"ocean_menu_typo_line_height_mobile":0,"ocean_menu_typo_line_height_unit":"","ocean_menu_typo_spacing":0,"ocean_menu_typo_spacing_tablet":0,"ocean_menu_typo_spacing_mobile":0,"ocean_menu_typo_spacing_unit":"","ocean_menu_link_color":"","ocean_menu_link_color_hover":"","ocean_menu_link_color_active":"","ocean_menu_link_background":"","ocean_menu_link_hover_background":"","ocean_menu_link_active_background":"","ocean_menu_social_links_bg":"","ocean_menu_social_hover_links_bg":"","ocean_menu_social_links_color":"","ocean_menu_social_hover_links_color":"","ocean_disable_title":"default","ocean_disable_heading":"default","ocean_post_title":"","ocean_post_subheading":"","ocean_post_title_style":"","ocean_post_title_background_color":"","ocean_post_title_background":0,"ocean_post_title_bg_image_position":"","ocean_post_title_bg_image_attachment":"","ocean_post_title_bg_image_repeat":"","ocean_post_title_bg_image_size":"","ocean_post_title_height":0,"ocean_post_title_bg_overlay":0.5,"ocean_post_title_bg_overlay_color":"","ocean_disable_breadcrumbs":"default","ocean_breadcrumbs_color":"","ocean_breadcrumbs_separator_color":"","ocean_breadcrumbs_links_color":"","ocean_breadcrumbs_links_hover_color":"","ocean_display_footer_widgets":"default","ocean_display_footer_bottom":"default","ocean_custom_footer_template":"0"},"product_brand":[],"product_cat":[17,87,21],"product_tag":[],"class_list":{"0":"post-7713","1":"product","2":"type-product","3":"status-publish","4":"has-post-thumbnail","6":"product_cat-cialo","7":"product_cat-masci-lecznicze","8":"product_cat-zdrowie","10":"entry","11":"has-media","13":"first","14":"outofstock","15":"shipping-taxable","16":"purchasable","17":"product-type-simple","18":"has-product-nav","19":"col","20":"span_1_of_3","21":"owp-content-left","22":"owp-thumbs-layout-horizontal","23":"owp-btn-normal","24":"owp-tabs-layout-horizontal","25":"has-no-thumbnails"},"_links":{"self":[{"href":"https:\/\/ecocorner.eu\/en\/wp-json\/wp\/v2\/product\/7713","targetHints":{"allow":["GET"]}}],"collection":[{"href":"https:\/\/ecocorner.eu\/en\/wp-json\/wp\/v2\/product"}],"about":[{"href":"https:\/\/ecocorner.eu\/en\/wp-json\/wp\/v2\/types\/product"}],"version-history":[{"count":1,"href":"https:\/\/ecocorner.eu\/en\/wp-json\/wp\/v2\/product\/7713\/revisions"}],"predecessor-version":[{"id":7715,"href":"https:\/\/ecocorner.eu\/en\/wp-json\/wp\/v2\/product\/7713\/revisions\/7715"}],"wp:featuredmedia":[{"embeddable":true,"href":"https:\/\/ecocorner.eu\/en\/wp-json\/wp\/v2\/media\/7714"}],"wp:attachment":[{"href":"https:\/\/ecocorner.eu\/en\/wp-json\/wp\/v2\/media?parent=7713"}],"wp:term":[{"taxonomy":"product_brand","embeddable":true,"href":"https:\/\/ecocorner.eu\/en\/wp-json\/wp\/v2\/product_brand?post=7713"},{"taxonomy":"product_cat","embeddable":true,"href":"https:\/\/ecocorner.eu\/en\/wp-json\/wp\/v2\/product_cat?post=7713"},{"taxonomy":"product_tag","embeddable":true,"href":"https:\/\/ecocorner.eu\/en\/wp-json\/wp\/v2\/product_tag?post=7713"}],"curies":[{"name":"wp","href":"https:\/\/api.w.org\/{rel}","templated":true}]}}