{"id":7719,"date":"2025-10-13T09:54:35","date_gmt":"2025-10-13T09:54:35","guid":{"rendered":"https:\/\/ecocorner.eu\/?post_type=product&#038;p=7719"},"modified":"2026-01-07T21:54:09","modified_gmt":"2026-01-07T21:54:09","slug":"mycomedica-cordyceps-w-proszku-suplement-diety-100-g","status":"publish","type":"product","link":"https:\/\/ecocorner.eu\/en\/product\/mycomedica-cordyceps-w-proszku-suplement-diety-100-g\/","title":{"rendered":"MycoMedica   Cordyceps w proszku  Suplement diety 100 g"},"content":{"rendered":"<div class=\"custom-product\">\n<p>&nbsp;<\/p>\n<h2>Jako\u015b\u0107 i bezpiecze\u0144stwo<\/h2>\n<p>Producent niniejszego produktu (MyTao s.r.o.) posiada dla niego certyfikat BIO, kt\u00f3ry mo\u017cna pobra\u0107 <a href=\"https:\/\/webgate.ec.europa.eu\/tracesnt\/directory\/publication\/organic-operator\/index#!?query=CZ-BIO-003.203-0000528.2025.001&amp;sort=-issuedOn\" target=\"_blank\" rel=\"noreferrer noopener\">tutaj<\/a>. Jako dystrybutor jeste\u015bmy w trakcie uzyskiwania certyfikacji ekologicznej dla naszego sklepu, dlatego te\u017c, jeszcze na ten moment nie posiadamy certyfikatu BIO dla tego produktu. Prosimy o cierpliwo\u015b\u0107, a ju\u017c nied\u0142ugo produkt b\u0119dzie w pe\u0142ni certyfikowany w nieprzerwanym \u0142a\u0144cuch certyfikacji ekologicznej!<\/p>\n<p>Zio\u0142a i grzyby, z kt\u00f3rych powstaj\u0105 suplementy diety MycoMedica, uprawiane s\u0105 w nietkni\u0119tych przez cywilizacj\u0119 chi\u0144skich prowincjach Fujian i Jiangxi, kt\u00f3re s\u0142yn\u0105 ze swoje nieska\u017conej przyrody. S\u0105 one testowane w laboratoriach w Niemczech na obecno\u015b\u0107 pestycyd\u00f3w, metali ci\u0119\u017ckich, mikroorganizm\u00f3w, szkodliwych grzyb\u00f3w i promieniowania, aby mie\u0107 pewno\u015b\u0107, \u017ce s\u0105 one od nich wolne i w pe\u0142ni bezpieczne dla konsument\u00f3w.<\/p>\n<h2>Ingredients<\/h2>\n<p>Cordyceps sinensis &#8211; 100 g proszku z owocnik\u00f3w<\/p>\n<h2>Zalecana dzienna porcja do spo\u017cycia:<\/h2>\n<p>1 &#8211; 3 g dziennie, co najmniej p\u00f3\u0142 godziny przed posi\u0142kiem, wymiesza\u0107 w oko\u0142o 100 ml wody i wypi\u0107 (1 p\u0142aska \u0142y\u017ceczka = 2 g proszku) lub doda\u0107 do kawy.<\/p>\n<h2>Attention!<\/h2>\n<p>Produkt nie jest przeznaczony dla dzieci poniz\u0307ej 3 roku z\u0307ycia, dla kobiet w cia\u0328z\u0307y i karmia\u0328cych piersia\u0328. Nie przekraczac\u0301 zalecanej porcji do spo\u017cycia w ci\u0105gu dnia. Przechowywa\u0107 w miejscu niedost\u0119pnym dla dzieci. Suplement diety nie mo\u017ce by\u0107 stosowany jako substytut (zamiennik) zr\u00f3\u017cnicowanej diety i zdrowego stylu \u017cycia. Nie zawiera glutenu, konserwant\u00f3w, barwnik\u00f3w. Przechowywa\u0107 w ch\u0142odnym i ciemnym miejscu.<\/p>\n<\/div>\n<h2>Kraj produkcji<\/h2>\n<p>Czechy<\/p>","protected":false},"excerpt":{"rendered":"<p><strong>Cordyceps sinensis<\/strong> (maczu\u017cnik chi\u0144ski) w staro\u017cytnym Tybecie i Chinach by\u0142 uwa\u017cany za jeden najcenniejszych grzyb\u00f3w. Jest to <strong>bogate \u017ar\u00f3d\u0142o betaglukan\u00f3w, minera\u0142\u00f3w, witamin i pierwiastk\u00f3w \u015bladowych<\/strong>.<\/p>\n<p>Grzyb Cordyceps nazywany jest &#8222;najmocniejszym akumulatorem&#8221; ze wszystkich grzyb\u00f3w. Stosowany jest w celu\u00a0<strong>wspierania witalno\u015bci<\/strong>\u00a0i prawid\u0142owego funkcjonowania\u00a0<strong>uk\u0142adu odporno\u015bciowego<\/strong>. Stosowany jest przez osoby, kt\u00f3re s\u0105 nara\u017cone na du\u017ce zm\u0119czenie lub nawet wyczerpanie, a tak\u017ce przez sportowc\u00f3w, kt\u00f3rym pomaga zachowa\u0107 energi\u0119.<\/p>\n<p>Cordyceps\u00a0<b>w postaci proszku<\/b>\u00a0(powder\/biomasa), to wysuszone owocniki, kt\u00f3re s\u0105 mielone na bardzo drobny proszek specjaln\u0105 metod\u0105 shellbroken, przy kt\u00f3rej dochodzi do z\u0142amania otoczki chitynowej kom\u00f3rki i\u00a0uwolnienia substancji czynnych. W por\u00f3wnaniu z\u00a0ekstraktem taka forma dzia\u0142a delikatniej.<\/p>\n<p>Proszek zawiera oko\u0142o 0,5 &#8211; 3% polisacharyd\u00f3w. Idealnie nadaje si\u0119 jako dodatek do kawy, lub zamiast kawy.<\/p>\n<h2>Application<\/h2>\n<p>&#8211; wspiera prawid\u0142owe funkcjonowania uk\u0142adu odporno\u015bciowego,<\/p>\n<p>&#8211; wspiera prawid\u0142owe funkcjonowanie uk\u0142adu oddechowego,<\/p>\n<p>&#8211; pomaga wzmocni\u0107 witalno\u015b\u0107 organizmu,<\/p>\n<p>&#8211; pomaga utrzyma\u0107 prawid\u0142ow\u0105 funkcj\u0119 seksualn\u0105.<\/p>","protected":false},"featured_media":7720,"template":"","meta":{"ocean_post_layout":"","ocean_both_sidebars_style":"","ocean_both_sidebars_content_width":0,"ocean_both_sidebars_sidebars_width":0,"ocean_sidebar":"0","ocean_second_sidebar":"0","ocean_disable_margins":"enable","ocean_add_body_class":"","ocean_shortcode_before_top_bar":"","ocean_shortcode_after_top_bar":"","ocean_shortcode_before_header":"","ocean_shortcode_after_header":"","ocean_has_shortcode":"","ocean_shortcode_after_title":"","ocean_shortcode_before_footer_widgets":"","ocean_shortcode_after_footer_widgets":"","ocean_shortcode_before_footer_bottom":"","ocean_shortcode_after_footer_bottom":"","ocean_display_top_bar":"default","ocean_display_header":"default","ocean_header_style":"","ocean_center_header_left_menu":"0","ocean_custom_header_template":"0","ocean_custom_logo":0,"ocean_custom_retina_logo":0,"ocean_custom_logo_max_width":0,"ocean_custom_logo_tablet_max_width":0,"ocean_custom_logo_mobile_max_width":0,"ocean_custom_logo_max_height":0,"ocean_custom_logo_tablet_max_height":0,"ocean_custom_logo_mobile_max_height":0,"ocean_header_custom_menu":"0","ocean_menu_typo_font_family":"0","ocean_menu_typo_font_subset":"","ocean_menu_typo_font_size":0,"ocean_menu_typo_font_size_tablet":0,"ocean_menu_typo_font_size_mobile":0,"ocean_menu_typo_font_size_unit":"px","ocean_menu_typo_font_weight":"","ocean_menu_typo_font_weight_tablet":"","ocean_menu_typo_font_weight_mobile":"","ocean_menu_typo_transform":"","ocean_menu_typo_transform_tablet":"","ocean_menu_typo_transform_mobile":"","ocean_menu_typo_line_height":0,"ocean_menu_typo_line_height_tablet":0,"ocean_menu_typo_line_height_mobile":0,"ocean_menu_typo_line_height_unit":"","ocean_menu_typo_spacing":0,"ocean_menu_typo_spacing_tablet":0,"ocean_menu_typo_spacing_mobile":0,"ocean_menu_typo_spacing_unit":"","ocean_menu_link_color":"","ocean_menu_link_color_hover":"","ocean_menu_link_color_active":"","ocean_menu_link_background":"","ocean_menu_link_hover_background":"","ocean_menu_link_active_background":"","ocean_menu_social_links_bg":"","ocean_menu_social_hover_links_bg":"","ocean_menu_social_links_color":"","ocean_menu_social_hover_links_color":"","ocean_disable_title":"default","ocean_disable_heading":"default","ocean_post_title":"","ocean_post_subheading":"","ocean_post_title_style":"","ocean_post_title_background_color":"","ocean_post_title_background":0,"ocean_post_title_bg_image_position":"","ocean_post_title_bg_image_attachment":"","ocean_post_title_bg_image_repeat":"","ocean_post_title_bg_image_size":"","ocean_post_title_height":0,"ocean_post_title_bg_overlay":0.5,"ocean_post_title_bg_overlay_color":"","ocean_disable_breadcrumbs":"default","ocean_breadcrumbs_color":"","ocean_breadcrumbs_separator_color":"","ocean_breadcrumbs_links_color":"","ocean_breadcrumbs_links_hover_color":"","ocean_display_footer_widgets":"default","ocean_display_footer_bottom":"default","ocean_custom_footer_template":"0"},"product_brand":[],"product_cat":[89,21],"product_tag":[],"class_list":{"0":"post-7719","1":"product","2":"type-product","3":"status-publish","4":"has-post-thumbnail","6":"product_cat-mycomedica","7":"product_cat-zdrowie","9":"entry","10":"has-media","12":"first","13":"outofstock","14":"shipping-taxable","15":"purchasable","16":"product-type-simple","17":"has-product-nav","18":"col","19":"span_1_of_3","20":"owp-content-left","21":"owp-thumbs-layout-horizontal","22":"owp-btn-normal","23":"owp-tabs-layout-horizontal","24":"has-no-thumbnails"},"_links":{"self":[{"href":"https:\/\/ecocorner.eu\/en\/wp-json\/wp\/v2\/product\/7719","targetHints":{"allow":["GET"]}}],"collection":[{"href":"https:\/\/ecocorner.eu\/en\/wp-json\/wp\/v2\/product"}],"about":[{"href":"https:\/\/ecocorner.eu\/en\/wp-json\/wp\/v2\/types\/product"}],"version-history":[{"count":1,"href":"https:\/\/ecocorner.eu\/en\/wp-json\/wp\/v2\/product\/7719\/revisions"}],"predecessor-version":[{"id":7721,"href":"https:\/\/ecocorner.eu\/en\/wp-json\/wp\/v2\/product\/7719\/revisions\/7721"}],"wp:featuredmedia":[{"embeddable":true,"href":"https:\/\/ecocorner.eu\/en\/wp-json\/wp\/v2\/media\/7720"}],"wp:attachment":[{"href":"https:\/\/ecocorner.eu\/en\/wp-json\/wp\/v2\/media?parent=7719"}],"wp:term":[{"taxonomy":"product_brand","embeddable":true,"href":"https:\/\/ecocorner.eu\/en\/wp-json\/wp\/v2\/product_brand?post=7719"},{"taxonomy":"product_cat","embeddable":true,"href":"https:\/\/ecocorner.eu\/en\/wp-json\/wp\/v2\/product_cat?post=7719"},{"taxonomy":"product_tag","embeddable":true,"href":"https:\/\/ecocorner.eu\/en\/wp-json\/wp\/v2\/product_tag?post=7719"}],"curies":[{"name":"wp","href":"https:\/\/api.w.org\/{rel}","templated":true}]}}