{"id":7722,"date":"2025-10-13T10:00:35","date_gmt":"2025-10-13T10:00:35","guid":{"rendered":"https:\/\/ecocorner.eu\/?post_type=product&#038;p=7722"},"modified":"2026-04-11T13:19:35","modified_gmt":"2026-04-11T13:19:35","slug":"mycomedica-hericium-w-proszku-lions-mane-suplement-diety-100-g","status":"publish","type":"product","link":"https:\/\/ecocorner.eu\/en\/product\/mycomedica-hericium-w-proszku-lions-mane-suplement-diety-100-g\/","title":{"rendered":"MycoMedica    Hericium w proszku  (Lion&#8217;s Mane)  Suplement diety 100 g"},"content":{"rendered":"<div class=\"custom-product\">\n<h2>Dzia\u0142anie wed\u0142ug Tradycyjnej Medycyny Chi\u0144skiej*<\/h2>\n<p>&#8211;\u00a0Termika: neutralna<\/p>\n<p>&#8211; smak: s\u0142odki<\/p>\n<p>&#8211; Tropizm:\u00a0Serce, W\u0105troba i P\u0142uca<\/p>\n<p>&#8211; Hericium wzmacnia \u017bo\u0142\u0105dek<\/p>\n<p>&#8211; reguluje Qi<\/p>\n<p>&#8211; uzupe\u0142nia \u015aledzion\u0119<\/p>\n<p>&#8211; uspokaja umys\u0142 Shen<\/p>\n<p>&#8211; wspiera pozosta\u0142e obiegi czynno\u015bciowe<\/p>\n<p>*Sformu\u0142owania zapisane du\u017c\u0105 liter\u0105 to terminy z zakresu Tradycyjnej Medycyny Chi\u0144skiej, kt\u00f3re mog\u0105 mie\u0107 inne znaczenie ni\u017c podobne terminy wykorzystywane w medycynie zachodniej. Przyk\u0142adowo \u017bo\u0142\u0105dek w rozumieniu TCM to ca\u0142y obieg czynno\u015bciowy zwi\u0105zany z trawieniem i przemian\u0105 materii, a nie okre\u015blenie konkretnego narz\u0105du anatomicznego. Z kolei poj\u0119cie takie jak \u201eQi\u201d lub \u201eEsencja\u201d w og\u00f3le nie wyst\u0119puj\u0105 w medycynie zachodniej i nie maj\u0105 tam swojego odpowiednika.<\/p>\n<h2>Jako\u015b\u0107 i bezpiecze\u0144stwo<\/h2>\n<p>Producent niniejszego produktu (MyTao s.r.o.) posiada dla niego certyfikat BIO, kt\u00f3ry mo\u017cna pobra\u0107 <a href=\"https:\/\/webgate.ec.europa.eu\/tracesnt\/directory\/publication\/organic-operator\/index#!?query=CZ-BIO-003.203-0000528.2025.001&amp;sort=-issuedOn\" target=\"_blank\" rel=\"noreferrer noopener\">tutaj<\/a>. Jako dystrybutor jeste\u015bmy w trakcie uzyskiwania certyfikacji ekologicznej dla naszego sklepu, dlatego te\u017c, jeszcze na ten moment nie posiadamy certyfikatu BIO dla tego produktu. Prosimy o cierpliwo\u015b\u0107, a ju\u017c nied\u0142ugo produkt b\u0119dzie w pe\u0142ni certyfikowany w nieprzerwanym \u0142a\u0144cuch certyfikacji ekologicznej!<\/p>\n<p>Zio\u0142a i grzyby, z kt\u00f3rych powstaj\u0105 suplementy diety MycoMedica, uprawiane s\u0105 w nietkni\u0119tych przez cywilizacj\u0119 chi\u0144skich prowincjach Fujian i Jiangxi, kt\u00f3re s\u0142yn\u0105 ze swoje nieska\u017conej przyrody. S\u0105 one testowane w laboratoriach w Niemczech na obecno\u015b\u0107 pestycyd\u00f3w, metali ci\u0119\u017ckich, mikroorganizm\u00f3w, szkodliwych grzyb\u00f3w i promieniowania, aby mie\u0107 pewno\u015b\u0107, \u017ce s\u0105 one od nich wolne i w pe\u0142ni bezpieczne dla konsument\u00f3w.<\/p>\n<\/div>\n<h2>Ingredients<\/h2>\n<p>Hericium erinaceus (Lion&#8217;s mane) &#8211; 100 g<\/p>\n<h2>Zalecana dzienna porcja do spo\u017cycia:<\/h2>\n<p>1 &#8211; 3 g dziennie, co najmniej p\u00f3\u0142 godziny przed posi\u0142kiem, wymiesza\u0107 w oko\u0142o 10 ml wody i wypi\u0107 (1 p\u0142aska \u0142y\u017ceczka = 2 g proszku). Zalecamy stosowa\u0107 przez 5 dni w tygodniu i robi\u0107 2 dniowe przerwy.<\/p>\n<h2>Attention!<\/h2>\n<p>Produkt nie jest przeznaczony dla dzieci poniz\u0307ej 3 roku z\u0307ycia, dla kobiet w cia\u0328z\u0307y i karmia\u0328cych piersia\u0328. Nie przekraczac\u0301 zalecanej porcji do spo\u017cycia w ci\u0105gu dnia. Przechowywa\u0107 w miejscu niedost\u0119pnym dla dzieci. Suplement diety nie mo\u017ce by\u0107 stosowany jako substytut (zamiennik) zr\u00f3\u017cnicowanej diety i zdrowego stylu \u017cycia. Nie zawiera glutenu, konserwant\u00f3w, barwnik\u00f3w. Przechowywac\u0301 w ch\u0142odnym i ciemnym miejscu.<\/p>\n<h2>Kraj produkcji<\/h2>\n<p>Czechy<\/p>","protected":false},"excerpt":{"rendered":"<p>Hericium\u00a0(Lion&#8217;s Mane)\u00a0ma delikatny smak b\u0119d\u0105cy kombinacj\u0105 aromat\u00f3w owoc\u00f3w morza, cytryny i kokosa. Ten grzyb ceniony jest g\u0142\u00f3wnie ze wzgl\u0119du na jego <strong>korzystny wp\u0142yw na utrzymanie prawid\u0142owej pracy uk\u0142adu trawiennego<\/strong>.<\/p>\n<p>Hericium pomaga utrzyma\u0107 prawid\u0142owy stan <strong>b\u0142ony \u015bluzowej<\/strong> \u017co\u0142\u0105dka. Wspiera r\u00f3wnie\u017c prawid\u0142owe funkcjonowanie<strong>\u00a0uk\u0142adu nerwowego<\/strong>.<\/p>\n<p><strong>Hericium &#8211; poranna kawa<br \/>\n<\/strong>Hericium idealnie nadaje si\u0119 jako dodatek do kawy lub zamiennik kawy. Je\u015bli wi\u0119c potrzebujesz wi\u0119cej energii i chcesz poprawi\u0107 swoj\u0105 koncentracj\u0119, a do tego zale\u017cy Ci na dobroczynnych w\u0142a\u015bciwo\u015bciach grzyb\u00f3w, to grzybowa kawa z Hericium jest dla Ciebie.<\/p>\n<p><strong>G\u0142\u00f3wne atuty Hericium:<\/strong><br \/>\n&#8211; naturalny bez dodatkowych wype\u0142niaczy<br \/>\n&#8211; drobno zmielone, dlatego doskonale si\u0119 rozpuszcza<br \/>\n&#8211; przebadane na ka\u017cdym etapie produkcji, dlatego masz 100% pewno\u015bci, \u017ce jest skuteczne i bezpieczne.<\/p>\n<p><b>Hericium w postaci proszku<\/b>\u00a0(powder\/biomasa), to wysuszone owocniki, kt\u00f3re s\u0105 mielone na bardzo drobny proszek specjaln\u0105 metod\u0105 shellbroken, przy kt\u00f3rej dochodzi do z\u0142amania otoczki chitynowej kom\u00f3rki i\u00a0uwolnienia substancji czynnych. W por\u00f3wnaniu z\u00a0ekstraktem taka forma dzia\u0142a delikatniej.<\/p>\n<h2>Jak grzyb Hericium wspiera organizm?<\/h2>\n<p>&#8211; wspiera prawid\u0142owe procesy trawienia<\/p>\n<p>&#8211; wspomaga naturaln\u0105 aktywno\u015b\u0107 m\u00f3zgu<\/p>\n<p>&#8211; wspiera uk\u0142ad nerwowy i spokojny sen oraz optymaln\u0105 prac\u0119 umys\u0142u<\/p>","protected":false},"featured_media":7723,"template":"","meta":{"ocean_post_layout":"","ocean_both_sidebars_style":"","ocean_both_sidebars_content_width":0,"ocean_both_sidebars_sidebars_width":0,"ocean_sidebar":"0","ocean_second_sidebar":"0","ocean_disable_margins":"enable","ocean_add_body_class":"","ocean_shortcode_before_top_bar":"","ocean_shortcode_after_top_bar":"","ocean_shortcode_before_header":"","ocean_shortcode_after_header":"","ocean_has_shortcode":"","ocean_shortcode_after_title":"","ocean_shortcode_before_footer_widgets":"","ocean_shortcode_after_footer_widgets":"","ocean_shortcode_before_footer_bottom":"","ocean_shortcode_after_footer_bottom":"","ocean_display_top_bar":"default","ocean_display_header":"default","ocean_header_style":"","ocean_center_header_left_menu":"0","ocean_custom_header_template":"0","ocean_custom_logo":0,"ocean_custom_retina_logo":0,"ocean_custom_logo_max_width":0,"ocean_custom_logo_tablet_max_width":0,"ocean_custom_logo_mobile_max_width":0,"ocean_custom_logo_max_height":0,"ocean_custom_logo_tablet_max_height":0,"ocean_custom_logo_mobile_max_height":0,"ocean_header_custom_menu":"0","ocean_menu_typo_font_family":"0","ocean_menu_typo_font_subset":"","ocean_menu_typo_font_size":0,"ocean_menu_typo_font_size_tablet":0,"ocean_menu_typo_font_size_mobile":0,"ocean_menu_typo_font_size_unit":"px","ocean_menu_typo_font_weight":"","ocean_menu_typo_font_weight_tablet":"","ocean_menu_typo_font_weight_mobile":"","ocean_menu_typo_transform":"","ocean_menu_typo_transform_tablet":"","ocean_menu_typo_transform_mobile":"","ocean_menu_typo_line_height":0,"ocean_menu_typo_line_height_tablet":0,"ocean_menu_typo_line_height_mobile":0,"ocean_menu_typo_line_height_unit":"","ocean_menu_typo_spacing":0,"ocean_menu_typo_spacing_tablet":0,"ocean_menu_typo_spacing_mobile":0,"ocean_menu_typo_spacing_unit":"","ocean_menu_link_color":"","ocean_menu_link_color_hover":"","ocean_menu_link_color_active":"","ocean_menu_link_background":"","ocean_menu_link_hover_background":"","ocean_menu_link_active_background":"","ocean_menu_social_links_bg":"","ocean_menu_social_hover_links_bg":"","ocean_menu_social_links_color":"","ocean_menu_social_hover_links_color":"","ocean_disable_title":"default","ocean_disable_heading":"default","ocean_post_title":"","ocean_post_subheading":"","ocean_post_title_style":"","ocean_post_title_background_color":"","ocean_post_title_background":0,"ocean_post_title_bg_image_position":"","ocean_post_title_bg_image_attachment":"","ocean_post_title_bg_image_repeat":"","ocean_post_title_bg_image_size":"","ocean_post_title_height":0,"ocean_post_title_bg_overlay":0.5,"ocean_post_title_bg_overlay_color":"","ocean_disable_breadcrumbs":"default","ocean_breadcrumbs_color":"","ocean_breadcrumbs_separator_color":"","ocean_breadcrumbs_links_color":"","ocean_breadcrumbs_links_hover_color":"","ocean_display_footer_widgets":"default","ocean_display_footer_bottom":"default","ocean_custom_footer_template":"0"},"product_brand":[],"product_cat":[89,21],"product_tag":[],"class_list":{"0":"post-7722","1":"product","2":"type-product","3":"status-publish","4":"has-post-thumbnail","6":"product_cat-mycomedica","7":"product_cat-zdrowie","9":"entry","10":"has-media","12":"first","13":"instock","14":"shipping-taxable","15":"purchasable","16":"product-type-simple","17":"has-product-nav","18":"col","19":"span_1_of_3","20":"owp-content-left","21":"owp-thumbs-layout-horizontal","22":"owp-btn-normal","23":"owp-tabs-layout-horizontal","24":"has-no-thumbnails"},"_links":{"self":[{"href":"https:\/\/ecocorner.eu\/en\/wp-json\/wp\/v2\/product\/7722","targetHints":{"allow":["GET"]}}],"collection":[{"href":"https:\/\/ecocorner.eu\/en\/wp-json\/wp\/v2\/product"}],"about":[{"href":"https:\/\/ecocorner.eu\/en\/wp-json\/wp\/v2\/types\/product"}],"version-history":[{"count":1,"href":"https:\/\/ecocorner.eu\/en\/wp-json\/wp\/v2\/product\/7722\/revisions"}],"predecessor-version":[{"id":7724,"href":"https:\/\/ecocorner.eu\/en\/wp-json\/wp\/v2\/product\/7722\/revisions\/7724"}],"wp:featuredmedia":[{"embeddable":true,"href":"https:\/\/ecocorner.eu\/en\/wp-json\/wp\/v2\/media\/7723"}],"wp:attachment":[{"href":"https:\/\/ecocorner.eu\/en\/wp-json\/wp\/v2\/media?parent=7722"}],"wp:term":[{"taxonomy":"product_brand","embeddable":true,"href":"https:\/\/ecocorner.eu\/en\/wp-json\/wp\/v2\/product_brand?post=7722"},{"taxonomy":"product_cat","embeddable":true,"href":"https:\/\/ecocorner.eu\/en\/wp-json\/wp\/v2\/product_cat?post=7722"},{"taxonomy":"product_tag","embeddable":true,"href":"https:\/\/ecocorner.eu\/en\/wp-json\/wp\/v2\/product_tag?post=7722"}],"curies":[{"name":"wp","href":"https:\/\/api.w.org\/{rel}","templated":true}]}}