{"id":7725,"date":"2025-10-13T10:04:41","date_gmt":"2025-10-13T10:04:41","guid":{"rendered":"https:\/\/ecocorner.eu\/?post_type=product&#038;p=7725"},"modified":"2026-04-11T13:19:16","modified_gmt":"2026-04-11T13:19:16","slug":"mycomedica-mycosleep-suplement-diety-na-dobry-sen-i-uspokojenie-90-g","status":"publish","type":"product","link":"https:\/\/ecocorner.eu\/en\/product\/mycomedica-mycosleep-suplement-diety-na-dobry-sen-i-uspokojenie-90-g\/","title":{"rendered":"MycoMedica   MycoSleep  Suplement diety  na dobry sen i uspokojenie  90 g"},"content":{"rendered":"<div class=\"container\">\n<div class=\"row\">\n<div class=\"custom-box\">\n<div class=\"col-sm-12 col-md-6 col-lg-6\">\n<div class=\"box-1\">\n<p>&nbsp;<\/p>\n<\/div>\n<\/div>\n<div class=\"col-sm-12 col-md-6 col-lg-6\">\n<div class=\"box-2\">\n<h2>Dzia\u0142anie wed\u0142ug Tradycyjnej Medycyny Chi\u0144skiej<\/h2>\n<p>&#8211; Uspokaja Umys\u0142 i Ducha Shen<\/p>\n<p>&#8211; wspiera Esencj\u0119 Nerek<\/p>\n<\/div>\n<\/div>\n<\/div>\n<\/div>\n<\/div>\n<p>&nbsp;<\/p>\n<p>*Sformu\u0142owania zapisane du\u017c\u0105 liter\u0105 to terminy z zakresu Tradycyjnej Medycyny Chi\u0144skiej, kt\u00f3re mog\u0105 mie\u0107 inne znaczenie ni\u017c podobne terminy wykorzystywane w medycynie zachodniej. Przyk\u0142adowo \u017bo\u0142\u0105dek w rozumieniu TCM to ca\u0142y obieg czynno\u015bciowy zwi\u0105zany z trawieniem i przemian\u0105 materii, a nie okre\u015blenie konkretnego narz\u0105du anatomicznego. Z kolei poj\u0119cie takie jak \u201eQi\u201d lub \u201eEsencja\u201d w og\u00f3le nie wyst\u0119puj\u0105 w medycynie zachodniej i nie maj\u0105 tam swojego odpowiednika.<\/p>\n<h2>Jako\u015b\u0107 i bezpiecze\u0144stwo<\/h2>\n<p>Grzyby, z kt\u00f3rych powstaj\u0105 suplementy diety MycoMedica, uprawiane s\u0105 w nietkni\u0119tych przez cywilizacj\u0119 chi\u0144skich prowincjach Fujian i Jiangxi, kt\u00f3re s\u0142yn\u0105 ze swoje nieska\u017conej przyrody. Grzyby s\u0105 testowane w laboratoriach w Niemczech na obecno\u015b\u0107 pestycyd\u00f3w, metali ci\u0119\u017ckich, mikroorganizm\u00f3w, szkodliwych grzyb\u00f3w i promieniowania, aby mie\u0107 pewno\u015b\u0107, \u017ce s\u0105 one od nich wolne i w pe\u0142ni bezpieczne dla konsument\u00f3w. W tych samych laboratoriach grzyby testowane s\u0105, aby zawiera\u0142y wy\u0142\u0105cznie wysokiej jako\u015bci polisacharydy grzybowe, kt\u00f3re gwarantuj\u0105 ich prozdrowotne w\u0142a\u015bciwo\u015bci.<\/p>\n<h2>Ingredients<\/h2>\n<ul>\n<li>Grzyb Reishi (Lakownica \u017c\u00f3\u0142tawa) \/ Ganoderma lucidum, sproszkowane owocniki &#8211; 2000 mg* \/ 2000 mg**<\/li>\n<li>Owoce Jujuby &#8211; G\u0142o\u017cyna pospolita (Suan Zao Ren) \/ Ziziphus jujuba, ekstrakt wodny z owoc\u00f3w 5:1 &#8211; 800 mg* \/ 800 mg**<\/li>\n<li>Korze\u0144 Lukrecji uralskiej (Gan Cao) \/ Glycyrrhiza uralensis, ekstrakt wodny korzenia 5:1 &#8211; 200 mg* \/ 200 mg**<\/li>\n<\/ul>\n<p><em>*ilo\u015b\u0107 w jednej porcji (1 \u0142y\u017ceczka)<\/em><\/p>\n<p><em>**ilo\u015b\u0107 w zalecanej porcji dziennej<\/em><\/p>\n<h2>Zalecana dzienna porcja do spo\u017cycia<\/h2>\n<p>1 p\u0142aska \u0142y\u017ceczka &#8211; zala\u0107 200 ml ciep\u0142ej wody<\/p>\n<p>&nbsp;<\/p>\n<h2>Attention!<\/h2>\n<p>Produkt nie jest przeznaczony dla dzieci poniz\u0307ej 3 roku z\u0307ycia, dla kobiet w cia\u0328z\u0307y i karmia\u0328cych piersia\u0328. Nie przekraczac\u0301 zalecanej porcji do spo\u017cycia w ci\u0105gu dnia. Przechowywa\u0107 w miejscu niedost\u0119pnym dla dzieci. Suplement diety nie mo\u017ce by\u0107 stosowany jako substytut (zamiennik) zr\u00f3\u017cnicowanej diety i zdrowego stylu \u017cycia. Przechowywac\u0301 w ch\u0142odnym i ciemnym miejscu.<\/p>\n<h2>Kraj produkcji<\/h2>\n<p>Czechy<\/p>","protected":false},"excerpt":{"rendered":"<p><strong>MycoSleep<\/strong> to kombinacja grzyba Reishi i ro\u015bliny g\u0142o\u017cyny pospolitej (jujuby), kt\u00f3ra wspiera <strong>prawid\u0142owy sen<\/strong> i pomaga <strong>harmonizuje emocje<\/strong>.<\/p>\n<h3>W sk\u0142adzie MycoSleep znajdziesz:<\/h3>\n<p><strong>Reishi<\/strong> ma w Tradycyjnej Medycynie Chi\u0144skiej funkcj\u0119 nazywan\u0105 <em>An Shen<\/em> czyli \u201eUspokojenie Ducha\u201d*. Wspiera prawid\u0142owe funkcjonowanie uk\u0142adu odporno\u015bciowego, sercowo-naczyniowego oraz nerwowego. Wspiera r\u00f3wnie\u017c prawid\u0142owy sen.<\/p>\n<p><strong>Suan Zao Ren<\/strong>, czyli\u00a0<strong>jujuba \/ g\u0142o\u017cyna pospolita<\/strong>, to zio\u0142o, kt\u00f3re lekarze chi\u0144scy stosuj\u0105 ju\u017c od ponad tysi\u0105ca lat jako wsparcie dla prawid\u0142owego snu.<\/p>\n<p><strong>Gan Cao, <\/strong>czyli<strong>\u00a0lukrecja<\/strong> harmonizuje ca\u0142\u0105 mieszank\u0119 i wspiera jej wch\u0142anianie.<\/p>\n<p><strong><br \/>\n<\/strong>Jak grzyb MycoSleep wspiera organizm?<\/p>\n<div class=\"container\">\n<div class=\"row\">\n<div class=\"custom-box\">\n<div class=\"col-sm-12 col-md-6 col-lg-6\">\n<div class=\"box-1\">\n<p>&#8211; wspiera prawid\u0142owy sen i zasypianie<\/p>\n<p>&#8211; wspiera prawid\u0142owe funkcjonowanie uk\u0142adu nerwowego<\/p>\n<p>&#8211; pomaga\u00a0harmonizowa\u0107 psychik\u0119<\/p>\n<p>&nbsp;<\/p>\n<\/div>\n<\/div>\n<\/div>\n<\/div>\n<\/div>","protected":false},"featured_media":7726,"template":"","meta":{"ocean_post_layout":"","ocean_both_sidebars_style":"","ocean_both_sidebars_content_width":0,"ocean_both_sidebars_sidebars_width":0,"ocean_sidebar":"0","ocean_second_sidebar":"0","ocean_disable_margins":"enable","ocean_add_body_class":"","ocean_shortcode_before_top_bar":"","ocean_shortcode_after_top_bar":"","ocean_shortcode_before_header":"","ocean_shortcode_after_header":"","ocean_has_shortcode":"","ocean_shortcode_after_title":"","ocean_shortcode_before_footer_widgets":"","ocean_shortcode_after_footer_widgets":"","ocean_shortcode_before_footer_bottom":"","ocean_shortcode_after_footer_bottom":"","ocean_display_top_bar":"default","ocean_display_header":"default","ocean_header_style":"","ocean_center_header_left_menu":"0","ocean_custom_header_template":"0","ocean_custom_logo":0,"ocean_custom_retina_logo":0,"ocean_custom_logo_max_width":0,"ocean_custom_logo_tablet_max_width":0,"ocean_custom_logo_mobile_max_width":0,"ocean_custom_logo_max_height":0,"ocean_custom_logo_tablet_max_height":0,"ocean_custom_logo_mobile_max_height":0,"ocean_header_custom_menu":"0","ocean_menu_typo_font_family":"0","ocean_menu_typo_font_subset":"","ocean_menu_typo_font_size":0,"ocean_menu_typo_font_size_tablet":0,"ocean_menu_typo_font_size_mobile":0,"ocean_menu_typo_font_size_unit":"px","ocean_menu_typo_font_weight":"","ocean_menu_typo_font_weight_tablet":"","ocean_menu_typo_font_weight_mobile":"","ocean_menu_typo_transform":"","ocean_menu_typo_transform_tablet":"","ocean_menu_typo_transform_mobile":"","ocean_menu_typo_line_height":0,"ocean_menu_typo_line_height_tablet":0,"ocean_menu_typo_line_height_mobile":0,"ocean_menu_typo_line_height_unit":"","ocean_menu_typo_spacing":0,"ocean_menu_typo_spacing_tablet":0,"ocean_menu_typo_spacing_mobile":0,"ocean_menu_typo_spacing_unit":"","ocean_menu_link_color":"","ocean_menu_link_color_hover":"","ocean_menu_link_color_active":"","ocean_menu_link_background":"","ocean_menu_link_hover_background":"","ocean_menu_link_active_background":"","ocean_menu_social_links_bg":"","ocean_menu_social_hover_links_bg":"","ocean_menu_social_links_color":"","ocean_menu_social_hover_links_color":"","ocean_disable_title":"default","ocean_disable_heading":"default","ocean_post_title":"","ocean_post_subheading":"","ocean_post_title_style":"","ocean_post_title_background_color":"","ocean_post_title_background":0,"ocean_post_title_bg_image_position":"","ocean_post_title_bg_image_attachment":"","ocean_post_title_bg_image_repeat":"","ocean_post_title_bg_image_size":"","ocean_post_title_height":0,"ocean_post_title_bg_overlay":0.5,"ocean_post_title_bg_overlay_color":"","ocean_disable_breadcrumbs":"default","ocean_breadcrumbs_color":"","ocean_breadcrumbs_separator_color":"","ocean_breadcrumbs_links_color":"","ocean_breadcrumbs_links_hover_color":"","ocean_display_footer_widgets":"default","ocean_display_footer_bottom":"default","ocean_custom_footer_template":"0"},"product_brand":[],"product_cat":[89,21],"product_tag":[],"class_list":{"0":"post-7725","1":"product","2":"type-product","3":"status-publish","4":"has-post-thumbnail","6":"product_cat-mycomedica","7":"product_cat-zdrowie","9":"entry","10":"has-media","12":"first","13":"instock","14":"shipping-taxable","15":"purchasable","16":"product-type-simple","17":"has-product-nav","18":"col","19":"span_1_of_3","20":"owp-content-left","21":"owp-thumbs-layout-horizontal","22":"owp-btn-normal","23":"owp-tabs-layout-horizontal","24":"has-no-thumbnails"},"_links":{"self":[{"href":"https:\/\/ecocorner.eu\/en\/wp-json\/wp\/v2\/product\/7725","targetHints":{"allow":["GET"]}}],"collection":[{"href":"https:\/\/ecocorner.eu\/en\/wp-json\/wp\/v2\/product"}],"about":[{"href":"https:\/\/ecocorner.eu\/en\/wp-json\/wp\/v2\/types\/product"}],"version-history":[{"count":1,"href":"https:\/\/ecocorner.eu\/en\/wp-json\/wp\/v2\/product\/7725\/revisions"}],"predecessor-version":[{"id":7727,"href":"https:\/\/ecocorner.eu\/en\/wp-json\/wp\/v2\/product\/7725\/revisions\/7727"}],"wp:featuredmedia":[{"embeddable":true,"href":"https:\/\/ecocorner.eu\/en\/wp-json\/wp\/v2\/media\/7726"}],"wp:attachment":[{"href":"https:\/\/ecocorner.eu\/en\/wp-json\/wp\/v2\/media?parent=7725"}],"wp:term":[{"taxonomy":"product_brand","embeddable":true,"href":"https:\/\/ecocorner.eu\/en\/wp-json\/wp\/v2\/product_brand?post=7725"},{"taxonomy":"product_cat","embeddable":true,"href":"https:\/\/ecocorner.eu\/en\/wp-json\/wp\/v2\/product_cat?post=7725"},{"taxonomy":"product_tag","embeddable":true,"href":"https:\/\/ecocorner.eu\/en\/wp-json\/wp\/v2\/product_tag?post=7725"}],"curies":[{"name":"wp","href":"https:\/\/api.w.org\/{rel}","templated":true}]}}