{"id":7731,"date":"2025-10-13T10:57:05","date_gmt":"2025-10-13T10:57:05","guid":{"rendered":"https:\/\/ecocorner.eu\/?post_type=product&#038;p=7731"},"modified":"2026-04-11T13:18:58","modified_gmt":"2026-04-11T13:18:58","slug":"mycomedica-shiitake-twardnik-japonski-suszone-grzyby-100-g","status":"publish","type":"product","link":"https:\/\/ecocorner.eu\/en\/product\/mycomedica-shiitake-twardnik-japonski-suszone-grzyby-100-g\/","title":{"rendered":"MycoMedica   Shiitake  Twardnik  japo\u0144ski  suszone grzyby  100 g"},"content":{"rendered":"<div class=\"custom-product\">\n<p><strong>\u00a0<\/strong><\/p>\n<div class=\"container\">\n<div class=\"row\">\n<div class=\"custom-box\">\n<div class=\"col-sm-12 col-md-6 col-lg-6\">\n<div class=\"box-1\">\n<h2>Cechy<\/h2>\n<p>suszone ca\u0142e owocniki<br \/>\n<strong>do u\u017cytku gastronomicznego<\/strong><br \/>\nwysoka zawarto\u015b\u0107 1,3\/1,6 betaglukan\u00f3w<br \/>\nuprawa kontrolowana<br \/>\nzbierane r\u0119cznie<br \/>\nnajwy\u017csza jako\u015b\u0107<\/p>\n<\/div>\n<\/div>\n<\/div>\n<\/div>\n<\/div>\n<div class=\"container jakosc-bezpieczenstwo\">\n<div class=\"row\">\n<div class=\"col-sm-8 col-md-6 col-lg-6\">\n<h2>Jako\u015b\u0107 i bezpiecze\u0144stwo<\/h2>\n<p>Zio\u0142a i grzyby, z kt\u00f3rych powstaj\u0105 produkty MycoMedica, uprawiane s\u0105 w nietkni\u0119tych przez cywilizacj\u0119 chi\u0144skich prowincjach Fujian i Jiangxi, kt\u00f3re s\u0142yn\u0105 ze swoje nieska\u017conej przyrody. S\u0105 one testowane w laboratoriach w Niemczech na obecno\u015b\u0107 pestycyd\u00f3w, metali ci\u0119\u017ckich, mikroorganizm\u00f3w, szkodliwych grzyb\u00f3w i promieniowania, aby mie\u0107 pewno\u015b\u0107, \u017ce s\u0105 one od nich wolne i w pe\u0142ni bezpieczne dla konsument\u00f3w.<\/p>\n<\/div>\n<div class=\"col-sm-4 col-md-6 col-lg-6 photo\"><img decoding=\"async\" class=\"img-responsive\" src=\"https:\/\/tcmsklep.pl\/themes\/TCMsklep\/oobox\/img\/natural.png\" alt=\"natural.png\" \/><\/div>\n<\/div>\n<\/div>\n<\/div>\n<h2>Composition<\/h2>\n<p>Twardnik japo\u0144ski\u00a0(<em>Lentinula edodes<\/em>) 100g<\/p>\n<h2>Kraj produkcji<\/h2>\n<p>Czechy<\/p>","protected":false},"excerpt":{"rendered":"<p><strong>Suszony Shiitake (twardnik japo\u0144ski) to bogaty w s\u0142u\u017c\u0105ce zdrowiu substancje czynne, a jednocze\u015bnie bardzo smaczny grzyb do u\u017cytku gastronomicznego, kt\u00f3ry \u015bwietnie nadaje si\u0119 do sa\u0142atek, zup, risotto i jako dodatek do mi\u0119sa.<\/strong><\/p>","protected":false},"featured_media":7732,"template":"","meta":{"ocean_post_layout":"","ocean_both_sidebars_style":"","ocean_both_sidebars_content_width":0,"ocean_both_sidebars_sidebars_width":0,"ocean_sidebar":"0","ocean_second_sidebar":"0","ocean_disable_margins":"enable","ocean_add_body_class":"","ocean_shortcode_before_top_bar":"","ocean_shortcode_after_top_bar":"","ocean_shortcode_before_header":"","ocean_shortcode_after_header":"","ocean_has_shortcode":"","ocean_shortcode_after_title":"","ocean_shortcode_before_footer_widgets":"","ocean_shortcode_after_footer_widgets":"","ocean_shortcode_before_footer_bottom":"","ocean_shortcode_after_footer_bottom":"","ocean_display_top_bar":"default","ocean_display_header":"default","ocean_header_style":"","ocean_center_header_left_menu":"0","ocean_custom_header_template":"0","ocean_custom_logo":0,"ocean_custom_retina_logo":0,"ocean_custom_logo_max_width":0,"ocean_custom_logo_tablet_max_width":0,"ocean_custom_logo_mobile_max_width":0,"ocean_custom_logo_max_height":0,"ocean_custom_logo_tablet_max_height":0,"ocean_custom_logo_mobile_max_height":0,"ocean_header_custom_menu":"0","ocean_menu_typo_font_family":"0","ocean_menu_typo_font_subset":"","ocean_menu_typo_font_size":0,"ocean_menu_typo_font_size_tablet":0,"ocean_menu_typo_font_size_mobile":0,"ocean_menu_typo_font_size_unit":"px","ocean_menu_typo_font_weight":"","ocean_menu_typo_font_weight_tablet":"","ocean_menu_typo_font_weight_mobile":"","ocean_menu_typo_transform":"","ocean_menu_typo_transform_tablet":"","ocean_menu_typo_transform_mobile":"","ocean_menu_typo_line_height":0,"ocean_menu_typo_line_height_tablet":0,"ocean_menu_typo_line_height_mobile":0,"ocean_menu_typo_line_height_unit":"","ocean_menu_typo_spacing":0,"ocean_menu_typo_spacing_tablet":0,"ocean_menu_typo_spacing_mobile":0,"ocean_menu_typo_spacing_unit":"","ocean_menu_link_color":"","ocean_menu_link_color_hover":"","ocean_menu_link_color_active":"","ocean_menu_link_background":"","ocean_menu_link_hover_background":"","ocean_menu_link_active_background":"","ocean_menu_social_links_bg":"","ocean_menu_social_hover_links_bg":"","ocean_menu_social_links_color":"","ocean_menu_social_hover_links_color":"","ocean_disable_title":"default","ocean_disable_heading":"default","ocean_post_title":"","ocean_post_subheading":"","ocean_post_title_style":"","ocean_post_title_background_color":"","ocean_post_title_background":0,"ocean_post_title_bg_image_position":"","ocean_post_title_bg_image_attachment":"","ocean_post_title_bg_image_repeat":"","ocean_post_title_bg_image_size":"","ocean_post_title_height":0,"ocean_post_title_bg_overlay":0.5,"ocean_post_title_bg_overlay_color":"","ocean_disable_breadcrumbs":"default","ocean_breadcrumbs_color":"","ocean_breadcrumbs_separator_color":"","ocean_breadcrumbs_links_color":"","ocean_breadcrumbs_links_hover_color":"","ocean_display_footer_widgets":"default","ocean_display_footer_bottom":"default","ocean_custom_footer_template":"0"},"product_brand":[],"product_cat":[89,23],"product_tag":[],"class_list":{"0":"post-7731","1":"product","2":"type-product","3":"status-publish","4":"has-post-thumbnail","6":"product_cat-mycomedica","7":"product_cat-zdrowe-przekaski","9":"entry","10":"has-media","12":"first","13":"instock","14":"shipping-taxable","15":"purchasable","16":"product-type-simple","17":"has-product-nav","18":"col","19":"span_1_of_3","20":"owp-content-left","21":"owp-thumbs-layout-horizontal","22":"owp-btn-normal","23":"owp-tabs-layout-horizontal","24":"has-no-thumbnails"},"_links":{"self":[{"href":"https:\/\/ecocorner.eu\/en\/wp-json\/wp\/v2\/product\/7731","targetHints":{"allow":["GET"]}}],"collection":[{"href":"https:\/\/ecocorner.eu\/en\/wp-json\/wp\/v2\/product"}],"about":[{"href":"https:\/\/ecocorner.eu\/en\/wp-json\/wp\/v2\/types\/product"}],"version-history":[{"count":2,"href":"https:\/\/ecocorner.eu\/en\/wp-json\/wp\/v2\/product\/7731\/revisions"}],"predecessor-version":[{"id":7734,"href":"https:\/\/ecocorner.eu\/en\/wp-json\/wp\/v2\/product\/7731\/revisions\/7734"}],"wp:featuredmedia":[{"embeddable":true,"href":"https:\/\/ecocorner.eu\/en\/wp-json\/wp\/v2\/media\/7732"}],"wp:attachment":[{"href":"https:\/\/ecocorner.eu\/en\/wp-json\/wp\/v2\/media?parent=7731"}],"wp:term":[{"taxonomy":"product_brand","embeddable":true,"href":"https:\/\/ecocorner.eu\/en\/wp-json\/wp\/v2\/product_brand?post=7731"},{"taxonomy":"product_cat","embeddable":true,"href":"https:\/\/ecocorner.eu\/en\/wp-json\/wp\/v2\/product_cat?post=7731"},{"taxonomy":"product_tag","embeddable":true,"href":"https:\/\/ecocorner.eu\/en\/wp-json\/wp\/v2\/product_tag?post=7731"}],"curies":[{"name":"wp","href":"https:\/\/api.w.org\/{rel}","templated":true}]}}