{"id":7735,"date":"2025-10-13T12:03:17","date_gmt":"2025-10-13T12:03:17","guid":{"rendered":"https:\/\/ecocorner.eu\/?post_type=product&#038;p=7735"},"modified":"2025-11-03T22:11:28","modified_gmt":"2025-11-03T22:11:28","slug":"mycomedica-mycocoffee-kawa-rozpuszczalna-wzbogacona-grzybami-witalnymi-70-g-20-saszetek","status":"publish","type":"product","link":"https:\/\/ecocorner.eu\/en\/product\/mycomedica-mycocoffee-kawa-rozpuszczalna-wzbogacona-grzybami-witalnymi-70-g-20-saszetek\/","title":{"rendered":"MycoMedica   MycoCoffee &#8211; kawa rozpuszczalna wzbogacona grzybami witalnymi  70 g \/ 20 saszetek"},"content":{"rendered":"<h2>Jako\u015b\u0107 i bezpiecze\u0144stwo<\/h2>\n<p>Grzyby, z kt\u00f3rych powstaj\u0105 suplementy diety MycoMedica, uprawiane s\u0105 w nietkni\u0119tych przez cywilizacj\u0119 chi\u0144skich prowincjach Fujian i Jiangxi, kt\u00f3re s\u0142yn\u0105 ze swoje nieska\u017conej przyrody. Grzyby s\u0105 testowane w laboratoriach w Niemczech na obecno\u015b\u0107 pestycyd\u00f3w, metali ci\u0119\u017ckich, mikroorganizm\u00f3w, szkodliwych grzyb\u00f3w i promieniowania, aby mie\u0107 pewno\u015b\u0107, \u017ce s\u0105 one od nich wolne i w pe\u0142ni bezpieczne dla konsument\u00f3w. W tych samych laboratoriach grzyby testowane s\u0105, aby zawiera\u0142y wy\u0142\u0105cznie wysokiej jako\u015bci polisacharydy grzybowe, kt\u00f3re gwarantuj\u0105 ich prozdrowotne w\u0142a\u015bciwo\u015bci.<\/p>\n<h2>Ingredients:<\/h2>\n<p>Kawa rozpuszczalna Arabica, ekstrakt z Reishi (250 mg), ekstrakt z Hericium (250 mg), ekstrakt z Chaga (250 mg), ekstrakt z Cordyceps CS-4 (250 mg).<\/p>\n<h2>Warto\u015bci od\u017cywcze na 100 g:<\/h2>\n<table width=\"504\">\n<tbody>\n<tr>\n<td>Energia<\/td>\n<td>286 kcal<\/td>\n<\/tr>\n<tr>\n<td>Fat<\/p>\n<p>w tym kwasy t\u0142uszczowe nasycone<\/td>\n<td>0 g<\/p>\n<p>0 g<\/td>\n<\/tr>\n<tr>\n<td>Carbohydrates<\/p>\n<p>including sugar<\/td>\n<td>44 g<\/p>\n<p>0 g<\/td>\n<\/tr>\n<tr>\n<td>Fiber content<\/td>\n<td>28,6 g<\/td>\n<\/tr>\n<tr>\n<td>Squirrel<\/td>\n<td>28,6 g<\/td>\n<\/tr>\n<tr>\n<td>Salt<\/td>\n<td>0,14 g<\/td>\n<\/tr>\n<tr>\n<td>Ekstrakt z Reishi<\/td>\n<td>7,14 g<\/td>\n<\/tr>\n<tr>\n<td>Ekstrakt z Hericium<\/td>\n<td>7,14 g<\/td>\n<\/tr>\n<tr>\n<td>Ekstrakt z Chaga<\/td>\n<td>7,14 g<\/td>\n<\/tr>\n<tr>\n<td>Ekstrakt z Cordyceps<\/td>\n<td>7,14 g<\/td>\n<\/tr>\n<\/tbody>\n<\/table>\n<p>&nbsp;<\/p>\n<h2>Przygotowanie:<\/h2>\n<p>Zawarto\u015b\u0107 1 saszetki wsypa\u0107 do kubka, zala\u0107 oko\u0142o 200 ml gor\u0105cej (ale nie wrz\u0105cej) wody i dobrze wymiesza\u0107.<\/p>\n<h2>Zawarto\u015b\u0107 opakowania:<\/h2>\n<p>20 saszetek po 3,5 g ka\u017cda<\/p>\n<h2>Kraj produkcji<\/h2>\n<p>Czechy<\/p>","protected":false},"excerpt":{"rendered":"<h2>Podw\u00f3jna dawka energii w ka\u017cdej fili\u017cance! Kawa rozpuszczalna wzbogacona ekstraktem z grzyb\u00f3w Reishi, Hericium, Cordyceps i Chaga<\/h2>\n<h2>Product Description<\/h2>\n<p>Nie wyobra\u017casz sobie dnia bez kawy? Teraz Twoja poranna fili\u017canka mo\u017ce da\u0107 Ci znacznie wi\u0119cej ni\u017c tylko kofeinowy zastrzyk energii. MycoCoffee to po\u0142\u0105czenie najwy\u017cszej jako\u015bci kolumbijskiej kawy Arabica i a\u017c czterech ekstrakt\u00f3w grzybowych: Reishi, Sopl\u00f3wki je\u017cowatej (Hericium), Chaga i Cordycepsa.<\/p>\n<p>Dzi\u0119ki temu, opr\u00f3cz pobudzenia kofein\u0105, otrzymujesz dodatkowe, naturalne wsparcie:<\/p>\n<ul>\n<li>energia, kt\u00f3ra utrzymuje si\u0119 d\u0142u\u017cej,<\/li>\n<li>r\u00f3wnowaga i lepsze samopoczucie w ci\u0105gu dnia,<\/li>\n<li>\u0142agodniejszy wp\u0142yw na \u017co\u0142\u0105dek ni\u017c tradycyjna kawa.<\/li>\n<\/ul>\n<h2>Jak dzia\u0142a MycoCoffee?<\/h2>\n<p>Ka\u017cda fili\u017canka MycoCoffee \u2013 w domu czy w pracy \u2013 to nie tylko aromatyczny zapach kawy, ale te\u017c energia dzia\u0142aj\u0105ca na dwa sposoby:<\/p>\n<ul>\n<li>najpierw pobudza kofeina z Arabiki,<\/li>\n<li>p\u00f3\u017aniej wchodz\u0105 do gry substancje aktywne z grzyb\u00f3w witalnych, kt\u00f3re wspieraj\u0105 organizm i umys\u0142 przez ca\u0142y dzie\u0144.<\/li>\n<\/ul>\n<p>To w\u0142a\u015bnie magia grzyb\u00f3w funkcjonalnych \u2013 nie tylko walcz\u0105 ze zm\u0119czeniem, ale te\u017c wspieraj\u0105 Twoje cia\u0142o i umys\u0142 w harmonijny spos\u00f3b.<\/p>\n<p>Mieszanka zawiera wy\u0142\u0105cznie czyste, wysokiej jako\u015bci ekstrakty MycoMedica \u2013 bez dodatk\u00f3w, wype\u0142niaczy czy no\u015bnik\u00f3w.<\/p>\n<h2>Kawa z grzybami witalnymi<\/h2>\n<p>Coraz wi\u0119cej os\u00f3b na ca\u0142ym \u015bwiecie odkrywa, \u017ce po\u0142\u0105czenie kawy z grzybami witalnymi to doskona\u0142y spos\u00f3b na uzyskanie d\u0142ugotrwa\u0142ej energii i koncentracji bez gwa\u0142townych skok\u00f3w kofeiny. Je\u015bli na co dzie\u0144 przyjmujesz 2 kapsu\u0142ki grzyb\u00f3w witalnych, jedna fili\u017canka MycoCoffee dostarcza Ci r\u00f3wnowa\u017cn\u0105 dzienn\u0105 porcj\u0119 ekstrakt\u00f3w grzybowych.<\/p>","protected":false},"featured_media":7737,"template":"","meta":{"ocean_post_layout":"","ocean_both_sidebars_style":"","ocean_both_sidebars_content_width":0,"ocean_both_sidebars_sidebars_width":0,"ocean_sidebar":"0","ocean_second_sidebar":"0","ocean_disable_margins":"enable","ocean_add_body_class":"","ocean_shortcode_before_top_bar":"","ocean_shortcode_after_top_bar":"","ocean_shortcode_before_header":"","ocean_shortcode_after_header":"","ocean_has_shortcode":"","ocean_shortcode_after_title":"","ocean_shortcode_before_footer_widgets":"","ocean_shortcode_after_footer_widgets":"","ocean_shortcode_before_footer_bottom":"","ocean_shortcode_after_footer_bottom":"","ocean_display_top_bar":"default","ocean_display_header":"default","ocean_header_style":"","ocean_center_header_left_menu":"0","ocean_custom_header_template":"0","ocean_custom_logo":0,"ocean_custom_retina_logo":0,"ocean_custom_logo_max_width":0,"ocean_custom_logo_tablet_max_width":0,"ocean_custom_logo_mobile_max_width":0,"ocean_custom_logo_max_height":0,"ocean_custom_logo_tablet_max_height":0,"ocean_custom_logo_mobile_max_height":0,"ocean_header_custom_menu":"0","ocean_menu_typo_font_family":"0","ocean_menu_typo_font_subset":"","ocean_menu_typo_font_size":0,"ocean_menu_typo_font_size_tablet":0,"ocean_menu_typo_font_size_mobile":0,"ocean_menu_typo_font_size_unit":"px","ocean_menu_typo_font_weight":"","ocean_menu_typo_font_weight_tablet":"","ocean_menu_typo_font_weight_mobile":"","ocean_menu_typo_transform":"","ocean_menu_typo_transform_tablet":"","ocean_menu_typo_transform_mobile":"","ocean_menu_typo_line_height":0,"ocean_menu_typo_line_height_tablet":0,"ocean_menu_typo_line_height_mobile":0,"ocean_menu_typo_line_height_unit":"","ocean_menu_typo_spacing":0,"ocean_menu_typo_spacing_tablet":0,"ocean_menu_typo_spacing_mobile":0,"ocean_menu_typo_spacing_unit":"","ocean_menu_link_color":"","ocean_menu_link_color_hover":"","ocean_menu_link_color_active":"","ocean_menu_link_background":"","ocean_menu_link_hover_background":"","ocean_menu_link_active_background":"","ocean_menu_social_links_bg":"","ocean_menu_social_hover_links_bg":"","ocean_menu_social_links_color":"","ocean_menu_social_hover_links_color":"","ocean_disable_title":"default","ocean_disable_heading":"default","ocean_post_title":"","ocean_post_subheading":"","ocean_post_title_style":"","ocean_post_title_background_color":"","ocean_post_title_background":0,"ocean_post_title_bg_image_position":"","ocean_post_title_bg_image_attachment":"","ocean_post_title_bg_image_repeat":"","ocean_post_title_bg_image_size":"","ocean_post_title_height":0,"ocean_post_title_bg_overlay":0.5,"ocean_post_title_bg_overlay_color":"","ocean_disable_breadcrumbs":"default","ocean_breadcrumbs_color":"","ocean_breadcrumbs_separator_color":"","ocean_breadcrumbs_links_color":"","ocean_breadcrumbs_links_hover_color":"","ocean_display_footer_widgets":"default","ocean_display_footer_bottom":"default","ocean_custom_footer_template":"0"},"product_brand":[],"product_cat":[90],"product_tag":[],"class_list":{"0":"post-7735","1":"product","2":"type-product","3":"status-publish","4":"has-post-thumbnail","6":"product_cat-kawa-herbata","8":"entry","9":"has-media","11":"first","12":"instock","13":"shipping-taxable","14":"purchasable","15":"product-type-simple","16":"has-product-nav","17":"col","18":"span_1_of_3","19":"owp-content-left","20":"owp-thumbs-layout-horizontal","21":"owp-btn-normal","22":"owp-tabs-layout-horizontal"},"_links":{"self":[{"href":"https:\/\/ecocorner.eu\/en\/wp-json\/wp\/v2\/product\/7735","targetHints":{"allow":["GET"]}}],"collection":[{"href":"https:\/\/ecocorner.eu\/en\/wp-json\/wp\/v2\/product"}],"about":[{"href":"https:\/\/ecocorner.eu\/en\/wp-json\/wp\/v2\/types\/product"}],"version-history":[{"count":1,"href":"https:\/\/ecocorner.eu\/en\/wp-json\/wp\/v2\/product\/7735\/revisions"}],"predecessor-version":[{"id":7738,"href":"https:\/\/ecocorner.eu\/en\/wp-json\/wp\/v2\/product\/7735\/revisions\/7738"}],"wp:featuredmedia":[{"embeddable":true,"href":"https:\/\/ecocorner.eu\/en\/wp-json\/wp\/v2\/media\/7737"}],"wp:attachment":[{"href":"https:\/\/ecocorner.eu\/en\/wp-json\/wp\/v2\/media?parent=7735"}],"wp:term":[{"taxonomy":"product_brand","embeddable":true,"href":"https:\/\/ecocorner.eu\/en\/wp-json\/wp\/v2\/product_brand?post=7735"},{"taxonomy":"product_cat","embeddable":true,"href":"https:\/\/ecocorner.eu\/en\/wp-json\/wp\/v2\/product_cat?post=7735"},{"taxonomy":"product_tag","embeddable":true,"href":"https:\/\/ecocorner.eu\/en\/wp-json\/wp\/v2\/product_tag?post=7735"}],"curies":[{"name":"wp","href":"https:\/\/api.w.org\/{rel}","templated":true}]}}