{"id":7750,"date":"2025-10-13T12:26:57","date_gmt":"2025-10-13T12:26:57","guid":{"rendered":"https:\/\/ecocorner.eu\/?post_type=product&#038;p=7750"},"modified":"2026-01-07T21:53:33","modified_gmt":"2026-01-07T21:53:33","slug":"mycomedica-mycoflex-suplement-diety-90-kaps","status":"publish","type":"product","link":"https:\/\/ecocorner.eu\/en\/product\/mycomedica-mycoflex-suplement-diety-90-kaps\/","title":{"rendered":"MycoMedica  MycoFlex   suplement diety  90 kaps."},"content":{"rendered":"<div class=\"container\">\n<div class=\"row\">\n<div class=\"custom-box\">\n<div class=\"col-sm-12 col-md-6 col-lg-6\">\n<div class=\"box-1\">\n<h2>Jak MycoFlex wspiera organizm?<\/h2>\n<p>&#8211; wspiera prawid\u0142ow\u0105 prac\u0119 staw\u00f3w<\/p>\n<p>&#8211; pomaga utrzyma\u0107 prawid\u0142ow\u0105 struktur\u0119 chrz\u0105stki stawowej<\/p>\n<p>&#8211; pomaga zwi\u0119kszy\u0107 odporno\u015b\u0107 na wysi\u0142ek i przeci\u0105\u017cenia<\/p>\n<p>&#8211; zawiera sk\u0142adniki przyczyniaj\u0105ce si\u0119 do prawid\u0142owej produkcji kolagenu<\/p>\n<\/div>\n<\/div>\n<div class=\"col-sm-12 col-md-6 col-lg-6\">\n<div class=\"box-2\">\n<h2>Dzia\u0142anie wed\u0142ug Tradycyjnej Medycyny Chi\u0144skiej*<\/h2>\n<p>&#8211; wspiera Esencj\u0119 Jing w Nerkach<\/p>\n<\/div>\n<\/div>\n<\/div>\n<\/div>\n<\/div>\n<p>*Sformu\u0142owania zapisane du\u017c\u0105 liter\u0105 to terminy z zakresu Tradycyjnej Medycyny Chi\u0144skiej, kt\u00f3re mog\u0105 mie\u0107 inne znaczenie ni\u017c podobne terminy wykorzystywane w medycynie zachodniej. Przyk\u0142adowo \u017bo\u0142\u0105dek w rozumieniu TCM to ca\u0142y obieg czynno\u015bciowy zwi\u0105zany z trawieniem i przemian\u0105 materii, a nie okre\u015blenie konkretnego narz\u0105du anatomicznego. Z kolei poj\u0119cie takie jak \u201eQi\u201d lub \u201eEsencja\u201d w og\u00f3le nie wyst\u0119puj\u0105 w medycynie zachodniej i nie maj\u0105 tam swojego odpowiednika.<\/p>\n<h2>Jako\u015b\u0107 i bezpiecze\u0144stwo<\/h2>\n<p>Grzyby, z kt\u00f3rych powstaj\u0105 suplementy diety MycoMedica, uprawiane s\u0105 w nietkni\u0119tych przez cywilizacj\u0119 chi\u0144skich prowincjach Fujian i Jiangxi, kt\u00f3re s\u0142yn\u0105 ze swoje nieska\u017conej przyrody. Grzyby s\u0105 <strong>testowane w laboratoriach w Niemczech na obecno\u015b\u0107 pestycyd\u00f3w, metali ci\u0119\u017ckich, mikroorganizm\u00f3w, szkodliwych grzyb\u00f3w i promieniowania<\/strong>, aby mie\u0107 pewno\u015b\u0107, \u017ce s\u0105 one od nich wolne i w pe\u0142ni bezpieczne dla konsument\u00f3w. W tych samych laboratoriach grzyby testowane s\u0105, aby zawiera\u0142y wy\u0142\u0105cznie wysokiej jako\u015bci polisacharydy grzybowe, kt\u00f3re gwarantuj\u0105 ich prozdrowotne w\u0142a\u015bciwo\u015bci.<\/p>\n<p>&nbsp;<\/p>\n<h2>Ingredients<\/h2>\n<ul>\n<li>Maitake (Grifola frondosa), ekstrakt z owocnika 30% polisacharyd\u00f3w \u2013 30 mg<\/li>\n<li>Cordyceps CS-4 (Cordyceps sinensis), ekstrakt z owocnika 30% polisacharyd\u00f3w \u2013 30 mg<\/li>\n<li>Shiitake (Lentinula edodes), ekstrakt z owocnika 30% polisacharyd\u00f3w \u2013 30 mg<\/li>\n<li>Siarczan D-glukozaminy 2KCl\u2013 350 mg<\/li>\n<li>Siarczan chondroityny \u2013 100 mg<\/li>\n<li>MSM (Sulfotlenek metylowy) \u2013 100 mg<\/li>\n<li>Hydrolizowany kolagen (peptydy kolagenowe) \u2013 50 mg<\/li>\n<li>Witamina C (kwas L-askorbinowy) \u2013 40 mg (50% RWS)<\/li>\n<li>Sole magnezowe kwas\u00f3w t\u0142uszczowych pochodzenia ro\u015blinnego \u2013 substancja przeciwzbrylaj\u0105ca \u2013 20 mg<\/li>\n<\/ul>\n<p>(RWS \u2013 Referencyjna warto\u015b\u0107 spo\u017cycia)<\/p>\n<h2>Zalecana dzienna porcja do spo\u017cycia:<\/h2>\n<p><strong>2 kapsu\u0142ki dziennie.<\/strong><\/p>\n<p>Kapsu\u0142ki zaleca si\u0119 przyjmowa\u0107 na pusty \u017co\u0142\u0105dek 30 min przed posi\u0142kiem lub 60 min po posi\u0142ku.<\/p>\n<p>Kapsu\u0142ki zaleca si\u0119 przyjmowa\u0107 przez 5 dni w tygodniu a nast\u0119pnie zrobi\u0107 2 dni przerwy.<\/p>\n<p>Kapsu\u0142ki zaleca si\u0119 przyjmowa\u0107 przez 2-3 miesi\u0119cy w ci\u0105gu roku.<\/p>\n<h2>Attention!<\/h2>\n<p>Produkt nie jest przeznaczony dla dzieci poniz\u0307ej 3 roku z\u0307ycia, dla kobiet w cia\u0328z\u0307y i karmia\u0328cych piersia\u0328. Nie przekraczac\u0301 zalecanej porcji do spo\u017cycia w ci\u0105gu dnia. Przechowywa\u0107 w miejscu niedost\u0119pnym dla dzieci. Suplement diety nie mo\u017ce by\u0107 stosowany jako substytut (zamiennik) zr\u00f3\u017cnicowanej diety i zdrowego stylu \u017cycia. Nie zawiera glutenu, konserwant\u00f3w, barwnik\u00f3w. Przechowywac\u0301 w ch\u0142odnym i ciemnym miejscu.<\/p>","protected":false},"excerpt":{"rendered":"<p>MycoFlex to mieszanka grzyb\u00f3w takich jak: <b>Cordyceps<\/b>, <b>Shiitake<\/b> i <b>Maitake<\/b>, jak r\u00f3wnie\u017c nowoczesnych sk\u0142adnik\u00f3w, kt\u00f3re wspieraj\u0105 prawid\u0142ow\u0105 <strong>prac\u0119 ko\u015bci i chrz\u0105stek<\/strong> (siarczan D-glukozaminy 2KCl, siarczan chondroityny, MSM oraz witamina C).<\/p>\n<h2>\nDla kogo jest polecany jest MycoFlex:<\/h2>\n<p>&#8211; dla os\u00f3b starszych w ramach utrzymania prawid\u0142owej kondycji aparatu ruchu,<\/p>\n<p>&#8211; dla os\u00f3b, kt\u00f3re uprawiaj\u0105 intensywny sport wysi\u0142kowy, obci\u0105\u017caj\u0105cy kolana i stawy.<\/p>\n<h2>W sk\u0142adzie MycoFlex znajdziesz:<\/h2>\n<p><b>Cordyceps<\/b> to grzyb, kt\u00f3ry wspiera wydolno\u015b\u0107, wytrzyma\u0142o\u015b\u0107 i oraz optymalizuje tolerancj\u0119 organizmu na intensywny wysi\u0142ek. Z punktu widzenia medycyny chi\u0144skiej wspiera Esencj\u0119 Jing, kt\u00f3ra znajduje si\u0119 w Nerkach.<\/p>\n<p><strong>Shiitake<\/strong> &#8211; zawiera witamin\u0119 D, kt\u00f3rej niedob\u00f3r mo\u017ce prowadzi\u0107 do wzrostu ryzyka osteoporozy.<\/p>\n<p><strong>Maitake<\/strong> &#8211; zawiera du\u017ce ilo\u015bci ergosterolu i prowitaminy D, kt\u00f3re stymuluj\u0105 tworzenie i mineralizacj\u0119 ko\u015bci.<\/p>\n<p><b>Siarczan glukozaminy<\/b> i <b>siarczan chondroityny<\/b> to substancje, kt\u00f3re s\u0105 jednym z g\u0142\u00f3wnych sk\u0142adnik\u00f3w chrz\u0105stki stawowej, b\u0119d\u0105cej cz\u0119\u015bci\u0105 uk\u0142adu mi\u0119\u015bniowo-szkieletowego. Wp\u0142ywaj\u0105 na struktur\u0119 i \u201espr\u0119\u017cysto\u015b\u0107\u201d tkanki \u0142\u0105cznej oraz pomagaj\u0105 zwi\u0119kszy\u0107 odporno\u015b\u0107 na wysi\u0142ek i przeci\u0105\u017cenia. Glukozamina jest zalecana dla os\u00f3b, kt\u00f3re du\u017co trenuj\u0105 (sportowcy nara\u017ceni na przeci\u0105\u017cenia), podczas rekonwalescencji po urazach i kontuzjach oraz dla os\u00f3b starszych w trakcie profilaktyki leczniczej oraz przy zmianach zwyrodnieniowych aparatu ruchu.<\/p>\n<p><b>Siarczan chondroityny<\/b> wspiera prawid\u0142ow\u0105 prac\u0119 staw\u00f3w oraz ich ruchomo\u015b\u0107. To dzi\u0119ki chondroitynie organizm wytwarza protoglikany, kt\u00f3re odpowiedzialne s\u0105 za produkowanie mazi (substancji mi\u0119dzykom\u00f3rkowej). Zapewnia ona po\u015blizg i chroni stawy przed urazami oraz przed dzia\u0142aniem si\u0142 zewn\u0119trznych. Chondroityna pomaga wytwarza\u0107 substancj\u0119 amortyzuj\u0105ca ruch i dzi\u0119ki niej stawy s\u0105 elastyczne.<\/p>","protected":false},"featured_media":7751,"template":"","meta":{"ocean_post_layout":"","ocean_both_sidebars_style":"","ocean_both_sidebars_content_width":0,"ocean_both_sidebars_sidebars_width":0,"ocean_sidebar":"0","ocean_second_sidebar":"0","ocean_disable_margins":"enable","ocean_add_body_class":"","ocean_shortcode_before_top_bar":"","ocean_shortcode_after_top_bar":"","ocean_shortcode_before_header":"","ocean_shortcode_after_header":"","ocean_has_shortcode":"","ocean_shortcode_after_title":"","ocean_shortcode_before_footer_widgets":"","ocean_shortcode_after_footer_widgets":"","ocean_shortcode_before_footer_bottom":"","ocean_shortcode_after_footer_bottom":"","ocean_display_top_bar":"default","ocean_display_header":"default","ocean_header_style":"","ocean_center_header_left_menu":"0","ocean_custom_header_template":"0","ocean_custom_logo":0,"ocean_custom_retina_logo":0,"ocean_custom_logo_max_width":0,"ocean_custom_logo_tablet_max_width":0,"ocean_custom_logo_mobile_max_width":0,"ocean_custom_logo_max_height":0,"ocean_custom_logo_tablet_max_height":0,"ocean_custom_logo_mobile_max_height":0,"ocean_header_custom_menu":"0","ocean_menu_typo_font_family":"0","ocean_menu_typo_font_subset":"","ocean_menu_typo_font_size":0,"ocean_menu_typo_font_size_tablet":0,"ocean_menu_typo_font_size_mobile":0,"ocean_menu_typo_font_size_unit":"px","ocean_menu_typo_font_weight":"","ocean_menu_typo_font_weight_tablet":"","ocean_menu_typo_font_weight_mobile":"","ocean_menu_typo_transform":"","ocean_menu_typo_transform_tablet":"","ocean_menu_typo_transform_mobile":"","ocean_menu_typo_line_height":0,"ocean_menu_typo_line_height_tablet":0,"ocean_menu_typo_line_height_mobile":0,"ocean_menu_typo_line_height_unit":"","ocean_menu_typo_spacing":0,"ocean_menu_typo_spacing_tablet":0,"ocean_menu_typo_spacing_mobile":0,"ocean_menu_typo_spacing_unit":"","ocean_menu_link_color":"","ocean_menu_link_color_hover":"","ocean_menu_link_color_active":"","ocean_menu_link_background":"","ocean_menu_link_hover_background":"","ocean_menu_link_active_background":"","ocean_menu_social_links_bg":"","ocean_menu_social_hover_links_bg":"","ocean_menu_social_links_color":"","ocean_menu_social_hover_links_color":"","ocean_disable_title":"default","ocean_disable_heading":"default","ocean_post_title":"","ocean_post_subheading":"","ocean_post_title_style":"","ocean_post_title_background_color":"","ocean_post_title_background":0,"ocean_post_title_bg_image_position":"","ocean_post_title_bg_image_attachment":"","ocean_post_title_bg_image_repeat":"","ocean_post_title_bg_image_size":"","ocean_post_title_height":0,"ocean_post_title_bg_overlay":0.5,"ocean_post_title_bg_overlay_color":"","ocean_disable_breadcrumbs":"default","ocean_breadcrumbs_color":"","ocean_breadcrumbs_separator_color":"","ocean_breadcrumbs_links_color":"","ocean_breadcrumbs_links_hover_color":"","ocean_display_footer_widgets":"default","ocean_display_footer_bottom":"default","ocean_custom_footer_template":"0"},"product_brand":[],"product_cat":[89,22],"product_tag":[],"class_list":{"0":"post-7750","1":"product","2":"type-product","3":"status-publish","4":"has-post-thumbnail","6":"product_cat-mycomedica","7":"product_cat-suplementy-i-witaminy","9":"entry","10":"has-media","12":"first","13":"outofstock","14":"shipping-taxable","15":"purchasable","16":"product-type-simple","17":"has-product-nav","18":"col","19":"span_1_of_3","20":"owp-content-left","21":"owp-thumbs-layout-horizontal","22":"owp-btn-normal","23":"owp-tabs-layout-horizontal","24":"has-no-thumbnails"},"_links":{"self":[{"href":"https:\/\/ecocorner.eu\/en\/wp-json\/wp\/v2\/product\/7750","targetHints":{"allow":["GET"]}}],"collection":[{"href":"https:\/\/ecocorner.eu\/en\/wp-json\/wp\/v2\/product"}],"about":[{"href":"https:\/\/ecocorner.eu\/en\/wp-json\/wp\/v2\/types\/product"}],"version-history":[{"count":1,"href":"https:\/\/ecocorner.eu\/en\/wp-json\/wp\/v2\/product\/7750\/revisions"}],"predecessor-version":[{"id":7752,"href":"https:\/\/ecocorner.eu\/en\/wp-json\/wp\/v2\/product\/7750\/revisions\/7752"}],"wp:featuredmedia":[{"embeddable":true,"href":"https:\/\/ecocorner.eu\/en\/wp-json\/wp\/v2\/media\/7751"}],"wp:attachment":[{"href":"https:\/\/ecocorner.eu\/en\/wp-json\/wp\/v2\/media?parent=7750"}],"wp:term":[{"taxonomy":"product_brand","embeddable":true,"href":"https:\/\/ecocorner.eu\/en\/wp-json\/wp\/v2\/product_brand?post=7750"},{"taxonomy":"product_cat","embeddable":true,"href":"https:\/\/ecocorner.eu\/en\/wp-json\/wp\/v2\/product_cat?post=7750"},{"taxonomy":"product_tag","embeddable":true,"href":"https:\/\/ecocorner.eu\/en\/wp-json\/wp\/v2\/product_tag?post=7750"}],"curies":[{"name":"wp","href":"https:\/\/api.w.org\/{rel}","templated":true}]}}