{"id":7753,"date":"2025-10-13T12:31:41","date_gmt":"2025-10-13T12:31:41","guid":{"rendered":"https:\/\/ecocorner.eu\/?post_type=product&#038;p=7753"},"modified":"2026-02-27T11:09:38","modified_gmt":"2026-02-27T11:09:38","slug":"mycomedica-mycogummies-zelki-wspierajace-odpornosc-dla-dzieci-i-doroslych-suplement-diety-60-szt","status":"publish","type":"product","link":"https:\/\/ecocorner.eu\/en\/product\/mycomedica-mycogummies-zelki-wspierajace-odpornosc-dla-dzieci-i-doroslych-suplement-diety-60-szt\/","title":{"rendered":"MycoMedica   MycoGummies &#8211; \u017celki wspieraj\u0105ce odporno\u015b\u0107 dla dzieci i doros\u0142ych  Suplement diety  60 szt"},"content":{"rendered":"<h2>Ingredients:<\/h2>\n<ul>\n<li>Maltitol<\/li>\n<li>olej rzepakowy<\/li>\n<li>pektyna<\/li>\n<li>kwas cytrynowy<\/li>\n<li>skoncentrowany sok owocowy<\/li>\n<li>erytrytol<\/li>\n<li>Chaga (Inonotus obliquus) \u2013 25 mg<\/li>\n<li>Hericium (Hericium erinaceus) \u2013 25 mg<\/li>\n<li>Cordyceps (Cordyceps sinensis) \u2013 25 mg<\/li>\n<li>Reishi (Ganoderma lucidum) \u2013 25 mg<\/li>\n<li>Enoki (Flammulina velutipes) \u2013 25 mg<\/li>\n<li>Maitake (Grifola frondosa) \u2013 25 mg<\/li>\n<li>Shiitake (Lentinula edodes) \u2013 25 mg<\/li>\n<li>Agaricus (Agaricus blazei Murill) \u2013 25 mg<\/li>\n<li>Tremella (Tremella fuciformis) \u2013 25 mg<\/li>\n<li>Boczniak ostrygowaty (Pleurotus ostreatus) \u2013 25 mg<\/li>\n<\/ul>\n<h2>Zalecana dzienna porcja do spo\u017cycia:<\/h2>\n<p>Dla dzieci od 3 do 10 lat:<\/p>\n<ul>\n<li>standardowo: 1 \u017celek dzennie<\/li>\n<li>intensywniej: 3 \u017celki dziennie<\/li>\n<\/ul>\n<p>Adults:<\/p>\n<ul>\n<li>standardowo: 2 \u017celki dziennie<\/li>\n<li>intensywniej: 6-8 \u017celk\u00f3w dziennie<\/li>\n<\/ul>\n<h2>Warto\u015b\u0107 od\u017cywcza w 100 g:<\/h2>\n<ul>\n<li>Warto\u015b\u0107 energetyczna: 600 kcal<\/li>\n<li>T\u0142uszcze: 4 g<\/li>\n<li>&#8211; w tym kwasy t\u0142uszczowe nasycone: 0 g<\/li>\n<li>W\u0119glowodany: 88 g<\/li>\n<li>&#8211; w tym cukry: 0 g<\/li>\n<li>B\u0142onnik: 4 g<\/li>\n<li>Protein: 12 g<\/li>\n<li>S\u00f3l: 0,18 g<\/li>\n<\/ul>\n<p>&nbsp;<\/p>\n<h2>Attention!<\/h2>\n<p>Produkt nie jest przeznaczony dla dzieci poni\u017cej 3 roku \u017cycia, dla kobiet w ci\u0105\u017cy i karmi\u0105cych piersi\u0105. Nie przekracza\u0107 zalecanej porcji do spo\u017cycia w ci\u0105gu dnia. Przechowywa\u0107 w miejscu niedost\u0119pnym dla dzieci. Suplement diety nie mo\u017ce by\u0107 stosowany jako substytut (zamiennik) zr\u00f3\u017cnicowanej diety i zdrowego stylu \u017cycia. Nie zawiera glutenu, konserwant\u00f3w, barwnik\u00f3w. Przechowywa\u0107 w ch\u0142odnym i ciemnym miejscu.<\/p>\n<h2>Jako\u015b\u0107 i bezpiecze\u0144stwo<\/h2>\n<p>Grzyby, z kt\u00f3rych powstaj\u0105 suplementy diety MycoMedica, uprawiane s\u0105 w nietkni\u0119tych przez cywilizacj\u0119 chi\u0144skich prowincjach Fujian i Jiangxi, kt\u00f3re s\u0142yn\u0105 ze swoje nieska\u017conej przyrody. Grzyby s\u0105 testowane w laboratoriach w Niemczech na obecno\u015b\u0107 pestycyd\u00f3w, metali ci\u0119\u017ckich, mikroorganizm\u00f3w, szkodliwych grzyb\u00f3w i promieniowania, aby mie\u0107 pewno\u015b\u0107, \u017ce s\u0105 one od nich wolne i w pe\u0142ni bezpieczne dla konsument\u00f3w. W tych samych laboratoriach grzyby testowane s\u0105, aby zawiera\u0142y wy\u0142\u0105cznie wysokiej jako\u015bci polisacharydy grzybowe, kt\u00f3re gwarantuj\u0105 ich prozdrowotne w\u0142a\u015bciwo\u015bci.<\/p>","protected":false},"excerpt":{"rendered":"<h2>Ma\u0142e grzybki, wielkie wsparcie odporno\u015bci! \u017belki w kszta\u0142cie grzybk\u00f3w wspieraj\u0105ce odporno\u015b\u0107 dzi\u0119ki ekstraktom z grzyb\u00f3w witalnych<\/h2>\n<h3>MycoGummies &#8211; \u017celki wspieraj\u0105ce odporno\u015b\u0107<\/h3>\n<p>Poznaj pierwsze \u017celki z grzybami witalnymi od MycoMedica! Je\u015bli kochasz s\u0142odycze, ale r\u00f3wnie mocno dbasz o swoje zdrowie \u2013 to rozwi\u0105zanie w\u0142a\u015bnie dla Ciebie. MycoGummies to owocowe, bezcukrowe \u017celki w kszta\u0142cie grzybk\u00f3w, kt\u00f3re kryj\u0105 w sobie moc a\u017c 10 grzyb\u00f3w funkcjonalnych. Wspieraj\u0105 odporno\u015b\u0107, naturalne si\u0142y obronne organizmu i\u2026 po prostu smakuj\u0105 \u015bwietnie.<\/p>\n<p>Idealne tak\u017ce dla dzieci \u2013 koniec z krzywieniem si\u0119 na widok kapsu\u0142ek czy tabletek. \u017belki s\u0105 zabawne, pyszne i zdrowe, wi\u0119c najm\u0142odsi si\u0119gaj\u0105 po nie z przyjemno\u015bci\u0105.<\/p>\n<h2>O MycoGummies<\/h2>\n<p>Tak, to s\u0142odycze &#8211; ale w najlepszej, zdrowej wersji.<\/p>\n<ul>\n<li>Bez cukru &#8211; bez wyrzut\u00f3w sumienia i bez ryzyka dla z\u0119b\u00f3w.<\/li>\n<li>Naturalny smak owoc\u00f3w \u2013 jak \u015bwie\u017ce, soczyste owoce.<\/li>\n<li>\u0141atwiejsza alternatywa dla kapsu\u0142ek \u2013 mog\u0105 je zast\u0105pi\u0107 lub uzupe\u0142nia\u0107.<\/li>\n<li>Unikatowa formu\u0142a \u2013 pierwsze na rynku \u017celki, kt\u00f3re \u0142\u0105cz\u0105 w sobie a\u017c 10 ekstrakt\u00f3w grzybowych.<\/li>\n<\/ul>\n<p>Ju\u017c po kilku dniach regularnego stosowania poczujesz r\u00f3\u017cnic\u0119 w energii i odporno\u015bci.\u2028Nie ma tu miejsca na kompromisy &#8211; tylko czyste, wysokiej jako\u015bci ekstrakty MycoMedica, bez wype\u0142niaczy, konserwant\u00f3w i barwnik\u00f3w.<\/p>","protected":false},"featured_media":7755,"template":"","meta":{"ocean_post_layout":"","ocean_both_sidebars_style":"","ocean_both_sidebars_content_width":0,"ocean_both_sidebars_sidebars_width":0,"ocean_sidebar":"0","ocean_second_sidebar":"0","ocean_disable_margins":"enable","ocean_add_body_class":"","ocean_shortcode_before_top_bar":"","ocean_shortcode_after_top_bar":"","ocean_shortcode_before_header":"","ocean_shortcode_after_header":"","ocean_has_shortcode":"","ocean_shortcode_after_title":"","ocean_shortcode_before_footer_widgets":"","ocean_shortcode_after_footer_widgets":"","ocean_shortcode_before_footer_bottom":"","ocean_shortcode_after_footer_bottom":"","ocean_display_top_bar":"default","ocean_display_header":"default","ocean_header_style":"","ocean_center_header_left_menu":"0","ocean_custom_header_template":"0","ocean_custom_logo":0,"ocean_custom_retina_logo":0,"ocean_custom_logo_max_width":0,"ocean_custom_logo_tablet_max_width":0,"ocean_custom_logo_mobile_max_width":0,"ocean_custom_logo_max_height":0,"ocean_custom_logo_tablet_max_height":0,"ocean_custom_logo_mobile_max_height":0,"ocean_header_custom_menu":"0","ocean_menu_typo_font_family":"0","ocean_menu_typo_font_subset":"","ocean_menu_typo_font_size":0,"ocean_menu_typo_font_size_tablet":0,"ocean_menu_typo_font_size_mobile":0,"ocean_menu_typo_font_size_unit":"px","ocean_menu_typo_font_weight":"","ocean_menu_typo_font_weight_tablet":"","ocean_menu_typo_font_weight_mobile":"","ocean_menu_typo_transform":"","ocean_menu_typo_transform_tablet":"","ocean_menu_typo_transform_mobile":"","ocean_menu_typo_line_height":0,"ocean_menu_typo_line_height_tablet":0,"ocean_menu_typo_line_height_mobile":0,"ocean_menu_typo_line_height_unit":"","ocean_menu_typo_spacing":0,"ocean_menu_typo_spacing_tablet":0,"ocean_menu_typo_spacing_mobile":0,"ocean_menu_typo_spacing_unit":"","ocean_menu_link_color":"","ocean_menu_link_color_hover":"","ocean_menu_link_color_active":"","ocean_menu_link_background":"","ocean_menu_link_hover_background":"","ocean_menu_link_active_background":"","ocean_menu_social_links_bg":"","ocean_menu_social_hover_links_bg":"","ocean_menu_social_links_color":"","ocean_menu_social_hover_links_color":"","ocean_disable_title":"default","ocean_disable_heading":"default","ocean_post_title":"","ocean_post_subheading":"","ocean_post_title_style":"","ocean_post_title_background_color":"","ocean_post_title_background":0,"ocean_post_title_bg_image_position":"","ocean_post_title_bg_image_attachment":"","ocean_post_title_bg_image_repeat":"","ocean_post_title_bg_image_size":"","ocean_post_title_height":0,"ocean_post_title_bg_overlay":0.5,"ocean_post_title_bg_overlay_color":"","ocean_disable_breadcrumbs":"default","ocean_breadcrumbs_color":"","ocean_breadcrumbs_separator_color":"","ocean_breadcrumbs_links_color":"","ocean_breadcrumbs_links_hover_color":"","ocean_display_footer_widgets":"default","ocean_display_footer_bottom":"default","ocean_custom_footer_template":"0"},"product_brand":[],"product_cat":[89,22,23,21,20],"product_tag":[],"class_list":{"0":"post-7753","1":"product","2":"type-product","3":"status-publish","4":"has-post-thumbnail","6":"product_cat-mycomedica","7":"product_cat-suplementy-i-witaminy","8":"product_cat-zdrowe-przekaski","9":"product_cat-zdrowie","10":"product_cat-dzieci","12":"entry","13":"has-media","15":"first","16":"instock","17":"shipping-taxable","18":"purchasable","19":"product-type-simple","20":"has-product-nav","21":"col","22":"span_1_of_3","23":"owp-content-left","24":"owp-thumbs-layout-horizontal","25":"owp-btn-normal","26":"owp-tabs-layout-horizontal"},"_links":{"self":[{"href":"https:\/\/ecocorner.eu\/en\/wp-json\/wp\/v2\/product\/7753","targetHints":{"allow":["GET"]}}],"collection":[{"href":"https:\/\/ecocorner.eu\/en\/wp-json\/wp\/v2\/product"}],"about":[{"href":"https:\/\/ecocorner.eu\/en\/wp-json\/wp\/v2\/types\/product"}],"version-history":[{"count":1,"href":"https:\/\/ecocorner.eu\/en\/wp-json\/wp\/v2\/product\/7753\/revisions"}],"predecessor-version":[{"id":7756,"href":"https:\/\/ecocorner.eu\/en\/wp-json\/wp\/v2\/product\/7753\/revisions\/7756"}],"wp:featuredmedia":[{"embeddable":true,"href":"https:\/\/ecocorner.eu\/en\/wp-json\/wp\/v2\/media\/7755"}],"wp:attachment":[{"href":"https:\/\/ecocorner.eu\/en\/wp-json\/wp\/v2\/media?parent=7753"}],"wp:term":[{"taxonomy":"product_brand","embeddable":true,"href":"https:\/\/ecocorner.eu\/en\/wp-json\/wp\/v2\/product_brand?post=7753"},{"taxonomy":"product_cat","embeddable":true,"href":"https:\/\/ecocorner.eu\/en\/wp-json\/wp\/v2\/product_cat?post=7753"},{"taxonomy":"product_tag","embeddable":true,"href":"https:\/\/ecocorner.eu\/en\/wp-json\/wp\/v2\/product_tag?post=7753"}],"curies":[{"name":"wp","href":"https:\/\/api.w.org\/{rel}","templated":true}]}}