{"id":7757,"date":"2025-10-13T12:37:26","date_gmt":"2025-10-13T12:37:26","guid":{"rendered":"https:\/\/ecocorner.eu\/?post_type=product&#038;p=7757"},"modified":"2026-02-05T19:42:32","modified_gmt":"2026-02-05T19:42:32","slug":"sweetvegy-ciastka-owsiane-sezamki-z-pietruszka-100g","status":"publish","type":"product","link":"https:\/\/ecocorner.eu\/en\/product\/sweetvegy-ciastka-owsiane-sezamki-z-pietruszka-100g\/","title":{"rendered":"SweetVegy  Ciastka owsiane Sezamki z Pietruszk\u0105 100g"},"content":{"rendered":"<div class=\"mpof_ki myre_zn myre_8v_l m389_6m_l\">\n<div class=\"mp4t_16_s mryx_16_s mr3m_1 mli2_1 mh85_56 mh85_0_l\">\n<div class=\"mgn2_16 _0d3bd_am0a-\"><\/div>\n<\/div>\n<\/div>\n<div class=\"mpof_ki myre_zn myre_8v_l m389_6m_l\">\n<div class=\"mp4t_16_s mryx_16_s mr3m_1 mli2_1 mh85_56 mh85_0_l\">\n<div class=\"mgn2_16 _0d3bd_am0a-\">\n<p>&nbsp;<\/p>\n<\/div>\n<\/div>\n<\/div>\n<div class=\"mpof_ki myre_zn myre_8v_l m389_6m_l\">\n<div class=\"mp4t_16_s mryx_16_s mr3m_1 mli2_1 mh85_56 mh85_0_l\">\n<div class=\"mgn2_16 _0d3bd_am0a-\">\n<p><b>Ingredients:<\/b><\/p>\n<p>P\u0142atki\u00a0<b>owsiane<\/b>\u00a039%, warzywa 27% (pietruszka 18%, marchew), m\u0105ka\u00a0<b>orkiszowa<\/b>,\u00a0<b>sesame seeds<\/b> 16%, cukier trzcinowy, olej kokosowy, substancja spulchniaj\u0105ca (wodorow\u0119glan amonu)<\/p>\n<p><b>Masa Netto:<\/b><\/p>\n<p>100 g<\/p>\n<p><b>Warto\u015bci Od\u017cywcze:<\/b><\/p>\n<ul>\n<li>Warto\u015b\u0107 energetyczna: 1447 kJ\/ 346 kcal<\/li>\n<li>T\u0142uszcz: 16 g<\/li>\n<li>w tym kwasy t\u0142uszczowe nasycone: 9 g<\/li>\n<li>W\u0119glowodany: 44 g<\/li>\n<li>w tym cukry: 13 g<\/li>\n<li>B\u0142onnik: 6 g<\/li>\n<li>Protein: 7 g<\/li>\n<li>S\u00f3l: 0,50 g<\/li>\n<li>Kwas foliowy: 75 \u03bcg (38%*)<\/li>\n<li>Fosfor: 155 mg (22%*)<\/li>\n<\/ul>\n<p>*% dziennych referencyjnych warto\u015bci spo\u017cycia dla os\u00f3b doros\u0142ych<\/p>\n<p>Store in a cool and dry place.<\/p>\n<\/div>\n<\/div>\n<\/div>","protected":false},"excerpt":{"rendered":"<div class=\"mpof_ki myre_zn myre_8v_l m389_6m_l\">\n<div class=\"mp4t_16_s mryx_16_s mr3m_1 mli2_1 mh85_56 mh85_0_l\">\n<div class=\"mgn2_16 _0d3bd_am0a-\">\n<p>Chrupkie ciasteczka pe\u0142ne zaskakuj\u0105cych duet\u00f3w to kulinarna przygoda nie tylko dla wielbicieli tego, co nowe. To te\u017c doskona\u0142a przek\u0105ska dla dzieci, wegan i wszystkich tych, kt\u00f3rzy szukaj\u0105 okazji, aby delektowa\u0107 si\u0119 tym, co wyj\u0105tkowe.<\/p>\n<p>Ciastka owsiane SweetVegy sk\u0142adaj\u0105 si\u0119 g\u0142\u00f3wnie z p\u0142atk\u00f3w owsianych oraz niskoprzetworzonych, pieczonych warzyw, b\u0119d\u0105cych cennym \u017ar\u00f3d\u0142em witamin, minera\u0142\u00f3w i b\u0142onnika<\/p>\n<\/div>\n<\/div>\n<\/div>\n<div class=\"mpof_ki myre_zn myre_8v_l m389_6m_l\">\n<div class=\"mp4t_16_s mryx_16_s mr3m_1 mli2_1 mh85_56 mh85_0_l\">\n<div class=\"mg9e_8 mj7a_8 mg9e_0_s mvrt_0_s mj7a_0_s mh36_0_s mzmg_6m munh_16_l m3h2_16_l\">\n<div class=\"mp4t_0 mryx_0 munh_56 m3h2_56\">\n<div class=\"mp7g_oh\"><\/div>\n<\/div>\n<\/div>\n<\/div>\n<\/div>\n<div class=\"mpof_ki myre_zn myre_8v_l m389_6m_l\">\n<div class=\"mp4t_16_s mryx_16_s mr3m_1 mli2_1 mh85_56 mh85_0_l\">\n<div class=\"mgn2_16 _0d3bd_am0a-\">\n<h2>SweetVegy ciastka owsiane Sezamki z Pietruszk\u0105 100g<\/h2>\n<p>Sezamie otw\u00f3rz si\u0119\u2026, czyli pora na sezamki z pietruszk\u0105. Ten oryginalny duet kryje w sobie prawdziw\u0105 bomb\u0119 witamin i minera\u0142\u00f3w, w tym cenny kwas foliowy. I przywo\u0142uje znany smak sezamek z nut\u0105 tureckiej cha\u0142wy.<\/p>\n<ul>\n<li>wysoka zawarto\u015b\u0107 kwasu foliowego<\/li>\n<li>\u017ar\u00f3d\u0142o fosforu<\/li>\n<li>bogate w b\u0142onnik<\/li>\n<li>produkt wega\u0144ski<\/li>\n<li>bez laktozy, bez konserwant\u00f3w i barwnik\u00f3w<\/li>\n<li>bez bia\u0142ego cukru<\/li>\n<\/ul>\n<\/div>\n<\/div>\n<\/div>","protected":false},"featured_media":7758,"template":"","meta":{"ocean_post_layout":"","ocean_both_sidebars_style":"","ocean_both_sidebars_content_width":0,"ocean_both_sidebars_sidebars_width":0,"ocean_sidebar":"0","ocean_second_sidebar":"0","ocean_disable_margins":"enable","ocean_add_body_class":"","ocean_shortcode_before_top_bar":"","ocean_shortcode_after_top_bar":"","ocean_shortcode_before_header":"","ocean_shortcode_after_header":"","ocean_has_shortcode":"","ocean_shortcode_after_title":"","ocean_shortcode_before_footer_widgets":"","ocean_shortcode_after_footer_widgets":"","ocean_shortcode_before_footer_bottom":"","ocean_shortcode_after_footer_bottom":"","ocean_display_top_bar":"default","ocean_display_header":"default","ocean_header_style":"","ocean_center_header_left_menu":"0","ocean_custom_header_template":"0","ocean_custom_logo":0,"ocean_custom_retina_logo":0,"ocean_custom_logo_max_width":0,"ocean_custom_logo_tablet_max_width":0,"ocean_custom_logo_mobile_max_width":0,"ocean_custom_logo_max_height":0,"ocean_custom_logo_tablet_max_height":0,"ocean_custom_logo_mobile_max_height":0,"ocean_header_custom_menu":"0","ocean_menu_typo_font_family":"0","ocean_menu_typo_font_subset":"","ocean_menu_typo_font_size":0,"ocean_menu_typo_font_size_tablet":0,"ocean_menu_typo_font_size_mobile":0,"ocean_menu_typo_font_size_unit":"px","ocean_menu_typo_font_weight":"","ocean_menu_typo_font_weight_tablet":"","ocean_menu_typo_font_weight_mobile":"","ocean_menu_typo_transform":"","ocean_menu_typo_transform_tablet":"","ocean_menu_typo_transform_mobile":"","ocean_menu_typo_line_height":0,"ocean_menu_typo_line_height_tablet":0,"ocean_menu_typo_line_height_mobile":0,"ocean_menu_typo_line_height_unit":"","ocean_menu_typo_spacing":0,"ocean_menu_typo_spacing_tablet":0,"ocean_menu_typo_spacing_mobile":0,"ocean_menu_typo_spacing_unit":"","ocean_menu_link_color":"","ocean_menu_link_color_hover":"","ocean_menu_link_color_active":"","ocean_menu_link_background":"","ocean_menu_link_hover_background":"","ocean_menu_link_active_background":"","ocean_menu_social_links_bg":"","ocean_menu_social_hover_links_bg":"","ocean_menu_social_links_color":"","ocean_menu_social_hover_links_color":"","ocean_disable_title":"default","ocean_disable_heading":"default","ocean_post_title":"","ocean_post_subheading":"","ocean_post_title_style":"","ocean_post_title_background_color":"","ocean_post_title_background":0,"ocean_post_title_bg_image_position":"","ocean_post_title_bg_image_attachment":"","ocean_post_title_bg_image_repeat":"","ocean_post_title_bg_image_size":"","ocean_post_title_height":0,"ocean_post_title_bg_overlay":0.5,"ocean_post_title_bg_overlay_color":"","ocean_disable_breadcrumbs":"default","ocean_breadcrumbs_color":"","ocean_breadcrumbs_separator_color":"","ocean_breadcrumbs_links_color":"","ocean_breadcrumbs_links_hover_color":"","ocean_display_footer_widgets":"default","ocean_display_footer_bottom":"default","ocean_custom_footer_template":"0"},"product_brand":[],"product_cat":[23],"product_tag":[],"class_list":{"0":"post-7757","1":"product","2":"type-product","3":"status-publish","4":"has-post-thumbnail","6":"product_cat-zdrowe-przekaski","8":"entry","9":"has-media","11":"first","12":"outofstock","13":"shipping-taxable","14":"purchasable","15":"product-type-simple","16":"has-product-nav","17":"col","18":"span_1_of_3","19":"owp-content-left","20":"owp-thumbs-layout-horizontal","21":"owp-btn-normal","22":"owp-tabs-layout-horizontal","23":"has-no-thumbnails"},"_links":{"self":[{"href":"https:\/\/ecocorner.eu\/en\/wp-json\/wp\/v2\/product\/7757","targetHints":{"allow":["GET"]}}],"collection":[{"href":"https:\/\/ecocorner.eu\/en\/wp-json\/wp\/v2\/product"}],"about":[{"href":"https:\/\/ecocorner.eu\/en\/wp-json\/wp\/v2\/types\/product"}],"version-history":[{"count":1,"href":"https:\/\/ecocorner.eu\/en\/wp-json\/wp\/v2\/product\/7757\/revisions"}],"predecessor-version":[{"id":7759,"href":"https:\/\/ecocorner.eu\/en\/wp-json\/wp\/v2\/product\/7757\/revisions\/7759"}],"wp:featuredmedia":[{"embeddable":true,"href":"https:\/\/ecocorner.eu\/en\/wp-json\/wp\/v2\/media\/7758"}],"wp:attachment":[{"href":"https:\/\/ecocorner.eu\/en\/wp-json\/wp\/v2\/media?parent=7757"}],"wp:term":[{"taxonomy":"product_brand","embeddable":true,"href":"https:\/\/ecocorner.eu\/en\/wp-json\/wp\/v2\/product_brand?post=7757"},{"taxonomy":"product_cat","embeddable":true,"href":"https:\/\/ecocorner.eu\/en\/wp-json\/wp\/v2\/product_cat?post=7757"},{"taxonomy":"product_tag","embeddable":true,"href":"https:\/\/ecocorner.eu\/en\/wp-json\/wp\/v2\/product_tag?post=7757"}],"curies":[{"name":"wp","href":"https:\/\/api.w.org\/{rel}","templated":true}]}}