{"id":7778,"date":"2025-10-13T12:54:37","date_gmt":"2025-10-13T12:54:37","guid":{"rendered":"https:\/\/ecocorner.eu\/?post_type=product&#038;p=7778"},"modified":"2026-04-11T13:17:53","modified_gmt":"2026-04-11T13:17:53","slug":"sweetvegy-ciastka-orkiszowe-z-dynia-i-cynamonem-bez-cukru-100g","status":"publish","type":"product","link":"https:\/\/ecocorner.eu\/en\/product\/sweetvegy-ciastka-orkiszowe-z-dynia-i-cynamonem-bez-cukru-100g\/","title":{"rendered":"SweetVegy  Ciastka orkiszowe z Dyni\u0105 i Cynamonem, bez cukru &#8211; 100g"},"content":{"rendered":"<div class=\"mp4t_16_s mryx_16_s mr3m_1 mli2_1 mh85_56 mh85_0_l\">\n<div class=\"mgn2_16 _0d3bd_am0a-\">\n<p>&nbsp;<\/p>\n<p><b>Ingredients:<\/b><\/p>\n<p>M\u0105ka\u00a0<b>orkiszowa<\/b>\u00a039%, p\u0142atki\u00a0<b>owsiane<\/b>, dynia 20%, kokos (olej kokosowy, wi\u00f3rki kokosowe), substancja s\u0142odz\u0105ca (maltitol), cynamon 0,3%, sok z cytryny, przyprawy, substancje spulchniaj\u0105ce (wodorow\u0119glan sodu, wodorow\u0119glan amonu)<\/p>\n<p><b>Masa Netto:<\/b><\/p>\n<p>100 g<\/p>\n<\/div>\n<\/div>","protected":false},"excerpt":{"rendered":"<h2>SweetVegy Ciastka orkiszowe z Dyni\u0105 i Cynamonem, bez cukru &#8211; 100g<\/h2>\n<p>Ciastka orkiszowe z dyni\u0105 i cynamonem to kwintesencja z\u0142otej jesieni zamkni\u0119ta w s\u0142odkiej przek\u0105sce. Delikatna dynia z nut\u0105 cynamonu tworz\u0105 subtelne po\u0142\u0105czenie idealne na d\u0142ugie, ch\u0142odne wieczory.<\/p>\n<ul>\n<li>\u017ar\u00f3d\u0142o kwasu foliowego i fosforu<\/li>\n<li>bogate w b\u0142onnik<\/li>\n<li>produkt wega\u0144ski<\/li>\n<li>bez laktozy, bez konserwant\u00f3w i barwnik\u00f3w<\/li>\n<li>bez dodatku cukru<\/li>\n<\/ul>","protected":false},"featured_media":7779,"template":"","meta":{"ocean_post_layout":"","ocean_both_sidebars_style":"","ocean_both_sidebars_content_width":0,"ocean_both_sidebars_sidebars_width":0,"ocean_sidebar":"0","ocean_second_sidebar":"0","ocean_disable_margins":"enable","ocean_add_body_class":"","ocean_shortcode_before_top_bar":"","ocean_shortcode_after_top_bar":"","ocean_shortcode_before_header":"","ocean_shortcode_after_header":"","ocean_has_shortcode":"","ocean_shortcode_after_title":"","ocean_shortcode_before_footer_widgets":"","ocean_shortcode_after_footer_widgets":"","ocean_shortcode_before_footer_bottom":"","ocean_shortcode_after_footer_bottom":"","ocean_display_top_bar":"default","ocean_display_header":"default","ocean_header_style":"","ocean_center_header_left_menu":"0","ocean_custom_header_template":"0","ocean_custom_logo":0,"ocean_custom_retina_logo":0,"ocean_custom_logo_max_width":0,"ocean_custom_logo_tablet_max_width":0,"ocean_custom_logo_mobile_max_width":0,"ocean_custom_logo_max_height":0,"ocean_custom_logo_tablet_max_height":0,"ocean_custom_logo_mobile_max_height":0,"ocean_header_custom_menu":"0","ocean_menu_typo_font_family":"0","ocean_menu_typo_font_subset":"","ocean_menu_typo_font_size":0,"ocean_menu_typo_font_size_tablet":0,"ocean_menu_typo_font_size_mobile":0,"ocean_menu_typo_font_size_unit":"px","ocean_menu_typo_font_weight":"","ocean_menu_typo_font_weight_tablet":"","ocean_menu_typo_font_weight_mobile":"","ocean_menu_typo_transform":"","ocean_menu_typo_transform_tablet":"","ocean_menu_typo_transform_mobile":"","ocean_menu_typo_line_height":0,"ocean_menu_typo_line_height_tablet":0,"ocean_menu_typo_line_height_mobile":0,"ocean_menu_typo_line_height_unit":"","ocean_menu_typo_spacing":0,"ocean_menu_typo_spacing_tablet":0,"ocean_menu_typo_spacing_mobile":0,"ocean_menu_typo_spacing_unit":"","ocean_menu_link_color":"","ocean_menu_link_color_hover":"","ocean_menu_link_color_active":"","ocean_menu_link_background":"","ocean_menu_link_hover_background":"","ocean_menu_link_active_background":"","ocean_menu_social_links_bg":"","ocean_menu_social_hover_links_bg":"","ocean_menu_social_links_color":"","ocean_menu_social_hover_links_color":"","ocean_disable_title":"default","ocean_disable_heading":"default","ocean_post_title":"","ocean_post_subheading":"","ocean_post_title_style":"","ocean_post_title_background_color":"","ocean_post_title_background":0,"ocean_post_title_bg_image_position":"","ocean_post_title_bg_image_attachment":"","ocean_post_title_bg_image_repeat":"","ocean_post_title_bg_image_size":"","ocean_post_title_height":0,"ocean_post_title_bg_overlay":0.5,"ocean_post_title_bg_overlay_color":"","ocean_disable_breadcrumbs":"default","ocean_breadcrumbs_color":"","ocean_breadcrumbs_separator_color":"","ocean_breadcrumbs_links_color":"","ocean_breadcrumbs_links_hover_color":"","ocean_display_footer_widgets":"default","ocean_display_footer_bottom":"default","ocean_custom_footer_template":"0"},"product_brand":[],"product_cat":[23],"product_tag":[],"class_list":{"0":"post-7778","1":"product","2":"type-product","3":"status-publish","4":"has-post-thumbnail","6":"product_cat-zdrowe-przekaski","8":"entry","9":"has-media","11":"first","12":"outofstock","13":"shipping-taxable","14":"purchasable","15":"product-type-simple","16":"has-product-nav","17":"col","18":"span_1_of_3","19":"owp-content-left","20":"owp-thumbs-layout-horizontal","21":"owp-btn-normal","22":"owp-tabs-layout-horizontal"},"_links":{"self":[{"href":"https:\/\/ecocorner.eu\/en\/wp-json\/wp\/v2\/product\/7778","targetHints":{"allow":["GET"]}}],"collection":[{"href":"https:\/\/ecocorner.eu\/en\/wp-json\/wp\/v2\/product"}],"about":[{"href":"https:\/\/ecocorner.eu\/en\/wp-json\/wp\/v2\/types\/product"}],"version-history":[{"count":1,"href":"https:\/\/ecocorner.eu\/en\/wp-json\/wp\/v2\/product\/7778\/revisions"}],"predecessor-version":[{"id":7780,"href":"https:\/\/ecocorner.eu\/en\/wp-json\/wp\/v2\/product\/7778\/revisions\/7780"}],"wp:featuredmedia":[{"embeddable":true,"href":"https:\/\/ecocorner.eu\/en\/wp-json\/wp\/v2\/media\/7779"}],"wp:attachment":[{"href":"https:\/\/ecocorner.eu\/en\/wp-json\/wp\/v2\/media?parent=7778"}],"wp:term":[{"taxonomy":"product_brand","embeddable":true,"href":"https:\/\/ecocorner.eu\/en\/wp-json\/wp\/v2\/product_brand?post=7778"},{"taxonomy":"product_cat","embeddable":true,"href":"https:\/\/ecocorner.eu\/en\/wp-json\/wp\/v2\/product_cat?post=7778"},{"taxonomy":"product_tag","embeddable":true,"href":"https:\/\/ecocorner.eu\/en\/wp-json\/wp\/v2\/product_tag?post=7778"}],"curies":[{"name":"wp","href":"https:\/\/api.w.org\/{rel}","templated":true}]}}