{"id":7787,"date":"2025-10-13T13:09:39","date_gmt":"2025-10-13T13:09:39","guid":{"rendered":"https:\/\/ecocorner.eu\/?post_type=product&#038;p=7787"},"modified":"2026-04-11T13:19:25","modified_gmt":"2026-04-11T13:19:25","slug":"sweetvegy-ciastka-owsiane-kokosowe-z-buraczkiem-100g-2","status":"publish","type":"product","link":"https:\/\/ecocorner.eu\/en\/product\/sweetvegy-ciastka-owsiane-kokosowe-z-buraczkiem-100g-2\/","title":{"rendered":"SweetVegy   Ciastka bez cukru orkiszowe kakaowe z buraczkiem 100 g"},"content":{"rendered":"<div class=\"mpof_ki myre_zn myre_8v_l m389_6m_l\">\n<div class=\"mp4t_16_s mryx_16_s mr3m_1 mli2_1 mh85_56 mh85_0_l\">\n<div class=\"mgn2_16 _0d3bd_am0a-\"><\/div>\n<\/div>\n<\/div>\n<div class=\"mpof_ki myre_zn myre_8v_l m389_6m_l\">\n<div class=\"mp4t_16_s mryx_16_s mr3m_1 mli2_1 mh85_56 mh85_0_l\">\n<div class=\"mgn2_16 _0d3bd_am0a-\">\n<div class=\"mpof_ki myre_zn myre_8v_l m389_6m_l\">\n<div class=\"mp4t_16_s mryx_16_s mr3m_1 mli2_1 mh85_56 mh85_0_l\">\n<div class=\"mgn2_16 _0d3bd_am0a-\"><\/div>\n<\/div>\n<\/div>\n<div class=\"mpof_ki myre_zn myre_8v_l m389_6m_l\">\n<div class=\"mp4t_16_s mryx_16_s mr3m_1 mli2_1 mh85_56 mh85_0_l\">\n<div class=\"mgn2_16 _0d3bd_am0a-\">\n<p>&nbsp;<\/p>\n<h2>Masa Netto:<\/h2>\n<p>100 g<\/p>\n<h2>Warto\u015bci od\u017cywcze:<\/h2>\n<ul>\n<li>Warto\u015b\u0107 energetyczna: 1832kJ\/ 438 kcal<\/li>\n<li>T\u0142uszcz: 19 g<\/li>\n<li>w tym kwasy t\u0142uszczowe nasycone: 16 g<\/li>\n<li>W\u0119glowodany: 62 g<\/li>\n<li>w tym cukry: 3 g<\/li>\n<li>B\u0142onnik: 6 g<\/li>\n<li>Bia\u0142ko: 10 g<\/li>\n<li>S\u00f3l: 1,3 g<\/li>\n<li>\u017belazo: 2,7 mg (19%*)<\/li>\n<li>Magnez: 58 mg (15%*)<\/li>\n<li>Fosfor: 159 mg (23%*)<\/li>\n<li>Potas: 402 mg (20%*)<\/li>\n<\/ul>\n<p>*% dziennych referencyjnych warto\u015bci spo\u017cycia dla os\u00f3b doros\u0142ych<\/p>\n<p>Store in a cool and dry place.<\/p>\n<\/div>\n<\/div>\n<\/div>\n<\/div>\n<\/div>\n<\/div>","protected":false},"excerpt":{"rendered":"<div class=\"mpof_ki myre_zn myre_8v_l m389_6m_l\">\n<div class=\"mp4t_16_s mryx_16_s mr3m_1 mli2_1 mh85_56 mh85_0_l\">\n<div class=\"mgn2_16 _0d3bd_am0a-\"><\/div>\n<\/div>\n<\/div>\n<div class=\"mpof_ki myre_zn myre_8v_l m389_6m_l\">\n<div class=\"mp4t_16_s mryx_16_s mr3m_1 mli2_1 mh85_56 mh85_0_l\">\n<div class=\"mgn2_16 _0d3bd_am0a-\">\n<div class=\"mpof_ki myre_zn myre_8v_l m389_6m_l\">\n<div class=\"mp4t_16_s mryx_16_s mr3m_1 mli2_1 mh85_56 mh85_0_l\">\n<div class=\"mgn2_16 _0d3bd_am0a-\">\n<h3>Ciastka bez cukru orkiszowe kakaowe z buraczkiem 100 g SweetVegy<\/h3>\n<p>Spr\u00f3buj chrupkich i przepysznych\u00a0 ciasteczek orkiszowych SweetVegy z pieczonymi kawa\u0142kami warzyw bez dodatku cukru (s\u0142odzimy je maltitolem). Stworzyli\u015bmy je specjalnie dla smakoszy, kt\u00f3rzy w swojej diecie unikaj\u0105 cukru.<\/p>\n<p>Zawarli\u015bmy w nich starannie dobrane warzywa i dodatki smakowe, dzi\u0119ki kt\u00f3rym w ciasteczkach odnajdziesz b\u0142onnik, witaminy lub minera\u0142y, a ich smak zachwyci Ci\u0119 wyj\u0105tkowo\u015bci\u0105 i niepowtarzalno\u015bci\u0105.<\/p>\n<\/div>\n<\/div>\n<\/div>\n<div class=\"mpof_ki myre_zn myre_8v_l m389_6m_l\">\n<div class=\"mp4t_16_s mryx_16_s mr3m_1 mli2_1 mh85_56 mh85_0_l\">\n<div class=\"mg9e_8 mj7a_8 mg9e_0_s mvrt_0_s mj7a_0_s mh36_0_s mzmg_6m munh_16_l m3h2_16_l\">\n<div class=\"mp4t_0 mryx_0 munh_56 m3h2_56\">\n<div class=\"mp7g_oh\"><\/div>\n<\/div>\n<\/div>\n<\/div>\n<\/div>\n<div class=\"mpof_ki myre_zn myre_8v_l m389_6m_l\">\n<div class=\"mp4t_16_s mryx_16_s mr3m_1 mli2_1 mh85_56 mh85_0_l\">\n<div class=\"mgn2_16 _0d3bd_am0a-\">\n<p>Wyrazisty smak kakao, nuta buraczka i orkisz tworz\u0105 tutaj smakowite trio. Po te wyj\u0105tkowe ciasteczka warto si\u0119gn\u0105\u0107 i to bez zastanowienia!<\/p>\n<ul>\n<li>bogactwo minera\u0142\u00f3w: \u017celazo, potas, fosfor i magnez<\/li>\n<li>Wysoka zawarto\u015b\u0107 b\u0142onnika<\/li>\n<li>produkt wega\u0144ski<\/li>\n<li>bez laktozy, bez konserwant\u00f3w i barwnik\u00f3w<\/li>\n<li>bez dodatku cukru<\/li>\n<\/ul>\n<\/div>\n<\/div>\n<\/div>\n<div class=\"mpof_ki myre_zn myre_8v_l m389_6m_l\">\n<div class=\"mp4t_16_s mryx_16_s mr3m_1 mli2_1 mh85_56 mh85_0_l\">\n<div class=\"mgn2_16 _0d3bd_am0a-\">\n<h2>Ingredients:<\/h2>\n<p>M\u0105ka\u00a0<b>orkiszow<\/b>a 36%, p\u0142atki\u00a0<b>j\u0119czmienne<\/b>, burak 20%, kokos (wi\u00f3rki kokosowe, olej kokosowy), substancja s\u0142odz\u0105ca (maltitol), kakao 4%, substancje spulchniaj\u0105ce (wodorow\u0119glan sodu, wodorow\u0119glan amonu)<\/p>\n<\/div>\n<\/div>\n<\/div>\n<p>Klasyczny kokos w pi\u0119knym wydaniu \u2013 te ciasteczka \u201eje si\u0119 oczami\u201d. Zapewniamy, \u017ce tak jak wyj\u0105tkowo wygl\u0105daj\u0105, tak te\u017c smakuj\u0105. A przy okazji dostarczaj\u0105 organizmowi mn\u00f3stwa cennych minera\u0142\u00f3w.<\/p>\n<ul>\n<li>\u017ar\u00f3d\u0142o \u017celaza, fosforu i magnezu<\/li>\n<li>w bogate w b\u0142onnik<\/li>\n<li>produkt wega\u0144ski<\/li>\n<li>bez laktozy, bez konserwant\u00f3w i barwnik\u00f3w<\/li>\n<li>bez bia\u0142ego cukru<\/li>\n<\/ul>\n<\/div>\n<\/div>\n<\/div>","protected":false},"featured_media":7791,"template":"","meta":{"ocean_post_layout":"","ocean_both_sidebars_style":"","ocean_both_sidebars_content_width":0,"ocean_both_sidebars_sidebars_width":0,"ocean_sidebar":"0","ocean_second_sidebar":"0","ocean_disable_margins":"enable","ocean_add_body_class":"","ocean_shortcode_before_top_bar":"","ocean_shortcode_after_top_bar":"","ocean_shortcode_before_header":"","ocean_shortcode_after_header":"","ocean_has_shortcode":"","ocean_shortcode_after_title":"","ocean_shortcode_before_footer_widgets":"","ocean_shortcode_after_footer_widgets":"","ocean_shortcode_before_footer_bottom":"","ocean_shortcode_after_footer_bottom":"","ocean_display_top_bar":"default","ocean_display_header":"default","ocean_header_style":"","ocean_center_header_left_menu":"0","ocean_custom_header_template":"0","ocean_custom_logo":0,"ocean_custom_retina_logo":0,"ocean_custom_logo_max_width":0,"ocean_custom_logo_tablet_max_width":0,"ocean_custom_logo_mobile_max_width":0,"ocean_custom_logo_max_height":0,"ocean_custom_logo_tablet_max_height":0,"ocean_custom_logo_mobile_max_height":0,"ocean_header_custom_menu":"0","ocean_menu_typo_font_family":"0","ocean_menu_typo_font_subset":"","ocean_menu_typo_font_size":0,"ocean_menu_typo_font_size_tablet":0,"ocean_menu_typo_font_size_mobile":0,"ocean_menu_typo_font_size_unit":"px","ocean_menu_typo_font_weight":"","ocean_menu_typo_font_weight_tablet":"","ocean_menu_typo_font_weight_mobile":"","ocean_menu_typo_transform":"","ocean_menu_typo_transform_tablet":"","ocean_menu_typo_transform_mobile":"","ocean_menu_typo_line_height":0,"ocean_menu_typo_line_height_tablet":0,"ocean_menu_typo_line_height_mobile":0,"ocean_menu_typo_line_height_unit":"","ocean_menu_typo_spacing":0,"ocean_menu_typo_spacing_tablet":0,"ocean_menu_typo_spacing_mobile":0,"ocean_menu_typo_spacing_unit":"","ocean_menu_link_color":"","ocean_menu_link_color_hover":"","ocean_menu_link_color_active":"","ocean_menu_link_background":"","ocean_menu_link_hover_background":"","ocean_menu_link_active_background":"","ocean_menu_social_links_bg":"","ocean_menu_social_hover_links_bg":"","ocean_menu_social_links_color":"","ocean_menu_social_hover_links_color":"","ocean_disable_title":"default","ocean_disable_heading":"default","ocean_post_title":"","ocean_post_subheading":"","ocean_post_title_style":"","ocean_post_title_background_color":"","ocean_post_title_background":0,"ocean_post_title_bg_image_position":"","ocean_post_title_bg_image_attachment":"","ocean_post_title_bg_image_repeat":"","ocean_post_title_bg_image_size":"","ocean_post_title_height":0,"ocean_post_title_bg_overlay":0.5,"ocean_post_title_bg_overlay_color":"","ocean_disable_breadcrumbs":"default","ocean_breadcrumbs_color":"","ocean_breadcrumbs_separator_color":"","ocean_breadcrumbs_links_color":"","ocean_breadcrumbs_links_hover_color":"","ocean_display_footer_widgets":"default","ocean_display_footer_bottom":"default","ocean_custom_footer_template":"0"},"product_brand":[],"product_cat":[23],"product_tag":[],"class_list":{"0":"post-7787","1":"product","2":"type-product","3":"status-publish","4":"has-post-thumbnail","6":"product_cat-zdrowe-przekaski","8":"entry","9":"has-media","11":"first","12":"outofstock","13":"shipping-taxable","14":"purchasable","15":"product-type-simple","16":"has-product-nav","17":"col","18":"span_1_of_3","19":"owp-content-left","20":"owp-thumbs-layout-horizontal","21":"owp-btn-normal","22":"owp-tabs-layout-horizontal","23":"has-no-thumbnails"},"_links":{"self":[{"href":"https:\/\/ecocorner.eu\/en\/wp-json\/wp\/v2\/product\/7787","targetHints":{"allow":["GET"]}}],"collection":[{"href":"https:\/\/ecocorner.eu\/en\/wp-json\/wp\/v2\/product"}],"about":[{"href":"https:\/\/ecocorner.eu\/en\/wp-json\/wp\/v2\/types\/product"}],"version-history":[{"count":4,"href":"https:\/\/ecocorner.eu\/en\/wp-json\/wp\/v2\/product\/7787\/revisions"}],"predecessor-version":[{"id":7793,"href":"https:\/\/ecocorner.eu\/en\/wp-json\/wp\/v2\/product\/7787\/revisions\/7793"}],"wp:featuredmedia":[{"embeddable":true,"href":"https:\/\/ecocorner.eu\/en\/wp-json\/wp\/v2\/media\/7791"}],"wp:attachment":[{"href":"https:\/\/ecocorner.eu\/en\/wp-json\/wp\/v2\/media?parent=7787"}],"wp:term":[{"taxonomy":"product_brand","embeddable":true,"href":"https:\/\/ecocorner.eu\/en\/wp-json\/wp\/v2\/product_brand?post=7787"},{"taxonomy":"product_cat","embeddable":true,"href":"https:\/\/ecocorner.eu\/en\/wp-json\/wp\/v2\/product_cat?post=7787"},{"taxonomy":"product_tag","embeddable":true,"href":"https:\/\/ecocorner.eu\/en\/wp-json\/wp\/v2\/product_tag?post=7787"}],"curies":[{"name":"wp","href":"https:\/\/api.w.org\/{rel}","templated":true}]}}