{"id":7818,"date":"2025-11-01T18:37:48","date_gmt":"2025-11-01T18:37:48","guid":{"rendered":"https:\/\/ecocorner.eu\/?post_type=product&#038;p=7818"},"modified":"2025-12-11T21:51:23","modified_gmt":"2025-12-11T21:51:23","slug":"mokosh-odzywczo-nawilzajacy-zel-do-mycia-twarzy-figa-200-ml","status":"publish","type":"product","link":"https:\/\/ecocorner.eu\/en\/product\/mokosh-odzywczo-nawilzajacy-zel-do-mycia-twarzy-figa-200-ml\/","title":{"rendered":"Mokosh  Od\u017cywczo-nawil\u017caj\u0105cy \u017cel do mycia twarzy Figa 200 ml"},"content":{"rendered":"<h2>Od\u017cywczo-nawil\u017caj\u0105cy \u017cel do mycia twarzy Figa \u2013 piel\u0119gnacja na najwy\u017cszym poziomie<\/h2>\n<p>Sk\u00f3ra twarzy wymaga specjalnego traktowania, poniewa\u017c jest cie\u0144sza i bardziej delikatna ni\u017c w innych miejscach na ciele. \u017bel skutecznie i delikatnie myje, piel\u0119gnuj\u0105c i nie podra\u017cniaj\u0105c sk\u00f3ry, dlatego warto si\u0119gn\u0105\u0107 po <strong>od\u017cywczo-nawil\u017caj\u0105cy \u017cel do mycia twarzy Figa.<\/strong><\/p>\n<p>Nie zawiera SLS-\u00f3w i podobnych substancji myj\u0105cych, kt\u00f3re mog\u0105 by\u0107 przyczyn\u0105 podra\u017cnie\u0144 i przesuszenia sk\u00f3ry. Jego sk\u0142ad zosta\u0142 wzbogacony o ekstrakty ro\u015blinne, kt\u00f3re wykazuj\u0105 dzia\u0142anie nawil\u017caj\u0105ce, \u0142agodz\u0105ce czy ochronne. Dzi\u0119ki temu podczas ka\u017cdej k\u0105pieli sk\u00f3ra otrzymuje piel\u0119gnacj\u0119, kt\u00f3rej potrzebuje.<\/p>\n<p><strong>Method of application:<\/strong><\/p>\n<p>\u017bel rozprowad\u017a na wilgotnej sk\u00f3rze twarzy. Gdy produkt si\u0119 spieni, wykonaj delikatny masa\u017c z zamkni\u0119tymi oczami, a nast\u0119pnie sp\u0142ucz letni\u0105 wod\u0105. W sytuacji gdy \u017cel przedostanie si\u0119 do oka, przemyj je obficie wod\u0105. Stosuj dwa razy dziennie.<\/p>\n<p>\u017bel jest kosmetykiem <strong>wega\u0144skim<\/strong>. Nie posiada sk\u0142adnik\u00f3w z przeciwwskazaniami dla kobiet w ci\u0105\u017cy.<\/p>\n<p>Ingredients (INCI): Aqua, Coco Glucoside\u2022\u2022, Cocamidopropyl Betaine\u2022\u2022, Glycerin, Disodium Lauryl Sulfosuccinate\u2022\u2022\u2022, Polyglyceryl-4 Caprate\u2022\u2022, Citric Acid\u2022\u2022, Saccharomyces Zinc Ferment, Saccharomyces Copper Ferment, Saccharomyces Magnesium Ferment, Saccharomyces Iron Ferment, Saccharomyces Silicon Ferment, Ficus Carica (Fig) Fruit Extract, Gossypium Herbaceum (Cotton) Seed Extract, Linum Usitatissimum (Linseed) Seed Extract, Opuntia Ficus-Indica Stem Extract, Glyceryl Oleate\u2022\u2022, Tetrasodium Glutamate Diacetate\u2022\u2022\u2022, Sodium Benzoate\u2022\u2022\u2022, Potassium Sorbate\u2022\u2022\u2022, Parfum<\/p>\n<ul>\n<li>Surowiec pochodzenia ro\u015blinnego<\/li>\n<li>\u2022 Zatwierdzony przez organizacje certyfikuj\u0105ce naturalne kosmetyki<\/li>\n<\/ul>","protected":false},"excerpt":{"rendered":"<p>Od\u017cywczy i nawil\u017caj\u0105cy \u017cel do mycia twarzy o apetycznym zapachu figi <strong>\u0142agodnie<\/strong> usuwa zanieczyszczenia z powierzchni sk\u00f3ry dzi\u0119ki zastosowaniu naturalnych (otrzymywanych z oleju kokosowego) substancji myj\u0105cych. \u017bel zawiera <strong>kompleks pi\u0119ciu minera\u0142\u00f3w<\/strong>: krzemu, magnezu, miedzi, \u017celaza i cynku, pochodz\u0105cych <strong>z dro\u017cd\u017cy<\/strong> Saccharomyces cerevisiae poddanych procesowi biofermentacji. <strong>Minera\u0142y w postaci ferment\u00f3w<\/strong> charakteryzuje znacznie wi\u0119ksza biodost\u0119pno\u015b\u0107, co wp\u0142ywa na lepsze od\u017cywienie sk\u00f3ry, a tak\u017ce jej wyg\u0142adzenie i popraw\u0119 funkcji ochronnych. <strong>Ekstrakt z owoc\u00f3w figi<\/strong> zawarty w \u017celu wykazuje silne dzia\u0142anie niweluj\u0105ce negatywne skutki stresu oksydacyjnego oraz nawadniaj\u0105ce sk\u00f3r\u0119 twarzy. Podobnie dzia\u0142a <strong>ekstrakt z opuncji figowej<\/strong>, kt\u00f3ry dodatkowo \u0142agodzi podra\u017cnienia. <strong>Wyci\u0105g z bawe\u0142ny<\/strong> nawil\u017ca i od\u017cywia sk\u00f3r\u0119 oraz chroni j\u0105 przed szkodliwym dzia\u0142aniem wolnych rodnik\u00f3w.<\/p>","protected":false},"featured_media":7819,"template":"","meta":{"ocean_post_layout":"","ocean_both_sidebars_style":"","ocean_both_sidebars_content_width":0,"ocean_both_sidebars_sidebars_width":0,"ocean_sidebar":"0","ocean_second_sidebar":"0","ocean_disable_margins":"enable","ocean_add_body_class":"","ocean_shortcode_before_top_bar":"","ocean_shortcode_after_top_bar":"","ocean_shortcode_before_header":"","ocean_shortcode_after_header":"","ocean_has_shortcode":"","ocean_shortcode_after_title":"","ocean_shortcode_before_footer_widgets":"","ocean_shortcode_after_footer_widgets":"","ocean_shortcode_before_footer_bottom":"","ocean_shortcode_after_footer_bottom":"","ocean_display_top_bar":"default","ocean_display_header":"default","ocean_header_style":"","ocean_center_header_left_menu":"0","ocean_custom_header_template":"0","ocean_custom_logo":0,"ocean_custom_retina_logo":0,"ocean_custom_logo_max_width":0,"ocean_custom_logo_tablet_max_width":0,"ocean_custom_logo_mobile_max_width":0,"ocean_custom_logo_max_height":0,"ocean_custom_logo_tablet_max_height":0,"ocean_custom_logo_mobile_max_height":0,"ocean_header_custom_menu":"0","ocean_menu_typo_font_family":"0","ocean_menu_typo_font_subset":"","ocean_menu_typo_font_size":0,"ocean_menu_typo_font_size_tablet":0,"ocean_menu_typo_font_size_mobile":0,"ocean_menu_typo_font_size_unit":"px","ocean_menu_typo_font_weight":"","ocean_menu_typo_font_weight_tablet":"","ocean_menu_typo_font_weight_mobile":"","ocean_menu_typo_transform":"","ocean_menu_typo_transform_tablet":"","ocean_menu_typo_transform_mobile":"","ocean_menu_typo_line_height":0,"ocean_menu_typo_line_height_tablet":0,"ocean_menu_typo_line_height_mobile":0,"ocean_menu_typo_line_height_unit":"","ocean_menu_typo_spacing":0,"ocean_menu_typo_spacing_tablet":0,"ocean_menu_typo_spacing_mobile":0,"ocean_menu_typo_spacing_unit":"","ocean_menu_link_color":"","ocean_menu_link_color_hover":"","ocean_menu_link_color_active":"","ocean_menu_link_background":"","ocean_menu_link_hover_background":"","ocean_menu_link_active_background":"","ocean_menu_social_links_bg":"","ocean_menu_social_hover_links_bg":"","ocean_menu_social_links_color":"","ocean_menu_social_hover_links_color":"","ocean_disable_title":"default","ocean_disable_heading":"default","ocean_post_title":"","ocean_post_subheading":"","ocean_post_title_style":"","ocean_post_title_background_color":"","ocean_post_title_background":0,"ocean_post_title_bg_image_position":"","ocean_post_title_bg_image_attachment":"","ocean_post_title_bg_image_repeat":"","ocean_post_title_bg_image_size":"","ocean_post_title_height":0,"ocean_post_title_bg_overlay":0.5,"ocean_post_title_bg_overlay_color":"","ocean_disable_breadcrumbs":"default","ocean_breadcrumbs_color":"","ocean_breadcrumbs_separator_color":"","ocean_breadcrumbs_links_color":"","ocean_breadcrumbs_links_hover_color":"","ocean_display_footer_widgets":"default","ocean_display_footer_bottom":"default","ocean_custom_footer_template":"0"},"product_brand":[],"product_cat":[46],"product_tag":[],"class_list":{"0":"post-7818","1":"product","2":"type-product","3":"status-publish","4":"has-post-thumbnail","6":"product_cat-demakijaz","8":"entry","9":"has-media","11":"first","12":"outofstock","13":"shipping-taxable","14":"purchasable","15":"product-type-simple","16":"has-product-nav","17":"col","18":"span_1_of_3","19":"owp-content-left","20":"owp-thumbs-layout-horizontal","21":"owp-btn-normal","22":"owp-tabs-layout-horizontal","23":"has-no-thumbnails"},"_links":{"self":[{"href":"https:\/\/ecocorner.eu\/en\/wp-json\/wp\/v2\/product\/7818","targetHints":{"allow":["GET"]}}],"collection":[{"href":"https:\/\/ecocorner.eu\/en\/wp-json\/wp\/v2\/product"}],"about":[{"href":"https:\/\/ecocorner.eu\/en\/wp-json\/wp\/v2\/types\/product"}],"version-history":[{"count":1,"href":"https:\/\/ecocorner.eu\/en\/wp-json\/wp\/v2\/product\/7818\/revisions"}],"predecessor-version":[{"id":7820,"href":"https:\/\/ecocorner.eu\/en\/wp-json\/wp\/v2\/product\/7818\/revisions\/7820"}],"wp:featuredmedia":[{"embeddable":true,"href":"https:\/\/ecocorner.eu\/en\/wp-json\/wp\/v2\/media\/7819"}],"wp:attachment":[{"href":"https:\/\/ecocorner.eu\/en\/wp-json\/wp\/v2\/media?parent=7818"}],"wp:term":[{"taxonomy":"product_brand","embeddable":true,"href":"https:\/\/ecocorner.eu\/en\/wp-json\/wp\/v2\/product_brand?post=7818"},{"taxonomy":"product_cat","embeddable":true,"href":"https:\/\/ecocorner.eu\/en\/wp-json\/wp\/v2\/product_cat?post=7818"},{"taxonomy":"product_tag","embeddable":true,"href":"https:\/\/ecocorner.eu\/en\/wp-json\/wp\/v2\/product_tag?post=7818"}],"curies":[{"name":"wp","href":"https:\/\/api.w.org\/{rel}","templated":true}]}}