{"id":7827,"date":"2025-11-01T18:55:03","date_gmt":"2025-11-01T18:55:03","guid":{"rendered":"https:\/\/ecocorner.eu\/?post_type=product&#038;p=7827"},"modified":"2025-11-01T18:55:03","modified_gmt":"2025-11-01T18:55:03","slug":"mokosh-ujedrniajacy-krem-do-twarzy-anti-aging-roza-z-jagoda-15-ml","status":"publish","type":"product","link":"https:\/\/ecocorner.eu\/en\/product\/mokosh-ujedrniajacy-krem-do-twarzy-anti-aging-roza-z-jagoda-15-ml\/","title":{"rendered":"Mokosh  Uj\u0119drniaj\u0105cy krem do twarzy anti-aging  R\u00f3\u017ca z jagod\u0105 15 ml"},"content":{"rendered":"<div class=\"active_INCI\">\n<h2>Odkryj Moc Sk\u0142adnik\u00f3w Aktywnych &#8211; Uj\u0119drniaj\u0105cy krem do twarzy R\u00f3\u017ca z jagod\u0105<\/h2>\n<div><strong>Kom\u00f3rki macierzyste z r\u00f3\u017cy<\/strong> | bogactwo zwi\u0105zk\u00f3w fenolowych, terpen\u00f3w, glikozyd\u00f3w, flawonoid\u00f3w i antocyjan\u00f3w sprawia, \u017ce posiadaj\u0105 w\u0142a\u015bciwo\u015bci przeciwutleniaj\u0105ce, przeciwbakteryjne oraz przeciwzapalne. Charakteryzuj\u0105 si\u0119 wielofunkcyjn\u0105 aktywno\u015bci\u0105: wykazuj\u0105 dzia\u0142anie wyg\u0142adzaj\u0105ce, redukuj\u0105 plamy pigmentacyjne i blizny potr\u0105dzikowe, zapewniaj\u0105 wysoki stopie\u0144 nawil\u017cenia sk\u00f3ry.<\/p>\n<p><strong>Kompleks zawieraj\u0105cy ro\u015blinne kom\u00f3rki macierzyste z bor\u00f3wki brusznicy<\/strong> | ro\u015blina ta minimalizuje negatywny wp\u0142yw promieniowania IR na sk\u00f3r\u0119. Udowodniono tak\u017ce jej dzia\u0142anie antyoksydacyjne, co chroni przed niekorzystnymi efektami wywo\u0142anymi dzia\u0142aniem \u015bwiat\u0142a niebieskiego, czyli np. \u015bwiat\u0142a emitowanego przez ekrany komputer\u00f3w.<\/p>\n<p><strong>Vitamin C<\/strong> | wykazuje dzia\u0142anie rozja\u015bniaj\u0105ce i roz\u015bwietlaj\u0105ce, wspomagaj\u0105c redukcj\u0119 przebarwie\u0144 sk\u00f3rnych.<\/p>\n<p><strong>Olej z dzikiej r\u00f3\u017cy<\/strong> | dog\u0142\u0119bnie nawil\u017ca i regeneruje, a tak\u017ce chroni przed negatywnym wp\u0142ywem wolnych rodnik\u00f3w.<\/p>\n<p><strong>Kompleks zawieraj\u0105cy ekstrakt z sezamu i witamin\u0119 E<\/strong> | aktywuje syntez\u0119 lipidow\u0105 i poprzez wype\u0142nienie optymalizuje redukcj\u0119 zmarszczek i doskonale wyg\u0142adza.<\/p>\n<p><strong>Kompleks drogocennych olej\u00f3w botanicznych (olej arganowy, olej jojoba, olej makadamia)<\/strong> | rewitalizuje, regeneruje, od\u017cywia oraz zmi\u0119kcza sk\u00f3r\u0119.<\/div>\n<div class=\"przerywnik\">_____________________________________________________________________________________________<\/div>\n<\/div>\n<div class=\"use\">\n<h2>Klucz do codziennej piel\u0119gnacji &#8211; porady dotycz\u0105ce stosowania<\/h2>\n<p><strong>Method of application: <\/strong><\/div>\n<p>&nbsp;<\/p>\n<div class=\"table_use\">\n<div class=\"container_use\">\n<div class=\"use_1\">\n<p>krok 1<\/p>\n<p>przygotuj sk\u00f3r\u0119 do piel\u0119gnacji<\/p>\n<\/div>\n<div class=\"use_2\">\n<p>krok 2<\/p>\n<p>wmasuj krem opuszkami palc\u00f3w wsk\u00f3r\u0119 twarzy, szyi<br \/>\ni dekoltu<\/p>\n<\/div>\n<\/div>\n<\/div>\n<div class=\"przerywnik\">_____________________________________________________________________________________________<\/div>\n<div class=\"INCI\">\n<h3>Sk\u0142ad &#8211; Uj\u0119drniaj\u0105cy krem do twarzy R\u00f3\u017ca z jagod\u0105<\/h3>\n<p>Ingredients (INCI): Aqua, Coco-Caprylate\/Caprate, Caprylic\/Capric Triglyceride, Prunus Amygdalus Dulcis Oil, Glycerin, Glyceryl Stearate Citrate, Ascorbyl Tetraisopalmitate, Cellulose, Cetearyl Alcohol, Glyceryl Stearate SE, Polyglycerin-6, Macadamia Integrifolia Seed Oil, Argania Spinosa Kernel Oil, Rosa Moschata Seed Oil, Simmondsia Chinensis Seed Oil, Rosa Damascena Callus Culture Extract, Vaccinium Vitis-Idaea Fruit Extract, Vaccinium Angustifolium Fruit Extract, Agrimonia Eupatoria Extract, Ascophyllum Nodosum Extract, Potentilla Erecta Root Extract, Saccharomyces Cerevisiae Extract, Sesamum Indicum Seed Extract, Helianthus Annus Seed Oil, Gluconolactone, Tocopherol, Propanediol, Betaine, Xanthan Gum, Citric Acid, Dimethyl Isosorbide, Tetrasodium Glutamate Diacetate, Dehydroacetic Acid, Benzyl Alcohol, Sodium Benzoate, Parfum, Geraniol, Citronellol, Isoeugenyl Acetate, Limonene, Linalool, Rose Ketone, Hexamethylindanopyran, Terpineol, Dimethyl Phenethyl Acetate.<\/p><\/div>","protected":false},"excerpt":{"rendered":"<div class=\"short_ description\">\n<h2>Uj\u0119drniaj\u0105cy krem do twarzy R\u00f3\u017ca z jagod\u0105<\/h2>\n<p>Uj\u0119drniaj\u0105cy krem do twarzy anti-aging R\u00f3\u017ca z jagod\u0105 jest po\u0142\u0105czeniem drogocennych ekstrakt\u00f3w i olei z wyj\u0105tkowymi sk\u0142adnikami aktywnymi, kt\u00f3re dog\u0142\u0119bnie nawil\u017caj\u0105, uj\u0119drniaj\u0105, chroni\u0105 i wyg\u0142adzaj\u0105 delikatn\u0105 sk\u00f3r\u0119 twarzy.<\/p>\n<div class=\"container-seria\">\n<div class=\"color-seria\"><\/div>\n<div class=\"nazwa-seria\">\n<p><strong>Odm\u0142odzenie i odnowienie<\/strong><\/p>\n<\/div>\n<\/div>\n<p>Linia kosmetyk\u00f3w skoncentrowana na d\u0142ugoterminowym dzia\u0142aniu przeciwstarzeniowym. Stymuluje kluczowe mechanizmy odpowiedzialne za m\u0142ody wygl\u0105d sk\u00f3ry: odnow\u0119 kom\u00f3rkow\u0105, produkcj\u0119 kolagenu i regeneracj\u0119. Dzi\u0119ki po\u0142\u0105czeniu sk\u0142adnik\u00f3w zaawansowanych z naturalnymi, m.in. bogat\u0105 w antyoksydanty r\u00f3\u017c\u0105 oraz jagod\u0105, formu\u0142y zapewniaj\u0105 wielopoziomowy, d\u0142ugotrwa\u0142y efekt rewitalizacji sk\u00f3ry.<\/p>\n<\/div>\n<div class=\"przerywnik\">_____________________________________________________________________________________________<\/div>\n<div class=\"properties\">\n<h2>Kluczowe Korzy\u015bci dla Ciebie<\/h2>\n<ul>\n<li>odczuwalnie napina sk\u00f3r\u0119 i poprawia jej spr\u0119\u017cysto\u015b\u0107,<\/li>\n<li>zapewnia efekt sp\u0142ycenia nawet g\u0142\u0119bokich, utrwalonych zmarszczek,<\/li>\n<li>przywraca komfort przesuszonej sk\u00f3rze, skutecznie j\u0105 nawil\u017caj\u0105c,<\/li>\n<li>widocznie poprawia jako\u015b\u0107 sk\u00f3ry ju\u017c od 1. zastosowania.<\/li>\n<\/ul>\n<\/div>","protected":false},"featured_media":7831,"template":"","meta":{"ocean_post_layout":"","ocean_both_sidebars_style":"","ocean_both_sidebars_content_width":0,"ocean_both_sidebars_sidebars_width":0,"ocean_sidebar":"0","ocean_second_sidebar":"0","ocean_disable_margins":"enable","ocean_add_body_class":"","ocean_shortcode_before_top_bar":"","ocean_shortcode_after_top_bar":"","ocean_shortcode_before_header":"","ocean_shortcode_after_header":"","ocean_has_shortcode":"","ocean_shortcode_after_title":"","ocean_shortcode_before_footer_widgets":"","ocean_shortcode_after_footer_widgets":"","ocean_shortcode_before_footer_bottom":"","ocean_shortcode_after_footer_bottom":"","ocean_display_top_bar":"default","ocean_display_header":"default","ocean_header_style":"","ocean_center_header_left_menu":"0","ocean_custom_header_template":"0","ocean_custom_logo":0,"ocean_custom_retina_logo":0,"ocean_custom_logo_max_width":0,"ocean_custom_logo_tablet_max_width":0,"ocean_custom_logo_mobile_max_width":0,"ocean_custom_logo_max_height":0,"ocean_custom_logo_tablet_max_height":0,"ocean_custom_logo_mobile_max_height":0,"ocean_header_custom_menu":"0","ocean_menu_typo_font_family":"0","ocean_menu_typo_font_subset":"","ocean_menu_typo_font_size":0,"ocean_menu_typo_font_size_tablet":0,"ocean_menu_typo_font_size_mobile":0,"ocean_menu_typo_font_size_unit":"px","ocean_menu_typo_font_weight":"","ocean_menu_typo_font_weight_tablet":"","ocean_menu_typo_font_weight_mobile":"","ocean_menu_typo_transform":"","ocean_menu_typo_transform_tablet":"","ocean_menu_typo_transform_mobile":"","ocean_menu_typo_line_height":0,"ocean_menu_typo_line_height_tablet":0,"ocean_menu_typo_line_height_mobile":0,"ocean_menu_typo_line_height_unit":"","ocean_menu_typo_spacing":0,"ocean_menu_typo_spacing_tablet":0,"ocean_menu_typo_spacing_mobile":0,"ocean_menu_typo_spacing_unit":"","ocean_menu_link_color":"","ocean_menu_link_color_hover":"","ocean_menu_link_color_active":"","ocean_menu_link_background":"","ocean_menu_link_hover_background":"","ocean_menu_link_active_background":"","ocean_menu_social_links_bg":"","ocean_menu_social_hover_links_bg":"","ocean_menu_social_links_color":"","ocean_menu_social_hover_links_color":"","ocean_disable_title":"default","ocean_disable_heading":"default","ocean_post_title":"","ocean_post_subheading":"","ocean_post_title_style":"","ocean_post_title_background_color":"","ocean_post_title_background":0,"ocean_post_title_bg_image_position":"","ocean_post_title_bg_image_attachment":"","ocean_post_title_bg_image_repeat":"","ocean_post_title_bg_image_size":"","ocean_post_title_height":0,"ocean_post_title_bg_overlay":0.5,"ocean_post_title_bg_overlay_color":"","ocean_disable_breadcrumbs":"default","ocean_breadcrumbs_color":"","ocean_breadcrumbs_separator_color":"","ocean_breadcrumbs_links_color":"","ocean_breadcrumbs_links_hover_color":"","ocean_display_footer_widgets":"default","ocean_display_footer_bottom":"default","ocean_custom_footer_template":"0"},"product_brand":[],"product_cat":[45,81],"product_tag":[],"class_list":{"0":"post-7827","1":"product","2":"type-product","3":"status-publish","4":"has-post-thumbnail","6":"product_cat-kremy-do-twarzy","7":"product_cat-mokosh","9":"entry","10":"has-media","12":"first","13":"instock","14":"shipping-taxable","15":"purchasable","16":"product-type-simple","17":"has-product-nav","18":"col","19":"span_1_of_3","20":"owp-content-left","21":"owp-thumbs-layout-horizontal","22":"owp-btn-normal","23":"owp-tabs-layout-horizontal"},"_links":{"self":[{"href":"https:\/\/ecocorner.eu\/en\/wp-json\/wp\/v2\/product\/7827","targetHints":{"allow":["GET"]}}],"collection":[{"href":"https:\/\/ecocorner.eu\/en\/wp-json\/wp\/v2\/product"}],"about":[{"href":"https:\/\/ecocorner.eu\/en\/wp-json\/wp\/v2\/types\/product"}],"version-history":[{"count":1,"href":"https:\/\/ecocorner.eu\/en\/wp-json\/wp\/v2\/product\/7827\/revisions"}],"predecessor-version":[{"id":7832,"href":"https:\/\/ecocorner.eu\/en\/wp-json\/wp\/v2\/product\/7827\/revisions\/7832"}],"wp:featuredmedia":[{"embeddable":true,"href":"https:\/\/ecocorner.eu\/en\/wp-json\/wp\/v2\/media\/7831"}],"wp:attachment":[{"href":"https:\/\/ecocorner.eu\/en\/wp-json\/wp\/v2\/media?parent=7827"}],"wp:term":[{"taxonomy":"product_brand","embeddable":true,"href":"https:\/\/ecocorner.eu\/en\/wp-json\/wp\/v2\/product_brand?post=7827"},{"taxonomy":"product_cat","embeddable":true,"href":"https:\/\/ecocorner.eu\/en\/wp-json\/wp\/v2\/product_cat?post=7827"},{"taxonomy":"product_tag","embeddable":true,"href":"https:\/\/ecocorner.eu\/en\/wp-json\/wp\/v2\/product_tag?post=7827"}],"curies":[{"name":"wp","href":"https:\/\/api.w.org\/{rel}","templated":true}]}}