{"id":7836,"date":"2025-11-01T19:06:49","date_gmt":"2025-11-01T19:06:49","guid":{"rendered":"https:\/\/ecocorner.eu\/?post_type=product&#038;p=7836"},"modified":"2026-04-11T13:18:49","modified_gmt":"2026-04-11T13:18:49","slug":"narum-sweetoff-probiotyk-hamuje-chec-na-slodycze-90-kapsulek","status":"publish","type":"product","link":"https:\/\/ecocorner.eu\/en\/product\/narum-sweetoff-probiotyk-hamuje-chec-na-slodycze-90-kapsulek\/","title":{"rendered":"Narum  SweetOff  Probiotyk + hamuje ch\u0119\u0107 na s\u0142odycze   90 kapsu\u0142ek"},"content":{"rendered":"<div class=\"container py-5\">\n<div class=\"card shadow border-0\">\n<div class=\"card-header bg-success text-white text-center\"><\/div>\n<div class=\"card-body\">\n<p>&nbsp;<\/p>\n<h5 class=\"text-primary mt-4\">Ingredients:<\/h5>\n<p>liofilizowany metabiotyk <em>Lactobacterium mazuni<\/em> szczep Karine 2, liofilizowany ekstrakt z korzenia mniszka pospolitego (<em>Taraxacum officinale<\/em> Web.), liofilizowany ekstrakt z ziela pokrzywy zwyczajnej (<em>Urtica dioica L.<\/em>), liofilizowany ekstrakt z nasion lnu zwyczajnego (<em>Linum usitatissimum L.<\/em>), liofilizowany ekstrakt z ziela bylicy pio\u0142unu (<em>Artemisia absinthium L.<\/em>), substancja \u017celuj\u0105ca: guma gellan, substancja glazuruj\u0105ca: hydroksypropylometyloceluloza.Pokrzywa zawarta w SweetOff wspiera witalno\u015b\u0107 organizmu. Siemi\u0119 lniane ma pozytywny wp\u0142yw na trawienie oraz kontrol\u0119 wagi.<\/p>\n<h5 class=\"mb-3 text-primary\">Zalecana dzienna porcja do spo\u017cycia<\/h5>\n<ul>\n<li>Doro\u015bli i dzieci powy\u017cej 12 lat: 1\u20134 kapsu\u0142ki dziennie<\/li>\n<li>Dzieci w wieku od 6 do 12 lat: 1\u20132 kapsu\u0142ki dziennie<\/li>\n<li>Dzieci w wieku od 3 do 6 lat: 1 kapsu\u0142ka dziennie<\/li>\n<\/ul>\n<h5 class=\"text-primary mt-4\">Recommended daily intake\/<\/h5>\n<div class=\"table-responsive\">\n<table class=\"table table-bordered table-striped\">\n<thead class=\"thead-light\">\n<tr>\n<th>Sk\u0142adnik aktywny<\/th>\n<th>1 kapsu\u0142ka<\/th>\n<th>2 capsules<\/th>\n<th>3 capsules<\/th>\n<th>4 capsules<\/th>\n<\/tr>\n<\/thead>\n<tbody>\n<tr>\n<td>Liofilizowany metabiotyk Lactobacterium mazuni szczep Karine 2<\/td>\n<td>200 mg<\/td>\n<td>400 mg<\/td>\n<td>600 mg<\/td>\n<td>800 mg<\/td>\n<\/tr>\n<tr>\n<td>Liofilizowany ekstrakt z korzenia mniszka pospolitego<\/td>\n<td>50 mg<\/td>\n<td>100 mg<\/td>\n<td>150 mg<\/td>\n<td>200 mg<\/td>\n<\/tr>\n<tr>\n<td>Liofilizowany ekstrakt z ziela pokrzywy zwyczajnej<\/td>\n<td>50 mg<\/td>\n<td>100 mg<\/td>\n<td>150 mg<\/td>\n<td>200 mg<\/td>\n<\/tr>\n<tr>\n<td>Liofilizowany ekstrakt z nasion lnu zwyczajnego<\/td>\n<td>50 mg<\/td>\n<td>100 mg<\/td>\n<td>150 mg<\/td>\n<td>200 mg<\/td>\n<\/tr>\n<tr>\n<td>Liofilizowany ekstrakt z ziela bylicy pio\u0142unu<\/td>\n<td>50 mg<\/td>\n<td>100 mg<\/td>\n<td>150 mg<\/td>\n<td>200 mg<\/td>\n<\/tr>\n<\/tbody>\n<\/table>\n<p>* CFU \u2013 jednostka tworz\u0105ca koloni\u0119 bakteryjn\u0105<\/p>\n<\/div>\n<h5 class=\"mb-3 text-primary\">Method of application<\/h5>\n<p>Kapsu\u0142ki nale\u017cy przyjmowa\u0107 15-20 minut przed posi\u0142kami z \u00bd szklanki napoju o temperaturze pokojowej. Mo\u017cna otworzy\u0107 kapsu\u0142k\u0119 i rozpu\u015bci\u0107 jej zawarto\u015b\u0107 w napoju.<\/p>\n<h5 class=\"mb-3 text-primary\">Signal<\/h5>\n<p>Do not exceed the recommended daily intake. A dietary supplement cannot be used as a substitute for a varied diet. Do not use in case of hypersensitivity to the components of the product. Pregnant and lactating women should use the drug after consulting their doctor.<\/p>\n<\/div>\n<\/div>\n<\/div>","protected":false},"excerpt":{"rendered":"<div class=\"card-header bg-success text-white text-center\">\n<h3 class=\"mb-0\">SweetOff<\/h3>\n<\/div>\n<div class=\"card-body\">\n<p>Naturalne wsparcie w walce z \u0142aknieniem na s\u0142odycze \u2013 <strong>SweetOff<\/strong>!<\/p>\n<p>Pomaga zmniejszy\u0107 apetyt na s\u0142odkie przek\u0105ski. Idealny dla dzieci i doros\u0142ych, kt\u00f3rzy dbaj\u0105 o zdrow\u0105 diet\u0119.<\/p>\n<p>Postaw na naturalne rozwi\u0105zanie i ciesz si\u0119 pe\u0142ni\u0105 energii ka\u017cdego dnia!<\/p>\n<\/div>","protected":false},"featured_media":7837,"template":"","meta":{"ocean_post_layout":"","ocean_both_sidebars_style":"","ocean_both_sidebars_content_width":0,"ocean_both_sidebars_sidebars_width":0,"ocean_sidebar":"0","ocean_second_sidebar":"0","ocean_disable_margins":"enable","ocean_add_body_class":"","ocean_shortcode_before_top_bar":"","ocean_shortcode_after_top_bar":"","ocean_shortcode_before_header":"","ocean_shortcode_after_header":"","ocean_has_shortcode":"","ocean_shortcode_after_title":"","ocean_shortcode_before_footer_widgets":"","ocean_shortcode_after_footer_widgets":"","ocean_shortcode_before_footer_bottom":"","ocean_shortcode_after_footer_bottom":"","ocean_display_top_bar":"default","ocean_display_header":"default","ocean_header_style":"","ocean_center_header_left_menu":"0","ocean_custom_header_template":"0","ocean_custom_logo":0,"ocean_custom_retina_logo":0,"ocean_custom_logo_max_width":0,"ocean_custom_logo_tablet_max_width":0,"ocean_custom_logo_mobile_max_width":0,"ocean_custom_logo_max_height":0,"ocean_custom_logo_tablet_max_height":0,"ocean_custom_logo_mobile_max_height":0,"ocean_header_custom_menu":"0","ocean_menu_typo_font_family":"0","ocean_menu_typo_font_subset":"","ocean_menu_typo_font_size":0,"ocean_menu_typo_font_size_tablet":0,"ocean_menu_typo_font_size_mobile":0,"ocean_menu_typo_font_size_unit":"px","ocean_menu_typo_font_weight":"","ocean_menu_typo_font_weight_tablet":"","ocean_menu_typo_font_weight_mobile":"","ocean_menu_typo_transform":"","ocean_menu_typo_transform_tablet":"","ocean_menu_typo_transform_mobile":"","ocean_menu_typo_line_height":0,"ocean_menu_typo_line_height_tablet":0,"ocean_menu_typo_line_height_mobile":0,"ocean_menu_typo_line_height_unit":"","ocean_menu_typo_spacing":0,"ocean_menu_typo_spacing_tablet":0,"ocean_menu_typo_spacing_mobile":0,"ocean_menu_typo_spacing_unit":"","ocean_menu_link_color":"","ocean_menu_link_color_hover":"","ocean_menu_link_color_active":"","ocean_menu_link_background":"","ocean_menu_link_hover_background":"","ocean_menu_link_active_background":"","ocean_menu_social_links_bg":"","ocean_menu_social_hover_links_bg":"","ocean_menu_social_links_color":"","ocean_menu_social_hover_links_color":"","ocean_disable_title":"default","ocean_disable_heading":"default","ocean_post_title":"","ocean_post_subheading":"","ocean_post_title_style":"","ocean_post_title_background_color":"","ocean_post_title_background":0,"ocean_post_title_bg_image_position":"","ocean_post_title_bg_image_attachment":"","ocean_post_title_bg_image_repeat":"","ocean_post_title_bg_image_size":"","ocean_post_title_height":0,"ocean_post_title_bg_overlay":0.5,"ocean_post_title_bg_overlay_color":"","ocean_disable_breadcrumbs":"default","ocean_breadcrumbs_color":"","ocean_breadcrumbs_separator_color":"","ocean_breadcrumbs_links_color":"","ocean_breadcrumbs_links_hover_color":"","ocean_display_footer_widgets":"default","ocean_display_footer_bottom":"default","ocean_custom_footer_template":"0"},"product_brand":[],"product_cat":[70],"product_tag":[],"class_list":{"0":"post-7836","1":"product","2":"type-product","3":"status-publish","4":"has-post-thumbnail","6":"product_cat-probiotyki","8":"entry","9":"has-media","11":"first","12":"instock","13":"shipping-taxable","14":"purchasable","15":"product-type-simple","16":"has-product-nav","17":"col","18":"span_1_of_3","19":"owp-content-left","20":"owp-thumbs-layout-horizontal","21":"owp-btn-normal","22":"owp-tabs-layout-horizontal","23":"has-no-thumbnails"},"_links":{"self":[{"href":"https:\/\/ecocorner.eu\/en\/wp-json\/wp\/v2\/product\/7836","targetHints":{"allow":["GET"]}}],"collection":[{"href":"https:\/\/ecocorner.eu\/en\/wp-json\/wp\/v2\/product"}],"about":[{"href":"https:\/\/ecocorner.eu\/en\/wp-json\/wp\/v2\/types\/product"}],"version-history":[{"count":2,"href":"https:\/\/ecocorner.eu\/en\/wp-json\/wp\/v2\/product\/7836\/revisions"}],"predecessor-version":[{"id":7840,"href":"https:\/\/ecocorner.eu\/en\/wp-json\/wp\/v2\/product\/7836\/revisions\/7840"}],"wp:featuredmedia":[{"embeddable":true,"href":"https:\/\/ecocorner.eu\/en\/wp-json\/wp\/v2\/media\/7837"}],"wp:attachment":[{"href":"https:\/\/ecocorner.eu\/en\/wp-json\/wp\/v2\/media?parent=7836"}],"wp:term":[{"taxonomy":"product_brand","embeddable":true,"href":"https:\/\/ecocorner.eu\/en\/wp-json\/wp\/v2\/product_brand?post=7836"},{"taxonomy":"product_cat","embeddable":true,"href":"https:\/\/ecocorner.eu\/en\/wp-json\/wp\/v2\/product_cat?post=7836"},{"taxonomy":"product_tag","embeddable":true,"href":"https:\/\/ecocorner.eu\/en\/wp-json\/wp\/v2\/product_tag?post=7836"}],"curies":[{"name":"wp","href":"https:\/\/api.w.org\/{rel}","templated":true}]}}