{"id":7842,"date":"2025-11-01T19:22:07","date_gmt":"2025-11-01T19:22:07","guid":{"rendered":"https:\/\/ecocorner.eu\/?post_type=product&#038;p=7842"},"modified":"2026-01-15T21:18:47","modified_gmt":"2026-01-15T21:18:47","slug":"pasieki-sadowskich-elektrolity-z-pylkiem-pszczelim-o-smaku-pomaranczowym-390-g-60-porcji","status":"publish","type":"product","link":"https:\/\/ecocorner.eu\/en\/product\/pasieki-sadowskich-elektrolity-z-pylkiem-pszczelim-o-smaku-pomaranczowym-390-g-60-porcji\/","title":{"rendered":"Pasieki Sadowskich   Elektrolity  z py\u0142kiem pszczelim  o smaku pomara\u0144czowym  390 g  (60 porcji)"},"content":{"rendered":"<p>&nbsp;<\/p>\n<h2 id=\"tab3\">Jak stosowa\u0107 nasze Elektrolity z py\u0142kiem pszczelim?<\/h2>\n<p>Nasze elektrolity s\u0105 doskona\u0142ym uzupe\u0142nieniem sk\u0142adnik\u00f3w mineralnych w diecie &#8211; magnezu, potasu i sodu. Wystarczy 1 miark\u0119 produktu rozpu\u015bci\u0107 w szklance (250 ml) wody, energicznie mieszaj\u0105c. Bzzz\u2026 Najlepiej spo\u017cy\u0107 od razu po przygotowaniu. Pami\u0119tajcie, \u017ce zalecana dzienna porcja do spo\u017cycia to 1 miarka. Przyjemny, pomara\u0144czowy smak sprawia, \u017ce ka\u017cdy ch\u0119tnie si\u0119ga po ten produkt &#8211; przekonajcie si\u0119 i Wy!<\/p>\n<h2 id=\"tab4\">Information<\/h2>\n<p><strong>Net weight:<\/strong> 390 g (60 porcji)<\/p>\n<p><strong>Ingredients:<\/strong> D-ryboza, potas (cytrynian potasu), magnez (jab\u0142czan magnezu), naturalny aromat pomara\u0144czowy, s\u00f3d (chlorek sodu), py\u0142ek pszczeli<\/p>\n<p><strong>Keeping:<\/strong> Produkt nale\u017cy chroni\u0107 przed \u015bwiat\u0142em. Przechowywa\u0107 w szczelnie zamkni\u0119tym opakowaniu, w temperaturze pokojowej, w suchym miejscu. Ponadto suplementy nale\u017cy przechowywa\u0107 w miejscu niedost\u0119pnym dla dzieci.<\/p>\n<p><strong>Security measures: <\/strong>Nie nale\u017cy przekracza\u0107 zalecanej porcji do spo\u017cycia w ci\u0105gu dnia. Nie stosowa\u0107 w przypadku uczulenia lub nadwra\u017cliwo\u015bci na kt\u00f3rykolwiek ze sk\u0142adnik\u00f3w. Produkt przeznaczony dla os\u00f3b doros\u0142ych. Produkt nie jest przeznaczony dla os\u00f3b starszych, os\u00f3b z chorobami nerek, z cukrzyc\u0105 insulinooporn\u0105, z nadci\u015bnieniem t\u0119tniczym, z zaburzeniami rytmu serca. Suplementy diety nie mog\u0105 by\u0107 stosowane jako substytut (zamiennik) zr\u00f3\u017cnicowanej diety.<\/p>\n<p><strong>Recommended daily intake:<\/strong> 1 miarka produktu<\/p>\n<table class=\"tabela-odzywcza\">\n<thead>\n<tr>\n<th class=\"col1\">WARTO\u015a\u0106 OD\u017bYWCZA<\/th>\n<th class=\"col2\">w 1 miarce produktu<\/th>\n<th class=\"col2\">DRWS*<\/th>\n<\/tr>\n<tr>\n<td class=\"col1\">D-ryboza<\/td>\n<td class=\"col2\">\u00a03 g<\/td>\n<td class=\"col2\"><\/td>\n<\/tr>\n<tr>\n<td class=\"col1\">Magnesium<\/td>\n<td class=\"col2\">150 mg<\/td>\n<td class=\"col2\">\u00a0(40%)*<\/td>\n<\/tr>\n<tr>\n<td class=\"col1\">Potas<\/td>\n<td class=\"col2\">500 mg<\/td>\n<td class=\"col2\">(25%)*<\/td>\n<\/tr>\n<tr>\n<td class=\"col1\">S\u00f3d<\/td>\n<td class=\"col2\">150\u00a0mg<\/td>\n<td class=\"col2\"><\/td>\n<\/tr>\n<tr>\n<td class=\"col1\">Py\u0142ek pszczeli<\/td>\n<td class=\"col2\">340 mg<\/td>\n<td class=\"col2\"><\/td>\n<\/tr>\n<\/thead>\n<\/table>\n<p>*DRWS &#8211; Dzienne Referencyjne Warto\u015bci Spo\u017cycia witamin i sk\u0142adnik\u00f3w mineralnych (dla os\u00f3b doros\u0142ych)<\/p>","protected":false},"excerpt":{"rendered":"<div class=\"pw-oprodukcie-text\">\n<div class=\"boxhead\">\n<h3 id=\"tab1\">O produkcie<\/h3>\n<\/div>\n<p>Przy intensywnych dniach &#8211; tych z wysok\u0105 aktywno\u015bci\u0105, wysi\u0142kiem fizycznym lub przy wysokich temperaturach szukacie czego\u015b ekstra dla swojego organizmu? My te\u017c d\u0142ugo szukali\u015bmy! I oto s\u0105 &#8211; Elektrolity z py\u0142kiem pszczelim o smaku pomara\u0144czowym! To nasz suplement diety, kt\u00f3ry zosta\u0142 stworzony z my\u015bl\u0105 o osobach, kt\u00f3re potrzebuj\u0105 wsparcia w nawodnieniu podczas upalnych dni lub przy wzmo\u017conym wysi\u0142ku. Zadbali\u015bmy, by by\u0142y bogate w sk\u0142adniki mineralne, pszczel\u0105 supermoc w postaci py\u0142ku pszczelego, a przy tym podkr\u0119cili\u015bmy smakowe wra\u017cenia pomara\u0144cz\u0105! Spr\u00f3bujcie pysznego wsparcia z elektrolitami. Dzi\u0119ki wyselekcjonowanym sk\u0142adnikom nasz suplement dedykowany jest ka\u017cdemu, kto chce zadba\u0107 o swoj\u0105 r\u00f3wnowag\u0119 elektrolitow\u0105. Zawarto\u015b\u0107 magnezu pomo\u017ce przeciwdzia\u0142a\u0107 zm\u0119czeniu oraz wesprze\u0107 prac\u0119 mi\u0119\u015bni, a przy tym, razem z potasem, zadba o uk\u0142ad nerwowy. Ponadto suplement uzupe\u0142nia diet\u0119 w D-ryboz\u0119 oraz kluczowy sk\u0142adnik mineralny jakim jest s\u00f3d. Prawdziwe wsparcie dla organizmu &#8211; tak na letnie upa\u0142y, jak i na wyczerpuj\u0105ce, intensywne dni o ka\u017cdej porze roku!<\/p>\n<h2 id=\"tab2\">W\u0142a\u015bciwo\u015bci Elektrolit\u00f3w dla doros\u0142ych<\/h2>\n<ul>\n<li>magnez pomaga w utrzymaniu r\u00f3wnowagi elektrolitowej, wspiera prac\u0119 mi\u0119\u015bni i organizm przy zm\u0119czeniu lub wzmo\u017conym wysi\u0142ku<\/li>\n<li>potas pomaga zatroszczy\u0107 si\u0119 o uk\u0142ad nerwowy<\/li>\n<li>py\u0142ek pszczeli prosto z natury &#8211; dla wzbogacenia diety<\/li>\n<li>uzupe\u0142nienie sk\u0142adnik\u00f3w mineralnych w wygodnej formie do rozpuszczenia &#8211; z widocznymi drobinkami py\u0142ku pszczelego<\/li>\n<li>pomara\u0144czowy smak<\/li>\n<li>przyjemny, owocowy zapach<\/li>\n<li>idealne wsparcie przy upa\u0142ach lub wysokiej aktywno\u015bci ka\u017cdego dnia<\/li>\n<\/ul>\n<ul>\n<li>bez dodatku cukru, je\u015bli lubicie s\u0142odszy smak &#8211; wystarczy doda\u0107 \u0142y\u017ceczk\u0119 ulubionego miodu<\/li>\n<\/ul>\n<\/div>","protected":false},"featured_media":7843,"template":"","meta":{"ocean_post_layout":"","ocean_both_sidebars_style":"","ocean_both_sidebars_content_width":0,"ocean_both_sidebars_sidebars_width":0,"ocean_sidebar":"0","ocean_second_sidebar":"0","ocean_disable_margins":"enable","ocean_add_body_class":"","ocean_shortcode_before_top_bar":"","ocean_shortcode_after_top_bar":"","ocean_shortcode_before_header":"","ocean_shortcode_after_header":"","ocean_has_shortcode":"","ocean_shortcode_after_title":"","ocean_shortcode_before_footer_widgets":"","ocean_shortcode_after_footer_widgets":"","ocean_shortcode_before_footer_bottom":"","ocean_shortcode_after_footer_bottom":"","ocean_display_top_bar":"default","ocean_display_header":"default","ocean_header_style":"","ocean_center_header_left_menu":"0","ocean_custom_header_template":"0","ocean_custom_logo":0,"ocean_custom_retina_logo":0,"ocean_custom_logo_max_width":0,"ocean_custom_logo_tablet_max_width":0,"ocean_custom_logo_mobile_max_width":0,"ocean_custom_logo_max_height":0,"ocean_custom_logo_tablet_max_height":0,"ocean_custom_logo_mobile_max_height":0,"ocean_header_custom_menu":"0","ocean_menu_typo_font_family":"0","ocean_menu_typo_font_subset":"","ocean_menu_typo_font_size":0,"ocean_menu_typo_font_size_tablet":0,"ocean_menu_typo_font_size_mobile":0,"ocean_menu_typo_font_size_unit":"px","ocean_menu_typo_font_weight":"","ocean_menu_typo_font_weight_tablet":"","ocean_menu_typo_font_weight_mobile":"","ocean_menu_typo_transform":"","ocean_menu_typo_transform_tablet":"","ocean_menu_typo_transform_mobile":"","ocean_menu_typo_line_height":0,"ocean_menu_typo_line_height_tablet":0,"ocean_menu_typo_line_height_mobile":0,"ocean_menu_typo_line_height_unit":"","ocean_menu_typo_spacing":0,"ocean_menu_typo_spacing_tablet":0,"ocean_menu_typo_spacing_mobile":0,"ocean_menu_typo_spacing_unit":"","ocean_menu_link_color":"","ocean_menu_link_color_hover":"","ocean_menu_link_color_active":"","ocean_menu_link_background":"","ocean_menu_link_hover_background":"","ocean_menu_link_active_background":"","ocean_menu_social_links_bg":"","ocean_menu_social_hover_links_bg":"","ocean_menu_social_links_color":"","ocean_menu_social_hover_links_color":"","ocean_disable_title":"default","ocean_disable_heading":"default","ocean_post_title":"","ocean_post_subheading":"","ocean_post_title_style":"","ocean_post_title_background_color":"","ocean_post_title_background":0,"ocean_post_title_bg_image_position":"","ocean_post_title_bg_image_attachment":"","ocean_post_title_bg_image_repeat":"","ocean_post_title_bg_image_size":"","ocean_post_title_height":0,"ocean_post_title_bg_overlay":0.5,"ocean_post_title_bg_overlay_color":"","ocean_disable_breadcrumbs":"default","ocean_breadcrumbs_color":"","ocean_breadcrumbs_separator_color":"","ocean_breadcrumbs_links_color":"","ocean_breadcrumbs_links_hover_color":"","ocean_display_footer_widgets":"default","ocean_display_footer_bottom":"default","ocean_custom_footer_template":"0"},"product_brand":[],"product_cat":[91,22],"product_tag":[],"class_list":{"0":"post-7842","1":"product","2":"type-product","3":"status-publish","4":"has-post-thumbnail","6":"product_cat-manufaktura-pasieki-sadowskich","7":"product_cat-suplementy-i-witaminy","9":"entry","10":"has-media","12":"first","13":"instock","14":"shipping-taxable","15":"purchasable","16":"product-type-simple","17":"has-product-nav","18":"col","19":"span_1_of_3","20":"owp-content-left","21":"owp-thumbs-layout-horizontal","22":"owp-btn-normal","23":"owp-tabs-layout-horizontal"},"_links":{"self":[{"href":"https:\/\/ecocorner.eu\/en\/wp-json\/wp\/v2\/product\/7842","targetHints":{"allow":["GET"]}}],"collection":[{"href":"https:\/\/ecocorner.eu\/en\/wp-json\/wp\/v2\/product"}],"about":[{"href":"https:\/\/ecocorner.eu\/en\/wp-json\/wp\/v2\/types\/product"}],"version-history":[{"count":1,"href":"https:\/\/ecocorner.eu\/en\/wp-json\/wp\/v2\/product\/7842\/revisions"}],"predecessor-version":[{"id":7846,"href":"https:\/\/ecocorner.eu\/en\/wp-json\/wp\/v2\/product\/7842\/revisions\/7846"}],"wp:featuredmedia":[{"embeddable":true,"href":"https:\/\/ecocorner.eu\/en\/wp-json\/wp\/v2\/media\/7843"}],"wp:attachment":[{"href":"https:\/\/ecocorner.eu\/en\/wp-json\/wp\/v2\/media?parent=7842"}],"wp:term":[{"taxonomy":"product_brand","embeddable":true,"href":"https:\/\/ecocorner.eu\/en\/wp-json\/wp\/v2\/product_brand?post=7842"},{"taxonomy":"product_cat","embeddable":true,"href":"https:\/\/ecocorner.eu\/en\/wp-json\/wp\/v2\/product_cat?post=7842"},{"taxonomy":"product_tag","embeddable":true,"href":"https:\/\/ecocorner.eu\/en\/wp-json\/wp\/v2\/product_tag?post=7842"}],"curies":[{"name":"wp","href":"https:\/\/api.w.org\/{rel}","templated":true}]}}