{"id":7847,"date":"2025-11-01T19:25:38","date_gmt":"2025-11-01T19:25:38","guid":{"rendered":"https:\/\/ecocorner.eu\/?post_type=product&#038;p=7847"},"modified":"2025-11-01T19:32:01","modified_gmt":"2025-11-01T19:32:01","slug":"pasieki-sadowskich-pylek-pszczeli-suszony-225-g","status":"publish","type":"product","link":"https:\/\/ecocorner.eu\/en\/product\/pasieki-sadowskich-pylek-pszczeli-suszony-225-g\/","title":{"rendered":"Pasieki Sadowskich   Py\u0142ek pszczeli suszony  225 g"},"content":{"rendered":"<h2 id=\"tab3\">Zastosowanie py\u0142ku pszczelego (kwiatowego)<\/h2>\n<p>Ka\u017cde ziarenko py\u0142ku pszczelego kryje w sobie bogactwo kwiatowej dobroci. Dodaj py\u0142ek pszczeli:<\/p>\n<ul>\n<li>do napoj\u00f3w i smoothie &#8211; rozpuszczony uwalnia najwi\u0119cej supermocy<\/li>\n<li>py\u0142ek mo\u017cna dodawa\u0107 jako posypk\u0119 do owsianki, jaglanki lub jogurtu z owocami<\/li>\n<li>do sa\u0142atek i \u015bwie\u017cych warzyw<\/li>\n<li>do deser\u00f3w na zimno<\/li>\n<li>na nale\u015bniki posmarowane ulubionym serkiem<\/li>\n<\/ul>\n<p>&nbsp;<\/p>\n<p>Podzielimy si\u0119 z Wami naszym rytua\u0142em &#8211; poranny koktajl supermocy na bazie pszczelego py\u0142ku kwiatowego, z dodatkiem ulubionego <strong><a href=\"https:\/\/pasiekisadowskich.pl\/kategoria\/miody\">miodu<\/a> <\/strong>to prawdziwy game changer! Energia z natury, w kt\u00f3rej ka\u017cdy si\u0119 zakocha &#8211; spr\u00f3bujcie w takiej formie, w jakiej lubicie najbardziej! Czy mo\u017cna go stosowa\u0107 przy diecie wega\u0144skiej lub wegetaria\u0144skiej? \u015amia\u0142o, przy diecie wegetaria\u0144skiej na pewno! Zapewni Wam wy\u015bmienite wra\u017cenia smakowe i wspania\u0142e samopoczucie, nawet na diecie odchudzaj\u0105cej z obni\u017con\u0105 liczb\u0105 kcal!<\/p>\n<p>Bzzz&#8230; wiecie, \u017ce ten superfood wspomaga apiterapi\u0119? Tak, my te\u017c jeste\u015bmy pod wra\u017ceniem, jakimi w\u0142a\u015bciwo\u015bciami si\u0119 charakteryzuje!<\/p>\n<h2 id=\"tab4\">Py\u0142ek pszczeli &#8211; jako\u015b\u0107 potwierdzona badaniami<\/h2>\n<p>Od zawsze wiedzieli\u015bmy, \u017ce nasz wysuszony Py\u0142ek pszczeli jest pe\u0142en najbardziej warto\u015bciowych dar\u00f3w prosto z natury. Ale \u017ceby mie\u0107 to potwierdzone &#8222;czarno na bia\u0142ym&#8221; zlecili\u015bmy nieobowi\u0105zkowe badania na zawarto\u015b\u0107 witamin w niezale\u017cnym laboratorium <strong>Hamilton Poland. <\/strong>Rezultaty potwierdzaj\u0105, \u017ce <strong>Py\u0142ek pszczeli to \u017ar\u00f3d\u0142o witaminy B2, ryboflawiny.<\/strong> A to oznacza, \u017ce wspomaga organizm na wielu p\u0142aszczyznach! Ryboflawina pe\u0142ni kluczow\u0105 rol\u0119 w ochronie kom\u00f3rek przed stresem oksydacyjnym, m\u00f3wi si\u0119 wi\u0119c \u017ce dzia\u0142a na organizm w spos\u00f3b antyoksydacyjny. Ale co jeszcze?<\/p>\n<h3 id=\"tab5\"><strong>Py\u0142ek pszczeli a wch\u0142anianie \u017celaza <\/strong><\/h3>\n<p>Anemia, niedokrwisto\u015b\u0107, s\u0142abe wyniki? To wszystko mo\u017ce by\u0107 efekt problem\u00f3w z wch\u0142anianiem \u017celaza. Nasz Py\u0142ek pszczeli przebadali\u015bmy pod k\u0105tem zawarto\u015bci witaminy B2, czyli ryboflawiny. Py\u0142ek mocy to jej \u017ar\u00f3d\u0142o, a ryboflawina przyczynia si\u0119 do utrzymania prawid\u0142owego metabolizmu \u017celaza. Mamy na to papiery!<\/p>\n<h3 id=\"tab6\"><strong>Py\u0142ek pszczeli a wsparcie dla m\u00f3zgu <\/strong><\/h3>\n<p>Du\u017co g\u0142\u00f3wkujesz, pracujesz umys\u0142owo, masz codziennie do podj\u0119cia du\u017co decyzji? Zadbaj o wsparcie dla g\u0142owy! Ryboflawina, kt\u00f3rej nasz py\u0142ek jest cennym \u017ar\u00f3d\u0142em, pomaga w prawid\u0142owym funkcjonowaniu uk\u0142adu nerwowego, kt\u00f3rego m\u00f3zg jest pracowitym o\u015brodkiem. <strong>Py\u0142ek pszczeli wesprze uk\u0142ad nerwowy i wspomo\u017ce jego prawid\u0142owe funkcjonowanie. <\/strong>Pami\u0119taj, \u017ce bardzo wa\u017cny jest zr\u00f3wnowa\u017cony spos\u00f3b \u017cywienia i zdrowy styl \u017cycia, a porcja Py\u0142ku pszczelego to smakowite uzupe\u0142nienie codziennej diety!<\/p>\n<h2 id=\"tab7\">Jak stosowa\u0107 py\u0142ek pszczeli (kwiatowy)?<\/h2>\n<p>Zebrany przez pszczo\u0142y py\u0142ek kwiatowy jest pe\u0142ni\u0105 warto\u015bci od\u017cywczych, w sam raz do codziennej diety. Na pocz\u0105tek, by zaprzyja\u017ani\u0107 si\u0119 z jego naturaln\u0105 moc\u0105, wystarczy 1 \u0142y\u017ceczka py\u0142ku pszczelego dziennie. Stopniowo mo\u017cna zwi\u0119kszy\u0107 ilo\u015b\u0107 do 1 \u0142y\u017cki sto\u0142owej. Py\u0142ek polecamy zala\u0107 oko\u0142o p\u00f3\u0142 szklanki letniej wody i odstawi\u0107 na kilka godzin, a najlepiej na noc. Rano mo\u017cemy doda\u0107 ulubiony<strong> <a href=\"https:\/\/pasiekisadowskich.pl\/kategoria\/miody\">mi\u00f3d<\/a><a href=\"https:\/\/pasiekisadowskich.pl\/kategoria\/miody\"> z naszych pasiek<\/a><\/strong> i cieszy\u0107 si\u0119 od\u017cywczym napojem. Bzzz\u2026 pami\u0119tajcie \u017ceby dobrze wymiesza\u0107, bo py\u0142ek pszczeli mo\u017ce si\u0119 osadzi\u0107 na dnie kubeczka, a my chcemy wykorzysta\u0107 pe\u0142ni\u0119 pszczelej dobroci!<\/p>\n<p>Je\u015bli si\u0119 zastanawiacie, czy mo\u017cecie go te\u017c wcze\u015bniej zmieli\u0107 &#8211; wyja\u015bniamy, \u017ce zebrany z kwiat\u00f3w py\u0142ek nie traci swoich walor\u00f3w i nie obni\u017ca przyswajalno\u015bci dobroczynnych sk\u0142adnik\u00f3w.<\/p>\n<h4><\/h4>\n<h3 id=\"tab8\">Py\u0142ek pszczeli (kwiatowy) dla dzieci &#8211; kiedy i jak rozpocz\u0105\u0107 przygod\u0119?<\/h3>\n<p>Podawanie py\u0142ku pszczelego dla <strong>dzieci my rekomendujemy po uko\u0144czeniu 3. roku \u017cycia<\/strong>, cho\u0107 niekt\u00f3rzy proponuj\u0105 ju\u017c od 1. roku \u017cycia. Ze wzgl\u0119du na moc w\u0142a\u015bciwo\u015bci kwiatowego py\u0142ku jest on silnym alergenem, dlatego proponujemy bezpiecznie rozpocz\u0105\u0107 pszczel\u0105 przygod\u0119 z py\u0142kiem po uko\u0144czeniu 3. roku \u017cycia. A wtedy wystarczy 1 lub 2 kuleczki py\u0142ku, by upewni\u0107 si\u0119, czy nie wyst\u0119puj\u0105 reakcje alergiczne &#8211; je\u015bli nie to stopniowo zwi\u0119kszamy porcj\u0119 pszczelego py\u0142ku!<\/p>\n<p>Najlepiej smakuje w koktajlu mocy &#8211; spr\u00f3bujcie przepisu prosto od naszych pszcz\u00f3\u0142ek. Py\u0142ek zalewamy na noc letni\u0105 wod\u0105, rano dodajemy <strong><a href=\"https:\/\/pasiekisadowskich.pl\/miody-dla-dzieci-Miodzis\">mi\u00f3d ze spi\u017carni Miodzisia<\/a><\/strong>, kilka kropel <strong><a href=\"https:\/\/pasiekisadowskich.pl\/olej-z-czarnuszki-dla-dzieci-miodzis\">Oleju z czarnuszki<\/a><\/strong> i soku z ulubionego cytrusa lub tak jak nasz mi\u015b &#8211; <strong><a href=\"https:\/\/pasiekisadowskich.pl\/sok-z-jagody-kamczackiej\">soku z jagody kamczackiej<\/a><\/strong>! Pyszny koktajl pijemy ze smakiem do dna \ud83d\ude09<\/p>\n<h2 id=\"tab9\">Jak wytwarzany jest py\u0142ek pszczeli (kwiatowy)?<\/h2>\n<p>&nbsp;<\/p>\n<p>Nasze pszczele robotnice wiedz\u0105 najlepiej jak zadba\u0107 o swoje rodziny i zapas pokarmowy! U nich nigdy nie zago\u015bci anemia, bo dbaj\u0105 o swoj\u0105 odporno\u015b\u0107, naturalne witaminy, \u017celazo i moc sk\u0142adnik\u00f3w od\u017cywczych, a py\u0142ki z ro\u015blin s\u0105 dla nich w tym pomocne! Skrzydlate przyjaci\u00f3\u0142ki nie martwi\u0105 si\u0119 te\u017c o przemian\u0119 materii, bo maj\u0105 mn\u00f3stwo pracy i na swoich czu\u0142kach starannie zbieraj\u0105 py\u0142ek ro\u015blin, kt\u00f3re odwiedzaj\u0105. Nast\u0119pnie wzbogacaj\u0105 go o nektar, spad\u017a i w\u0142asne enzymy. W specjalnych koszyczkach, na obn\u00f3\u017cach py\u0142kowych, zanosz\u0105 stworzone ziarna py\u0142ku do ula. To cz\u0119\u015bciowo przez nie przetworzony pokarm dla ma\u0142ych owad\u00f3w &#8211; a te ju\u017c czekaj\u0105 na dobroci u wlotu do ula!<\/p>\n<p><strong>Zwracamy szczeg\u00f3ln\u0105 uwag\u0119 na ilo\u015b\u0107 naturalnych zasob\u00f3w, bo to decyduje o \u017cyciu pszczelej rodziny i stanowi dla nich ochronn\u0105 si\u0142\u0119!<\/strong> Dlatego zbieramy tylko cz\u0119\u015b\u0107 py\u0142ku, mrozimy go, osuszamy, czy\u015bcimy i lokujemy w s\u0142oiczkach nasz\u0105 ambrozj\u0119 &#8211; tak, \u017ceby trafi\u0142o do Was to co najlepsze z natury!<\/p>\n<h2 id=\"tab10\">Jak rozpozna\u0107 prawdziwy py\u0142ek pszczeli (py\u0142ek kwiatowy)? Poznaj produkty pszczele!<\/h2>\n<p>Oszukany py\u0142ek pszczeli z pewno\u015bci\u0105 b\u0119dzie r\u00f3\u017cni\u0142 si\u0119 ilo\u015bci\u0105 naturalnej dobroci zamkni\u0119tej w s\u0142oiku. Po czym rozpoznamy prawdziwy py\u0142ek pszczeli? <strong>Ma on posta\u0107 drobnych kuleczek, ziarenek o \u017c\u00f3\u0142tych odcieniach.<\/strong> Oczywi\u015bcie, w zale\u017cno\u015bci od rejonu &#8211; pszczo\u0142y przynosz\u0105 do uli py\u0142ki z r\u00f3\u017cnych kwiat\u00f3w. Dzi\u0119ki temu produkty pszczele tworz\u0105 barwn\u0105 moc! <strong>Naturalnie mog\u0105 wyst\u0119powa\u0107 takie kolory py\u0142ku jak czerwony, fioletowy, czarny lub niebieski.<\/strong>Uwa\u017cajcie &#8211; zbyt niska cena to ma\u0142y sygna\u0142, \u017ce py\u0142ek nie ma wszystkich supermocy z natury i najwy\u017cszej jako\u015bci! \ud83d\ude09<\/p>\n<h2 id=\"tab11\">Gdzie kupi\u0107 py\u0142ek pszczeli (kwiatowy)? \/ Cena py\u0142ku pszczelego<\/h2>\n<p>Nasz py\u0142ek pszczeli &#8211; z Pasieki Rodziny Sadowskich, to pe\u0142nia warto\u015bci z natury zamkni\u0119ta w s\u0142oiku. Dlaczego warto si\u0119ga\u0107 po nasze produkty?<\/p>\n<ul>\n<li>Bo <strong>dbamy o pszczel\u0105 gromad\u0119 i zbieramy tyle py\u0142ku ile mo\u017cemy<\/strong>, a ka\u017cd\u0105 drobink\u0119 traktujemy jak cenny minera\u0142!<\/li>\n<li>Z mi\u0142o\u015bci do pszcz\u00f3\u0142 odpowiedzialnie gospodarujemy z\u0142otymi efektami ich pracy.<\/li>\n<li>Dzielimy si\u0119 z Wami cudowno\u015bciami prosto z polskich uli, a przy tym troszczymy si\u0119 o nasze pszczele relacje i 100% mocy z natury!<\/li>\n<li>Cena naszego py\u0142ku pszczelego to sk\u0142adowa wielu czynnik\u00f3w, zale\u017cy od ilo\u015bci zebranego py\u0142ku i obejmuje wszystkie etapy od procesu pozyskiwania pszczelej dobroci po pakowanie z zachowaniem zasad zero waste.<\/li>\n<li><strong>Py\u0142ek pszczeli z naszych Pasiek to 100% pewno\u015bci zbioru w zgodzie z natur\u0105, jej dost\u0119pno\u015bci\u0105 w zale\u017cno\u015bci od sezonu oraz 100% pewno\u015bci zakupu z najlepszego polskiego \u017ar\u00f3d\u0142a!<\/strong><\/li>\n<li>Szklany s\u0142oik pe\u0142en naszego py\u0142ku kwiatowego jest wart ka\u017cdej ceny &#8211; przekonajcie si\u0119 sami \ud83d\ude09<\/li>\n<\/ul>\n<h4>Przeciwwskazania do stosowania py\u0142ku pszczelego (kwiatowego)<\/h4>\n<p>Py\u0142ek pszczeli jest zbierany z r\u00f3\u017cnych kwiat\u00f3w, to z natury produkt bogaty i wzmocniony pszczelimi enzymami &#8211; mo\u017ce wywo\u0142ywa\u0107 reakcje alergiczne. Zalecamy stopniowe wdra\u017canie do diety, obserwuj\u0105c czy nie wyst\u0119puje uczulenie po spo\u017cyciu ju\u017c niewielkiej porcji nektar\u00f3w zawartych w py\u0142ku.<\/p>\n<p>Oczywi\u015bcie dla dzieci cenny py\u0142ek pszczeli mo\u017ce by\u0107 \u015bwietnym wzbogaceniem diety, jednak zalecamy skonsultowa\u0107 si\u0119 z lekarzem, by potwierdzi\u0107, czy nie ma zdrowotnych przeciwwskaza\u0144.<\/p>\n<p>Bzzz&#8230; w naszym sklepie znajdziesz niejeden suplement diety dla wzmocnienia odporno\u015bci w okresie jesienno-zimowym z py\u0142kiem np. <strong><a href=\"https:\/\/pasiekisadowskich.pl\/elektrolity-z-pylkiem-pszczelim-smak-pomaranczowy\">Elektrolity dla doros\u0142ych<\/a><\/strong> z py\u0142kiem pszczelim, kt\u00f3re zawieraj\u0105 s\u00f3d, potas, magnez i s\u0105 pe\u0142ne sk\u0142adnik\u00f3w mineralnych. W naszej ofercie znajduje si\u0119 te\u017c <strong><a href=\"https:\/\/pasiekisadowskich.pl\/pylek-pszczeli-suszony\">Witamina C z py\u0142kiem pszczelim<\/a><\/strong>, spr\u00f3bujcie ich dla uzupe\u0142nienia dziennych dawek pokarmowych.<\/p>\n<h2 id=\"tab12\">Informacje o naszych py\u0142ku pszczelim (kwiatowym)<\/h2>\n<p>Jak przechowywa\u0107 s\u0142oiki z naturalnym py\u0142kiem pszczelim?\u00a0Oczywi\u015bcie w suchym i ch\u0142odnym miejscu, bez wilgoci! \ud83d\ude09<\/p>\n<p>Gramatura: 225g lub 600g<\/p>\n<table class=\"tabela-odzywcza\" width=\"403\">\n<thead>\n<tr>\n<th class=\"col1\">WARTO\u015a\u0106 OD\u017bYWCZA<\/th>\n<th class=\"col2\">w 100 g<\/th>\n<th class=\"col3\">% RWS<sup>*<\/sup><\/th>\n<\/tr>\n<tr>\n<td class=\"col1\">Energy value<\/td>\n<td class=\"col2\">1662 kJ \/ 394 kcal<\/td>\n<td class=\"col3\">\u00a020%<\/td>\n<\/tr>\n<tr>\n<td class=\"col1\">Fat<\/td>\n<td class=\"col2\">10 g<\/td>\n<td class=\"col3\">\u00a014%<\/td>\n<\/tr>\n<tr>\n<td class=\"col1\">\u2014 w tym kwasy nasycone<\/td>\n<td class=\"col2\">3 g<\/td>\n<td class=\"col3\">\u00a015%<\/td>\n<\/tr>\n<tr>\n<td class=\"col1\">Carbohydrates<\/td>\n<td class=\"col2\">56 g<\/td>\n<td class=\"col3\">\u00a022%<\/td>\n<\/tr>\n<tr>\n<td class=\"col1\">\u2014 w tym cukry<\/td>\n<td class=\"col2\">36 g<\/td>\n<td class=\"col3\">\u00a040%<\/td>\n<\/tr>\n<tr>\n<td class=\"col1\">Squirrel<\/td>\n<td class=\"col2\">20 g<\/td>\n<td class=\"col3\">\u00a040%<\/td>\n<\/tr>\n<tr>\n<td class=\"col1\">Salt<\/td>\n<td class=\"col2\">0 g<\/td>\n<td class=\"col3\">\u00a00%<\/td>\n<\/tr>\n<\/thead>\n<\/table>\n<p><em>Osoby cierpi\u0105ce na alergi\u0119 powinny zachowa\u0107 ostro\u017cno\u015b\u0107.<\/em><\/p>","protected":false},"excerpt":{"rendered":"<p>Marzycie tak jak my o zapachu s\u0142onecznego lata i energii bez ko\u0144ca? Mamy na to spos\u00f3b &#8211; cudowny py\u0142ek kwiatowy prosto z Pasiek! To bogactwo witamin &#8211; w tym szczeg\u00f3lnie tej jednej z grupy B &#8211; witaminy B2, zwanej ryboflawin\u0105. Ryboflawina przyczynia si\u0119 do zmniejszenia uczucia zm\u0119czenia i znu\u017cenia. To cenne wsparcie dla os\u00f3b, kt\u00f3re czasem potrzebuj\u0105 odrobiny wi\u0119cej mocy! Nasze pszczo\u0142y w pocie czu\u0142ek zbieraj\u0105 same dobroci z natury. <strong>Py\u0142ek pszczeli (kwiatowy) to wyj\u0105tkowe bogactwo mocy w postaci aromatycznych, lekkich ziarenek.<\/strong> Starannie je zbieramy, wrzucamy do s\u0142oik\u00f3w i hop &#8211; magiczny rytua\u0142 dodaj\u0105cy energii z natury czas zacz\u0105\u0107! Moc z natury we wsparciu codziennego rytmu dnia!<\/p>\n<h2 id=\"tab2\">W\u0142a\u015bciwo\u015bci py\u0142ku pszczelego (kwiatowego)<\/h2>\n<ul>\n<li>py\u0142ek pszczeli (kwiatowy) w postaci ziarenek i kuleczek mocy<\/li>\n<li>kolor py\u0142ku mo\u017ce si\u0119 r\u00f3\u017cni\u0107, w zale\u017cno\u015bci od tego, w jakim czasie i z jakich kwiat\u00f3w jest zbierany przez pszczo\u0142y &#8211; przybiera odcienie od jasno\u017c\u00f3\u0142tego po ciemnobr\u0105zowy, ale mog\u0105 wyst\u0105pi\u0107 te\u017c ziarenka w kolorze fioletowym, czarnym, czerwonym i niebieskim<\/li>\n<li><strong>prawdziwy superfood prosto od naszych pszcz\u00f3\u0142<\/strong><\/li>\n<li><strong>cenne \u017ar\u00f3d\u0142o witaminy B2 &#8211; ryboflawiny<\/strong><\/li>\n<li>smak nierozpuszczonego py\u0142ku mo\u017ce by\u0107 nieco cierpki, wytrawny &#8211; dlatego zalecamy rozpuszczenie go w wodzie. Mo\u017cna doda\u0107 ulubionego miodu i soku z cytryny<\/li>\n<li>dawka energii z natury w delikatnej postaci<\/li>\n<\/ul>","protected":false},"featured_media":7848,"template":"","meta":{"ocean_post_layout":"","ocean_both_sidebars_style":"","ocean_both_sidebars_content_width":0,"ocean_both_sidebars_sidebars_width":0,"ocean_sidebar":"0","ocean_second_sidebar":"0","ocean_disable_margins":"enable","ocean_add_body_class":"","ocean_shortcode_before_top_bar":"","ocean_shortcode_after_top_bar":"","ocean_shortcode_before_header":"","ocean_shortcode_after_header":"","ocean_has_shortcode":"","ocean_shortcode_after_title":"","ocean_shortcode_before_footer_widgets":"","ocean_shortcode_after_footer_widgets":"","ocean_shortcode_before_footer_bottom":"","ocean_shortcode_after_footer_bottom":"","ocean_display_top_bar":"default","ocean_display_header":"default","ocean_header_style":"","ocean_center_header_left_menu":"0","ocean_custom_header_template":"0","ocean_custom_logo":0,"ocean_custom_retina_logo":0,"ocean_custom_logo_max_width":0,"ocean_custom_logo_tablet_max_width":0,"ocean_custom_logo_mobile_max_width":0,"ocean_custom_logo_max_height":0,"ocean_custom_logo_tablet_max_height":0,"ocean_custom_logo_mobile_max_height":0,"ocean_header_custom_menu":"0","ocean_menu_typo_font_family":"0","ocean_menu_typo_font_subset":"","ocean_menu_typo_font_size":0,"ocean_menu_typo_font_size_tablet":0,"ocean_menu_typo_font_size_mobile":0,"ocean_menu_typo_font_size_unit":"px","ocean_menu_typo_font_weight":"","ocean_menu_typo_font_weight_tablet":"","ocean_menu_typo_font_weight_mobile":"","ocean_menu_typo_transform":"","ocean_menu_typo_transform_tablet":"","ocean_menu_typo_transform_mobile":"","ocean_menu_typo_line_height":0,"ocean_menu_typo_line_height_tablet":0,"ocean_menu_typo_line_height_mobile":0,"ocean_menu_typo_line_height_unit":"","ocean_menu_typo_spacing":0,"ocean_menu_typo_spacing_tablet":0,"ocean_menu_typo_spacing_mobile":0,"ocean_menu_typo_spacing_unit":"","ocean_menu_link_color":"","ocean_menu_link_color_hover":"","ocean_menu_link_color_active":"","ocean_menu_link_background":"","ocean_menu_link_hover_background":"","ocean_menu_link_active_background":"","ocean_menu_social_links_bg":"","ocean_menu_social_hover_links_bg":"","ocean_menu_social_links_color":"","ocean_menu_social_hover_links_color":"","ocean_disable_title":"default","ocean_disable_heading":"default","ocean_post_title":"","ocean_post_subheading":"","ocean_post_title_style":"","ocean_post_title_background_color":"","ocean_post_title_background":0,"ocean_post_title_bg_image_position":"","ocean_post_title_bg_image_attachment":"","ocean_post_title_bg_image_repeat":"","ocean_post_title_bg_image_size":"","ocean_post_title_height":0,"ocean_post_title_bg_overlay":0.5,"ocean_post_title_bg_overlay_color":"","ocean_disable_breadcrumbs":"default","ocean_breadcrumbs_color":"","ocean_breadcrumbs_separator_color":"","ocean_breadcrumbs_links_color":"","ocean_breadcrumbs_links_hover_color":"","ocean_display_footer_widgets":"default","ocean_display_footer_bottom":"default","ocean_custom_footer_template":"0"},"product_brand":[],"product_cat":[91,22,21,20],"product_tag":[],"class_list":{"0":"post-7847","1":"product","2":"type-product","3":"status-publish","4":"has-post-thumbnail","6":"product_cat-manufaktura-pasieki-sadowskich","7":"product_cat-suplementy-i-witaminy","8":"product_cat-zdrowie","9":"product_cat-dzieci","11":"entry","12":"has-media","14":"first","15":"instock","16":"shipping-taxable","17":"purchasable","18":"product-type-simple","19":"has-product-nav","20":"col","21":"span_1_of_3","22":"owp-content-left","23":"owp-thumbs-layout-horizontal","24":"owp-btn-normal","25":"owp-tabs-layout-horizontal","26":"has-no-thumbnails"},"_links":{"self":[{"href":"https:\/\/ecocorner.eu\/en\/wp-json\/wp\/v2\/product\/7847","targetHints":{"allow":["GET"]}}],"collection":[{"href":"https:\/\/ecocorner.eu\/en\/wp-json\/wp\/v2\/product"}],"about":[{"href":"https:\/\/ecocorner.eu\/en\/wp-json\/wp\/v2\/types\/product"}],"version-history":[{"count":1,"href":"https:\/\/ecocorner.eu\/en\/wp-json\/wp\/v2\/product\/7847\/revisions"}],"predecessor-version":[{"id":7849,"href":"https:\/\/ecocorner.eu\/en\/wp-json\/wp\/v2\/product\/7847\/revisions\/7849"}],"wp:featuredmedia":[{"embeddable":true,"href":"https:\/\/ecocorner.eu\/en\/wp-json\/wp\/v2\/media\/7848"}],"wp:attachment":[{"href":"https:\/\/ecocorner.eu\/en\/wp-json\/wp\/v2\/media?parent=7847"}],"wp:term":[{"taxonomy":"product_brand","embeddable":true,"href":"https:\/\/ecocorner.eu\/en\/wp-json\/wp\/v2\/product_brand?post=7847"},{"taxonomy":"product_cat","embeddable":true,"href":"https:\/\/ecocorner.eu\/en\/wp-json\/wp\/v2\/product_cat?post=7847"},{"taxonomy":"product_tag","embeddable":true,"href":"https:\/\/ecocorner.eu\/en\/wp-json\/wp\/v2\/product_tag?post=7847"}],"curies":[{"name":"wp","href":"https:\/\/api.w.org\/{rel}","templated":true}]}}