{"id":7850,"date":"2025-11-01T19:29:57","date_gmt":"2025-11-01T19:29:57","guid":{"rendered":"https:\/\/ecocorner.eu\/?post_type=product&#038;p=7850"},"modified":"2026-02-10T17:54:36","modified_gmt":"2026-02-10T17:54:36","slug":"pasieki-sadowskich-olej-beauty-omega-3-6-9-250-ml","status":"publish","type":"product","link":"https:\/\/ecocorner.eu\/en\/product\/pasieki-sadowskich-olej-beauty-omega-3-6-9-250-ml\/","title":{"rendered":"Pasieki Sadowskich    Olej Beauty+  Omega 3-6-9  250 ml"},"content":{"rendered":"<h2 id=\"tab3\">Dlaczego warto stosowa\u0107 Beauty+?<strong>\u00a0<\/strong><\/h2>\n<ul>\n<li>Wyj\u0105tkowe sk\u0142adniki:\u00a0oleje ro\u015blinne, koenzym Q10, witaminy A i E, mleczko pszczele<\/li>\n<li>Harmonijna kompozycja<\/li>\n<li>Pe\u0142nia ro\u015blinnych kwas\u00f3w Omega 3, 6 i 9<\/li>\n<li>Na bazie naturalnych olej\u00f3w, nie z koncentratu<\/li>\n<li>Bogactwo w\u0142a\u015bciwo\u015bci z natury wsparte naukowym podej\u015bciem<\/li>\n<li>Wygodna w stosowaniu formu\u0142a<\/li>\n<li>Przyjemny, truskawkowy smak<\/li>\n<\/ul>\n<p>Tylko tyle i a\u017c tyle wystarczy, by\u015b mog\u0142a poczu\u0107 jak Twoja sk\u00f3ra promienieje naturalnym blaskiem, p\u0142yn\u0105cym od wewn\u0105trz. Wspieraj swoje pi\u0119kno ka\u017cdego dnia z wyj\u0105tkowym suplementem diety\u00a0 Beauty+ o truskawkowym smaku.<\/p>\n<h2 id=\"tab4\">Jak stosowa\u0107 suplement w formie oleju do picia?<strong>\u00a0<\/strong><\/h2>\n<p>Bogaty suplement diety w formie oleju o smaku truskawki wystarczy odmierzy\u0107 za pomoc\u0105 za\u0142\u0105czonej miarki i wypi\u0107, najlepiej podczas posi\u0142ku. Mo\u017cesz go te\u017c doda\u0107 do ulubionego smoothie. Zalecana dzienna porcja do spo\u017cycia to 5 ml.<\/p>\n<p>Stosuj regularnie rytua\u0142 Beauty+ i poczuj jak otula Tw\u00f3j organizm od wewn\u0105trz!<\/p>\n<h2 id=\"tab5\">Poznaj sk\u0142adniki aktywne dla Beauty+<\/h2>\n<table class=\"tabela-odzywcza\" width=\"403\">\n<thead>\n<tr>\n<th class=\"col1\"><strong>SK\u0141ADNIK AKTYWNY<\/strong><\/th>\n<th class=\"col2\"><strong>w dziennej porcji 5 ml<\/strong><\/th>\n<th class=\"col2\"><strong>% DRWS*<\/strong><\/th>\n<\/tr>\n<tr>\n<td class=\"col1\">Kwas alfa-linolenowy (ALA)<\/td>\n<td class=\"col2\">743 mg<\/td>\n<td class=\"col2\"><\/td>\n<\/tr>\n<tr>\n<td class=\"col1\">Kwas linolowy (LA)<\/td>\n<td class=\"col2\">2521 mg<\/td>\n<td class=\"col2\"><\/td>\n<\/tr>\n<tr>\n<td class=\"col1\">Kwas gamma-linolenowy (GLA)<\/td>\n<td class=\"col2\">100 mg<\/td>\n<td class=\"col2\"><\/td>\n<\/tr>\n<tr>\n<td class=\"col1\">Kwas oleinowy (OE)<\/td>\n<td class=\"col2\">663 mg<\/td>\n<td class=\"col2\"><\/td>\n<\/tr>\n<tr>\n<td class=\"col1\">Vitamin A<\/td>\n<td class=\"col2\">480 \u00b5g<\/td>\n<td class=\"col2\">60%<\/td>\n<\/tr>\n<tr>\n<td class=\"col1\">Vitamin E<\/td>\n<td class=\"col2\">12 mg<\/td>\n<td class=\"col2\">100%<\/td>\n<\/tr>\n<tr>\n<td class=\"col1\">Coenzyme Q10<\/td>\n<td class=\"col2\">30 mg<\/td>\n<td class=\"col2\"><\/td>\n<\/tr>\n<tr>\n<td class=\"col1\">Mleczko pszczele<\/td>\n<td class=\"col2\">10 mg<\/td>\n<td class=\"col2\"><\/td>\n<\/tr>\n<\/thead>\n<\/table>\n<div dir=\"ltr\" align=\"left\"><\/div>\n<p dir=\"ltr\">*DRWS &#8211; dzienne referencyjne warto\u015bci spo\u017cycia witamin i sk\u0142adnik\u00f3w mineralnych (dla os\u00f3b doros\u0142ych)<\/p>\n<h2 id=\"tab6\" dir=\"ltr\">Information<\/h2>\n<p dir=\"ltr\">Obj\u0119to\u015b\u0107 netto: 250 ml<\/p>\n<p dir=\"ltr\">Sk\u0142adniki: olej z konopi siewnej (Cannabis sativa L.); olej z nasion czarnej porzeczki (Ribes nigrum); olej z nasion og\u00f3recznika lekarskiego (Borago officinalis); olej z nasion rokitnika zwyczajnego (Hippophae rhamnoides L.); naturalny aromat truskawkowy; olej z nasion wiesio\u0142ka dwuletniego (Oenothera biennis L.); ubichinon (koenzym Q10); D-alfa-tokoferol (witamina E) ; przeciwutleniacz: ekstrakty z rozmarynu; mleczko pszczele; palmitynian retinylu (witamina A)<\/p>\n<p dir=\"ltr\">\u015arodki ostro\u017cno\u015bci: Nie nale\u017cy przekracza\u0107 zalecanej porcji do spo\u017cycia w ci\u0105gu dnia. Suplementy diety nie mog\u0105 by\u0107 stosowane jako substytut (zamiennik) zr\u00f3\u017cnicowanej diety. Zr\u00f3wnowa\u017cony spos\u00f3b \u017cywienia i zdrowy tryb \u017cycia s\u0105 istotne. Nie stosowa\u0107 w przypadku nadwra\u017cliwo\u015bci na sk\u0142adniki produktu. Kobiety w ci\u0105\u017cy, matki karmi\u0105ce piersi\u0105 oraz dzieci i m\u0142odzie\u017c poni\u017cej 18 roku \u017cycia nie powinny spo\u017cywa\u0107 produktu.\u00a0<strong><br \/>\nWarunki przechowywania: Przechowywa\u0107 w suchym i ch\u0142odnym miejscu, z dala od promieni s\u0142onecznych. Suplementy diety powinny by\u0107 przechowywane w spos\u00f3b niedost\u0119pny dla ma\u0142ych dzieci. Po otwarciu butelki suplement nale\u017cy przechowywa\u0107 w temperaturze poni\u017cej 5 stopni Celsjusza. <\/strong><\/p>","protected":false},"excerpt":{"rendered":"<div class=\"pw-oprodukcie\">\n<div class=\"pw-oprodukcie-text\">\n<p>B\u0105d\u017a Beauty+ z moc\u0105 kwas\u00f3w Omega 3, 6 i 9 pochodzenia ro\u015blinnego &#8211; z oleju z konopii siewnej, z nasion czarnej porzeczki, og\u00f3recznika lekarskiego, rokitnika oraz wiesio\u0142ka. To doskonale wywa\u017cona kompozycja ro\u015blinnych w\u0142a\u015bciwo\u015bci, kt\u00f3re wzbogacone o witamin\u0119 A, witamin\u0119 E oraz koenzym Q10 i mleczko pszczele stanowi\u0105 kompletne, harmonijne wsparcie Twojej sk\u00f3ry, w trosce o jej kondycj\u0119 i promienny wygl\u0105d! Wzboga\u0107 codzienn\u0105 diet\u0119 porcj\u0105 Beauty+ w formie oleju o doskona\u0142ej przyswajalno\u015bci, pysznym, truskawkowym smaku i poczuj sw\u00f3j blask, kt\u00f3ry p\u0142ynie od wewn\u0105trz!<\/p>\n<\/div>\n<div class=\"pw-oprodukcie-image\"><\/div>\n<\/div>\n<div id=\"box_description\" class=\"box tab\" tabindex=\"-1\">\n<div class=\"innerbox\">\n<div class=\"resetcss fr-view\">\n<h2 id=\"tab2\">W\u0142a\u015bciwo\u015bci suplementu diety Beauty+<strong>\u00a0<\/strong><\/h2>\n<p>Poczuj, jak Twoja sk\u00f3ra odzyskuje naturaln\u0105 mi\u0119kko\u015b\u0107 i blask &#8211; dzie\u0144 po dniu. Beauty+ to olej, kt\u00f3ry wspiera kobiece pi\u0119kno od \u015brodka: pomaga zachowa\u0107 elastyczno\u015b\u0107 sk\u00f3ry, jej g\u0142adko\u015b\u0107 i zdrowy koloryt. Ro\u015blinne kwasy Omega 3, 6 i 9 od\u017cywiaj\u0105, witaminy A i E chroni\u0105, a koenzym Q10 i mleczko pszczele uzupe\u0142niaj\u0105 formu\u0142\u0119 beauty, by by\u0142a kompletna.<\/p>\n<p>To codzienna dawka harmonii dla sk\u00f3ry, w\u0142os\u00f3w i samopoczucia &#8211; zamkni\u0119ta w jednej, pysznej \u0142y\u017ceczce.<\/p>\n<p>Codzienny rytua\u0142 dla pi\u0119knej sk\u00f3ry z Beauty+ to Tw\u00f3j game changer o wielu w\u0142a\u015bciwo\u015bciach:<\/p>\n<ul>\n<li>suplement diety w wygodnej formie oleju<\/li>\n<li>kompleks nienasyconych kwas\u00f3w t\u0142uszczowych Omega 3, 6 i 9<\/li>\n<li>ro\u015blinne ALA, LA, GLA, OE<\/li>\n<li>koenzym Q10<\/li>\n<li>witamina A, kt\u00f3ra pomaga zachowa\u0107 zdrow\u0105 sk\u00f3r\u0119<\/li>\n<li>witamina E, kt\u00f3ra pomaga w ochronie kom\u00f3rek przed stresem oksydacyjnym<\/li>\n<li>mleczko pszczele dla wzbogacenia cennych sk\u0142adnik\u00f3w od\u017cywczych<\/li>\n<li>pyszny, truskawkowy smak<\/li>\n<li>doskona\u0142a przyswajalno\u015b\u0107 warto\u015bci od\u017cywczych w ka\u017cdej porcji<\/li>\n<li>wygodne stosowanie<\/li>\n<\/ul>\n<p>Zadbaj o uzupe\u0142nienie diety w sk\u0142adniki, kt\u00f3re zapewni\u0105 Twojej sk\u00f3rze lepsz\u0105 kondycj\u0119, naturalny blask i zatroszcz\u0105 si\u0119 o ni\u0105 ka\u017cdego dnia.<\/p>\n<\/div>\n<\/div>\n<\/div>","protected":false},"featured_media":7851,"template":"","meta":{"ocean_post_layout":"","ocean_both_sidebars_style":"","ocean_both_sidebars_content_width":0,"ocean_both_sidebars_sidebars_width":0,"ocean_sidebar":"0","ocean_second_sidebar":"0","ocean_disable_margins":"enable","ocean_add_body_class":"","ocean_shortcode_before_top_bar":"","ocean_shortcode_after_top_bar":"","ocean_shortcode_before_header":"","ocean_shortcode_after_header":"","ocean_has_shortcode":"","ocean_shortcode_after_title":"","ocean_shortcode_before_footer_widgets":"","ocean_shortcode_after_footer_widgets":"","ocean_shortcode_before_footer_bottom":"","ocean_shortcode_after_footer_bottom":"","ocean_display_top_bar":"default","ocean_display_header":"default","ocean_header_style":"","ocean_center_header_left_menu":"0","ocean_custom_header_template":"0","ocean_custom_logo":0,"ocean_custom_retina_logo":0,"ocean_custom_logo_max_width":0,"ocean_custom_logo_tablet_max_width":0,"ocean_custom_logo_mobile_max_width":0,"ocean_custom_logo_max_height":0,"ocean_custom_logo_tablet_max_height":0,"ocean_custom_logo_mobile_max_height":0,"ocean_header_custom_menu":"0","ocean_menu_typo_font_family":"0","ocean_menu_typo_font_subset":"","ocean_menu_typo_font_size":0,"ocean_menu_typo_font_size_tablet":0,"ocean_menu_typo_font_size_mobile":0,"ocean_menu_typo_font_size_unit":"px","ocean_menu_typo_font_weight":"","ocean_menu_typo_font_weight_tablet":"","ocean_menu_typo_font_weight_mobile":"","ocean_menu_typo_transform":"","ocean_menu_typo_transform_tablet":"","ocean_menu_typo_transform_mobile":"","ocean_menu_typo_line_height":0,"ocean_menu_typo_line_height_tablet":0,"ocean_menu_typo_line_height_mobile":0,"ocean_menu_typo_line_height_unit":"","ocean_menu_typo_spacing":0,"ocean_menu_typo_spacing_tablet":0,"ocean_menu_typo_spacing_mobile":0,"ocean_menu_typo_spacing_unit":"","ocean_menu_link_color":"","ocean_menu_link_color_hover":"","ocean_menu_link_color_active":"","ocean_menu_link_background":"","ocean_menu_link_hover_background":"","ocean_menu_link_active_background":"","ocean_menu_social_links_bg":"","ocean_menu_social_hover_links_bg":"","ocean_menu_social_links_color":"","ocean_menu_social_hover_links_color":"","ocean_disable_title":"default","ocean_disable_heading":"default","ocean_post_title":"","ocean_post_subheading":"","ocean_post_title_style":"","ocean_post_title_background_color":"","ocean_post_title_background":0,"ocean_post_title_bg_image_position":"","ocean_post_title_bg_image_attachment":"","ocean_post_title_bg_image_repeat":"","ocean_post_title_bg_image_size":"","ocean_post_title_height":0,"ocean_post_title_bg_overlay":0.5,"ocean_post_title_bg_overlay_color":"","ocean_disable_breadcrumbs":"default","ocean_breadcrumbs_color":"","ocean_breadcrumbs_separator_color":"","ocean_breadcrumbs_links_color":"","ocean_breadcrumbs_links_hover_color":"","ocean_display_footer_widgets":"default","ocean_display_footer_bottom":"default","ocean_custom_footer_template":"0"},"product_brand":[],"product_cat":[91,22],"product_tag":[],"class_list":{"0":"post-7850","1":"product","2":"type-product","3":"status-publish","4":"has-post-thumbnail","6":"product_cat-manufaktura-pasieki-sadowskich","7":"product_cat-suplementy-i-witaminy","9":"entry","10":"has-media","12":"first","13":"instock","14":"shipping-taxable","15":"purchasable","16":"product-type-simple","17":"has-product-nav","18":"col","19":"span_1_of_3","20":"owp-content-left","21":"owp-thumbs-layout-horizontal","22":"owp-btn-normal","23":"owp-tabs-layout-horizontal","24":"has-no-thumbnails"},"_links":{"self":[{"href":"https:\/\/ecocorner.eu\/en\/wp-json\/wp\/v2\/product\/7850","targetHints":{"allow":["GET"]}}],"collection":[{"href":"https:\/\/ecocorner.eu\/en\/wp-json\/wp\/v2\/product"}],"about":[{"href":"https:\/\/ecocorner.eu\/en\/wp-json\/wp\/v2\/types\/product"}],"version-history":[{"count":1,"href":"https:\/\/ecocorner.eu\/en\/wp-json\/wp\/v2\/product\/7850\/revisions"}],"predecessor-version":[{"id":7852,"href":"https:\/\/ecocorner.eu\/en\/wp-json\/wp\/v2\/product\/7850\/revisions\/7852"}],"wp:featuredmedia":[{"embeddable":true,"href":"https:\/\/ecocorner.eu\/en\/wp-json\/wp\/v2\/media\/7851"}],"wp:attachment":[{"href":"https:\/\/ecocorner.eu\/en\/wp-json\/wp\/v2\/media?parent=7850"}],"wp:term":[{"taxonomy":"product_brand","embeddable":true,"href":"https:\/\/ecocorner.eu\/en\/wp-json\/wp\/v2\/product_brand?post=7850"},{"taxonomy":"product_cat","embeddable":true,"href":"https:\/\/ecocorner.eu\/en\/wp-json\/wp\/v2\/product_cat?post=7850"},{"taxonomy":"product_tag","embeddable":true,"href":"https:\/\/ecocorner.eu\/en\/wp-json\/wp\/v2\/product_tag?post=7850"}],"curies":[{"name":"wp","href":"https:\/\/api.w.org\/{rel}","templated":true}]}}