{"id":7857,"date":"2025-11-01T19:45:53","date_gmt":"2025-11-01T19:45:53","guid":{"rendered":"https:\/\/ecocorner.eu\/?post_type=product&#038;p=7857"},"modified":"2026-02-04T12:41:17","modified_gmt":"2026-02-04T12:41:17","slug":"pasieki-sadowskich-tran-family-250-ml","status":"publish","type":"product","link":"https:\/\/ecocorner.eu\/en\/product\/pasieki-sadowskich-tran-family-250-ml\/","title":{"rendered":"Pasieki  Sadowskich  Tran FAMILY  250 ml"},"content":{"rendered":"<p>W naszym Tranie FAMILY \u0142\u0105czymy to, co najlepsze &#8211; moc kwas\u00f3w Omega-3 (DHA i EPA) oraz witamin A i D, by codzienna suplementacja by\u0142a skuteczna, prosta i przyjemna dla ca\u0142ej rodziny. To naturalny tran z w\u0105troby dorsza ze zr\u00f3wnowa\u017conych po\u0142ow\u00f3w, czysty i bez konserwant\u00f3w, kt\u00f3ry wspiera prawid\u0142ow\u0105 prac\u0119 m\u00f3zgu, serca i zdrowe widzenie. Witamina A pomaga utrzyma\u0107 dobry wzrok i odporno\u015b\u0107, a witamina D dba o ko\u015bci, mi\u0119\u015bnie i przyswajanie wapnia. Delikatny, klasyczny smak sprawia, \u017ce ch\u0119tnie si\u0119gaj\u0105 po niego zar\u00f3wno dzieci, jak i doro\u015bli. Wygodna forma oleju to prosty spos\u00f3b na codzienne wsparcie dla ca\u0142ego organizmu.<\/p>\n<p>*TOTOX\u00a0pocz\u0105tkowy oleju z w\u0105troby dorsza u\u017cytego do naszego Tranu to 5.\u00a0Olej z w\u0105troby dorsza, z kt\u00f3rego powstaje Tran FAMILY, charakteryzuje si\u0119 bardzo niskim wska\u017anikiem TOTOX. To oznacza, \u017ce jest wyj\u0105tkowo \u015bwie\u017cy i stabilny, a cenne kwasy omega pozostaj\u0105 w naturalnej formie, zanim trafi\u0105 do naszego tranu.<\/p>\n<h2 id=\"tab3\">Sk\u0142ad Tranu Family i dzia\u0142anie<strong>\u00a0<\/strong><\/h2>\n<p>Tran Family to suplement diety na bazie <strong>oleju z w\u0105troby dorsza<\/strong>, b\u0119d\u0105cego<strong> \u017ar\u00f3d\u0142em kwas\u00f3w DHA oraz EPA<\/strong>, kt\u00f3re przyczyniaj\u0105 si\u0119 do prawid\u0142owego funkcjonowania serca**. Kwas DHA jest wa\u017cny dla organizmu w kontek\u015bcie utrzymania zdrowia wzroku oraz m\u00f3zgu***. Dodatkowo <strong>witaminy A i D<\/strong> pomagaj\u0105 w prawid\u0142owym funkcjonowaniu uk\u0142adu odporno\u015bciowego. Witamina A wspiera r\u00f3wnie\u017c wzrok, a witamina D &#8211; ko\u015bci, mi\u0119\u015bnie i prawid\u0142owe wch\u0142anianie oraz wykorzystanie wapnia i fosforu w organizmie. To porcja zdrowia, kt\u00f3ra wesprze Was ka\u017cdego dnia, a podana w formie oleju sprawia, \u017ce suplementacja jest prosta i przyjemna &#8211; bez konieczno\u015bci si\u0119gania po kilka kapsu\u0142ek dziennie, wszystko podane w bogatej i \u0142atwo przyswajalnej formie oleju <strong>o naturalnym, delikatnym smaku<\/strong>!<\/p>\n<table class=\"tabela-odzywcza\" width=\"403\">\n<thead>\n<tr>\n<th class=\"col1\"><strong>Active Ingredients:<\/strong><\/th>\n<th class=\"col2\">w porcji dziennej (5 ml)<\/th>\n<th class=\"col2\">% DRWS***<\/th>\n<\/tr>\n<tr>\n<td class=\"col1\">Kwasy t\u0142uszczowe Omega-3, w tym:<\/td>\n<td class=\"col2\"><\/td>\n<td class=\"col2\"><\/td>\n<\/tr>\n<tr>\n<td class=\"col1\">\u00a0\u00a0kwas eikozapentaenowy<\/td>\n<td class=\"col2\">0,37 g<\/td>\n<td class=\"col2\"><\/td>\n<\/tr>\n<tr>\n<td class=\"col1\">\u00a0 \u00a0kwas dokozaheksaenowy<\/td>\n<td class=\"col2\">0,46 g<\/td>\n<td class=\"col2\"><\/td>\n<\/tr>\n<tr>\n<td class=\"col1\">Vitamin A<\/td>\n<td class=\"col2\">120 \u00b5g<\/td>\n<td class=\"col2\">15 %<\/td>\n<\/tr>\n<tr>\n<td class=\"col1\">Vitamin D<\/td>\n<td class=\"col2\">5 \u00b5g (200 IU)<\/td>\n<td class=\"col2\">100 %<\/td>\n<\/tr>\n<\/thead>\n<\/table>\n<p>* Korzystne dzia\u0142anie wyst\u0119puje w przypadku spo\u017cywania 250 mg EPA i DHA dziennie.<\/p>\n<p>** Korzystne dzia\u0142anie wyst\u0119puje w przypadku spo\u017cywania 250 mg DHA dziennie.<\/p>\n<p>*** DRWS &#8211; dzienna referencyjna warto\u015b\u0107 spo\u017cycia dla przeci\u0119tnej osoby doros\u0142ej<\/p>\n<h2 id=\"tab4\">Kiedy stosowa\u0107 kwasy Omega-3?<\/h2>\n<ul>\n<li>Gdy chcesz uzupe\u0142ni\u0107 swoj\u0105 diet\u0119 w cenne DHA i EPA<\/li>\n<li>Gdy zale\u017cy ci na wsparciu pracy m\u00f3zgu, wzroku i serca.<\/li>\n<li>Gdy czujesz, \u017ce potrzebujesz wsparcia dla umys\u0142u i dla odporno\u015bci organizmu.<\/li>\n<li>Gdy troszczysz si\u0119 o bliskich &#8211; wsp\u00f3lna suplementacja to prosty nawyk dla lepszego samopoczucia ca\u0142ej rodziny!<\/li>\n<\/ul>\n<h2 id=\"tab5\">Jak stosowa\u0107 Tran Family?<strong>\u00a0<\/strong><\/h2>\n<p>To bardzo proste &#8211; do opakowania do\u0142\u0105czyli\u015bmy wygodn\u0105 miark\u0119, dzi\u0119ki kt\u00f3rej \u0142atwo odmierzycie 5 ml produktu. Wystarczy wypi\u0107 porcj\u0119 podczas posi\u0142ku. Delikatny, naturalny smak sprawia, \u017ce suplementacja jest \u0142atwa nawet dla dzieci, a je\u015bli chcesz j\u0105 urozmaici\u0107 &#8211; po\u0142\u0105cz tran z naszym naturalnym Sokiem lub Syropem z miodem i stw\u00f3rz pyszny, zdrowy, tarnowy shocik!<\/p>\n<p>Tran FAMILY mog\u0105 pi\u0107 wszyscy &#8211; od 3 roku \u017cycia, przez m\u0142odzie\u017c, doros\u0142ych, a\u017c po senior\u00f3w. To codzienna porcja cennych kwas\u00f3w t\u0142uszczowych i witamin, kt\u00f3ra wspiera zdrowie ca\u0142ej rodziny. Zalecana dzienna porcja to 5 ml (1 miarka) zar\u00f3wno dla dzieci powy\u017cej 3 lat, jak i dla doros\u0142ych.<\/p>\n<h2 id=\"tab6\">Information<strong>\u00a0<\/strong><\/h2>\n<p><strong>Net volume: <\/strong>250 ml<\/p>\n<p><strong>Ingredients:<\/strong> olej z w\u0105troby dorsza (rybi), palmitynian retinylu (witamina A); cholekalcyferol (witamina D)<\/p>\n<p>Zalecana dzienna porcja do spo\u017cycia, niezb\u0119dna do uzyskania korzystnego efektu: Dzieci powy\u017cej 3 roku \u017cycia i doro\u015bli 5 ml (1 miarka) oleju dziennie.<\/p>\n<p><strong>Security measures: <\/strong>Nie przekracza\u0107 zalecanej porcji do spo\u017cycia w ci\u0105gu dnia. Suplementy diety nie mog\u0105 by\u0107 stosowane jako substytut (zamiennik) zr\u00f3\u017cnicowanej diety. Zr\u00f3wnowa\u017cony spos\u00f3b \u017cywienia i zdrowy tryb \u017cycia s\u0105 istotne. Nie spo\u017cywa\u0107 w przypadku stwierdzenia nadwra\u017cliwo\u015bci (alergii) na kt\u00f3rykolwiek ze sk\u0142adnik\u00f3w produktu. Przyjmowanie innych preparat\u00f3w z witaminami A i D przez kobiety w ci\u0105\u017cy i dzieci nale\u017cy skonsultowa\u0107 z lekarzem.<\/p>\n<p><strong>Storage conditions:<\/strong> Suplement diety nale\u017cy przechowywa\u0107 w suchym i ch\u0142odnym miejscu, z dala od promieni s\u0142onecznych. Suplementy diety powinny by\u0107 przechowywane w spos\u00f3b niedost\u0119pny dla ma\u0142ych dzieci. Po otwarciu butelki suplement nale\u017cy przechowywa\u0107 w temperaturze poni\u017cej 5 stopni Celsjusza.<\/p>","protected":false},"excerpt":{"rendered":"<div class=\"boxhead pw-boxhead\">\n<h3 class=\"name\">Tran FAMILY<\/h3>\n<\/div>\n<div class=\"row fx-short_desc\">\n<ul>\n<li>naturalny olej z w\u0105troby dorsza &#8211; TOTOX* 5<\/li>\n<li>DHA i EPA &#8211; wsparcie m\u00f3zgu, wzroku i serca** dla ca\u0142ej rodziny<\/li>\n<li>odporno\u015b\u0107 przez ca\u0142y rok &#8211; dzi\u0119ki witaminom A i D<\/li>\n<\/ul>\n<div class=\"pw-oprodukcie\">\n<div class=\"pw-oprodukcie-text\">\n<p>Szukacie dobrego oleju z w\u0105troby dorsza? Nasz Tran FAMILY to naturalne <strong>\u017ar\u00f3d\u0142o kwas\u00f3w Omega-3 &#8211; DHA i EPA<\/strong>, kt\u00f3re <strong>wspieraj\u0105 prawid\u0142ow\u0105 prac\u0119 m\u00f3zgu, serca<\/strong>** <strong>i zdrowe widzenie<\/strong>***. Pochodzi <strong>ze zr\u00f3wnowa\u017conych po\u0142ow\u00f3w<\/strong> i jest <strong>w 100% czysty<\/strong> &#8211; bez zb\u0119dnych dodatk\u00f3w i konserwant\u00f3w. Wzbogacony <strong>witamin\u0105 A<\/strong> dla lepszego wzroku i odporno\u015bci oraz <strong>Vitamin D<\/strong>, kt\u00f3ra dba o ko\u015bci, mi\u0119\u015bnie i przyswajanie wapnia, staje si\u0119 idealnym wsparciem dla ca\u0142ej rodziny. Delikatny, naturalny smak sprawia, \u017ce polubi\u0105 go zar\u00f3wno dzieci, jak i doro\u015bli, a <strong>wygodna w stosowaniu forma oleju<\/strong> to prosty spos\u00f3b na codzienn\u0105 porcj\u0119 zdrowia przez ca\u0142y rok!<\/p>\n<\/div>\n<div class=\"pw-oprodukcie-image\"><\/div>\n<\/div>\n<div id=\"box_description\" class=\"box tab\" tabindex=\"-1\">\n<div class=\"innerbox\">\n<div class=\"resetcss fr-view\">\n<h2 id=\"tab2\">W\u0142a\u015bciwo\u015bci tranu dla ca\u0142ej rodziny<\/h2>\n<p>Poznajcie nasz Tran FAMILY &#8211; zdrowie ca\u0142ej rodziny, kt\u00f3ra zas\u0142uguje na to, co najlepsze:<\/p>\n<ul>\n<li>naturalny tran <strong>z w\u0105troby dorsza<\/strong> o wska\u017aniku <strong>TOTOX* 5\u00a0<\/strong><\/li>\n<li><strong>z certyfikatem MSC &#8211; <\/strong>prosto ze zr\u00f3wnowa\u017conych po\u0142ow\u00f3w<\/li>\n<li>bogactwo kwas\u00f3w <strong>Omega-3 (DHA i EPA)\u00a0<\/strong><\/li>\n<li>wsparcie m\u00f3zgu, serca i wzroku w ka\u017cdej porcji<\/li>\n<li><strong>Vitamin A <\/strong>&#8211; dla dobrego widzenia i odporno\u015bci<\/li>\n<li><strong>Vitamin D<\/strong> &#8211; dla mocnych ko\u015bci, sprawnych mi\u0119\u015bni i odporno\u015bci przez ca\u0142y rok<\/li>\n<li>czysty sk\u0142ad <strong>CLEAN LABEL<\/strong> &#8211; bez konserwant\u00f3w, zb\u0119dnych dodatk\u00f3w i sztucznych aromat\u00f3w<\/li>\n<li>delikatny, klasyczny smak &#8211; \u0142agodny w stosowaniu dla dzieci i dla doros\u0142ych<\/li>\n<li>wygodna forma oleju &#8211; <strong>\u0142atwa suplementacja<\/strong> bez kapsu\u0142ek<\/li>\n<li>doskona\u0142y wyb\u00f3r <strong>for the whole family <\/strong>&#8211; mo\u017cna stosowa\u0107 ju\u017c od 3 roku \u017cycia<\/li>\n<\/ul>\n<\/div>\n<\/div>\n<\/div>\n<\/div>","protected":false},"featured_media":7858,"template":"","meta":{"ocean_post_layout":"","ocean_both_sidebars_style":"","ocean_both_sidebars_content_width":0,"ocean_both_sidebars_sidebars_width":0,"ocean_sidebar":"0","ocean_second_sidebar":"0","ocean_disable_margins":"enable","ocean_add_body_class":"","ocean_shortcode_before_top_bar":"","ocean_shortcode_after_top_bar":"","ocean_shortcode_before_header":"","ocean_shortcode_after_header":"","ocean_has_shortcode":"","ocean_shortcode_after_title":"","ocean_shortcode_before_footer_widgets":"","ocean_shortcode_after_footer_widgets":"","ocean_shortcode_before_footer_bottom":"","ocean_shortcode_after_footer_bottom":"","ocean_display_top_bar":"default","ocean_display_header":"default","ocean_header_style":"","ocean_center_header_left_menu":"0","ocean_custom_header_template":"0","ocean_custom_logo":0,"ocean_custom_retina_logo":0,"ocean_custom_logo_max_width":0,"ocean_custom_logo_tablet_max_width":0,"ocean_custom_logo_mobile_max_width":0,"ocean_custom_logo_max_height":0,"ocean_custom_logo_tablet_max_height":0,"ocean_custom_logo_mobile_max_height":0,"ocean_header_custom_menu":"0","ocean_menu_typo_font_family":"0","ocean_menu_typo_font_subset":"","ocean_menu_typo_font_size":0,"ocean_menu_typo_font_size_tablet":0,"ocean_menu_typo_font_size_mobile":0,"ocean_menu_typo_font_size_unit":"px","ocean_menu_typo_font_weight":"","ocean_menu_typo_font_weight_tablet":"","ocean_menu_typo_font_weight_mobile":"","ocean_menu_typo_transform":"","ocean_menu_typo_transform_tablet":"","ocean_menu_typo_transform_mobile":"","ocean_menu_typo_line_height":0,"ocean_menu_typo_line_height_tablet":0,"ocean_menu_typo_line_height_mobile":0,"ocean_menu_typo_line_height_unit":"","ocean_menu_typo_spacing":0,"ocean_menu_typo_spacing_tablet":0,"ocean_menu_typo_spacing_mobile":0,"ocean_menu_typo_spacing_unit":"","ocean_menu_link_color":"","ocean_menu_link_color_hover":"","ocean_menu_link_color_active":"","ocean_menu_link_background":"","ocean_menu_link_hover_background":"","ocean_menu_link_active_background":"","ocean_menu_social_links_bg":"","ocean_menu_social_hover_links_bg":"","ocean_menu_social_links_color":"","ocean_menu_social_hover_links_color":"","ocean_disable_title":"default","ocean_disable_heading":"default","ocean_post_title":"","ocean_post_subheading":"","ocean_post_title_style":"","ocean_post_title_background_color":"","ocean_post_title_background":0,"ocean_post_title_bg_image_position":"","ocean_post_title_bg_image_attachment":"","ocean_post_title_bg_image_repeat":"","ocean_post_title_bg_image_size":"","ocean_post_title_height":0,"ocean_post_title_bg_overlay":0.5,"ocean_post_title_bg_overlay_color":"","ocean_disable_breadcrumbs":"default","ocean_breadcrumbs_color":"","ocean_breadcrumbs_separator_color":"","ocean_breadcrumbs_links_color":"","ocean_breadcrumbs_links_hover_color":"","ocean_display_footer_widgets":"default","ocean_display_footer_bottom":"default","ocean_custom_footer_template":"0"},"product_brand":[],"product_cat":[91,21,20],"product_tag":[],"class_list":{"0":"post-7857","1":"product","2":"type-product","3":"status-publish","4":"has-post-thumbnail","6":"product_cat-manufaktura-pasieki-sadowskich","7":"product_cat-zdrowie","8":"product_cat-dzieci","10":"entry","11":"has-media","13":"first","14":"instock","15":"shipping-taxable","16":"purchasable","17":"product-type-simple","18":"has-product-nav","19":"col","20":"span_1_of_3","21":"owp-content-left","22":"owp-thumbs-layout-horizontal","23":"owp-btn-normal","24":"owp-tabs-layout-horizontal","25":"has-no-thumbnails"},"_links":{"self":[{"href":"https:\/\/ecocorner.eu\/en\/wp-json\/wp\/v2\/product\/7857","targetHints":{"allow":["GET"]}}],"collection":[{"href":"https:\/\/ecocorner.eu\/en\/wp-json\/wp\/v2\/product"}],"about":[{"href":"https:\/\/ecocorner.eu\/en\/wp-json\/wp\/v2\/types\/product"}],"version-history":[{"count":1,"href":"https:\/\/ecocorner.eu\/en\/wp-json\/wp\/v2\/product\/7857\/revisions"}],"predecessor-version":[{"id":7859,"href":"https:\/\/ecocorner.eu\/en\/wp-json\/wp\/v2\/product\/7857\/revisions\/7859"}],"wp:featuredmedia":[{"embeddable":true,"href":"https:\/\/ecocorner.eu\/en\/wp-json\/wp\/v2\/media\/7858"}],"wp:attachment":[{"href":"https:\/\/ecocorner.eu\/en\/wp-json\/wp\/v2\/media?parent=7857"}],"wp:term":[{"taxonomy":"product_brand","embeddable":true,"href":"https:\/\/ecocorner.eu\/en\/wp-json\/wp\/v2\/product_brand?post=7857"},{"taxonomy":"product_cat","embeddable":true,"href":"https:\/\/ecocorner.eu\/en\/wp-json\/wp\/v2\/product_cat?post=7857"},{"taxonomy":"product_tag","embeddable":true,"href":"https:\/\/ecocorner.eu\/en\/wp-json\/wp\/v2\/product_tag?post=7857"}],"curies":[{"name":"wp","href":"https:\/\/api.w.org\/{rel}","templated":true}]}}